{"id":4432,"date":"2016-04-13T20:34:07","date_gmt":"2016-04-13T20:34:07","guid":{"rendered":"http:\/\/www.meade.com.mx\/?page_id=4432"},"modified":"2024-06-23T15:21:36","modified_gmt":"2024-06-23T21:21:36","slug":"serie-lx90","status":"publish","type":"page","link":"https:\/\/www.meade.com.mx\/index.php\/serie-lx90\/","title":{"rendered":"Serie LX90"},"content":{"rendered":"<div class=\"flex_column av_one_third  flex_column_div av-zero-column-padding first  \" style='border-radius:0px; '><p><div style='padding-bottom:10px;' class='av-special-heading av-special-heading-h2  blockquote modern-quote   '><h2 class='av-special-heading-tag '  itemprop=\"headline\"  >LX90\u2122 con Optica ACF\u2122<\/h2><div class ='av-subheading av-subheading_below  ' style='font-size:16px;'><p>La Legenda.<\/p>\n<\/div><div class='special-heading-border'><div class='special-heading-inner-border' ><\/div><\/div><\/div><br \/>\n<div style='height:20px' class='hr hr-invisible  '><span class='hr-inner ' ><span class='hr-inner-style'><\/span><\/span><\/div><br \/>\n<section class=\"av_textblock_section \"  itemscope=\"itemscope\" itemtype=\"https:\/\/schema.org\/CreativeWork\" ><div class='avia_textblock  '  style='font-size:14px; '  itemprop=\"text\" ><p>El Meade LX90 ACF es un favorito de los astr\u00f3omos que desean &#8220;pegar un brinco&#8221; hacia su primer telescopio serio y de gran apertura.\u00a0 Mucho despu\u00e9s de haber leido los comentarios,especificaciones comparadas, vistado blogs y platicado con astr\u00f3nomos experimentados, y todos los caminos apuntan hacia el LX90.Su desempe\u00f1o, calidad, valor y facilidad de uso son identificativos de un gran telescopio. Ahora es tu oportuidad de poseer una leyenda.<\/p>\n<p><strong>OPTICA AVANZADA LIBRE DE COMA<\/strong><\/p>\n<p>El LX90 ACF viene en una completa l\u00ednea de aperturas, de 8&#8243; (20cm) a 12&#8243;(30.5cm). Todos los tama\u00f1os incluyen la Optica Avanzada Libre de Coma &#8211; ACF [Advanced Coma-Free. El sistema \u00f3ptico libre de coma ha introducido al mercado el nivel m\u00e1s alto de desempe\u00f1o \u00f3ptico al alcace de la mayor\u00eda de los aficionados.\u00a0 Utilizando el dise\u00f1o exclusivo de Meade, la \u00f3ptica ACF logra un desempe\u00f1o aplan\u00e1tico &#8211; con un campo plano, reduciendo el astigmatismo y eliminando los destellos del astigmatismo &#8211; igual que los sistemas Ritchey-Chreti\u00e9n,por una fracci\u00f3n de su precio.\u00a0 Junto con los Recubrimientos de Ultra Alta Transmisi\u00f3n &#8211; UHTC [Ultra- High Transmission Coatings] (est\u00e1ndar en todos los equipos LX90 ACF), tendr\u00e1 lo mejor en \u00f3ptica premium.<\/p>\n<p><strong>CONTROLADOR AUDIOSTAR\u00ae CON EL SISTEMA ASTRONOMER INSIDE<\/strong><\/p>\n<p>El AudioStar\u00ae de Meade controla eltelescopio para encontrar cualquiera de los 30,000 objetos celestes de su base de datos de manera autom\u00e1tica.\u00a0 Comparta las maravillas del universo con amigos y familia mientras que ellos escuchan el contenido de audio proveniente de su bocina integrada.\u00a0Astronomer Inside\u2122 reproduce m\u00e1s de 4 horas de contenido de audio, trayendo el cosmos a la vida.\u00a0 \u00bfNo sabe lo que hay en el cielo una noche en particular?\u00a0 El sistema Astronomer Inside\u2122 lo sabe; escuche y observe como lo lleva en una excursi\u00f3n por los mejores objetos celestes de la noche.<\/p>\n<p><strong>GPS INTEGRADO<\/strong><\/p>\n<p>El LX90 ACF incluye un eceptor GPS que genera con precisi\u00f3n la hora, fecha y locaci\u00f3n, permitiendo una alineaci\u00f3n asistida m\u00e1s r\u00e1pida.<\/p>\n<\/div><\/section><\/p><\/div>\n<div class=\"flex_column av_one_third  flex_column_div av-zero-column-padding   \" style='border-radius:0; '><p><article class=\"iconbox iconbox_top main_color    \"  itemscope=\"itemscope\" itemtype=\"https:\/\/schema.org\/CreativeWork\" ><div class=\"iconbox_content\"><header class=\"entry-content-header\"><a href='https:\/\/www.meade.com.mx\/index.php\/lx90-acf-8-f10-con-tripie-de-campo-estandar\/' title='LX90-ACF 8&quot; f\/10 con Tripie de Campo Estandar'  class=\"iconbox_icon heading-color \" aria-hidden='true' data-av_icon='\ue812' data-av_iconfont='entypo-fontello'  ><\/a><h3 class='iconbox_content_title '  itemprop=\"headline\"  ><a href='https:\/\/www.meade.com.mx\/index.php\/lx90-acf-8-f10-con-tripie-de-campo-estandar\/' title='LX90-ACF 8&quot; f\/10 con Tripie de Campo Estandar' >LX90-ACF 8\" f\/10 con Tripie de Campo Estandar<\/a><\/h3><\/header><div class='iconbox_content_container  '  itemprop=\"text\"  ><p><a href=\"https:\/\/www.meade.com.mx\/wp-content\/uploads\/2016\/04\/lx90_8in_frontright_0810-90-03.jpg\"><img loading=\"lazy\" decoding=\"async\" class=\"alignnone size-medium wp-image-5595\" src=\"https:\/\/www.meade.com.mx\/wp-content\/uploads\/2016\/04\/lx90_8in_frontright_0810-90-03-300x300.jpg\" alt=\"lx90_8in_frontright_0810-90-03\" width=\"300\" height=\"300\" srcset=\"https:\/\/www.meade.com.mx\/wp-content\/uploads\/2016\/04\/lx90_8in_frontright_0810-90-03-300x300.jpg 300w, https:\/\/www.meade.com.mx\/wp-content\/uploads\/2016\/04\/lx90_8in_frontright_0810-90-03-80x80.jpg 80w, https:\/\/www.meade.com.mx\/wp-content\/uploads\/2016\/04\/lx90_8in_frontright_0810-90-03-36x36.jpg 36w, https:\/\/www.meade.com.mx\/wp-content\/uploads\/2016\/04\/lx90_8in_frontright_0810-90-03-180x180.jpg 180w, https:\/\/www.meade.com.mx\/wp-content\/uploads\/2016\/04\/lx90_8in_frontright_0810-90-03.jpg 430w, https:\/\/www.meade.com.mx\/wp-content\/uploads\/2016\/04\/lx90_8in_frontright_0810-90-03-120x120.jpg 120w\" sizes=\"auto, (max-width: 300px) 100vw, 300px\" \/><\/a><\/p>\n<\/div><\/div><footer class=\"entry-footer\"><\/footer><\/article><br \/>\n<div style='height:20px' class='hr hr-invisible  '><span class='hr-inner ' ><span class='hr-inner-style'><\/span><\/span><\/div><br \/>\n<article class=\"iconbox iconbox_top main_color    \"  itemscope=\"itemscope\" itemtype=\"https:\/\/schema.org\/CreativeWork\" ><div class=\"iconbox_content\"><header class=\"entry-content-header\"><a href='https:\/\/www.meade.com.mx\/index.php\/lx90-acf-12-f10-con-tripie-de-campo-estandar\/' title='LX90-ACF 12&quot; f\/10 con Tripie de Campo Estandar'  class=\"iconbox_icon heading-color \" aria-hidden='true' data-av_icon='\ue812' data-av_iconfont='entypo-fontello'  ><\/a><h3 class='iconbox_content_title '  itemprop=\"headline\"  ><a href='https:\/\/www.meade.com.mx\/index.php\/lx90-acf-12-f10-con-tripie-de-campo-estandar\/' title='LX90-ACF 12&quot; f\/10 con Tripie de Campo Estandar' >LX90-ACF 12\" f\/10 con Tripie de Campo Estandar<\/a><\/h3><\/header><div class='iconbox_content_container  '  itemprop=\"text\"  ><p><a href=\"https:\/\/www.meade.com.mx\/wp-content\/uploads\/2016\/04\/lx90_12in_frontright_1210-90-03.jpg\"><img loading=\"lazy\" decoding=\"async\" class=\"alignnone size-medium wp-image-5597\" src=\"https:\/\/www.meade.com.mx\/wp-content\/uploads\/2016\/04\/lx90_12in_frontright_1210-90-03-300x300.jpg\" alt=\"lx90_12in_frontright_1210-90-03\" width=\"300\" height=\"300\" srcset=\"https:\/\/www.meade.com.mx\/wp-content\/uploads\/2016\/04\/lx90_12in_frontright_1210-90-03-300x300.jpg 300w, https:\/\/www.meade.com.mx\/wp-content\/uploads\/2016\/04\/lx90_12in_frontright_1210-90-03-80x80.jpg 80w, https:\/\/www.meade.com.mx\/wp-content\/uploads\/2016\/04\/lx90_12in_frontright_1210-90-03-36x36.jpg 36w, https:\/\/www.meade.com.mx\/wp-content\/uploads\/2016\/04\/lx90_12in_frontright_1210-90-03-180x180.jpg 180w, https:\/\/www.meade.com.mx\/wp-content\/uploads\/2016\/04\/lx90_12in_frontright_1210-90-03.jpg 430w, https:\/\/www.meade.com.mx\/wp-content\/uploads\/2016\/04\/lx90_12in_frontright_1210-90-03-120x120.jpg 120w\" sizes=\"auto, (max-width: 300px) 100vw, 300px\" \/><\/a><\/p>\n<\/div><\/div><footer class=\"entry-footer\"><\/footer><\/article><\/p><\/div>\n<div class=\"flex_column av_one_third  flex_column_div av-zero-column-padding   \" style='border-radius:0; '><p><article class=\"iconbox iconbox_top main_color    \"  itemscope=\"itemscope\" itemtype=\"https:\/\/schema.org\/CreativeWork\" ><div class=\"iconbox_content\"><header class=\"entry-content-header\"><a href='https:\/\/www.meade.com.mx\/index.php\/lx90-acf-10-f10-con-tripie-de-campo-estandar\/' title='LX90-ACF 10&quot; f\/10 con Tripie de Campo Estandar'  class=\"iconbox_icon heading-color \" aria-hidden='true' data-av_icon='\ue812' data-av_iconfont='entypo-fontello'  ><\/a><h3 class='iconbox_content_title '  itemprop=\"headline\"  ><a href='https:\/\/www.meade.com.mx\/index.php\/lx90-acf-10-f10-con-tripie-de-campo-estandar\/' title='LX90-ACF 10&quot; f\/10 con Tripie de Campo Estandar' >LX90-ACF 10\" f\/10 con Tripie de Campo Estandar<\/a><\/h3><\/header><div class='iconbox_content_container  '  itemprop=\"text\"  ><p><a href=\"https:\/\/www.meade.com.mx\/wp-content\/uploads\/2016\/04\/lx90_10in_frontright_1010-90-03.jpg\"><img loading=\"lazy\" decoding=\"async\" class=\"alignnone size-medium wp-image-5596\" src=\"https:\/\/www.meade.com.mx\/wp-content\/uploads\/2016\/04\/lx90_10in_frontright_1010-90-03-300x300.jpg\" alt=\"lx90_10in_frontright_1010-90-03\" width=\"300\" height=\"300\" srcset=\"https:\/\/www.meade.com.mx\/wp-content\/uploads\/2016\/04\/lx90_10in_frontright_1010-90-03-300x300.jpg 300w, https:\/\/www.meade.com.mx\/wp-content\/uploads\/2016\/04\/lx90_10in_frontright_1010-90-03-80x80.jpg 80w, https:\/\/www.meade.com.mx\/wp-content\/uploads\/2016\/04\/lx90_10in_frontright_1010-90-03-36x36.jpg 36w, https:\/\/www.meade.com.mx\/wp-content\/uploads\/2016\/04\/lx90_10in_frontright_1010-90-03-180x180.jpg 180w, https:\/\/www.meade.com.mx\/wp-content\/uploads\/2016\/04\/lx90_10in_frontright_1010-90-03.jpg 430w, https:\/\/www.meade.com.mx\/wp-content\/uploads\/2016\/04\/lx90_10in_frontright_1010-90-03-120x120.jpg 120w\" sizes=\"auto, (max-width: 300px) 100vw, 300px\" \/><\/a><\/p>\n<\/div><\/div><footer class=\"entry-footer\"><\/footer><\/article><br \/>\n<div style='height:20px' class='hr hr-invisible  '><span class='hr-inner ' ><span class='hr-inner-style'><\/span><\/span><\/div><br \/>\n<article class=\"iconbox iconbox_top main_color    \"  itemscope=\"itemscope\" itemtype=\"https:\/\/schema.org\/CreativeWork\" ><div class=\"iconbox_content\"><header class=\"entry-content-header\"><a href='https:\/\/www.meade.com.mx\/index.php\/lx90-acf-8-f-10-con-wedge-y-tripie-de-campo-estandar\/' title='LX90-ACF 8&quot; f\/10 con Wedge y Tripie de Campo Estandar'  class=\"iconbox_icon heading-color \" aria-hidden='true' data-av_icon='\ue812' data-av_iconfont='entypo-fontello'  ><\/a><h3 class='iconbox_content_title '  itemprop=\"headline\"  ><a href='https:\/\/www.meade.com.mx\/index.php\/lx90-acf-8-f-10-con-wedge-y-tripie-de-campo-estandar\/' title='LX90-ACF 8&quot; f\/10 con Wedge y Tripie de Campo Estandar' >LX90-ACF 8\" f\/10 con Wedge y Tripie de Campo Estandar<\/a><\/h3><\/header><div class='iconbox_content_container  '  itemprop=\"text\"  ><p><a href=\"https:\/\/www.meade.com.mx\/wp-content\/uploads\/2024\/06\/59306-scaled.webp\"><img loading=\"lazy\" decoding=\"async\" class=\"alignnone wp-image-8320 size-medium\" src=\"https:\/\/www.meade.com.mx\/wp-content\/uploads\/2024\/06\/59306-216x300.webp\" alt=\"\" width=\"216\" height=\"300\" srcset=\"https:\/\/www.meade.com.mx\/wp-content\/uploads\/2024\/06\/59306-216x300.webp 216w, https:\/\/www.meade.com.mx\/wp-content\/uploads\/2024\/06\/59306-741x1030.webp 741w, https:\/\/www.meade.com.mx\/wp-content\/uploads\/2024\/06\/59306-768x1068.webp 768w, https:\/\/www.meade.com.mx\/wp-content\/uploads\/2024\/06\/59306-1105x1536.webp 1105w, https:\/\/www.meade.com.mx\/wp-content\/uploads\/2024\/06\/59306-1473x2048.webp 1473w, https:\/\/www.meade.com.mx\/wp-content\/uploads\/2024\/06\/59306-1079x1500.webp 1079w, https:\/\/www.meade.com.mx\/wp-content\/uploads\/2024\/06\/59306-507x705.webp 507w, https:\/\/www.meade.com.mx\/wp-content\/uploads\/2024\/06\/59306-450x626.webp 450w, https:\/\/www.meade.com.mx\/wp-content\/uploads\/2024\/06\/59306-scaled.webp 1841w\" sizes=\"auto, (max-width: 216px) 100vw, 216px\" \/><\/a><\/p>\n<\/div><\/div><footer class=\"entry-footer\"><\/footer><\/article><\/p><\/div>\n","protected":false},"excerpt":{"rendered":"","protected":false},"author":7,"featured_media":0,"parent":0,"menu_order":0,"comment_status":"closed","ping_status":"closed","template":"","meta":{"footnotes":""},"class_list":["post-4432","page","type-page","status-publish","hentry"],"_links":{"self":[{"href":"https:\/\/www.meade.com.mx\/index.php\/wp-json\/wp\/v2\/pages\/4432","targetHints":{"allow":["GET"]}}],"collection":[{"href":"https:\/\/www.meade.com.mx\/index.php\/wp-json\/wp\/v2\/pages"}],"about":[{"href":"https:\/\/www.meade.com.mx\/index.php\/wp-json\/wp\/v2\/types\/page"}],"author":[{"embeddable":true,"href":"https:\/\/www.meade.com.mx\/index.php\/wp-json\/wp\/v2\/users\/7"}],"replies":[{"embeddable":true,"href":"https:\/\/www.meade.com.mx\/index.php\/wp-json\/wp\/v2\/comments?post=4432"}],"version-history":[{"count":7,"href":"https:\/\/www.meade.com.mx\/index.php\/wp-json\/wp\/v2\/pages\/4432\/revisions"}],"predecessor-version":[{"id":8331,"href":"https:\/\/www.meade.com.mx\/index.php\/wp-json\/wp\/v2\/pages\/4432\/revisions\/8331"}],"wp:attachment":[{"href":"https:\/\/www.meade.com.mx\/index.php\/wp-json\/wp\/v2\/media?parent=4432"}],"curies":[{"name":"wp","href":"https:\/\/api.w.org\/{rel}","templated":true}]}}