{"id":4444,"date":"2016-04-13T20:35:52","date_gmt":"2016-04-13T20:35:52","guid":{"rendered":"http:\/\/www.meade.com.mx\/?page_id=4444"},"modified":"2016-07-30T16:07:19","modified_gmt":"2016-07-30T16:07:19","slug":"serie-etx","status":"publish","type":"page","link":"https:\/\/www.meade.com.mx\/index.php\/serie-etx\/","title":{"rendered":"Serie ETX"},"content":{"rendered":"<div class='avia-image-container  av-styling-    avia-align-center '  itemscope=\"itemscope\" itemtype=\"https:\/\/schema.org\/ImageObject\"  ><div class='avia-image-container-inner'><img class='avia_image ' src='https:\/\/www.meade.com.mx\/wp-content\/uploads\/2016\/04\/ETX_Landing_Page2.jpg' alt='' title='ETX_Landing_Page2'   itemprop=\"thumbnailUrl\"  \/><\/div><\/div>\n<div style='height:35px' class='hr hr-invisible  '><span class='hr-inner ' ><span class='hr-inner-style'><\/span><\/span><\/div>\n<div class=\"flex_column av_one_third  flex_column_div av-zero-column-padding first  \" style='border-radius:0px; '><p><div style='padding-bottom:10px;' class='av-special-heading av-special-heading-h2  blockquote modern-quote   '><h2 class='av-special-heading-tag '  itemprop=\"headline\"  >LOS NUEVOS ETX OBSERVER<\/h2><div class ='av-subheading av-subheading_below  ' style='font-size:16px;'><p>La leyeda contin\u00faa<\/p>\n<\/div><div class='special-heading-border'><div class='special-heading-inner-border' ><\/div><\/div><\/div><br \/>\n<div style='height:20px' class='hr hr-invisible  '><span class='hr-inner ' ><span class='hr-inner-style'><\/span><\/span><\/div><br \/>\n<section class=\"av_textblock_section \"  itemscope=\"itemscope\" itemtype=\"https:\/\/schema.org\/CreativeWork\" ><div class='avia_textblock  av_inherit_color '   itemprop=\"text\" ><p>Por 20 a\u00f1os, los telescopios Meade ETX han ofrecido a los astr\u00f3nomos aficionados\u00a0 calidad, valor y desempe\u00f1o, con cada nuevo modelo trayendo actualizaciones y mejoras.\u00a0 El nuevo ETX Observer contin\u00faa con el legado.<\/p>\n<p><strong>Nuevas Caracter\u00edsticas<\/strong><\/p>\n<p>Los modelos ETX Observer vienen en dos versiones: refractor acrom\u00e1tico 80mm f\/5 y Maksutov-Cassegrain 90mm f\/13.5.\u00a0 Estos telescopios ahora incluyen un tubo \u00f3ptico desmontable, as\u00ed comoel controlador de mano AudioStar.\u00a0 El tubo \u00f3ptico desmontable le de mas versatilidad y personalizaci\u00f3n al ETX.\u00a0 El controlador de mano AudioStar le da al ETX acceso m\u00e1s de 30,000 objetos celestes, e incluye una bocina integrada que reproduce contenido educativo acerca de los objetos celestes que observa.<\/p>\n<p><strong>El Mejor Telescopio Computarizado Port\u00e1til<\/strong><\/p>\n<p>Ya sea que est\u00e9 escalando, decampamento, o simplemente est\u00e9 en su patio, ambos, el 80mm y el 90mm, est\u00e1n hechos para observaar en cualquier lugar y en cualquier momento.\u00a0 El ETX80 cabe en su backpack incluido haci\u00e9ndolo ideal para cargarlo, mientras que el ETX90 incluye un estuche r\u00edgido y un bols\u00f3n para transportar el tripi\u00e9.\u00a0 Con capacidades de movimiento motiorizado y rastreo autom\u00e1tico, estos son los mejores telescopios computarizados port\u00e1tiles del mercado.<\/p>\n<\/div><\/section><br \/>\n<div style='height:20px' class='hr hr-invisible  '><span class='hr-inner ' ><span class='hr-inner-style'><\/span><\/span><\/div><br \/>\n<div style='padding-bottom:10px;' class='av-special-heading av-special-heading-h2  blockquote modern-quote   '><h2 class='av-special-heading-tag '  itemprop=\"headline\"  >Imagenes de Clientes Tomadas con Telescopios ETX<\/h2><div class='special-heading-border'><div class='special-heading-inner-border' ><\/div><\/div><\/div><br \/>\n<div class='avia-image-container  av-styling-    avia-align-center '  itemscope=\"itemscope\" itemtype=\"https:\/\/schema.org\/ImageObject\"  ><div class='avia-image-container-inner'><img class='avia_image ' src='https:\/\/www.meade.com.mx\/wp-content\/uploads\/2016\/04\/James_Gallagher_ETX901.jpg' alt='' title='James_Gallagher_ETX90'   itemprop=\"thumbnailUrl\"  \/><\/div><\/div><br \/>\n<div class='avia-image-container  av-styling-    avia-align-center '  itemscope=\"itemscope\" itemtype=\"https:\/\/schema.org\/ImageObject\"  ><div class='avia-image-container-inner'><img class='avia_image ' src='https:\/\/www.meade.com.mx\/wp-content\/uploads\/2016\/04\/Daryl_LaMonaco_ETX90_Jupiter.jpg' alt='' title='Daryl_LaMonaco_ETX90_Jupiter'   itemprop=\"thumbnailUrl\"  \/><\/div><\/div><br \/>\n<div class='avia-image-container  av-styling-    avia-align-center '  itemscope=\"itemscope\" itemtype=\"https:\/\/schema.org\/ImageObject\"  ><div class='avia-image-container-inner'><img class='avia_image ' src='https:\/\/www.meade.com.mx\/wp-content\/uploads\/2016\/04\/Greg-Hogan-Moon-ETX-802.jpg' alt='' title='Greg-Hogan-Moon-ETX-80'   itemprop=\"thumbnailUrl\"  \/><\/div><\/div><br \/>\n<div class='avia-image-container  av-styling-    avia-align-center '  itemscope=\"itemscope\" itemtype=\"https:\/\/schema.org\/ImageObject\"  ><div class='avia-image-container-inner'><img class='avia_image ' src='https:\/\/www.meade.com.mx\/wp-content\/uploads\/2016\/04\/RichardAsarisi_BloodMoon1_ETX1251.jpg' alt='' title='RichardAsarisi_BloodMoon1_ETX125'   itemprop=\"thumbnailUrl\"  \/><\/div><\/div><\/p><\/div>\n<div class=\"flex_column av_one_third  flex_column_div av-zero-column-padding   \" style='border-radius:0; '><article class=\"iconbox iconbox_top main_color    \"  itemscope=\"itemscope\" itemtype=\"https:\/\/schema.org\/CreativeWork\" ><div class=\"iconbox_content\"><header class=\"entry-content-header\"><div class=\"iconbox_icon heading-color \" aria-hidden='true' data-av_icon='\ue812' data-av_iconfont='entypo-fontello'  ><\/div><h3 class='iconbox_content_title '  itemprop=\"headline\"  >ETX80 Observer<\/h3><\/header><div class='iconbox_content_container  '  itemprop=\"text\"  ><p><a href=\"https:\/\/www.meade.com.mx\/index.php\/etx80-observer\/\"><img loading=\"lazy\" decoding=\"async\" class=\"alignnone wp-image-5746 size-medium\" src=\"https:\/\/www.meade.com.mx\/wp-content\/uploads\/2016\/04\/etx80_dewshield_frontangle2-300x300.jpg\" alt=\"etx80_dewshield_frontangle2\" width=\"300\" height=\"300\" srcset=\"https:\/\/www.meade.com.mx\/wp-content\/uploads\/2016\/04\/etx80_dewshield_frontangle2-300x300.jpg 300w, https:\/\/www.meade.com.mx\/wp-content\/uploads\/2016\/04\/etx80_dewshield_frontangle2-80x80.jpg 80w, https:\/\/www.meade.com.mx\/wp-content\/uploads\/2016\/04\/etx80_dewshield_frontangle2-36x36.jpg 36w, https:\/\/www.meade.com.mx\/wp-content\/uploads\/2016\/04\/etx80_dewshield_frontangle2-180x180.jpg 180w, https:\/\/www.meade.com.mx\/wp-content\/uploads\/2016\/04\/etx80_dewshield_frontangle2.jpg 430w, https:\/\/www.meade.com.mx\/wp-content\/uploads\/2016\/04\/etx80_dewshield_frontangle2-120x120.jpg 120w\" sizes=\"auto, (max-width: 300px) 100vw, 300px\" \/><\/a><\/p>\n<\/div><\/div><footer class=\"entry-footer\"><\/footer><\/article><\/div><div class=\"flex_column av_one_third  flex_column_div av-zero-column-padding   \" style='border-radius:0; '><article class=\"iconbox iconbox_top main_color    \"  itemscope=\"itemscope\" itemtype=\"https:\/\/schema.org\/CreativeWork\" ><div class=\"iconbox_content\"><header class=\"entry-content-header\"><div class=\"iconbox_icon heading-color \" aria-hidden='true' data-av_icon='\ue812' data-av_iconfont='entypo-fontello'  ><\/div><h3 class='iconbox_content_title '  itemprop=\"headline\"  >ETX90 Observer<\/h3><\/header><div class='iconbox_content_container  '  itemprop=\"text\"  ><p><a href=\"https:\/\/www.meade.com.mx\/index.php\/etx90-observer\/\"><img loading=\"lazy\" decoding=\"async\" class=\"alignnone wp-image-5745 size-medium\" src=\"https:\/\/www.meade.com.mx\/wp-content\/uploads\/2016\/04\/etx_90_picture_closeup_edit-300x300.jpg\" alt=\"etx_90_picture_closeup_edit\" width=\"300\" height=\"300\" srcset=\"https:\/\/www.meade.com.mx\/wp-content\/uploads\/2016\/04\/etx_90_picture_closeup_edit-300x300.jpg 300w, https:\/\/www.meade.com.mx\/wp-content\/uploads\/2016\/04\/etx_90_picture_closeup_edit-80x80.jpg 80w, https:\/\/www.meade.com.mx\/wp-content\/uploads\/2016\/04\/etx_90_picture_closeup_edit-36x36.jpg 36w, https:\/\/www.meade.com.mx\/wp-content\/uploads\/2016\/04\/etx_90_picture_closeup_edit-180x180.jpg 180w, https:\/\/www.meade.com.mx\/wp-content\/uploads\/2016\/04\/etx_90_picture_closeup_edit.jpg 430w, https:\/\/www.meade.com.mx\/wp-content\/uploads\/2016\/04\/etx_90_picture_closeup_edit-120x120.jpg 120w\" sizes=\"auto, (max-width: 300px) 100vw, 300px\" \/><\/a><\/p>\n<\/div><\/div><footer class=\"entry-footer\"><\/footer><\/article><\/div><\/p>\n","protected":false},"excerpt":{"rendered":"","protected":false},"author":7,"featured_media":0,"parent":0,"menu_order":0,"comment_status":"closed","ping_status":"closed","template":"","meta":{"footnotes":""},"class_list":["post-4444","page","type-page","status-publish","hentry"],"_links":{"self":[{"href":"https:\/\/www.meade.com.mx\/index.php\/wp-json\/wp\/v2\/pages\/4444","targetHints":{"allow":["GET"]}}],"collection":[{"href":"https:\/\/www.meade.com.mx\/index.php\/wp-json\/wp\/v2\/pages"}],"about":[{"href":"https:\/\/www.meade.com.mx\/index.php\/wp-json\/wp\/v2\/types\/page"}],"author":[{"embeddable":true,"href":"https:\/\/www.meade.com.mx\/index.php\/wp-json\/wp\/v2\/users\/7"}],"replies":[{"embeddable":true,"href":"https:\/\/www.meade.com.mx\/index.php\/wp-json\/wp\/v2\/comments?post=4444"}],"version-history":[{"count":15,"href":"https:\/\/www.meade.com.mx\/index.php\/wp-json\/wp\/v2\/pages\/4444\/revisions"}],"predecessor-version":[{"id":7874,"href":"https:\/\/www.meade.com.mx\/index.php\/wp-json\/wp\/v2\/pages\/4444\/revisions\/7874"}],"wp:attachment":[{"href":"https:\/\/www.meade.com.mx\/index.php\/wp-json\/wp\/v2\/media?parent=4444"}],"curies":[{"name":"wp","href":"https:\/\/api.w.org\/{rel}","templated":true}]}}