{"id":4475,"date":"2016-04-25T03:24:43","date_gmt":"2016-04-25T03:24:43","guid":{"rendered":"http:\/\/www.meade.com.mx\/?page_id=4475"},"modified":"2016-07-30T16:29:58","modified_gmt":"2016-07-30T16:29:58","slug":"serie-polaris-2","status":"publish","type":"page","link":"https:\/\/www.meade.com.mx\/index.php\/serie-polaris-2\/","title":{"rendered":"Serie Polaris"},"content":{"rendered":"<div class=\"flex_column av_one_third  flex_column_div av-zero-column-padding first  \" style='border-radius:0px; '><p><div style='padding-bottom:10px;' class='av-special-heading av-special-heading-h2  blockquote modern-quote  '><h2 class='av-special-heading-tag '  itemprop=\"headline\"  >Serie Polaris <\/h2><div class='special-heading-border'><div class='special-heading-inner-border' ><\/div><\/div><\/div><br \/>\n<div style='height:20px' class='hr hr-invisible  '><span class='hr-inner ' ><span class='hr-inner-style'><\/span><\/span><\/div><br \/>\n<section class=\"av_textblock_section \"  itemscope=\"itemscope\" itemtype=\"https:\/\/schema.org\/CreativeWork\" ><div class='avia_textblock  '  style='font-size:14px; '  itemprop=\"text\" ><p>Los telescopios Polaris\u2122 de Meade son perfectos para el astr\u00f3nomo aficionado que desea descubrir el cielo nocturno. Los telescopios Polaris incluyen todo el equipo necesario y funcionalidades de una montura ecuatorial que permite el rastreo de objetos celestes con facilidad.<\/p>\n<p>Incluyen 3 oculares y un barlow 2x, controles de movimiento lento y buscador de punto rojo.\u00a0 Incluyen \u00f3ptica de gran calidad, tanto en los oculares como en la \u00f3ptica del tubo principal.\u00a0 El tripi\u00e9 tiene patas de acero cromadas que le infieren robustez y estabidad para la observaci\u00f3n y pueden funcionar para hacer alguos acercamietos a astrofotograf\u00eda y astrovideo.<\/p>\n<\/div><\/section><\/p><\/div>\n<div class=\"flex_column av_one_third  flex_column_div av-zero-column-padding   \" style='border-radius:0; '><p><article class=\"iconbox iconbox_top main_color    \"  itemscope=\"itemscope\" itemtype=\"https:\/\/schema.org\/CreativeWork\" ><div class=\"iconbox_content\"><header class=\"entry-content-header\"><a href='https:\/\/www.meade.com.mx\/index.php\/polaris-70mm-refractor-ecuatorial\/' title='Polaris\u2122 70mm Refractor Ecuatorial'  class=\"iconbox_icon heading-color \" aria-hidden='true' data-av_icon='\ue812' data-av_iconfont='entypo-fontello'  ><\/a><h3 class='iconbox_content_title '  itemprop=\"headline\"  ><a href='https:\/\/www.meade.com.mx\/index.php\/polaris-70mm-refractor-ecuatorial\/' title='Polaris\u2122 70mm Refractor Ecuatorial' >Polaris\u2122 70mm Refractor Ecuatorial<\/a><\/h3><\/header><div class='iconbox_content_container  '  itemprop=\"text\"  ><p><a href=\"https:\/\/www.meade.com.mx\/index.php\/polaris-70mm-refractor-ecuatorial\/\"><img loading=\"lazy\" decoding=\"async\" class=\"alignnone wp-image-5661 size-medium\" src=\"https:\/\/www.meade.com.mx\/wp-content\/uploads\/2016\/04\/polaris_70_front-left_no_tray-300x300.jpg\" alt=\"polaris_70_front-left_no_tray\" width=\"300\" height=\"300\" srcset=\"https:\/\/www.meade.com.mx\/wp-content\/uploads\/2016\/04\/polaris_70_front-left_no_tray-300x300.jpg 300w, https:\/\/www.meade.com.mx\/wp-content\/uploads\/2016\/04\/polaris_70_front-left_no_tray-80x80.jpg 80w, https:\/\/www.meade.com.mx\/wp-content\/uploads\/2016\/04\/polaris_70_front-left_no_tray-36x36.jpg 36w, https:\/\/www.meade.com.mx\/wp-content\/uploads\/2016\/04\/polaris_70_front-left_no_tray-180x180.jpg 180w, https:\/\/www.meade.com.mx\/wp-content\/uploads\/2016\/04\/polaris_70_front-left_no_tray.jpg 430w, https:\/\/www.meade.com.mx\/wp-content\/uploads\/2016\/04\/polaris_70_front-left_no_tray-120x120.jpg 120w\" sizes=\"auto, (max-width: 300px) 100vw, 300px\" \/><\/a><\/p>\n<\/div><\/div><footer class=\"entry-footer\"><\/footer><\/article><br \/>\n<div style='height:20px' class='hr hr-invisible  '><span class='hr-inner ' ><span class='hr-inner-style'><\/span><\/span><\/div><br \/>\n<article class=\"iconbox iconbox_top main_color    \"  itemscope=\"itemscope\" itemtype=\"https:\/\/schema.org\/CreativeWork\" ><div class=\"iconbox_content\"><header class=\"entry-content-header\"><a href='https:\/\/www.meade.com.mx\/index.php\/polaris-90mm-refractor-ecuatorial\/' title='Polaris\u2122 90mm Refractor Ecuatorial'  class=\"iconbox_icon heading-color \" aria-hidden='true' data-av_icon='\ue812' data-av_iconfont='entypo-fontello'  ><\/a><h3 class='iconbox_content_title '  itemprop=\"headline\"  ><a href='https:\/\/www.meade.com.mx\/index.php\/polaris-90mm-refractor-ecuatorial\/' title='Polaris\u2122 90mm Refractor Ecuatorial' >Polaris\u2122 90mm Refractor Ecuatorial<\/a><\/h3><\/header><div class='iconbox_content_container  '  itemprop=\"text\"  ><p><a href=\"https:\/\/www.meade.com.mx\/index.php\/polaris-90mm-refractor-ecuatorial\/\"><img loading=\"lazy\" decoding=\"async\" class=\"alignnone wp-image-5663 size-medium\" src=\"https:\/\/www.meade.com.mx\/wp-content\/uploads\/2016\/04\/polaris_90_front-left_no_tray-300x300.jpg\" alt=\"polaris_90_front-left_no_tray\" width=\"300\" height=\"300\" srcset=\"https:\/\/www.meade.com.mx\/wp-content\/uploads\/2016\/04\/polaris_90_front-left_no_tray-300x300.jpg 300w, https:\/\/www.meade.com.mx\/wp-content\/uploads\/2016\/04\/polaris_90_front-left_no_tray-80x80.jpg 80w, https:\/\/www.meade.com.mx\/wp-content\/uploads\/2016\/04\/polaris_90_front-left_no_tray-36x36.jpg 36w, https:\/\/www.meade.com.mx\/wp-content\/uploads\/2016\/04\/polaris_90_front-left_no_tray-180x180.jpg 180w, https:\/\/www.meade.com.mx\/wp-content\/uploads\/2016\/04\/polaris_90_front-left_no_tray.jpg 430w, https:\/\/www.meade.com.mx\/wp-content\/uploads\/2016\/04\/polaris_90_front-left_no_tray-120x120.jpg 120w\" sizes=\"auto, (max-width: 300px) 100vw, 300px\" \/><\/a><\/p>\n<\/div><\/div><footer class=\"entry-footer\"><\/footer><\/article><br \/>\n<div style='height:20px' class='hr hr-invisible  '><span class='hr-inner ' ><span class='hr-inner-style'><\/span><\/span><\/div><br \/>\n<article class=\"iconbox iconbox_top main_color    \"  itemscope=\"itemscope\" itemtype=\"https:\/\/schema.org\/CreativeWork\" ><div class=\"iconbox_content\"><header class=\"entry-content-header\"><a href='https:\/\/www.meade.com.mx\/index.php\/polaris-127mm-reflector-ecuatorial\/' title='Polaris\u2122 127mm Reflector Ecuatorial'  class=\"iconbox_icon heading-color \" aria-hidden='true' data-av_icon='\ue812' data-av_iconfont='entypo-fontello'  ><\/a><h3 class='iconbox_content_title '  itemprop=\"headline\"  ><a href='https:\/\/www.meade.com.mx\/index.php\/polaris-127mm-reflector-ecuatorial\/' title='Polaris\u2122 127mm Reflector Ecuatorial' >Polaris\u2122 127mm Reflector Ecuatorial<\/a><\/h3><\/header><div class='iconbox_content_container  '  itemprop=\"text\"  ><p><a href=\"www.meade.com.mx\/index.php\/polaris-127mm-reflector-ecuatorial\/\"><img loading=\"lazy\" decoding=\"async\" class=\"alignnone wp-image-5665 size-medium\" src=\"https:\/\/www.meade.com.mx\/wp-content\/uploads\/2016\/04\/polaris_127_front-left_no_tray-300x300.jpg\" alt=\"polaris_127_front-left_no_tray\" width=\"300\" height=\"300\" srcset=\"https:\/\/www.meade.com.mx\/wp-content\/uploads\/2016\/04\/polaris_127_front-left_no_tray-300x300.jpg 300w, https:\/\/www.meade.com.mx\/wp-content\/uploads\/2016\/04\/polaris_127_front-left_no_tray-80x80.jpg 80w, https:\/\/www.meade.com.mx\/wp-content\/uploads\/2016\/04\/polaris_127_front-left_no_tray-36x36.jpg 36w, https:\/\/www.meade.com.mx\/wp-content\/uploads\/2016\/04\/polaris_127_front-left_no_tray-180x180.jpg 180w, https:\/\/www.meade.com.mx\/wp-content\/uploads\/2016\/04\/polaris_127_front-left_no_tray.jpg 430w, https:\/\/www.meade.com.mx\/wp-content\/uploads\/2016\/04\/polaris_127_front-left_no_tray-120x120.jpg 120w\" sizes=\"auto, (max-width: 300px) 100vw, 300px\" \/><\/a><\/p>\n<\/div><\/div><footer class=\"entry-footer\"><\/footer><\/article><\/p><\/div><div class=\"flex_column av_one_third  flex_column_div av-zero-column-padding   \" style='border-radius:0; '><p><article class=\"iconbox iconbox_top main_color    \"  itemscope=\"itemscope\" itemtype=\"https:\/\/schema.org\/CreativeWork\" ><div class=\"iconbox_content\"><header class=\"entry-content-header\"><a href='https:\/\/www.meade.com.mx\/index.php\/polaris-80mm-refractor-ecuatorial\/' title='Polaris\u2122 80mm Refractor Ecuatorial'  class=\"iconbox_icon heading-color \" aria-hidden='true' data-av_icon='\ue812' data-av_iconfont='entypo-fontello'  ><\/a><h3 class='iconbox_content_title '  itemprop=\"headline\"  ><a href='https:\/\/www.meade.com.mx\/index.php\/polaris-80mm-refractor-ecuatorial\/' title='Polaris\u2122 80mm Refractor Ecuatorial' >Polaris\u2122 80mm Refractor Ecuatorial<\/a><\/h3><\/header><div class='iconbox_content_container  '  itemprop=\"text\"  ><p><a href=\"https:\/\/www.meade.com.mx\/index.php\/polaris-80mm-refractor-ecuatorial\/\"><img loading=\"lazy\" decoding=\"async\" class=\"alignnone wp-image-5662 size-medium\" src=\"https:\/\/www.meade.com.mx\/wp-content\/uploads\/2016\/04\/polaris_80-front-left_no_tray-300x300.jpg\" alt=\"polaris_80-front-left_no_tray\" width=\"300\" height=\"300\" srcset=\"https:\/\/www.meade.com.mx\/wp-content\/uploads\/2016\/04\/polaris_80-front-left_no_tray-300x300.jpg 300w, https:\/\/www.meade.com.mx\/wp-content\/uploads\/2016\/04\/polaris_80-front-left_no_tray-80x80.jpg 80w, https:\/\/www.meade.com.mx\/wp-content\/uploads\/2016\/04\/polaris_80-front-left_no_tray-36x36.jpg 36w, https:\/\/www.meade.com.mx\/wp-content\/uploads\/2016\/04\/polaris_80-front-left_no_tray-180x180.jpg 180w, https:\/\/www.meade.com.mx\/wp-content\/uploads\/2016\/04\/polaris_80-front-left_no_tray.jpg 430w, https:\/\/www.meade.com.mx\/wp-content\/uploads\/2016\/04\/polaris_80-front-left_no_tray-120x120.jpg 120w\" sizes=\"auto, (max-width: 300px) 100vw, 300px\" \/><\/a><\/p>\n<\/div><\/div><footer class=\"entry-footer\"><\/footer><\/article><br \/>\n<div style='height:20px' class='hr hr-invisible  '><span class='hr-inner ' ><span class='hr-inner-style'><\/span><\/span><\/div><br \/>\n<article class=\"iconbox iconbox_top main_color    \"  itemscope=\"itemscope\" itemtype=\"https:\/\/schema.org\/CreativeWork\" ><div class=\"iconbox_content\"><header class=\"entry-content-header\"><a href='https:\/\/www.meade.com.mx\/index.php\/polaris-114mm-reflector-ecuatorial\/' title='Polaris\u2122 114mm Reflector Ecuatorial'  class=\"iconbox_icon heading-color \" aria-hidden='true' data-av_icon='\ue812' data-av_iconfont='entypo-fontello'  ><\/a><h3 class='iconbox_content_title '  itemprop=\"headline\"  ><a href='https:\/\/www.meade.com.mx\/index.php\/polaris-114mm-reflector-ecuatorial\/' title='Polaris\u2122 114mm Reflector Ecuatorial' >Polaris\u2122 114mm Reflector Ecuatorial<\/a><\/h3><\/header><div class='iconbox_content_container  '  itemprop=\"text\"  ><p><a href=\"https:\/\/www.meade.com.mx\/index.php\/polaris-114mm-reflector-ecuatorial\/\"><img loading=\"lazy\" decoding=\"async\" class=\"alignnone wp-image-5664 size-medium\" src=\"https:\/\/www.meade.com.mx\/wp-content\/uploads\/2016\/04\/polaris_114_front-left_no_tray-300x300.jpg\" alt=\"polaris_114_front-left_no_tray\" width=\"300\" height=\"300\" srcset=\"https:\/\/www.meade.com.mx\/wp-content\/uploads\/2016\/04\/polaris_114_front-left_no_tray-300x300.jpg 300w, https:\/\/www.meade.com.mx\/wp-content\/uploads\/2016\/04\/polaris_114_front-left_no_tray-80x80.jpg 80w, https:\/\/www.meade.com.mx\/wp-content\/uploads\/2016\/04\/polaris_114_front-left_no_tray-36x36.jpg 36w, https:\/\/www.meade.com.mx\/wp-content\/uploads\/2016\/04\/polaris_114_front-left_no_tray-180x180.jpg 180w, https:\/\/www.meade.com.mx\/wp-content\/uploads\/2016\/04\/polaris_114_front-left_no_tray.jpg 430w, https:\/\/www.meade.com.mx\/wp-content\/uploads\/2016\/04\/polaris_114_front-left_no_tray-120x120.jpg 120w\" sizes=\"auto, (max-width: 300px) 100vw, 300px\" \/><\/a><\/p>\n<\/div><\/div><footer class=\"entry-footer\"><\/footer><\/article><br \/>\n<div style='height:20px' class='hr hr-invisible  '><span class='hr-inner ' ><span class='hr-inner-style'><\/span><\/span><\/div><br \/>\n<article class=\"iconbox iconbox_top main_color    \"  itemscope=\"itemscope\" itemtype=\"https:\/\/schema.org\/CreativeWork\" ><div class=\"iconbox_content\"><header class=\"entry-content-header\"><a href='https:\/\/www.meade.com.mx\/index.php\/polaris-130mm-reflector-ecuatorial\/' title='Polaris\u2122 130mm Reflector Ecuatorial'  class=\"iconbox_icon heading-color \" aria-hidden='true' data-av_icon='\ue812' data-av_iconfont='entypo-fontello'  ><\/a><h3 class='iconbox_content_title '  itemprop=\"headline\"  ><a href='https:\/\/www.meade.com.mx\/index.php\/polaris-130mm-reflector-ecuatorial\/' title='Polaris\u2122 130mm Reflector Ecuatorial' >Polaris\u2122 130mm Reflector Ecuatorial<\/a><\/h3><\/header><div class='iconbox_content_container  '  itemprop=\"text\"  ><p><a href=\"https:\/\/www.meade.com.mx\/index.php\/polaris-130mm-reflector-ecuatorial\/\"><img loading=\"lazy\" decoding=\"async\" class=\"alignnone wp-image-5666 size-medium\" src=\"https:\/\/www.meade.com.mx\/wp-content\/uploads\/2016\/04\/polaris_130_front-left_no_tray-300x300.jpg\" alt=\"polaris_130_front-left_no_tray\" width=\"300\" height=\"300\" srcset=\"https:\/\/www.meade.com.mx\/wp-content\/uploads\/2016\/04\/polaris_130_front-left_no_tray-300x300.jpg 300w, https:\/\/www.meade.com.mx\/wp-content\/uploads\/2016\/04\/polaris_130_front-left_no_tray-80x80.jpg 80w, https:\/\/www.meade.com.mx\/wp-content\/uploads\/2016\/04\/polaris_130_front-left_no_tray-36x36.jpg 36w, https:\/\/www.meade.com.mx\/wp-content\/uploads\/2016\/04\/polaris_130_front-left_no_tray-180x180.jpg 180w, https:\/\/www.meade.com.mx\/wp-content\/uploads\/2016\/04\/polaris_130_front-left_no_tray.jpg 430w, https:\/\/www.meade.com.mx\/wp-content\/uploads\/2016\/04\/polaris_130_front-left_no_tray-120x120.jpg 120w\" sizes=\"auto, (max-width: 300px) 100vw, 300px\" \/><\/a><\/p>\n<\/div><\/div><footer class=\"entry-footer\"><\/footer><\/article><\/p><\/div><\/p>\n","protected":false},"excerpt":{"rendered":"","protected":false},"author":7,"featured_media":0,"parent":0,"menu_order":0,"comment_status":"closed","ping_status":"closed","template":"","meta":{"footnotes":""},"class_list":["post-4475","page","type-page","status-publish","hentry"],"_links":{"self":[{"href":"https:\/\/www.meade.com.mx\/index.php\/wp-json\/wp\/v2\/pages\/4475","targetHints":{"allow":["GET"]}}],"collection":[{"href":"https:\/\/www.meade.com.mx\/index.php\/wp-json\/wp\/v2\/pages"}],"about":[{"href":"https:\/\/www.meade.com.mx\/index.php\/wp-json\/wp\/v2\/types\/page"}],"author":[{"embeddable":true,"href":"https:\/\/www.meade.com.mx\/index.php\/wp-json\/wp\/v2\/users\/7"}],"replies":[{"embeddable":true,"href":"https:\/\/www.meade.com.mx\/index.php\/wp-json\/wp\/v2\/comments?post=4475"}],"version-history":[{"count":6,"href":"https:\/\/www.meade.com.mx\/index.php\/wp-json\/wp\/v2\/pages\/4475\/revisions"}],"predecessor-version":[{"id":7882,"href":"https:\/\/www.meade.com.mx\/index.php\/wp-json\/wp\/v2\/pages\/4475\/revisions\/7882"}],"wp:attachment":[{"href":"https:\/\/www.meade.com.mx\/index.php\/wp-json\/wp\/v2\/media?parent=4475"}],"curies":[{"name":"wp","href":"https:\/\/api.w.org\/{rel}","templated":true}]}}