{"id":4482,"date":"2016-04-25T03:34:52","date_gmt":"2016-04-25T03:34:52","guid":{"rendered":"http:\/\/www.meade.com.mx\/?page_id=4482"},"modified":"2016-11-25T22:59:35","modified_gmt":"2016-11-25T22:59:35","slug":"serie-lx850-2","status":"publish","type":"page","link":"https:\/\/www.meade.com.mx\/index.php\/serie-lx850-2\/","title":{"rendered":"Serie LX850"},"content":{"rendered":"<div class=\"flex_column av_one_third  flex_column_div av-zero-column-padding first  \" style='border-radius:0px; '><p><div style='padding-bottom:10px;' class='av-special-heading av-special-heading-h2  blockquote modern-quote  '><h2 class='av-special-heading-tag '  itemprop=\"headline\"  >El LX850\u2122 con StarLock\u2122<\/h2><div class ='av-subheading av-subheading_below  ' style='font-size:16px;'><p>Un Sistema Astron\u00f3mico Inteligente. Solo de Meade.<\/p>\n<\/div><div class='special-heading-border'><div class='special-heading-inner-border' ><\/div><\/div><\/div><br \/>\n<div style='height:20px' class='hr hr-invisible  '><span class='hr-inner ' ><span class='hr-inner-style'><\/span><\/span><\/div><br \/>\n<section class=\"av_textblock_section \"  itemscope=\"itemscope\" itemtype=\"https:\/\/schema.org\/CreativeWork\" ><div class='avia_textblock  '  style='font-size:14px; '  itemprop=\"text\" ><p><strong>Un Sistema Astron\u00f3mico Inteligente. Solo de Meade.<\/strong><\/p>\n<p>Com m\u00e1s de 40 a\u00f1os de experiencia e inovaci\u00f3n, Meade Instruments introduce lo \u00faltimo de sus avanzadas l\u00edneas a productos astron\u00f3micos: el LX850. Con el uso de nuevas y revolucionaarias tecnolog\u00edas, cada aspecto de este fabuloso sistema ha sido dise\u00f1ado para establecer el nuevo est\u00e1ndar de desempe\u00f1o astrofotogr\u00e1fico y visual.<\/p>\n<p><strong>SISTEMA OPTICO MAS RAPIDO Y NITIDO<\/strong><\/p>\n<p>Los LX850 utilizan un sistema \u00f3ptico r\u00e1pido f\/8 ACF\u2122 con un bafle de alto contraste que asegura im\u00e1genes n\u00edtidas y estrellas puntuales a lo largo y ancho de todo el campo de visi\u00f3n.\u00a0 Las nuevas caracter\u00edsticas del tubo \u00f3ptico incluyen un sistema de enfoque tipo Crayford interno con ajuste con corrimiento nulo y un control de dos velocidades 7:1.<\/p>\n<p><strong>SOLIDA MOTURA ECUATORIAL ALEMANA MAQUINADA A PRECISION<\/strong><\/p>\n<p>La montura LX850est\u00e1 construida de acero inoxidable y aluminio de grado aeron\u00e1utico, ambos maquinados, y presenta una s\u00f3lida plataforma con rodamientos de precisi\u00f3n en ambos ejes y una barra de 1.75&#8243; de acero inoxidable para el eje de A.R..\u00a0 Su engranes sin fin de bronce de 0.68&#8243; de di\u00e1metro y sus engranes de 225 dientes dan como resultado un movimiento de precisi\u00f3n con una carga de equipos de hasta 40.86kg.\u00a0 La montura del LX850 est\u00e1 completamente computarizada y motorizada e incluye una base de datos de m\u00e1s de 144,000 objetos.\u00a0 Todo esto motado sobre un tripi\u00e9 s\u00faper estable.<\/p>\n<p><strong>STARLOCK \u2014 GUIADO AUTOMATICO PERMANENTE<\/strong><\/p>\n<p>El StarLock es una una revolutionaria nueva tecnolog\u00eda que hace que el guiado en su detector electr\u00f3nico de im\u00e1genes y el guiado preciso durante la captura sea completamete autom\u00e1tico.\u00a0 El StarLock utiliza una \u00f3ptica de 80mm f\/5 y un lente de campo s\u00faper amplio en un sistema de dos c\u00e1maras que autom\u00e1ticamente encuentra la estrella de guiado en alta precisi\u00f2n, inmedi\u00e1tamente captura una estrella del campo tan tenue como magitud 11 y luego gu\u00eda con una precisi\u00f3n de un segundo de arco.<\/p>\n<p>Con la combinaci\u00f3n de la \u00f3ptica m\u00e1s fina, una robusta ecuatorial alemana y el revolucionario sistema StarLock, el LX850 es el telescopio m\u00e1s inteligente y la soluci\u00f3n m\u00e1s completa dispoible para astro-giado.<\/p>\n<\/div><\/section><\/p><\/div>\n<div class=\"flex_column av_one_third  flex_column_div av-zero-column-padding   \" style='border-radius:0; '><p><article class=\"iconbox iconbox_top main_color    \"  itemscope=\"itemscope\" itemtype=\"https:\/\/schema.org\/CreativeWork\" ><div class=\"iconbox_content\"><header class=\"entry-content-header\"><a href='https:\/\/www.meade.com.mx\/index.php\/lx850-acf130mm-f7\/' title='LX850 Rerfractor APO Triplete 130mm f\/7'  class=\"iconbox_icon heading-color \" aria-hidden='true' data-av_icon='\ue812' data-av_iconfont='entypo-fontello'  ><\/a><h3 class='iconbox_content_title '  itemprop=\"headline\"  ><a href='https:\/\/www.meade.com.mx\/index.php\/lx850-acf130mm-f7\/' title='LX850 Rerfractor APO Triplete 130mm f\/7' >LX850 Rerfractor APO Triplete 130mm f\/7<\/a><\/h3><\/header><div class='iconbox_content_container  '  itemprop=\"text\"  ><p><a href=\"https:\/\/www.meade.com.mx\/index.php\/lx850-acf130mm-f7\/\"><img loading=\"lazy\" decoding=\"async\" class=\"alignnone wp-image-5541 size-medium\" src=\"https:\/\/www.meade.com.mx\/wp-content\/uploads\/2016\/05\/lx800-130apo-300x300.jpg\" alt=\"lx800-130apo\" width=\"300\" height=\"300\" srcset=\"https:\/\/www.meade.com.mx\/wp-content\/uploads\/2016\/05\/lx800-130apo-300x300.jpg 300w, https:\/\/www.meade.com.mx\/wp-content\/uploads\/2016\/05\/lx800-130apo-80x80.jpg 80w, https:\/\/www.meade.com.mx\/wp-content\/uploads\/2016\/05\/lx800-130apo-36x36.jpg 36w, https:\/\/www.meade.com.mx\/wp-content\/uploads\/2016\/05\/lx800-130apo-180x180.jpg 180w, https:\/\/www.meade.com.mx\/wp-content\/uploads\/2016\/05\/lx800-130apo.jpg 430w, https:\/\/www.meade.com.mx\/wp-content\/uploads\/2016\/05\/lx800-130apo-120x120.jpg 120w\" sizes=\"auto, (max-width: 300px) 100vw, 300px\" \/><\/a><\/p>\n<\/div><\/div><footer class=\"entry-footer\"><\/footer><\/article><br \/>\n<div style='height:20px' class='hr hr-invisible  '><span class='hr-inner ' ><span class='hr-inner-style'><\/span><\/span><\/div><br \/>\n<article class=\"iconbox iconbox_top main_color    \"  itemscope=\"itemscope\" itemtype=\"https:\/\/schema.org\/CreativeWork\" ><div class=\"iconbox_content\"><header class=\"entry-content-header\"><div class=\"iconbox_icon heading-color \" aria-hidden='true' data-av_icon='\ue812' data-av_iconfont='entypo-fontello'  ><\/div><h3 class='iconbox_content_title '  itemprop=\"headline\"  ><a href='https:\/\/www.meade.com.mx\/index.php\/lx850-german-ecuatorial\/' title='Montura Ecuatorial Alemana LX850 con Starlock (sin Tripi\u00e9)'  >Montura Ecuatorial Alemana LX850 con Starlock (sin Tripi\u00e9)<\/a><\/h3><\/header><div class='iconbox_content_container  '  itemprop=\"text\"  ><p><a href=\"https:\/\/www.meade.com.mx\/index.php\/lx850-german-ecuatorial\/\"><img loading=\"lazy\" decoding=\"async\" class=\"alignnone wp-image-5544 size-medium\" src=\"https:\/\/www.meade.com.mx\/wp-content\/uploads\/2016\/05\/lx850_mount_clipped-300x300.png\" alt=\"lx850_mount_clipped\" width=\"300\" height=\"300\" srcset=\"https:\/\/www.meade.com.mx\/wp-content\/uploads\/2016\/05\/lx850_mount_clipped-300x300.png 300w, https:\/\/www.meade.com.mx\/wp-content\/uploads\/2016\/05\/lx850_mount_clipped-80x80.png 80w, https:\/\/www.meade.com.mx\/wp-content\/uploads\/2016\/05\/lx850_mount_clipped-36x36.png 36w, https:\/\/www.meade.com.mx\/wp-content\/uploads\/2016\/05\/lx850_mount_clipped-180x180.png 180w, https:\/\/www.meade.com.mx\/wp-content\/uploads\/2016\/05\/lx850_mount_clipped.png 430w, https:\/\/www.meade.com.mx\/wp-content\/uploads\/2016\/05\/lx850_mount_clipped-120x120.png 120w\" sizes=\"auto, (max-width: 300px) 100vw, 300px\" \/><\/a><\/p>\n<\/div><\/div><footer class=\"entry-footer\"><\/footer><\/article><br \/>\n<div style='height:20px' class='hr hr-invisible  '><span class='hr-inner ' ><span class='hr-inner-style'><\/span><\/span><\/div><br \/>\n<article class=\"iconbox iconbox_top main_color    \"  itemscope=\"itemscope\" itemtype=\"https:\/\/schema.org\/CreativeWork\" ><div class=\"iconbox_content\"><header class=\"entry-content-header\"><div class=\"iconbox_icon heading-color \" aria-hidden='true' data-av_icon='\ue812' data-av_iconfont='entypo-fontello'  ><\/div><h3 class='iconbox_content_title '  itemprop=\"headline\"  ><a href='https:\/\/www.meade.com.mx\/index.php\/lx850-afc-10-f8\/' title='LX850-ACF 10&quot; f\/8'  >LX850-ACF 10\" f\/8<\/a><\/h3><\/header><div class='iconbox_content_container  '  itemprop=\"text\"  ><p><a href=\"https:\/\/www.meade.com.mx\/index.php\/lx850-afc-10-f8\/\"><img loading=\"lazy\" decoding=\"async\" class=\"alignnone wp-image-5542 size-medium\" src=\"https:\/\/www.meade.com.mx\/wp-content\/uploads\/2016\/05\/lx850-high-angle-300x300.jpg\" alt=\"lx850-high-angle\" width=\"300\" height=\"300\" srcset=\"https:\/\/www.meade.com.mx\/wp-content\/uploads\/2016\/05\/lx850-high-angle-300x300.jpg 300w, https:\/\/www.meade.com.mx\/wp-content\/uploads\/2016\/05\/lx850-high-angle-80x80.jpg 80w, https:\/\/www.meade.com.mx\/wp-content\/uploads\/2016\/05\/lx850-high-angle-36x36.jpg 36w, https:\/\/www.meade.com.mx\/wp-content\/uploads\/2016\/05\/lx850-high-angle-180x180.jpg 180w, https:\/\/www.meade.com.mx\/wp-content\/uploads\/2016\/05\/lx850-high-angle.jpg 430w, https:\/\/www.meade.com.mx\/wp-content\/uploads\/2016\/05\/lx850-high-angle-120x120.jpg 120w\" sizes=\"auto, (max-width: 300px) 100vw, 300px\" \/><\/a><\/p>\n<\/div><\/div><footer class=\"entry-footer\"><\/footer><\/article><\/p><\/div><div class=\"flex_column av_one_third  flex_column_div av-zero-column-padding   \" style='border-radius:0; '><p><article class=\"iconbox iconbox_top main_color    \"  itemscope=\"itemscope\" itemtype=\"https:\/\/schema.org\/CreativeWork\" ><div class=\"iconbox_content\"><header class=\"entry-content-header\"><a href='https:\/\/www.meade.com.mx\/index.php\/lx850-acf-14-f8\/' title='LX850-ACF 14&quot; f\/8'  class=\"iconbox_icon heading-color \" aria-hidden='true' data-av_icon='\ue812' data-av_iconfont='entypo-fontello'  ><\/a><h3 class='iconbox_content_title '  itemprop=\"headline\"  ><a href='https:\/\/www.meade.com.mx\/index.php\/lx850-acf-14-f8\/' title='LX850-ACF 14&quot; f\/8' >LX850-ACF 14\" f\/8<\/a><\/h3><\/header><div class='iconbox_content_container  '  itemprop=\"text\"  ><p><a href=\"https:\/\/www.meade.com.mx\/index.php\/lx850-acf-14-f8\/\"><img loading=\"lazy\" decoding=\"async\" class=\"alignnone wp-image-5547 size-medium\" src=\"https:\/\/www.meade.com.mx\/wp-content\/uploads\/2016\/05\/lx850-high-angle_2-300x300.jpg\" alt=\"lx850-high-angle_2\" width=\"300\" height=\"300\" srcset=\"https:\/\/www.meade.com.mx\/wp-content\/uploads\/2016\/05\/lx850-high-angle_2-300x300.jpg 300w, https:\/\/www.meade.com.mx\/wp-content\/uploads\/2016\/05\/lx850-high-angle_2-80x80.jpg 80w, https:\/\/www.meade.com.mx\/wp-content\/uploads\/2016\/05\/lx850-high-angle_2-36x36.jpg 36w, https:\/\/www.meade.com.mx\/wp-content\/uploads\/2016\/05\/lx850-high-angle_2-180x180.jpg 180w, https:\/\/www.meade.com.mx\/wp-content\/uploads\/2016\/05\/lx850-high-angle_2.jpg 430w, https:\/\/www.meade.com.mx\/wp-content\/uploads\/2016\/05\/lx850-high-angle_2-120x120.jpg 120w\" sizes=\"auto, (max-width: 300px) 100vw, 300px\" \/><\/a><\/p>\n<\/div><\/div><footer class=\"entry-footer\"><\/footer><\/article><br \/>\n<div style='height:20px' class='hr hr-invisible  '><span class='hr-inner ' ><span class='hr-inner-style'><\/span><\/span><\/div><br \/>\n<article class=\"iconbox iconbox_top main_color    \"  itemscope=\"itemscope\" itemtype=\"https:\/\/schema.org\/CreativeWork\" ><div class=\"iconbox_content\"><header class=\"entry-content-header\"><div class=\"iconbox_icon heading-color \" aria-hidden='true' data-av_icon='\ue812' data-av_iconfont='entypo-fontello'  ><\/div><h3 class='iconbox_content_title '  itemprop=\"headline\"  ><a href='https:\/\/www.meade.com.mx\/index.php\/lx850-acf-12-f8\/' title='LX850-ACF 12&quot; f\/8'  >LX850-ACF 12\" f\/8<\/a><\/h3><\/header><div class='iconbox_content_container  '  itemprop=\"text\"  ><p><a href=\"https:\/\/www.meade.com.mx\/index.php\/lx850-acf-12-f8\/\"><img loading=\"lazy\" decoding=\"async\" class=\"alignnone wp-image-5545 size-medium\" src=\"https:\/\/www.meade.com.mx\/wp-content\/uploads\/2016\/05\/lx850-high-angle1-300x300.jpg\" alt=\"lx850-high-angle\" width=\"300\" height=\"300\" srcset=\"https:\/\/www.meade.com.mx\/wp-content\/uploads\/2016\/05\/lx850-high-angle1-300x300.jpg 300w, https:\/\/www.meade.com.mx\/wp-content\/uploads\/2016\/05\/lx850-high-angle1-80x80.jpg 80w, https:\/\/www.meade.com.mx\/wp-content\/uploads\/2016\/05\/lx850-high-angle1-36x36.jpg 36w, https:\/\/www.meade.com.mx\/wp-content\/uploads\/2016\/05\/lx850-high-angle1-180x180.jpg 180w, https:\/\/www.meade.com.mx\/wp-content\/uploads\/2016\/05\/lx850-high-angle1.jpg 430w, https:\/\/www.meade.com.mx\/wp-content\/uploads\/2016\/05\/lx850-high-angle1-120x120.jpg 120w\" sizes=\"auto, (max-width: 300px) 100vw, 300px\" \/><\/a><\/p>\n<\/div><\/div><footer class=\"entry-footer\"><\/footer><\/article><br \/>\n<div style='height:20px' class='hr hr-invisible  '><span class='hr-inner ' ><span class='hr-inner-style'><\/span><\/span><\/div><br \/>\n<article class=\"iconbox iconbox_top main_color    \"  itemscope=\"itemscope\" itemtype=\"https:\/\/schema.org\/CreativeWork\" ><div class=\"iconbox_content\"><header class=\"entry-content-header\"><div class=\"iconbox_icon heading-color \" aria-hidden='true' data-av_icon='\ue812' data-av_iconfont='entypo-fontello'  ><\/div><h3 class='iconbox_content_title '  itemprop=\"headline\"  ><a href='https:\/\/www.meade.com.mx\/index.php\/lx850-german-ecuatorial-mount-with\/' title='Montura Ecuatorial Alemana LX850 con StarLock y Tripi\u00e9'  >Montura Ecuatorial Alemana LX850 con StarLock y Tripi\u00e9<\/a><\/h3><\/header><div class='iconbox_content_container  '  itemprop=\"text\"  ><p><a href=\"https:\/\/www.meade.com.mx\/index.php\/lx850-german-ecuatorial-mount-with\/\"><img loading=\"lazy\" decoding=\"async\" class=\"alignnone wp-image-5548 size-medium\" src=\"https:\/\/www.meade.com.mx\/wp-content\/uploads\/2016\/05\/lx850-mount-only-300x300.jpg\" alt=\"lx850-mount-only\" width=\"300\" height=\"300\" srcset=\"https:\/\/www.meade.com.mx\/wp-content\/uploads\/2016\/05\/lx850-mount-only-300x300.jpg 300w, https:\/\/www.meade.com.mx\/wp-content\/uploads\/2016\/05\/lx850-mount-only-80x80.jpg 80w, https:\/\/www.meade.com.mx\/wp-content\/uploads\/2016\/05\/lx850-mount-only-36x36.jpg 36w, https:\/\/www.meade.com.mx\/wp-content\/uploads\/2016\/05\/lx850-mount-only-180x180.jpg 180w, https:\/\/www.meade.com.mx\/wp-content\/uploads\/2016\/05\/lx850-mount-only.jpg 430w, https:\/\/www.meade.com.mx\/wp-content\/uploads\/2016\/05\/lx850-mount-only-120x120.jpg 120w\" sizes=\"auto, (max-width: 300px) 100vw, 300px\" \/><\/a><\/p>\n<\/div><\/div><footer class=\"entry-footer\"><\/footer><\/article><\/p><\/div><\/p>\n","protected":false},"excerpt":{"rendered":"","protected":false},"author":7,"featured_media":0,"parent":0,"menu_order":0,"comment_status":"closed","ping_status":"closed","template":"","meta":{"footnotes":""},"class_list":["post-4482","page","type-page","status-publish","hentry"],"_links":{"self":[{"href":"https:\/\/www.meade.com.mx\/index.php\/wp-json\/wp\/v2\/pages\/4482","targetHints":{"allow":["GET"]}}],"collection":[{"href":"https:\/\/www.meade.com.mx\/index.php\/wp-json\/wp\/v2\/pages"}],"about":[{"href":"https:\/\/www.meade.com.mx\/index.php\/wp-json\/wp\/v2\/types\/page"}],"author":[{"embeddable":true,"href":"https:\/\/www.meade.com.mx\/index.php\/wp-json\/wp\/v2\/users\/7"}],"replies":[{"embeddable":true,"href":"https:\/\/www.meade.com.mx\/index.php\/wp-json\/wp\/v2\/comments?post=4482"}],"version-history":[{"count":14,"href":"https:\/\/www.meade.com.mx\/index.php\/wp-json\/wp\/v2\/pages\/4482\/revisions"}],"predecessor-version":[{"id":5521,"href":"https:\/\/www.meade.com.mx\/index.php\/wp-json\/wp\/v2\/pages\/4482\/revisions\/5521"}],"wp:attachment":[{"href":"https:\/\/www.meade.com.mx\/index.php\/wp-json\/wp\/v2\/media?parent=4482"}],"curies":[{"name":"wp","href":"https:\/\/api.w.org\/{rel}","templated":true}]}}