{"id":4486,"date":"2016-04-30T04:02:08","date_gmt":"2016-04-30T04:02:08","guid":{"rendered":"http:\/\/www.meade.com.mx\/?page_id=4486"},"modified":"2017-04-30T02:13:09","modified_gmt":"2017-04-30T02:13:09","slug":"lx850-acf130mm-f7","status":"publish","type":"page","link":"https:\/\/www.meade.com.mx\/index.php\/lx850-acf130mm-f7\/","title":{"rendered":"LX850-ACF APO130mm f\/7"},"content":{"rendered":"<div class=\"flex_column av_one_half  flex_column_div av-zero-column-padding first  \" style='border-radius:0px; '><div class='avia-gallery  avia-gallery-1 avia_lazyload avia_animate_when_visible '  itemscope=\"itemscope\" itemtype=\"https:\/\/schema.org\/ImageObject\" ><a class='avia-gallery-big fakeLightbox lightbox avia-gallery-big-crop-thumb ' href='https:\/\/www.meade.com.mx\/wp-content\/uploads\/2016\/04\/lx800-130apo2.jpg'  data-onclick='1' title='' ><span class='avia-gallery-big-inner'  itemprop=\"thumbnailUrl\" >\t<img width='705' height='705' src='https:\/\/www.meade.com.mx\/wp-content\/uploads\/2016\/04\/lx800-130apo2-705x705.jpg' title='lx800-130apo' alt='' \/><\/span><\/a><div class='avia-gallery-thumb'> <a href='https:\/\/www.meade.com.mx\/wp-content\/uploads\/2016\/04\/lx800-130apo2.jpg' data-rel='gallery-1' data-prev-img='https:\/\/www.meade.com.mx\/wp-content\/uploads\/2016\/04\/lx800-130apo2-705x705.jpg' class='first_thumb lightbox ' data-onclick='1' title=''  itemprop=\"thumbnailUrl\" ><img  src='https:\/\/www.meade.com.mx\/wp-content\/uploads\/2016\/04\/lx800-130apo2-180x180.jpg' width='180' height='180'  title='lx800-130apo' alt='' \/><\/a> <a href='https:\/\/www.meade.com.mx\/wp-content\/uploads\/2016\/04\/130mm_6000_ed_triplet_apo_0507-00-052-1030x426.jpg' data-rel='gallery-1' data-prev-img='https:\/\/www.meade.com.mx\/wp-content\/uploads\/2016\/04\/130mm_6000_ed_triplet_apo_0507-00-052-705x292.jpg' class='lightbox ' data-onclick='2' title=''  itemprop=\"thumbnailUrl\" ><img  src='https:\/\/www.meade.com.mx\/wp-content\/uploads\/2016\/04\/130mm_6000_ed_triplet_apo_0507-00-052-180x180.jpg' width='180' height='180'  title='130mm_6000_ed_triplet_apo_0507-00-05' alt='' \/><\/a> <a href='https:\/\/www.meade.com.mx\/wp-content\/uploads\/2016\/04\/lx850-mount-closeup_11-1030x798.jpg' data-rel='gallery-1' data-prev-img='https:\/\/www.meade.com.mx\/wp-content\/uploads\/2016\/04\/lx850-mount-closeup_11-705x546.jpg' class='lightbox ' data-onclick='3' title=''  itemprop=\"thumbnailUrl\" ><img  src='https:\/\/www.meade.com.mx\/wp-content\/uploads\/2016\/04\/lx850-mount-closeup_11-180x180.jpg' width='180' height='180'  title='lx850-mount-closeup_1' alt='' \/><\/a> <a href='https:\/\/www.meade.com.mx\/wp-content\/uploads\/2016\/04\/lx850-internal-cabling-dec_11-1030x1030.jpg' data-rel='gallery-1' data-prev-img='https:\/\/www.meade.com.mx\/wp-content\/uploads\/2016\/04\/lx850-internal-cabling-dec_11-705x705.jpg' class='lightbox ' data-onclick='4' title=''  itemprop=\"thumbnailUrl\" ><img  src='https:\/\/www.meade.com.mx\/wp-content\/uploads\/2016\/04\/lx850-internal-cabling-dec_11-180x180.jpg' width='180' height='180'  title='lx850-internal-cabling-dec_1' alt='' \/><\/a> <a href='https:\/\/www.meade.com.mx\/wp-content\/uploads\/2016\/04\/lx850-internal-cabling-front_11-1030x1030.jpg' data-rel='gallery-1' data-prev-img='https:\/\/www.meade.com.mx\/wp-content\/uploads\/2016\/04\/lx850-internal-cabling-front_11-705x705.jpg' class='lightbox ' data-onclick='5' title=''  itemprop=\"thumbnailUrl\" ><img  src='https:\/\/www.meade.com.mx\/wp-content\/uploads\/2016\/04\/lx850-internal-cabling-front_11-180x180.jpg' width='180' height='180'  title='lx850-internal-cabling-front_1' alt='' \/><\/a> <a href='https:\/\/www.meade.com.mx\/wp-content\/uploads\/2016\/04\/lx850-controlpanel_11-1030x723.jpg' data-rel='gallery-1' data-prev-img='https:\/\/www.meade.com.mx\/wp-content\/uploads\/2016\/04\/lx850-controlpanel_11-705x495.jpg' class='first_thumb lightbox ' data-onclick='6' title=''  itemprop=\"thumbnailUrl\" ><img  src='https:\/\/www.meade.com.mx\/wp-content\/uploads\/2016\/04\/lx850-controlpanel_11-180x180.jpg' width='180' height='180'  title='lx850-controlpanel_1' alt='' \/><\/a> <a href='https:\/\/www.meade.com.mx\/wp-content\/uploads\/2016\/04\/s5k_enhanceddiagonal_11-1030x834.jpg' data-rel='gallery-1' data-prev-img='https:\/\/www.meade.com.mx\/wp-content\/uploads\/2016\/04\/s5k_enhanceddiagonal_11-705x571.jpg' class='lightbox ' data-onclick='7' title=''  itemprop=\"thumbnailUrl\" ><img  src='https:\/\/www.meade.com.mx\/wp-content\/uploads\/2016\/04\/s5k_enhanceddiagonal_11-180x180.jpg' width='180' height='180'  title='s5k_enhanceddiagonal_1' alt='' \/><\/a> <a href='https:\/\/www.meade.com.mx\/wp-content\/uploads\/2016\/04\/s6k_edapo_caseandfinder_11-1030x687.jpg' data-rel='gallery-1' data-prev-img='https:\/\/www.meade.com.mx\/wp-content\/uploads\/2016\/04\/s6k_edapo_caseandfinder_11-705x470.jpg' class='lightbox ' data-onclick='8' title=''  itemprop=\"thumbnailUrl\" ><img  src='https:\/\/www.meade.com.mx\/wp-content\/uploads\/2016\/04\/s6k_edapo_caseandfinder_11-180x180.jpg' width='180' height='180'  title='s6k_edapo_caseandfinder_1' alt='' \/><\/a><\/div><\/div><\/div>\n<div class=\"flex_column av_one_half  flex_column_div av-zero-column-padding   \" style='border-radius:0px; '><p><div style='padding-bottom:10px;' class='av-special-heading av-special-heading-h2  blockquote modern-quote   '><h2 class='av-special-heading-tag '  itemprop=\"headline\"  >LX850-ACF 130mm f\/7 Refractor APO Triplete<\/h2><div class='special-heading-border'><div class='special-heading-inner-border' ><\/div><\/div><\/div><br \/>\n<div style=' margin-top:30; margin-bottom:30px;'  class='hr hr-custom hr-center hr-icon-no  '><span class='hr-inner   inner-border-av-border-thin' style=' width:100%; border-color:#cecece;' ><span class='hr-inner-style'><\/span><\/span><\/div><br \/>\n<section class=\"av_textblock_section \"  itemscope=\"itemscope\" itemtype=\"https:\/\/schema.org\/CreativeWork\" ><div class='avia_textblock  av_inherit_color '  style='font-size:17px; color:#3076b3; '  itemprop=\"text\" ><div class=\"std\">\n<div class=\"std\">\n<ul>\n<li>Optica: Refractor 130mm f\/7 LF 910mm APO Triplete<\/li>\n<\/ul>\n<ul>\n<li>Enfocador de 3&#8243; de doble velocidad con reducci\u00f3n 10:1<\/li>\n<\/ul>\n<ul>\n<li>Montura con capacidad de carga de 41kg<\/li>\n<\/ul>\n<ul>\n<li>Guiador autom\u00e1tico StarLock<\/li>\n<\/ul>\n<ul>\n<li>Sistema GOTO AutoStar II<\/li>\n<\/ul>\n<ul>\n<li>Tripi\u00e9 de uso rudo<\/li>\n<\/ul>\n<ul>\n<li>Estuche r\u00edgido para el tubo \u00f3ptico APO<\/li>\n<\/ul>\n<\/div>\n<\/div>\n<\/div><\/section><\/p><\/div>\n<div style=' margin-top:30; margin-bottom:30px;'  class='hr hr-custom hr-center hr-icon-no  '><span class='hr-inner   inner-border-av-border-thin' style=' width:100%; border-color:#cecece;' ><span class='hr-inner-style'><\/span><\/span><\/div>\n<div class=\"tabcontainer   top_tab  \">\n\n<section class=\"av_tab_section\"  itemscope=\"itemscope\" itemtype=\"https:\/\/schema.org\/CreativeWork\" >    <div data-fake-id=\"#tab-id-1\" class=\"tab active_tab\"  itemprop=\"headline\" ><span class='tab_icon' aria-hidden='true' data-av_icon='\ue84e' data-av_iconfont='entypo-fontello'><\/span>Descripci\u00f3n del Producto<\/div>\n    <div id=\"tab-id-1-container\" class=\"tab_content active_tab_content\">\n        <div class=\"tab_inner_content invers-color\"  itemprop=\"text\" >\n<div class=\"std\">\n<div class=\"std\">\n<p>Refractor Meade 130mm APO LX850 refractor #0130-85-01. Los tripletes Meade Serie 6000 ED APO est\u00e1n entre los m\u00e1s finos del mercado de cualquier precio.\u00a0 Combinado con las fant\u00e1sticas caracter\u00edsticas de la montura LX850, este es un paquete que es el sue\u00f1o de los astrofot\u00f3grafos avanzados llevado a la realidad.\u00a0 Incluye un lente objetivo de 130mm (5.1&#8243;) ED (Ultra baja dispersi\u00f3n) APO (Triplete verdadero) con recubrimientos \u00f3pticos m\u00faltiples en todas sus caras al aire lo que da como resultado un gran contraste y detalle as\u00ec como una aberraci\u00f3n crom\u00e1tica casi nula.\u00a0 Incluye un enfocador s\u00faper preciso de 3&#8243; tipo Crayford con reducci\u00f3n de velocidad de 10:1.\u00a0 Su longitud focal es de 910mm con una relaci\u00f3n focal f\/7.<\/p>\n<\/div>\n<\/div>\n<div class=\"std\">Meade Instruments introduce con orgullo un nuevo est\u00e1ndar en desempe\u00f1o astrofotogr\u00e1fico y visual, el LX850.\u00a0 Incluye guiador integrado StarLock con doble detector, Apuntado de Ultra Alta Precisi\u00f3n y Alinaci\u00f3n por Deriva Asistida, transmisiones con engranes de 5.8&#8243; y 225 dientes de broce pulido con correcci\u00f3n peri\u00f3dica de error, cableado interno, receptor GPS, sistema AutoStar II GOTO con m\u00e1s de 144,000 objetos en su base de datos, tripi\u00e9 de altura ajustable con cojinetes supresores de vibraci\u00f3n, adaptador uiversal AC, cable USB de la montura a su PC y software AutoStar Suite.<\/div>\n<div class=\"std\"><\/div>\n<div class=\"std\">Incluye el sistema StarLock &#8211; una revolucionaria y nueva tecnolog\u00eda que hace la localizaci\u00f3n de los objetivos en su detector y guiar con precisi\u00f3n durante exposiciones completamente autom\u00e1ticas.\u00a0 Con la tecnolog\u00eda LightSwitch exclusiva de Meade como su n\u00facleo, el StarLock utiliza una \u00f3ptica 80mm f\/5 y un sistema con dos detectores que permiten una alineaci\u00f3n polar asistida utilizando el m\u00e9todo de deriva.\u00a0 Una vez alineado el StarLock gu\u00eda la montura en tiempo real, e incluso programa autom\u00e1ticamente la correcci\u00f3n peri\u00f3dica de error, logrando una precisi\u00f3n de guiado de hasta 1 segundo de arco con un buen cielo (seeing) y con la capacidad de guiar con estrellas tan tenues como magnitud 11.<\/div>\n<div class=\"std\"><\/div>\n<div class=\"std\">La montura LX850, construida con acero inoxidable maquinado y aluminio de grado aeron\u00e1utico es una plataforma s\u00f3lida para las aplicaciones m\u00e1s demandantes, con una capacidad de carga de 41kg y una preci\u00f3n de guiado de hasta un minuto de arco.\u00a0 Incluye rodamientos de balero en ambos ejes, un eje de AR de acero inoxidable de 1.75&#8243;, engranes maestros de 5.8&#8243;, ajuste manual fino en ambos ejes, puerto para ret\u00edcula iluminada.\u00a0 El cuerpo principal de la montura pesa 25kg.\u00a0 El tripi\u00e9 tiene una altura ajustable de 74 a 114cm incluye robustas patas de 3&#8243; de di\u00e1metro para ofrecerle un desempe\u00f1o estable y tiene un peso de 16.3kg.\u00a0 Incluye un contrapeso de 11.8kg de acero inoxidable (existen contrapesos para compra individual).\u00a0\u00a0 La imagen muestra la montura LX800, siendo la LX850 muy similar.<\/div>\n<div class=\"std\"><\/div>\n<div class=\"std\">El telescopio viene completamente equipado con un diagonal de prisma Meade Serie 5000 de 2&#8243; con reflectividad del 99%, ocular HD-60 de 25mm, buscador 8&#215;50 con zapata de f\u00e1cil desmontaje y estuche r\u00edgido para el tubo \u00f3ptico APO.<\/div>\n<div class=\"std\"><\/div>\n<div class=\"std\">El producto incluye una limitada garant\u00eda de un a\u00f1o de la f\u00e1brica Meade.<\/div>\n\n        <\/div>\n    <\/div>\n<\/section>\n\n<section class=\"av_tab_section\"  itemscope=\"itemscope\" itemtype=\"https:\/\/schema.org\/CreativeWork\" >    <div data-fake-id=\"#tab-id-2\" class=\"tab \"  itemprop=\"headline\" ><span class='tab_icon' aria-hidden='true' data-av_icon='\ue856' data-av_iconfont='entypo-fontello'><\/span>Especificaciones T\u00e9cnicas<\/div>\n    <div id=\"tab-id-2-container\" class=\"tab_content \">\n        <div class=\"tab_inner_content invers-color\"  itemprop=\"text\" >\n<table id=\"product-attribute-specs-table\" class=\"data-table\">\n<tbody>\n<tr class=\"first odd\">\n<th class=\"label\">Apertura<\/th>\n<td class=\"data last\">130mm<\/td>\n<\/tr>\n<tr class=\"even\">\n<th class=\"label\">Dise\u00f1o<\/th>\n<td class=\"data last\">Refractor Apocrom\u00e1tico<\/td>\n<\/tr>\n<tr class=\"odd\">\n<th class=\"label\">Recubrimientos Opticos<\/th>\n<td class=\"data last\">M\u00faltiples en todas sus caras al aire (Fully Multi-Coated [FMC])<\/td>\n<\/tr>\n<tr class=\"even\">\n<th class=\"label\">Longitud Focal<\/th>\n<td class=\"data last\">910mm<\/td>\n<\/tr>\n<tr class=\"odd\">\n<th class=\"label\">Relaci\u00f3n Focal<\/th>\n<td class=\"data last\">f\/7<\/td>\n<\/tr>\n<tr class=\"even\">\n<th class=\"label\">Poder de Resoluci\u00f3n (L\u00edmite de Dawes)<\/th>\n<td class=\"data last\">0.89 segundos de arco<\/td>\n<\/tr>\n<tr class=\"odd\">\n<th class=\"label\">Buscador<\/th>\n<td class=\"data last\">8x50mm con ret\u00edcula<\/td>\n<\/tr>\n<tr class=\"even\">\n<th class=\"label\">Ocular(es)<\/th>\n<td class=\"data last\">HD-60 25mm<\/td>\n<\/tr>\n<tr class=\"odd\">\n<th class=\"label\">Mecanismo de Enfoque<\/th>\n<td class=\"data last\">Enfocador tipo Crayford de 3&#8243; de corrimiento nulo, doble velocidad 10:1<\/td>\n<\/tr>\n<tr class=\"even\">\n<th class=\"label\">Diagonal<\/th>\n<td class=\"data last\">Diel\u00e9ctrico Serie 5000\u2122 2&#8243;<\/td>\n<\/tr>\n<tr class=\"odd\">\n<th class=\"label\">Cola de Pato (Milano)<\/th>\n<td class=\"data last\">Tipo Vixen\u00ae<\/td>\n<\/tr>\n<tr class=\"even\">\n<th class=\"label\">Para Sol<\/th>\n<td class=\"data last\">Si<\/td>\n<\/tr>\n<tr class=\"odd\">\n<th class=\"label\">Tipo de Montura<\/th>\n<td class=\"data last\">Ecuatorial Alemana<\/td>\n<\/tr>\n<tr class=\"even\">\n<th class=\"label\">Control de Mano<\/th>\n<td class=\"data last\">AutoStar\u00ae II<\/td>\n<\/tr>\n<tr class=\"odd\">\n<th class=\"label\">Base de Datos<\/th>\n<td class=\"data last\">145,000 objetos<\/td>\n<\/tr>\n<tr class=\"even\">\n<th class=\"label\">Precisi\u00f3n de Localizaci\u00f3n (en modo de Alta-Precisi\u00f3n)<\/th>\n<td class=\"data last\">1 minuto de arco (+\/-)<\/td>\n<\/tr>\n<tr class=\"odd\">\n<th class=\"label\">Correcci\u00f3n Peri\u00f3dica de Error<\/th>\n<td class=\"data last\">Ambos Ejes<\/td>\n<\/tr>\n<tr class=\"even\">\n<th class=\"label\">Correcci\u00f3n Peri\u00f3dica de Error Permanente (PPEC)<\/th>\n<td class=\"data last\">Si<\/td>\n<\/tr>\n<tr class=\"odd\">\n<th class=\"label\">StarLock\u2122<\/th>\n<td class=\"data last\">Si<\/td>\n<\/tr>\n<tr class=\"even\">\n<th class=\"label\">Desempe\u00f1o T\u00edpico de Guiado con el StarLock<\/th>\n<td class=\"data last\">&lt; 1 segundo de arco<\/td>\n<\/tr>\n<tr class=\"odd\">\n<th class=\"label\">Controles de Movimiento Lento<\/th>\n<td class=\"data last\">Electr\u00f3nicos<\/td>\n<\/tr>\n<tr class=\"even\">\n<th class=\"label\">Velocidades<\/th>\n<td class=\"data last\">RA y Dec: 1x, 2x, 8x, 16x, 64x sideral y 0.25\u00b0\/s, 0.5\u00b0\/s, 1\u00b0\/s, y 3\u00b0\/s (max)<\/td>\n<\/tr>\n<tr class=\"odd\">\n<th class=\"label\">Tasas de Rastreo<\/th>\n<td class=\"data last\">Sideral, Lunar, o seleccionada por el usuario de 2000 tasas incrementales<\/td>\n<\/tr>\n<tr class=\"even\">\n<th class=\"label\">Panel de Control<\/th>\n<td class=\"data last\">Entrada 12Vcc (DC), Salida 12 Vcc (DC), Puertos para Enfocador, Ret\u00edcula, Puerto HBX para control de mano, RS232 para PC, StarLock, y Puerto de aguiado Auxiliar<\/td>\n<\/tr>\n<tr class=\"odd\">\n<th class=\"label\">Capacidad Total de Carga de la Montura<\/th>\n<td class=\"data last\">41kg<\/td>\n<\/tr>\n<tr class=\"even\">\n<th class=\"label\">Tripi\u00e9<\/th>\n<td class=\"data last\">Gitante de Campo LX850<\/td>\n<\/tr>\n<tr class=\"odd\">\n<th class=\"label\">Corriente<\/th>\n<td class=\"data last\">12Vcc (DC), 5 A, con el Adaptador Universal de Corriente Meade<\/td>\n<\/tr>\n<tr class=\"even\">\n<th class=\"label\">Receptor GPS<\/th>\n<td class=\"data last\">Si<\/td>\n<\/tr>\n<tr class=\"odd\">\n<th class=\"label\">Chip de Tiempo<\/th>\n<td class=\"data last\">Si<\/td>\n<\/tr>\n<tr class=\"even\">\n<th class=\"label\">Smart Mount\u2122<\/th>\n<td class=\"data last\">Si<\/td>\n<\/tr>\n<tr class=\"odd\">\n<th class=\"label\">Smart Drive\u2122<\/th>\n<td class=\"data last\">Si<\/td>\n<\/tr>\n<tr class=\"last even\">\n<th class=\"label\">Cojinentes supresores de vibraci\u00f3n<\/th>\n<td class=\"data last\">Incluidos<\/td>\n<\/tr>\n<\/tbody>\n<\/table>\n\n        <\/div>\n    <\/div>\n<\/section>\n\n<\/div>\n\n","protected":false},"excerpt":{"rendered":"","protected":false},"author":7,"featured_media":0,"parent":0,"menu_order":0,"comment_status":"closed","ping_status":"closed","template":"","meta":{"footnotes":""},"class_list":["post-4486","page","type-page","status-publish","hentry"],"_links":{"self":[{"href":"https:\/\/www.meade.com.mx\/index.php\/wp-json\/wp\/v2\/pages\/4486","targetHints":{"allow":["GET"]}}],"collection":[{"href":"https:\/\/www.meade.com.mx\/index.php\/wp-json\/wp\/v2\/pages"}],"about":[{"href":"https:\/\/www.meade.com.mx\/index.php\/wp-json\/wp\/v2\/types\/page"}],"author":[{"embeddable":true,"href":"https:\/\/www.meade.com.mx\/index.php\/wp-json\/wp\/v2\/users\/7"}],"replies":[{"embeddable":true,"href":"https:\/\/www.meade.com.mx\/index.php\/wp-json\/wp\/v2\/comments?post=4486"}],"version-history":[{"count":22,"href":"https:\/\/www.meade.com.mx\/index.php\/wp-json\/wp\/v2\/pages\/4486\/revisions"}],"predecessor-version":[{"id":8180,"href":"https:\/\/www.meade.com.mx\/index.php\/wp-json\/wp\/v2\/pages\/4486\/revisions\/8180"}],"wp:attachment":[{"href":"https:\/\/www.meade.com.mx\/index.php\/wp-json\/wp\/v2\/media?parent=4486"}],"curies":[{"name":"wp","href":"https:\/\/api.w.org\/{rel}","templated":true}]}}