{"id":4490,"date":"2016-04-30T04:50:52","date_gmt":"2016-04-30T04:50:52","guid":{"rendered":"http:\/\/www.meade.com.mx\/?page_id=4490"},"modified":"2016-06-19T16:04:35","modified_gmt":"2016-06-19T16:04:35","slug":"lx850-german-ecuatorial","status":"publish","type":"page","link":"https:\/\/www.meade.com.mx\/index.php\/lx850-german-ecuatorial\/","title":{"rendered":"Montura Ecuatorial Alemana LX850 c\/StarLock (sin Tripi\u00e9)"},"content":{"rendered":"<div class=\"flex_column av_one_half  flex_column_div av-zero-column-padding first  \" style='border-radius:0px; '><div class='avia-gallery  avia-gallery-1 avia_lazyload avia_animate_when_visible '  itemscope=\"itemscope\" itemtype=\"https:\/\/schema.org\/ImageObject\" ><a class='avia-gallery-big fakeLightbox lightbox avia-gallery-big-crop-thumb ' href='https:\/\/www.meade.com.mx\/wp-content\/uploads\/2016\/04\/lx850-mount-closeup_51-1030x798.jpg'  data-onclick='1' title='' ><span class='avia-gallery-big-inner'  itemprop=\"thumbnailUrl\" >\t<img width='705' height='546' src='https:\/\/www.meade.com.mx\/wp-content\/uploads\/2016\/04\/lx850-mount-closeup_51-705x546.jpg' title='lx850-mount-closeup_5' alt='' \/><\/span><\/a><div class='avia-gallery-thumb'> <a href='https:\/\/www.meade.com.mx\/wp-content\/uploads\/2016\/04\/lx850-mount-closeup_51-1030x798.jpg' data-rel='gallery-1' data-prev-img='https:\/\/www.meade.com.mx\/wp-content\/uploads\/2016\/04\/lx850-mount-closeup_51-705x546.jpg' class='first_thumb lightbox ' data-onclick='1' title=''  itemprop=\"thumbnailUrl\" ><img  src='https:\/\/www.meade.com.mx\/wp-content\/uploads\/2016\/04\/lx850-mount-closeup_51-180x180.jpg' width='180' height='180'  title='lx850-mount-closeup_5' alt='' \/><\/a> <a href='https:\/\/www.meade.com.mx\/wp-content\/uploads\/2016\/04\/lx850_mount_clipped2-753x1030.png' data-rel='gallery-1' data-prev-img='https:\/\/www.meade.com.mx\/wp-content\/uploads\/2016\/04\/lx850_mount_clipped2-516x705.png' class='lightbox ' data-onclick='2' title=''  itemprop=\"thumbnailUrl\" ><img  src='https:\/\/www.meade.com.mx\/wp-content\/uploads\/2016\/04\/lx850_mount_clipped2-180x180.png' width='180' height='180'  title='lx850_mount_clipped' alt='' \/><\/a> <a href='https:\/\/www.meade.com.mx\/wp-content\/uploads\/2016\/04\/lx850-controlpanel_51-1030x723.jpg' data-rel='gallery-1' data-prev-img='https:\/\/www.meade.com.mx\/wp-content\/uploads\/2016\/04\/lx850-controlpanel_51-705x495.jpg' class='lightbox ' data-onclick='3' title=''  itemprop=\"thumbnailUrl\" ><img  src='https:\/\/www.meade.com.mx\/wp-content\/uploads\/2016\/04\/lx850-controlpanel_51-180x180.jpg' width='180' height='180'  title='lx850-controlpanel_5' alt='' \/><\/a> <a href='https:\/\/www.meade.com.mx\/wp-content\/uploads\/2016\/04\/lx850-internal-cabling-dec_51-1030x1030.jpg' data-rel='gallery-1' data-prev-img='https:\/\/www.meade.com.mx\/wp-content\/uploads\/2016\/04\/lx850-internal-cabling-dec_51-705x705.jpg' class='lightbox ' data-onclick='4' title=''  itemprop=\"thumbnailUrl\" ><img  src='https:\/\/www.meade.com.mx\/wp-content\/uploads\/2016\/04\/lx850-internal-cabling-dec_51-180x180.jpg' width='180' height='180'  title='lx850-internal-cabling-dec_5' alt='' \/><\/a> <a href='https:\/\/www.meade.com.mx\/wp-content\/uploads\/2016\/04\/fb_starlock1.jpg' data-rel='gallery-1' data-prev-img='https:\/\/www.meade.com.mx\/wp-content\/uploads\/2016\/04\/fb_starlock1-705x591.jpg' class='lightbox ' data-onclick='5' title=''  itemprop=\"thumbnailUrl\" ><img  src='https:\/\/www.meade.com.mx\/wp-content\/uploads\/2016\/04\/fb_starlock1-180x180.jpg' width='180' height='180'  title='fb_starlock' alt='' \/><\/a> <a href='https:\/\/www.meade.com.mx\/wp-content\/uploads\/2016\/04\/lx850-internal-cabling-front_51-1030x1030.jpg' data-rel='gallery-1' data-prev-img='https:\/\/www.meade.com.mx\/wp-content\/uploads\/2016\/04\/lx850-internal-cabling-front_51-705x705.jpg' class='first_thumb lightbox ' data-onclick='6' title=''  itemprop=\"thumbnailUrl\" ><img  src='https:\/\/www.meade.com.mx\/wp-content\/uploads\/2016\/04\/lx850-internal-cabling-front_51-180x180.jpg' width='180' height='180'  title='lx850-internal-cabling-front_5' alt='' \/><\/a><\/div><\/div><\/div>\n<div class=\"flex_column av_one_half  flex_column_div av-zero-column-padding   \" style='border-radius:0px; '><p><div style='padding-bottom:10px;' class='av-special-heading av-special-heading-h2  blockquote modern-quote   '><h2 class='av-special-heading-tag '  itemprop=\"headline\"  >Montura Ecuatorial Alemana LX850 c\/StarLock (sin Tripi\u00e9)<\/h2><div class='special-heading-border'><div class='special-heading-inner-border' ><\/div><\/div><\/div><br \/>\n<div style=' margin-top:30; margin-bottom:30px;'  class='hr hr-custom hr-center hr-icon-no  '><span class='hr-inner   inner-border-av-border-thin' style=' width:100%; border-color:#cecece;' ><span class='hr-inner-style'><\/span><\/span><\/div><br \/>\n<section class=\"av_textblock_section \"  itemscope=\"itemscope\" itemtype=\"https:\/\/schema.org\/CreativeWork\" ><div class='avia_textblock  av_inherit_color '  style='font-size:17px; color:#3076b3; '  itemprop=\"text\" ><div class=\"std\">\n<div class=\"std\">\n<ul>\n<ul>\n<li>Montura Ecutorial Alemana con capacidad de 41kg de instrumetos<\/li>\n<\/ul>\n<\/ul>\n<ul>\n<ul>\n<li>Autoguiador StarLock en tiempo real con doble detector<\/li>\n<\/ul>\n<\/ul>\n<ul>\n<ul>\n<li>Precisi\u00f3n de localizaci\u00f3n de hasta un minuto de arco<\/li>\n<\/ul>\n<\/ul>\n<ul>\n<ul>\n<li>Construido con acero inoxidable maquinado y aluminio de grado aeron\u00e1utico<\/li>\n<\/ul>\n<\/ul>\n<\/div>\n<div class=\"std\"><\/div>\n<\/div>\n<\/div><\/section><\/p><\/div>\n<div style=' margin-top:30; margin-bottom:30px;'  class='hr hr-custom hr-center hr-icon-no  '><span class='hr-inner   inner-border-av-border-thin' style=' width:100%; border-color:#cecece;' ><span class='hr-inner-style'><\/span><\/span><\/div>\n<div class=\"tabcontainer   top_tab  \">\n\n<section class=\"av_tab_section\"  itemscope=\"itemscope\" itemtype=\"https:\/\/schema.org\/CreativeWork\" >    <div data-fake-id=\"#tab-id-1\" class=\"tab active_tab\"  itemprop=\"headline\" ><span class='tab_icon' aria-hidden='true' data-av_icon='\ue84e' data-av_iconfont='entypo-fontello'><\/span>Descripci\u00f3n del Producto<\/div>\n    <div id=\"tab-id-1-container\" class=\"tab_content active_tab_content\">\n        <div class=\"tab_inner_content invers-color\"  itemprop=\"text\" >\n<div class=\"std\">\n<p>La motura LX850 est\u00e1 construida de acero inoxidable maquidado y aluminio de grado aeron\u00e1utico, es una plataforma s\u00f3lida para las aplicaciones m\u00e1s demandantes, con una capacidad de carga de hasta 41kg y una precisi\u00f3n de localizaci\u00f3n de hasta un minuto de arco. Incluye baleros de rodamiento en ambos ejes, barra de acero ioxidable de 1.75&#8243; en AR, engranes primarios de 5.8&#8243;, controles mauales de ajuste fino en ambos ejes, puerto de salida para ret\u00edcula iluminada, cable USB de la montura a PC y software AutoStar. El cuerpo principal de la montura pesa 25kg.<\/p>\n<p>Incluye el sistema StarLock &#8211; una revolucionaria y nueva tecnolog\u00eda que hace la localizaci\u00f3n de los objetivos en su detector y guiar con precisi\u00f3n durante exposiciones completamente autom\u00e1ticas.\u00a0 Con la tecnolog\u00eda LightSwitch exclusiva de Meade como su n\u00facleo, el StarLock utiliza una \u00f3ptica 80mm f\/5 y un sistema con dos detectores que permiten una alineaci\u00f3n polar asistida utilizando el m\u00e9todo de deriva.\u00a0 Una vez alineado el StarLock gu\u00eda la montura en tiempo real, e incluso programa autom\u00e1ticamente la correcci\u00f3n peri\u00f3dica de error, logrando una precisi\u00f3n de guiado de hasta 1 segundo de arco con un buen cielo (seeing) y con la capacidad de guiar con estrellas tan tenues como magnitud 11.<\/p>\n<\/div>\n<div class=\"std\">\n<div class=\"std\">La montura LX850 incluye servo motores CD en cada eje con una velocidad m\u00e1xima de 3 grados\/segundo, permitiendo un desplazamiento de 180 grados en un minuto exacto. Finas velocidades de desplazamiento y guiado para fotograf\u00eda pueden ajustarse desde 0.01x hasta 1x sideral, con velocidades m\u00e1s r\u00e1pidas de 2x, 8x, 16x, \u00f3 1\/4, 1\/2, 1 \u00f3 3 grados\/segundo. La montura y toda la electr\u00f3nica se alimentan con el adaptador de corriente universal (12V) de Meade (incluido). Tambi\u00e9n puede utilizarse una fuente externa DC; existe el cable el\u00e9ctrico 607 de Meade para compra por separado. La montura incluye candados mec\u00e1nicos y controles de movimiento lento mauales en ambos ejes por si, por alguna raz\u00f3n, se encuentra sin corriente. Incluye un conteapeso de 12kg, puede comprar contrapesos adicionales.\u00a0 La imagen muestra la montura LX800, siendo la LX850 es muy similar.El producto incluye una limitada garant\u00eda de un a\u00f1o de la f\u00e1brica Meade.<\/p>\n<\/div>\n<\/div>\n\n        <\/div>\n    <\/div>\n<\/section>\n\n<section class=\"av_tab_section\"  itemscope=\"itemscope\" itemtype=\"https:\/\/schema.org\/CreativeWork\" >    <div data-fake-id=\"#tab-id-2\" class=\"tab \"  itemprop=\"headline\" ><span class='tab_icon' aria-hidden='true' data-av_icon='\ue856' data-av_iconfont='entypo-fontello'><\/span>Especificaciones T\u00e9cnicas<\/div>\n    <div id=\"tab-id-2-container\" class=\"tab_content \">\n        <div class=\"tab_inner_content invers-color\"  itemprop=\"text\" >\n<table id=\"product-attribute-specs-table\" class=\"data-table\">\n<tbody>\n<tr class=\"first odd\">\n<th class=\"label\">Tipo de Montura<\/th>\n<td class=\"data last\">Ecuatorial Alemana<\/td>\n<\/tr>\n<tr class=\"even\">\n<th class=\"label\">Control de Mano<\/th>\n<td class=\"data last\">AutoStar\u00ae II<\/td>\n<\/tr>\n<tr class=\"odd\">\n<th class=\"label\">Base de Datos<\/th>\n<td class=\"data last\">145,000 objetos<\/td>\n<\/tr>\n<tr class=\"even\">\n<th class=\"label\">Precisi\u00f3n de Localizaci\u00f3n (en modo de Alta-Precisi\u00f3n)<\/th>\n<td class=\"data last\">1 minuto de arco (+\/-)<\/td>\n<\/tr>\n<tr class=\"odd\">\n<th class=\"label\">Correcci\u00f3n Peri\u00f3dica de Error<\/th>\n<td class=\"data last\">Ambos Ejes<\/td>\n<\/tr>\n<tr class=\"even\">\n<th class=\"label\">Correcci\u00f3n Peri\u00f3dica de Error Permanente (PPEC)<\/th>\n<td class=\"data last\">Si<\/td>\n<\/tr>\n<tr class=\"odd\">\n<th class=\"label\">StarLock\u2122<\/th>\n<td class=\"data last\">Si<\/td>\n<\/tr>\n<tr class=\"even\">\n<th class=\"label\">Desempe\u00f1o T\u00edpico de Guiado con el StarLock<\/th>\n<td class=\"data last\">&lt; 1 arc-second<\/td>\n<\/tr>\n<tr class=\"odd\">\n<th class=\"label\">Controles de Movimiento Lento<\/th>\n<td class=\"data last\">Electr\u00f3nico<\/td>\n<\/tr>\n<tr class=\"even\">\n<th class=\"label\">Velocidades de Desplazamiento<\/th>\n<td class=\"data last\">AR y Dec: 1x, 2x, 8x, 16x, 64x sideral y 0.25\u00b0\/s, 0.5\u00b0\/s, 1\u00b0\/s, y 3\u00b0\/s (max)<\/td>\n<\/tr>\n<tr class=\"odd\">\n<th class=\"label\">Tasas de Rastreo<\/th>\n<td class=\"data last\">Sideral, Lunar, o seleccionada por el usuario de 2000 tasas incrementales<\/td>\n<\/tr>\n<tr class=\"even\">\n<th class=\"label\">Panel de Control<\/th>\n<td class=\"data last\">Entrada 12Vcc (DC), Salida 12 Vcc (DC), Puertos para Enfocador, Ret\u00edcula, Puerto HBX para control de mano, RS232 para PC, StarLock, y Puerto de aguiado Auxiliar<\/td>\n<\/tr>\n<tr class=\"odd\">\n<th class=\"label\">Capacidad Total de Carga de la Montura<\/th>\n<td class=\"data last\">41kg<\/td>\n<\/tr>\n<tr class=\"even\">\n<th class=\"label\">Tripi\u00e9<\/th>\n<td class=\"data last\">No lo incluye<\/td>\n<\/tr>\n<tr class=\"odd\">\n<th class=\"label\">Corriente<\/th>\n<td class=\"data last\">12Vcc (DC), 5 A, con el Adaptador Universal de Corriente Meade<\/td>\n<\/tr>\n<tr class=\"even\">\n<th class=\"label\">Receptor GPS<\/th>\n<td class=\"data last\">Si<\/td>\n<\/tr>\n<tr class=\"odd\">\n<th class=\"label\">Chip de Tiempo<\/th>\n<td class=\"data last\">Si<\/td>\n<\/tr>\n<tr class=\"even\">\n<th class=\"label\">Smart Mount\u2122<\/th>\n<td class=\"data last\">Si<\/td>\n<\/tr>\n<tr class=\"odd\">\n<th class=\"label\">Smart Drive\u2122<\/th>\n<td class=\"data last\">Si<\/td>\n<\/tr>\n<tr class=\"last even\">\n<th class=\"label\">Cojinentes supresores de vibraci\u00f3n<\/th>\n<td class=\"data last\">Incluidos<\/td>\n<\/tr>\n<\/tbody>\n<\/table>\n\n        <\/div>\n    <\/div>\n<\/section>\n\n<\/div>\n\n","protected":false},"excerpt":{"rendered":"","protected":false},"author":7,"featured_media":0,"parent":0,"menu_order":0,"comment_status":"closed","ping_status":"closed","template":"","meta":{"footnotes":""},"class_list":["post-4490","page","type-page","status-publish","hentry"],"_links":{"self":[{"href":"https:\/\/www.meade.com.mx\/index.php\/wp-json\/wp\/v2\/pages\/4490","targetHints":{"allow":["GET"]}}],"collection":[{"href":"https:\/\/www.meade.com.mx\/index.php\/wp-json\/wp\/v2\/pages"}],"about":[{"href":"https:\/\/www.meade.com.mx\/index.php\/wp-json\/wp\/v2\/types\/page"}],"author":[{"embeddable":true,"href":"https:\/\/www.meade.com.mx\/index.php\/wp-json\/wp\/v2\/users\/7"}],"replies":[{"embeddable":true,"href":"https:\/\/www.meade.com.mx\/index.php\/wp-json\/wp\/v2\/comments?post=4490"}],"version-history":[{"count":13,"href":"https:\/\/www.meade.com.mx\/index.php\/wp-json\/wp\/v2\/pages\/4490\/revisions"}],"predecessor-version":[{"id":7010,"href":"https:\/\/www.meade.com.mx\/index.php\/wp-json\/wp\/v2\/pages\/4490\/revisions\/7010"}],"wp:attachment":[{"href":"https:\/\/www.meade.com.mx\/index.php\/wp-json\/wp\/v2\/media?parent=4490"}],"curies":[{"name":"wp","href":"https:\/\/api.w.org\/{rel}","templated":true}]}}