{"id":4494,"date":"2016-04-30T04:52:16","date_gmt":"2016-04-30T04:52:16","guid":{"rendered":"http:\/\/www.meade.com.mx\/?page_id=4494"},"modified":"2016-06-19T15:15:32","modified_gmt":"2016-06-19T15:15:32","slug":"lx850-afc-10-f8","status":"publish","type":"page","link":"https:\/\/www.meade.com.mx\/index.php\/lx850-afc-10-f8\/","title":{"rendered":"LX850-AFC 10&#8221; f\/8"},"content":{"rendered":"<div class=\"flex_column av_one_half  flex_column_div av-zero-column-padding first  \" style='border-radius:0px; '><div class='avia-gallery  avia-gallery-1 avia_lazyload avia_animate_when_visible '  itemscope=\"itemscope\" itemtype=\"https:\/\/schema.org\/ImageObject\" ><a class='avia-gallery-big fakeLightbox lightbox avia-gallery-big-crop-thumb ' href='https:\/\/www.meade.com.mx\/wp-content\/uploads\/2016\/04\/lx850-radius-blocks_1_12-1030x1030.jpg'  data-onclick='1' title='' ><span class='avia-gallery-big-inner'  itemprop=\"thumbnailUrl\" >\t<img width='705' height='705' src='https:\/\/www.meade.com.mx\/wp-content\/uploads\/2016\/04\/lx850-radius-blocks_1_12-705x705.jpg' title='lx850-radius-blocks_1_1' alt='' \/><\/span><\/a><div class='avia-gallery-thumb'> <a href='https:\/\/www.meade.com.mx\/wp-content\/uploads\/2016\/04\/lx850-radius-blocks_1_12-1030x1030.jpg' data-rel='gallery-1' data-prev-img='https:\/\/www.meade.com.mx\/wp-content\/uploads\/2016\/04\/lx850-radius-blocks_1_12-705x705.jpg' class='first_thumb lightbox ' data-onclick='1' title=''  itemprop=\"thumbnailUrl\" ><img  src='https:\/\/www.meade.com.mx\/wp-content\/uploads\/2016\/04\/lx850-radius-blocks_1_12-180x180.jpg' width='180' height='180'  title='lx850-radius-blocks_1_1' alt='' \/><\/a> <a href='https:\/\/www.meade.com.mx\/wp-content\/uploads\/2016\/04\/lx850-high-angle_15-686x1030.jpg' data-rel='gallery-1' data-prev-img='https:\/\/www.meade.com.mx\/wp-content\/uploads\/2016\/04\/lx850-high-angle_15-470x705.jpg' class='lightbox ' data-onclick='2' title=''  itemprop=\"thumbnailUrl\" ><img  src='https:\/\/www.meade.com.mx\/wp-content\/uploads\/2016\/04\/lx850-high-angle_15-180x180.jpg' width='180' height='180'  title='lx850-high-angle_1' alt='' \/><\/a> <a href='https:\/\/www.meade.com.mx\/wp-content\/uploads\/2016\/04\/lx850-mount-closeup_32-1030x798.jpg' data-rel='gallery-1' data-prev-img='https:\/\/www.meade.com.mx\/wp-content\/uploads\/2016\/04\/lx850-mount-closeup_32-705x546.jpg' class='lightbox ' data-onclick='3' title=''  itemprop=\"thumbnailUrl\" ><img  src='https:\/\/www.meade.com.mx\/wp-content\/uploads\/2016\/04\/lx850-mount-closeup_32-180x180.jpg' width='180' height='180'  title='lx850-mount-closeup_3' alt='' \/><\/a> <a href='https:\/\/www.meade.com.mx\/wp-content\/uploads\/2016\/04\/lx850-optics_1_12-1030x833.jpg' data-rel='gallery-1' data-prev-img='https:\/\/www.meade.com.mx\/wp-content\/uploads\/2016\/04\/lx850-optics_1_12-705x570.jpg' class='lightbox ' data-onclick='4' title=''  itemprop=\"thumbnailUrl\" ><img  src='https:\/\/www.meade.com.mx\/wp-content\/uploads\/2016\/04\/lx850-optics_1_12-180x180.jpg' width='180' height='180'  title='lx850-optics_1_1' alt='' \/><\/a> <a href='https:\/\/www.meade.com.mx\/wp-content\/uploads\/2016\/04\/lx850-internal-cabling-dec_32-1030x1030.jpg' data-rel='gallery-1' data-prev-img='https:\/\/www.meade.com.mx\/wp-content\/uploads\/2016\/04\/lx850-internal-cabling-dec_32-705x705.jpg' class='lightbox ' data-onclick='5' title=''  itemprop=\"thumbnailUrl\" ><img  src='https:\/\/www.meade.com.mx\/wp-content\/uploads\/2016\/04\/lx850-internal-cabling-dec_32-180x180.jpg' width='180' height='180'  title='lx850-internal-cabling-dec_3' alt='' \/><\/a> <a href='https:\/\/www.meade.com.mx\/wp-content\/uploads\/2016\/04\/lx850-controlpanel_33-1030x723.jpg' data-rel='gallery-1' data-prev-img='https:\/\/www.meade.com.mx\/wp-content\/uploads\/2016\/04\/lx850-controlpanel_33-705x495.jpg' class='first_thumb lightbox ' data-onclick='6' title=''  itemprop=\"thumbnailUrl\" ><img  src='https:\/\/www.meade.com.mx\/wp-content\/uploads\/2016\/04\/lx850-controlpanel_33-180x180.jpg' width='180' height='180'  title='lx850-controlpanel_3' alt='' \/><\/a> <a href='https:\/\/www.meade.com.mx\/wp-content\/uploads\/2016\/04\/lx850-internal-cabling-front_32-1030x1030.jpg' data-rel='gallery-1' data-prev-img='https:\/\/www.meade.com.mx\/wp-content\/uploads\/2016\/04\/lx850-internal-cabling-front_32-705x705.jpg' class='lightbox ' data-onclick='7' title=''  itemprop=\"thumbnailUrl\" ><img  src='https:\/\/www.meade.com.mx\/wp-content\/uploads\/2016\/04\/lx850-internal-cabling-front_32-180x180.jpg' width='180' height='180'  title='lx850-internal-cabling-front_3' alt='' \/><\/a> <a href='https:\/\/www.meade.com.mx\/wp-content\/uploads\/2016\/04\/lx850-top-rail_1_12-1030x1030.jpg' data-rel='gallery-1' data-prev-img='https:\/\/www.meade.com.mx\/wp-content\/uploads\/2016\/04\/lx850-top-rail_1_12-705x705.jpg' class='lightbox ' data-onclick='8' title=''  itemprop=\"thumbnailUrl\" ><img  src='https:\/\/www.meade.com.mx\/wp-content\/uploads\/2016\/04\/lx850-top-rail_1_12-180x180.jpg' width='180' height='180'  title='lx850-top-rail_1_1' alt='' \/><\/a><\/div><\/div><\/div>\n<div class=\"flex_column av_one_half  flex_column_div av-zero-column-padding   \" style='border-radius:0px; '><p><div style='padding-bottom:10px;' class='av-special-heading av-special-heading-h2  blockquote modern-quote   '><h2 class='av-special-heading-tag '  itemprop=\"headline\"  >LX850-ACF 10&#8243; f\/8<\/h2><div class='special-heading-border'><div class='special-heading-inner-border' ><\/div><\/div><\/div><br \/>\n<div style=' margin-top:30; margin-bottom:30px;'  class='hr hr-custom hr-center hr-icon-no  '><span class='hr-inner   inner-border-av-border-thin' style=' width:100%; border-color:#cecece;' ><span class='hr-inner-style'><\/span><\/span><\/div><br \/>\n<section class=\"av_textblock_section \"  itemscope=\"itemscope\" itemtype=\"https:\/\/schema.org\/CreativeWork\" ><div class='avia_textblock  av_inherit_color '  style='font-size:17px; color:#3076b3; '  itemprop=\"text\" ><div class=\"std\">\n<div class=\"std\">\n<ul>\n<ul>\n<ul>\n<ul>\n<li>Tubo \u00f3ptico 10&#8243; f\/8 ACF (Libre de Coma Avanzado) &#8211; longitud focal de 2032mm<\/li>\n<\/ul>\n<\/ul>\n<\/ul>\n<\/ul>\n<ul>\n<ul>\n<ul>\n<ul>\n<li>Recubrimientos Opticos de Ultra Alta Transmisi\u00f3n Meade (UHTC)<\/li>\n<\/ul>\n<\/ul>\n<\/ul>\n<\/ul>\n<ul>\n<ul>\n<ul>\n<ul>\n<li>Enfocador tipo Crayford<\/li>\n<\/ul>\n<\/ul>\n<\/ul>\n<\/ul>\n<ul>\n<ul>\n<ul>\n<ul>\n<li>Montura con capacidad de carga de 41kg<\/li>\n<\/ul>\n<\/ul>\n<\/ul>\n<\/ul>\n<ul>\n<ul>\n<ul>\n<ul>\n<li>Guiador autom\u00e1tico StarLock<\/li>\n<\/ul>\n<\/ul>\n<\/ul>\n<\/ul>\n<ul>\n<ul>\n<ul>\n<ul>\n<li>Sistema GOTO AutoStar II<\/li>\n<\/ul>\n<\/ul>\n<\/ul>\n<\/ul>\n<ul>\n<ul>\n<ul>\n<ul>\n<li>Tripi\u00e9 de uso rudo<\/li>\n<\/ul>\n<\/ul>\n<\/ul>\n<\/ul>\n<ul>\n<ul>\n<ul>\n<ul>\n<li>Microenfocador electr\u00f3nico de corrimiento nulo<\/li>\n<\/ul>\n<\/ul>\n<\/ul>\n<\/ul>\n<\/div>\n<\/div>\n<\/div><\/section><\/p><\/div>\n<div style=' margin-top:30; margin-bottom:30px;'  class='hr hr-custom hr-center hr-icon-no  '><span class='hr-inner   inner-border-av-border-thin' style=' width:100%; border-color:#cecece;' ><span class='hr-inner-style'><\/span><\/span><\/div>\n<div class=\"tabcontainer   top_tab  \">\n\n<section class=\"av_tab_section\"  itemscope=\"itemscope\" itemtype=\"https:\/\/schema.org\/CreativeWork\" >    <div data-fake-id=\"#tab-id-1\" class=\"tab active_tab\"  itemprop=\"headline\" ><span class='tab_icon' aria-hidden='true' data-av_icon='\ue84e' data-av_iconfont='entypo-fontello'><\/span>Descripci\u00f3n del Producto<\/div>\n    <div id=\"tab-id-1-container\" class=\"tab_content active_tab_content\">\n        <div class=\"tab_inner_content invers-color\"  itemprop=\"text\" >\n<div class=\"std\">\n<div class=\"std\">\n<p>El Meade 10&#8243; LX850-ACF (f\/8) Avanzado Libre de Coma c\/UHTC #1008-85-01. Meade Instruments introduce con orgullo un nuevo est\u00e1ndar en desempe\u00f1o astrofotogr\u00e1fico y visual, el LX850.\u00a0 Incluye guiador integrado StarLock con doble detector, Apuntado de Ultra Alta Precisi\u00f3n y Alinaci\u00f3n por Deriva Asistida, transmisiones con engranes de 5.8&#8243; y 225 dientes de broce pulido con correcci\u00f3n peri\u00f3dica de error, cableado interno, receptor GPS, sistema AutoStar II GOTO con m\u00e1s de 144,000 objetos en su base de datos, tripi\u00e9 de altura ajustable con cojinetes supresores de vibraci\u00f3n, adaptador uiversal AC, Micro Enfocador de Corrimiento Nulo,\u00a0 cable USB de la montura a su PC y software AutoStar Suite.<\/p>\n<p>Incluye lo m\u00e1s fino de la l\u00ednea \u00f3ptica de Meade Avanzada Libre de Coma (ACF) que ofrece im\u00e1genes puntuales y libres de coma y el todo el campo visual que es muy deseable por los aficionados que buscan lo mejor, astropfot\u00f3grafos y astr\u00f3nomos profesionales. Este sistema patentado tambi\u00e9n reduce el astigmatismo y elimina los destellos de difracci\u00f3n presente en los dise\u00f1os Ritchey-Cretien cl\u00e1sico.<\/p>\n<p>Este 10&#8243; LX850 tiene \u00f3ptica de 10&#8243; de di\u00e1metro f\/8 ACF optics (LF de 2032mm) y recubrimientos \u00f3pticos de Ultra Alta Transmisi\u00f3n (UHTC) para un m\u00e1ximo brillo y contraste. El nuevo tubo \u00f3ptico incluye un enfocador intero tipo Crayford sin corrimiento con dos velocidades y un control de reducci\u00f3n 7:1.<\/p>\n<p>Incluye el sistema StarLock &#8211; una revolucionaria y nueva tecnolog\u00eda que hace la localizaci\u00f3n de los objetivos en su detector y guiar con precisi\u00f3n durante exposiciones completamente autom\u00e1ticas.\u00a0 Con la tecnolog\u00eda LightSwitch exclusiva de Meade como su n\u00facleo, el StarLock utiliza una \u00f3ptica 80mm f\/5 y un sistema con dos detectores que permiten una alineaci\u00f3n polar asistida utilizando el m\u00e9todo de deriva.\u00a0 Una vez alineado el StarLock gu\u00eda la montura en tiempo real, e incluso programa autom\u00e1ticamente la correcci\u00f3n peri\u00f3dica de error, logrando una precisi\u00f3n de guiado de hasta 1 segundo de arco con un buen cielo (seeing) y con la capacidad de guiar con estrellas tan tenues como magnitud 11.<\/p>\n<p>La montura LX850, construida con acero inoxidable maquinado y aluminio de grado aeron\u00e1utico es una plataforma s\u00f3lida para las aplicaciones m\u00e1s demandantes, con una capacidad de carga de 41kg y una preci\u00f3n de guiado de hasta un minuto de arco.\u00a0 Incluye rodamientos de balero en ambos ejes, un eje de AR de acero inoxidable de 1.75&#8243;, engranes maestros de 5.8&#8243;, ajuste manual fino en ambos ejes, puerto para ret\u00edcula iluminada.\u00a0 El cuerpo principal de la montura pesa 25kg.\u00a0 El tripi\u00e9 tiene una altura ajustable de 74 a 114cm incluye robustas patas de 3&#8243; de di\u00e1metro para ofrecerle un desempe\u00f1o estable y tiene un peso de 16.3kg.\u00a0 Incluye un contrapeso de 11.8kg de acero inoxidable (existen contrapesos para compra individual).\u00a0\u00a0 La imagen muestra la montura LX800, siendo la LX850 muy similar.<\/p>\n<p>El telescopio viene completamente equipado con un diagonal de prisma Meade Serie 5000 de 2&#8243; con reflectividad del 99%, ocular HD-60 de 25mm.\u00a0 Tambi\u00e9n incluye una zapata alterna para el montaje de un tubo \u00f3ptico adicional.<\/p>\n<p>El producto incluye una limitada garant\u00eda de un a\u00f1o de la f\u00e1brica Meade.<\/p>\n<\/div>\n<\/div>\n\n        <\/div>\n    <\/div>\n<\/section>\n\n<section class=\"av_tab_section\"  itemscope=\"itemscope\" itemtype=\"https:\/\/schema.org\/CreativeWork\" >    <div data-fake-id=\"#tab-id-2\" class=\"tab \"  itemprop=\"headline\" ><span class='tab_icon' aria-hidden='true' data-av_icon='\ue856' data-av_iconfont='entypo-fontello'><\/span>Especificaciones T\u00e9cnicas<\/div>\n    <div id=\"tab-id-2-container\" class=\"tab_content \">\n        <div class=\"tab_inner_content invers-color\"  itemprop=\"text\" >\n<table id=\"product-attribute-specs-table\" class=\"data-table\">\n<tbody>\n<tr class=\"first odd\">\n<th class=\"label\">Apertura<\/th>\n<td class=\"data last\">10&#8243;<\/td>\n<\/tr>\n<tr class=\"even\">\n<th class=\"label\">Dise\u00f1o Optico<\/th>\n<td class=\"data last\">Avanzado Libre de Coma (ACF)<\/td>\n<\/tr>\n<tr class=\"odd\">\n<th class=\"label\">Recubrimientos Opticos<\/th>\n<td class=\"data last\">UHTC\u2122<\/td>\n<\/tr>\n<tr class=\"even\">\n<th class=\"label\">Longitud Focal<\/th>\n<td class=\"data last\">2032mm<\/td>\n<\/tr>\n<tr class=\"odd\">\n<th class=\"label\">Relaci\u00f3n Focal<\/th>\n<td class=\"data last\">f\/8<\/td>\n<\/tr>\n<tr class=\"even\">\n<th class=\"label\">Poder de Resoluci\u00f3n (L\u00edmite de Dawes)<\/th>\n<td class=\"data last\">0.456 segundos de arco<\/td>\n<\/tr>\n<tr class=\"odd\">\n<th class=\"label\">Buscador<\/th>\n<td class=\"data last\">8x50mm con ret\u00edcula<\/td>\n<\/tr>\n<tr class=\"even\">\n<th class=\"label\">Ocular(es)<\/th>\n<td class=\"data last\">HD-60 25mm<\/td>\n<\/tr>\n<tr class=\"odd\">\n<th class=\"label\">Mecanismo de Enfoque<\/th>\n<td class=\"data last\">Enfocador intero tipo Crayford, de corrimiento nulo, doble velocidad 7:1<\/td>\n<\/tr>\n<tr class=\"even\">\n<th class=\"label\">Diagonal<\/th>\n<td class=\"data last\">Diel\u00e9ctrico Serie 5000\u2122 2&#8243;<\/td>\n<\/tr>\n<tr class=\"odd\">\n<th class=\"label\">Cola de Pato (Milano)<\/th>\n<td class=\"data last\">Tipo Losmandy\u00ae con bloques de radio ultra estables<\/td>\n<\/tr>\n<tr class=\"even\">\n<th class=\"label\">Tipo de Montura<\/th>\n<td class=\"data last\">Ecuatorial Alemana<\/td>\n<\/tr>\n<tr class=\"odd\">\n<th class=\"label\">Control de Mano<\/th>\n<td class=\"data last\">AutoStar\u00ae II<\/td>\n<\/tr>\n<tr class=\"even\">\n<th class=\"label\">Base de Datos<\/th>\n<td class=\"data last\">145,000 objetos<\/td>\n<\/tr>\n<tr class=\"odd\">\n<th class=\"label\">Precisi\u00f3n de Localizaci\u00f3n (en modo de Alta-Precisi\u00f3n)<\/th>\n<td class=\"data last\">1 minuto de arco (+\/-)<\/td>\n<\/tr>\n<tr class=\"even\">\n<th class=\"label\">Correcci\u00f3n Peri\u00f3dica de Error<\/th>\n<td class=\"data last\">En ambos ejes<\/td>\n<\/tr>\n<tr class=\"odd\">\n<th class=\"label\">Correcci\u00f3n Peri\u00f3dica de Error Permanente (PPEC)<\/th>\n<td class=\"data last\">Si<\/td>\n<\/tr>\n<tr class=\"even\">\n<th class=\"label\">StarLock\u2122<\/th>\n<td class=\"data last\">Si<\/td>\n<\/tr>\n<tr class=\"odd\">\n<th class=\"label\">Desempe\u00f1o T\u00edpico de Guiado con el StarLock<\/th>\n<td class=\"data last\">&lt; 1 segundo de arco<\/td>\n<\/tr>\n<tr class=\"even\">\n<th class=\"label\">Controles de Movimiento Lento<\/th>\n<td class=\"data last\">Electr\u00f3nicos<\/td>\n<\/tr>\n<tr class=\"odd\">\n<th class=\"label\">Velocidades<\/th>\n<td class=\"data last\">RA y Dec: 1x, 2x, 8x, 16x, 64x sideral y 0.25\u00b0\/s, 0.5\u00b0\/s, 1\u00b0\/s, y 3\u00b0\/s (max)<\/td>\n<\/tr>\n<tr class=\"even\">\n<th class=\"label\">Tasas de Rastreo<\/th>\n<td class=\"data last\">Sideral, Lunar, o a selecci\u00f3n del usuario de entre 2000 tasaas incrementables<\/td>\n<\/tr>\n<tr class=\"odd\">\n<th class=\"label\">Panel de Control<\/th>\n<td class=\"data last\">Entrada 12Vcc (DC), Salida 12 Vcc (DC), Puertos para Enfocador, Ret\u00edcula, Puerto HBX para control de mano, RS232 para PC, StarLock, y Puerto de Aguiado Auxiliar<\/td>\n<\/tr>\n<tr class=\"even\">\n<th class=\"label\">Capacidad Total de Carga de la Montura<\/th>\n<td class=\"data last\">41kg<\/td>\n<\/tr>\n<tr class=\"odd\">\n<th class=\"label\">Tripi\u00e9<\/th>\n<td class=\"data last\">Gigante de Campo LX850<\/td>\n<\/tr>\n<tr class=\"even\">\n<th class=\"label\">Corriente<\/th>\n<td class=\"data last\">12Vcc (DC), 5 A, con el Adaptador Universal de Corriente Meade<\/td>\n<\/tr>\n<tr class=\"odd\">\n<th class=\"label\">Receptor GPS<\/th>\n<td class=\"data last\">Si<\/td>\n<\/tr>\n<tr class=\"even\">\n<th class=\"label\">Chip de Tiempo<\/th>\n<td class=\"data last\">Si<\/td>\n<\/tr>\n<tr class=\"odd\">\n<th class=\"label\">Enfocador Electr\u00f3nico<\/th>\n<td class=\"data last\">Incluido<\/td>\n<\/tr>\n<tr class=\"even\">\n<th class=\"label\">Smart Mount\u2122<\/th>\n<td class=\"data last\">Si<\/td>\n<\/tr>\n<tr class=\"odd\">\n<th class=\"label\">Smart Drive\u2122<\/th>\n<td class=\"data last\">Si<\/td>\n<\/tr>\n<tr class=\"last even\">\n<th class=\"label\">Cojinentes supresores de vibraci\u00f3n<\/th>\n<td class=\"data last\">Incluido<\/td>\n<\/tr>\n<\/tbody>\n<\/table>\n\n        <\/div>\n    <\/div>\n<\/section>\n\n<\/div>\n\n","protected":false},"excerpt":{"rendered":"","protected":false},"author":7,"featured_media":0,"parent":0,"menu_order":0,"comment_status":"closed","ping_status":"closed","template":"","meta":{"footnotes":""},"class_list":["post-4494","page","type-page","status-publish","hentry"],"_links":{"self":[{"href":"https:\/\/www.meade.com.mx\/index.php\/wp-json\/wp\/v2\/pages\/4494","targetHints":{"allow":["GET"]}}],"collection":[{"href":"https:\/\/www.meade.com.mx\/index.php\/wp-json\/wp\/v2\/pages"}],"about":[{"href":"https:\/\/www.meade.com.mx\/index.php\/wp-json\/wp\/v2\/types\/page"}],"author":[{"embeddable":true,"href":"https:\/\/www.meade.com.mx\/index.php\/wp-json\/wp\/v2\/users\/7"}],"replies":[{"embeddable":true,"href":"https:\/\/www.meade.com.mx\/index.php\/wp-json\/wp\/v2\/comments?post=4494"}],"version-history":[{"count":13,"href":"https:\/\/www.meade.com.mx\/index.php\/wp-json\/wp\/v2\/pages\/4494\/revisions"}],"predecessor-version":[{"id":6999,"href":"https:\/\/www.meade.com.mx\/index.php\/wp-json\/wp\/v2\/pages\/4494\/revisions\/6999"}],"wp:attachment":[{"href":"https:\/\/www.meade.com.mx\/index.php\/wp-json\/wp\/v2\/media?parent=4494"}],"curies":[{"name":"wp","href":"https:\/\/api.w.org\/{rel}","templated":true}]}}