{"id":4502,"date":"2016-04-30T04:57:59","date_gmt":"2016-04-30T04:57:59","guid":{"rendered":"http:\/\/www.meade.com.mx\/?page_id=4502"},"modified":"2016-06-26T03:07:23","modified_gmt":"2016-06-26T03:07:23","slug":"lx600-acf-14-f8","status":"publish","type":"page","link":"https:\/\/www.meade.com.mx\/index.php\/lx600-acf-14-f8\/","title":{"rendered":"LX600-ACF 14&#8221; f\/8"},"content":{"rendered":"<div class=\"flex_column av_one_half  flex_column_div av-zero-column-padding first  \" style='border-radius:0px; '><div class='avia-gallery  avia-gallery-1 avia_lazyload avia_animate_when_visible '  itemscope=\"itemscope\" itemtype=\"https:\/\/schema.org\/ImageObject\" ><a class='avia-gallery-big fakeLightbox lightbox avia-gallery-big-crop-thumb ' href='https:\/\/www.meade.com.mx\/wp-content\/uploads\/2016\/04\/lx600-14-frontleft7.jpg'  data-onclick='1' title='' ><span class='avia-gallery-big-inner'  itemprop=\"thumbnailUrl\" >\t<img width='705' height='705' src='https:\/\/www.meade.com.mx\/wp-content\/uploads\/2016\/04\/lx600-14-frontleft7-705x705.jpg' title='lx600-14-frontleft' alt='' \/><\/span><\/a><div class='avia-gallery-thumb'> <a href='https:\/\/www.meade.com.mx\/wp-content\/uploads\/2016\/04\/lx600-14-frontleft7.jpg' data-rel='gallery-1' data-prev-img='https:\/\/www.meade.com.mx\/wp-content\/uploads\/2016\/04\/lx600-14-frontleft7-705x705.jpg' class='first_thumb lightbox ' data-onclick='1' title=''  itemprop=\"thumbnailUrl\" ><img  src='https:\/\/www.meade.com.mx\/wp-content\/uploads\/2016\/04\/lx600-14-frontleft7-180x180.jpg' width='180' height='180'  title='lx600-14-frontleft' alt='' \/><\/a> <a href='https:\/\/www.meade.com.mx\/wp-content\/uploads\/2016\/04\/lx600-starlock_23.jpg' data-rel='gallery-1' data-prev-img='https:\/\/www.meade.com.mx\/wp-content\/uploads\/2016\/04\/lx600-starlock_23-705x705.jpg' class='lightbox ' data-onclick='2' title=''  itemprop=\"thumbnailUrl\" ><img  src='https:\/\/www.meade.com.mx\/wp-content\/uploads\/2016\/04\/lx600-starlock_23-180x180.jpg' width='180' height='180'  title='lx600-starlock_2' alt='' \/><\/a> <a href='https:\/\/www.meade.com.mx\/wp-content\/uploads\/2016\/04\/fork-ota-seperate_53.jpg' data-rel='gallery-1' data-prev-img='https:\/\/www.meade.com.mx\/wp-content\/uploads\/2016\/04\/fork-ota-seperate_53-705x496.jpg' class='lightbox ' data-onclick='3' title=''  itemprop=\"thumbnailUrl\" ><img  src='https:\/\/www.meade.com.mx\/wp-content\/uploads\/2016\/04\/fork-ota-seperate_53-180x180.jpg' width='180' height='180'  title='fork-ota-seperate_5' alt='' \/><\/a><\/div><\/div><\/div>\n<div class=\"flex_column av_one_half  flex_column_div av-zero-column-padding   \" style='border-radius:0px; '><p><div style='padding-bottom:10px;' class='av-special-heading av-special-heading-h2  blockquote modern-quote   '><h2 class='av-special-heading-tag '  itemprop=\"headline\"  >LX600-ACF 14&#8243; f\/8 <\/h2><div class='special-heading-border'><div class='special-heading-inner-border' ><\/div><\/div><\/div><br \/>\n<div style=' margin-top:30; margin-bottom:30px;'  class='hr hr-custom hr-center hr-icon-no  '><span class='hr-inner   inner-border-av-border-thin' style=' width:100%; border-color:#cecece;' ><span class='hr-inner-style'><\/span><\/span><\/div><br \/>\n<section class=\"av_textblock_section \"  itemscope=\"itemscope\" itemtype=\"https:\/\/schema.org\/CreativeWork\" ><div class='avia_textblock  av_inherit_color '  style='font-size:17px; color:#3076b3; '  itemprop=\"text\" ><div class=\"std\">\n<div class=\"std\">\n<ul>\n<li>Optica de 14&#8243; f\/8 Avanzada Libre de Coma (ACF) con 2845mm de longitud focal<\/li>\n<\/ul>\n<ul>\n<li>Recubrimientos Opticos de Ultra Alta Transmisi\u00f3n (Ultra-High Transmission Coatings (UHTC))<\/li>\n<\/ul>\n<ul>\n<li>Enfocador tipo Crayford<\/li>\n<\/ul>\n<ul>\n<li>Guiador autom\u00e1tico StarLock<\/li>\n<\/ul>\n<ul>\n<li>Sistema GOTO AutoStar II<\/li>\n<\/ul>\n<ul>\n<li>Tripi\u00e9 de campo gigante de uso rudo<\/li>\n<\/ul>\n<\/div>\n<\/div>\n<\/div><\/section><\/p><\/div>\n<div style=' margin-top:30; margin-bottom:30px;'  class='hr hr-custom hr-center hr-icon-no  '><span class='hr-inner   inner-border-av-border-thin' style=' width:100%; border-color:#cecece;' ><span class='hr-inner-style'><\/span><\/span><\/div>\n<div class=\"tabcontainer   top_tab  \">\n\n<section class=\"av_tab_section\"  itemscope=\"itemscope\" itemtype=\"https:\/\/schema.org\/CreativeWork\" >    <div data-fake-id=\"#tab-id-1\" class=\"tab active_tab\"  itemprop=\"headline\" ><span class='tab_icon' aria-hidden='true' data-av_icon='\ue84e' data-av_iconfont='entypo-fontello'><\/span>Descripci\u00f3n del Producto<\/div>\n    <div id=\"tab-id-1-container\" class=\"tab_content active_tab_content\">\n        <div class=\"tab_inner_content invers-color\"  itemprop=\"text\" >\n<div class=\"std\">\n<div class=\"std\">\n<p>Meade Instruments se enrogullese al aunciar la \u00faltima adici\u00f3n a nuestra l\u00ednea de desarrollos de liderazgoindustrial, los LX600, listos para llevar la astronom\u00eda observacional y fotogr\u00e1fica a el siguiente nivel. El r\u00e1pido sistema \u00f3ptico f\/8 Avanzado Libre de Coma (ACF) produce campos m\u00e1s amplios y planos sin coma, dando como resultado estrellas puntuales hasta en las orillas de los detectores electr\u00f3nicos m\u00e1s grandes y oculares con campos extremadamente amplios. Incluyen el sistema StarLock para guiado en l\u00ednea con precisi\u00f3n de un segundo de arco y la tecnolog\u00eda LightSwitch de autoalineaci\u00f3n, enfocador tipo Crayford de dos velocidades con corrimiento nulo, sistema GOTO AutoStar II GOTO con m\u00e1s de 145,000 objetos en su base de datos y mucho m\u00e1s.<\/p>\n<p>Este 14 LX600 tiene \u00f3ptica de 14\u201d de di\u00e1metro f\/8 ACF (con longitud focal de 2845mm) y Recubrimientos Opticos de Ultra Alta Transmisi\u00f3n (UHTC) para im\u00e1genes con m\u00e1ximo brillo y contraste. Su sistema de montaje del espejo totalmente redise\u00f1ado logra eliminar el corrimiento e incluye un enfocador interno tipo Crayford de dos velocidades, con control de reducci\u00f3n 7:1 que permite un ajuste r\u00e1pido y sencillo.<\/p>\n<p>Incluye la revolucionaria nueva tecnolog\u00eda StarLock que hace de la localizaci\u00f3n y rastreo en su detector electr\u00f3nico, as\u00ed como del guiado durante su captura de im\u00e1genes, procesos completamente autom\u00e1ticos.<\/p>\n<p>El 14 LX600-ACF viene completamente equipado con el control de mano AutoStar II con una base de datos de 145,000 objetos, diagonal Meade 1.25&#8243;, ocular 26mm Super Plossl y buscador 8&#215;50 con zapata de desmonte r\u00e1pido.<\/p>\n<p>El panel frontal incluye los siguientes puertos: entrada 12V, salida 12V, ret\u00edcula iluminada, control de mano, RS-232, StarLock, Aux, y Enfocador.\u00a0 El Microenfocador Meade compatible est\u00e1 para compra opcional, pregunte por el modelo #07080.<\/p>\n<p>El producto incluye garant\u00eda limitada de un a\u00f1o directo de la f\u00e1brica Meade.<\/p>\n<\/div>\n<\/div>\n\n        <\/div>\n    <\/div>\n<\/section>\n\n<section class=\"av_tab_section\"  itemscope=\"itemscope\" itemtype=\"https:\/\/schema.org\/CreativeWork\" >    <div data-fake-id=\"#tab-id-2\" class=\"tab \"  itemprop=\"headline\" ><span class='tab_icon' aria-hidden='true' data-av_icon='\ue856' data-av_iconfont='entypo-fontello'><\/span>Especificaciones T\u00e9cnicas<\/div>\n    <div id=\"tab-id-2-container\" class=\"tab_content \">\n        <div class=\"tab_inner_content invers-color\"  itemprop=\"text\" >\n<table id=\"product-attribute-specs-table\" class=\"data-table\">\n<tbody>\n<tr class=\"first odd\">\n<th class=\"label\">Apertura<\/th>\n<td class=\"data last\">14&#8243;<\/td>\n<\/tr>\n<tr class=\"even\">\n<th class=\"label\">Dise\u00f1o Optico<\/th>\n<td class=\"data last\">Avanzado Libre de Coma (ACF)<\/td>\n<\/tr>\n<tr class=\"odd\">\n<th class=\"label\">Recubrimientos Opticos<\/th>\n<td class=\"data last\">UHTC\u2122<\/td>\n<\/tr>\n<tr class=\"even\">\n<th class=\"label\">Longitud Focal<\/th>\n<td class=\"data last\">2845mm<\/td>\n<\/tr>\n<tr class=\"odd\">\n<th class=\"label\">Relaci\u00f3n Focal<\/th>\n<td class=\"data last\">f\/8<\/td>\n<\/tr>\n<tr class=\"even\">\n<th class=\"label\">Resoluci\u00f3n (L\u00edmite de Dawes)<\/th>\n<td class=\"data last\">0.326 segundos de arco<\/td>\n<\/tr>\n<tr class=\"odd\">\n<th class=\"label\">Espejo Primario Mayor al Nominal<\/th>\n<td class=\"data last\">Si<\/td>\n<\/tr>\n<tr class=\"even\">\n<th class=\"label\">Buscador<\/th>\n<td class=\"data last\">8x50mm con ret\u00edcula en forma de cruz<\/td>\n<\/tr>\n<tr class=\"odd\">\n<th class=\"label\">Ocular<\/th>\n<td class=\"data last\">26mm Serie 4000\u2122 Super Pl\u00f6ssl (109x)<\/td>\n<\/tr>\n<tr class=\"even\">\n<th class=\"label\">Mecanismo de Enfoque<\/th>\n<td class=\"data last\">Enfocador interno tipo Crayford-style, de corrimiento nulo, doble velocidad 7:1<\/td>\n<\/tr>\n<tr class=\"odd\">\n<th class=\"label\">Diagonal<\/th>\n<td class=\"data last\">de prisma 1.25&#8243;<\/td>\n<\/tr>\n<tr class=\"even\">\n<th class=\"label\">Tipo de Montura<\/th>\n<td class=\"data last\">De uso rudo de yugo y doble brazo; desmontable<\/td>\n<\/tr>\n<tr class=\"odd\">\n<th class=\"label\">Controlador de Mano<\/th>\n<td class=\"data last\">AutoStar\u00ae II<\/td>\n<\/tr>\n<tr class=\"even\">\n<th class=\"label\">Base de Datos<\/th>\n<td class=\"data last\">145,000 objetos<\/td>\n<\/tr>\n<tr class=\"odd\">\n<th class=\"label\">Precisi\u00f3n (Modo de Alta Precisi\u00f3n)<\/th>\n<td class=\"data last\">1 minuto de arco (+\/-)<\/td>\n<\/tr>\n<tr class=\"even\">\n<th class=\"label\">Correcci\u00f3n Peri\u00f3dica de Error (PEC)<\/th>\n<td class=\"data last\">Ambos ejes<\/td>\n<\/tr>\n<tr class=\"odd\">\n<th class=\"label\">Correcci\u00f3n Permanente Peri\u00f3dica de Error (PPEC)<\/th>\n<td class=\"data last\">Si<\/td>\n<\/tr>\n<tr class=\"even\">\n<th class=\"label\">StarLock\u2122<\/th>\n<td class=\"data last\">Si<\/td>\n<\/tr>\n<tr class=\"odd\">\n<th class=\"label\">Desempe\u00f1o T\u00edpico de Guiado con el StarLock<\/th>\n<td class=\"data last\">&lt; 1 segundo de arco<\/td>\n<\/tr>\n<tr class=\"even\">\n<th class=\"label\">Controles de Movimiento Lento<\/th>\n<td class=\"data last\">Mec\u00e1anico y Electr\u00f3nico<\/td>\n<\/tr>\n<tr class=\"odd\">\n<th class=\"label\">Velocidades de Despazamiento<\/th>\n<td class=\"data last\">RA y Dec: 0.01x a 1.0x sideral, variable in incrementos centecimales; 2x, 8x, 16x, 64x, 128x sideral; 1\u00b0\/s a 2\u00b0\/s, variable en incrementos de 0.1\u00b0<\/td>\n<\/tr>\n<tr class=\"even\">\n<th class=\"label\">Tasas de Rastreo<\/th>\n<td class=\"data last\">Sideral, Lunar, o seleccioabele de entre 2000 tasas incrementales<\/td>\n<\/tr>\n<tr class=\"odd\">\n<th class=\"label\">Panel de Control<\/th>\n<td class=\"data last\">Entrada 12Vcd, salida 12Vcd, interruptor de encendido, salida para ret\u00edcula del enfocador, salida para ret\u00edcula, puerto para cotrol de mano, puerto RS-232, puerto StarLock, puerto auxiliar deguiado<\/td>\n<\/tr>\n<tr class=\"even\">\n<th class=\"label\">Tripi\u00e9<\/th>\n<td class=\"data last\">Giante de Campo<\/td>\n<\/tr>\n<tr class=\"odd\">\n<th class=\"label\">Adaptador de Corriente<\/th>\n<td class=\"data last\">(Opcional) 12Vcd, 5A Universal de Meade<\/td>\n<\/tr>\n<tr class=\"even\">\n<th class=\"label\">Bater\u00edas (no incluidas)<\/th>\n<td class=\"data last\">8 tama\u00f1o &#8220;C&#8221;<\/td>\n<\/tr>\n<tr class=\"odd\">\n<th class=\"label\">Receptor GPS<\/th>\n<td class=\"data last\">Si<\/td>\n<\/tr>\n<tr class=\"even\">\n<th class=\"label\">Chip de Tiempo<\/th>\n<td class=\"data last\">Si<\/td>\n<\/tr>\n<tr class=\"odd\">\n<th class=\"label\">Enfocador Electr\u00f3nico<\/th>\n<td class=\"data last\">Opcional<\/td>\n<\/tr>\n<tr class=\"even\">\n<th class=\"label\">Smart Mount\u2122<\/th>\n<td class=\"data last\">Si<\/td>\n<\/tr>\n<tr class=\"odd\">\n<th class=\"label\">Smart Drive\u2122<\/th>\n<td class=\"data last\">Si<\/td>\n<\/tr>\n<tr class=\"even\">\n<th class=\"label\">Cojinetes Anti-vibraci\u00f3n<\/th>\n<td class=\"data last\">Incluidos<\/td>\n<\/tr>\n<tr class=\"last odd\">\n<th class=\"label\">Cu\u00f1a Ecuatorial (Wedge)<\/th>\n<td class=\"data last\">Opcional<\/td>\n<\/tr>\n<\/tbody>\n<\/table>\n\n        <\/div>\n    <\/div>\n<\/section>\n\n<\/div>\n\n","protected":false},"excerpt":{"rendered":"","protected":false},"author":7,"featured_media":0,"parent":0,"menu_order":0,"comment_status":"closed","ping_status":"closed","template":"","meta":{"footnotes":""},"class_list":["post-4502","page","type-page","status-publish","hentry"],"_links":{"self":[{"href":"https:\/\/www.meade.com.mx\/index.php\/wp-json\/wp\/v2\/pages\/4502","targetHints":{"allow":["GET"]}}],"collection":[{"href":"https:\/\/www.meade.com.mx\/index.php\/wp-json\/wp\/v2\/pages"}],"about":[{"href":"https:\/\/www.meade.com.mx\/index.php\/wp-json\/wp\/v2\/types\/page"}],"author":[{"embeddable":true,"href":"https:\/\/www.meade.com.mx\/index.php\/wp-json\/wp\/v2\/users\/7"}],"replies":[{"embeddable":true,"href":"https:\/\/www.meade.com.mx\/index.php\/wp-json\/wp\/v2\/comments?post=4502"}],"version-history":[{"count":7,"href":"https:\/\/www.meade.com.mx\/index.php\/wp-json\/wp\/v2\/pages\/4502\/revisions"}],"predecessor-version":[{"id":7398,"href":"https:\/\/www.meade.com.mx\/index.php\/wp-json\/wp\/v2\/pages\/4502\/revisions\/7398"}],"wp:attachment":[{"href":"https:\/\/www.meade.com.mx\/index.php\/wp-json\/wp\/v2\/media?parent=4502"}],"curies":[{"name":"wp","href":"https:\/\/api.w.org\/{rel}","templated":true}]}}