{"id":5610,"date":"2016-05-31T21:16:26","date_gmt":"2016-05-31T21:16:26","guid":{"rendered":"http:\/\/www.meade.com.mx\/?page_id=5610"},"modified":"2016-07-30T16:01:09","modified_gmt":"2016-07-30T16:01:09","slug":"series-6000-apo-refractors","status":"publish","type":"page","link":"https:\/\/www.meade.com.mx\/index.php\/series-6000-apo-refractors\/","title":{"rendered":"Serie 6000 APO"},"content":{"rendered":"<div class=\"flex_column av_one_third  flex_column_div av-zero-column-padding first  \" style='border-radius:0px; '><p><div style='padding-bottom:10px;' class='av-special-heading av-special-heading-h2  blockquote modern-quote  '><h2 class='av-special-heading-tag '  itemprop=\"headline\"  >Refractores APO Serie 6000 <\/h2><div class='special-heading-border'><div class='special-heading-inner-border' ><\/div><\/div><\/div><br \/>\n<div style='height:20px' class='hr hr-invisible  '><span class='hr-inner ' ><span class='hr-inner-style'><\/span><\/span><\/div><br \/>\n<section class=\"av_textblock_section \"  itemscope=\"itemscope\" itemtype=\"https:\/\/schema.org\/CreativeWork\" ><div class='avia_textblock  '  style='font-size:14px; '  itemprop=\"text\" ><p>Si lo que busca es observaciones o capturar im\u00e1genes n\u00edtidas y de campo amplio, algunos pocos dise\u00f1os \u00f3pticos tienen ese desempe\u00f1o de un apocrom\u00e1tico de tres elementos \u00f3pticos.\u00a0 Los refractores Serie 6000 ED APO de Tripletes compiten cara a cara con mejores APO&#8217;s del mundo por una fracci\u00f3n de su costo.<\/p>\n<\/div><\/section><\/p><\/div>\n<div class=\"flex_column av_one_third  flex_column_div av-zero-column-padding   \" style='border-radius:0; '><p><article class=\"iconbox iconbox_top main_color    \"  itemscope=\"itemscope\" itemtype=\"https:\/\/schema.org\/CreativeWork\" ><div class=\"iconbox_content\"><header class=\"entry-content-header\"><a href='https:\/\/www.meade.com.mx\/index.php\/serie-6000-130mm-ed-triplete-apo\/' title='APO 130mm Triplete ED'  class=\"iconbox_icon heading-color \" aria-hidden='true' data-av_icon='\ue812' data-av_iconfont='entypo-fontello'  ><\/a><h3 class='iconbox_content_title '  itemprop=\"headline\"  ><a href='https:\/\/www.meade.com.mx\/index.php\/serie-6000-130mm-ed-triplete-apo\/' title='APO 130mm Triplete ED' >APO 130mm Triplete ED<\/a><\/h3><\/header><div class='iconbox_content_container  '  itemprop=\"text\"  ><p><a href=\"https:\/\/www.meade.com.mx\/wp-content\/uploads\/2016\/05\/s6000-130-apo.jpg\"><img loading=\"lazy\" decoding=\"async\" class=\"alignnone size-medium wp-image-5613\" src=\"https:\/\/www.meade.com.mx\/wp-content\/uploads\/2016\/05\/s6000-130-apo-300x300.jpg\" alt=\"s6000-130-apo\" width=\"300\" height=\"300\" srcset=\"https:\/\/www.meade.com.mx\/wp-content\/uploads\/2016\/05\/s6000-130-apo-300x300.jpg 300w, https:\/\/www.meade.com.mx\/wp-content\/uploads\/2016\/05\/s6000-130-apo-80x80.jpg 80w, https:\/\/www.meade.com.mx\/wp-content\/uploads\/2016\/05\/s6000-130-apo-36x36.jpg 36w, https:\/\/www.meade.com.mx\/wp-content\/uploads\/2016\/05\/s6000-130-apo-180x180.jpg 180w, https:\/\/www.meade.com.mx\/wp-content\/uploads\/2016\/05\/s6000-130-apo.jpg 430w, https:\/\/www.meade.com.mx\/wp-content\/uploads\/2016\/05\/s6000-130-apo-120x120.jpg 120w\" sizes=\"auto, (max-width: 300px) 100vw, 300px\" \/><\/a><\/p>\n<\/div><\/div><footer class=\"entry-footer\"><\/footer><\/article><br \/>\n<div style='height:20px' class='hr hr-invisible  '><span class='hr-inner ' ><span class='hr-inner-style'><\/span><\/span><\/div><br \/>\n<article class=\"iconbox iconbox_top main_color    \"  itemscope=\"itemscope\" itemtype=\"https:\/\/schema.org\/CreativeWork\" ><div class=\"iconbox_content\"><header class=\"entry-content-header\"><a href='https:\/\/www.meade.com.mx\/index.php\/serie-6000-80mm-ed-triplete-apo\/' title='APO 80mm Triplete ED'  class=\"iconbox_icon heading-color \" aria-hidden='true' data-av_icon='\ue812' data-av_iconfont='entypo-fontello'  ><\/a><h3 class='iconbox_content_title '  itemprop=\"headline\"  ><a href='https:\/\/www.meade.com.mx\/index.php\/serie-6000-80mm-ed-triplete-apo\/' title='APO 80mm Triplete ED' >APO 80mm Triplete ED<\/a><\/h3><\/header><div class='iconbox_content_container  '  itemprop=\"text\"  ><p><a href=\"https:\/\/www.meade.com.mx\/wp-content\/uploads\/2016\/05\/s6000-80-apo.jpg\"><img loading=\"lazy\" decoding=\"async\" class=\"alignnone size-medium wp-image-5611\" src=\"https:\/\/www.meade.com.mx\/wp-content\/uploads\/2016\/05\/s6000-80-apo-300x300.jpg\" alt=\"s6000-80-apo\" width=\"300\" height=\"300\" srcset=\"https:\/\/www.meade.com.mx\/wp-content\/uploads\/2016\/05\/s6000-80-apo-300x300.jpg 300w, https:\/\/www.meade.com.mx\/wp-content\/uploads\/2016\/05\/s6000-80-apo-80x80.jpg 80w, https:\/\/www.meade.com.mx\/wp-content\/uploads\/2016\/05\/s6000-80-apo-36x36.jpg 36w, https:\/\/www.meade.com.mx\/wp-content\/uploads\/2016\/05\/s6000-80-apo-180x180.jpg 180w, https:\/\/www.meade.com.mx\/wp-content\/uploads\/2016\/05\/s6000-80-apo.jpg 430w, https:\/\/www.meade.com.mx\/wp-content\/uploads\/2016\/05\/s6000-80-apo-120x120.jpg 120w\" sizes=\"auto, (max-width: 300px) 100vw, 300px\" \/><\/a><\/p>\n<\/div><\/div><footer class=\"entry-footer\"><\/footer><\/article><\/p><\/div><div class=\"flex_column av_one_third  flex_column_div av-zero-column-padding   \" style='border-radius:0; '><article class=\"iconbox iconbox_top main_color    \"  itemscope=\"itemscope\" itemtype=\"https:\/\/schema.org\/CreativeWork\" ><div class=\"iconbox_content\"><header class=\"entry-content-header\"><a href='https:\/\/www.meade.com.mx\/index.php\/serie-6000-115mm-ed-triplete-apo\/' title='APO 115mm Triplete ED'  class=\"iconbox_icon heading-color \" aria-hidden='true' data-av_icon='\ue812' data-av_iconfont='entypo-fontello'  ><\/a><h3 class='iconbox_content_title '  itemprop=\"headline\"  ><a href='https:\/\/www.meade.com.mx\/index.php\/serie-6000-115mm-ed-triplete-apo\/' title='APO 115mm Triplete ED' >APO 115mm Triplete ED<\/a><\/h3><\/header><div class='iconbox_content_container  '  itemprop=\"text\"  ><p><a href=\"https:\/\/www.meade.com.mx\/wp-content\/uploads\/2016\/05\/s6000-115-apo.jpg\"><img loading=\"lazy\" decoding=\"async\" class=\"alignnone size-medium wp-image-5612\" src=\"https:\/\/www.meade.com.mx\/wp-content\/uploads\/2016\/05\/s6000-115-apo-300x300.jpg\" alt=\"s6000-115-apo\" width=\"300\" height=\"300\" srcset=\"https:\/\/www.meade.com.mx\/wp-content\/uploads\/2016\/05\/s6000-115-apo-300x300.jpg 300w, https:\/\/www.meade.com.mx\/wp-content\/uploads\/2016\/05\/s6000-115-apo-80x80.jpg 80w, https:\/\/www.meade.com.mx\/wp-content\/uploads\/2016\/05\/s6000-115-apo-36x36.jpg 36w, https:\/\/www.meade.com.mx\/wp-content\/uploads\/2016\/05\/s6000-115-apo-180x180.jpg 180w, https:\/\/www.meade.com.mx\/wp-content\/uploads\/2016\/05\/s6000-115-apo.jpg 430w, https:\/\/www.meade.com.mx\/wp-content\/uploads\/2016\/05\/s6000-115-apo-120x120.jpg 120w\" sizes=\"auto, (max-width: 300px) 100vw, 300px\" \/><\/a><\/p>\n<\/div><\/div><footer class=\"entry-footer\"><\/footer><\/article><\/div><\/p>\n","protected":false},"excerpt":{"rendered":"","protected":false},"author":7,"featured_media":0,"parent":0,"menu_order":0,"comment_status":"closed","ping_status":"closed","template":"","meta":{"footnotes":""},"class_list":["post-5610","page","type-page","status-publish","hentry"],"_links":{"self":[{"href":"https:\/\/www.meade.com.mx\/index.php\/wp-json\/wp\/v2\/pages\/5610","targetHints":{"allow":["GET"]}}],"collection":[{"href":"https:\/\/www.meade.com.mx\/index.php\/wp-json\/wp\/v2\/pages"}],"about":[{"href":"https:\/\/www.meade.com.mx\/index.php\/wp-json\/wp\/v2\/types\/page"}],"author":[{"embeddable":true,"href":"https:\/\/www.meade.com.mx\/index.php\/wp-json\/wp\/v2\/users\/7"}],"replies":[{"embeddable":true,"href":"https:\/\/www.meade.com.mx\/index.php\/wp-json\/wp\/v2\/comments?post=5610"}],"version-history":[{"count":8,"href":"https:\/\/www.meade.com.mx\/index.php\/wp-json\/wp\/v2\/pages\/5610\/revisions"}],"predecessor-version":[{"id":7872,"href":"https:\/\/www.meade.com.mx\/index.php\/wp-json\/wp\/v2\/pages\/5610\/revisions\/7872"}],"wp:attachment":[{"href":"https:\/\/www.meade.com.mx\/index.php\/wp-json\/wp\/v2\/media?parent=5610"}],"curies":[{"name":"wp","href":"https:\/\/api.w.org\/{rel}","templated":true}]}}