{"id":5682,"date":"2016-06-01T04:59:13","date_gmt":"2016-06-01T04:59:13","guid":{"rendered":"http:\/\/www.meade.com.mx\/?page_id=5682"},"modified":"2016-06-29T16:58:14","modified_gmt":"2016-06-29T16:58:14","slug":"acf-f8-optical-tubes","status":"publish","type":"page","link":"https:\/\/www.meade.com.mx\/index.php\/acf-f8-optical-tubes\/","title":{"rendered":"Tubos Opticos ACF f\/8"},"content":{"rendered":"<div class=\"flex_column av_one_third  flex_column_div av-zero-column-padding first  \" style='border-radius:0px; '><p><div style='padding-bottom:10px;' class='av-special-heading av-special-heading-h2  blockquote modern-quote   '><h2 class='av-special-heading-tag '  itemprop=\"headline\"  >Tubos Opticos ACF f\/8<\/h2><div class='special-heading-border'><div class='special-heading-inner-border' ><\/div><\/div><\/div><br \/>\n<div style='height:20px' class='hr hr-invisible  '><span class='hr-inner ' ><span class='hr-inner-style'><\/span><\/span><\/div><br \/>\n<section class=\"av_textblock_section \"  itemscope=\"itemscope\" itemtype=\"https:\/\/schema.org\/CreativeWork\" ><div class='avia_textblock  '  style='font-size:14px; '  itemprop=\"text\" ><div class=\"avia_textblock avia_textblock_style\" data-update_with=\"content\">\n<p>Tubos \u00f3pticos catadri\u00f3pticos f\/8 a escoger en aperturas de 10&#8243;, 12&#8243;, 14&#8243; y 16&#8243;.<\/p>\n<p>Incluye:<\/p>\n<ul>\n<li>Optica f\/8 ACF libre de coma (de campo plano)<\/li>\n<li>Recubrimientos \u00f3pticos UHTC (Ultra Alta Trasmisi\u00f3n)<\/li>\n<li>Espejo primario de di\u00e1metro m\u00e1s grande que el nominal y fabricado de borosilicato de baja expansi\u00f3n<\/li>\n<li>Enfocador interno tipo Crayford de dos velocidades<\/li>\n<li>Barra cola de pato (milano) para montaje tipo Losmandy<\/li>\n<\/ul>\n<p>Si buscas Tubos Opticos f\/8 sigue esta liga: <a href=\"https:\/\/www.meade.com.mx\/index.php\/acf-f10-optical-tubes\/\">Tubos Opticos f\/10.<\/a><\/p>\n<\/div>\n<\/div><\/section><\/p><\/div>\n<div class=\"flex_column av_one_third  flex_column_div av-zero-column-padding   \" style='border-radius:0; '><p><article class=\"iconbox iconbox_top main_color    \"  itemscope=\"itemscope\" itemtype=\"https:\/\/schema.org\/CreativeWork\" ><div class=\"iconbox_content\"><header class=\"entry-content-header\"><div class=\"iconbox_icon heading-color \" aria-hidden='true' data-av_icon='\ue812' data-av_iconfont='entypo-fontello'  ><\/div><h3 class='iconbox_content_title '  itemprop=\"headline\"  >Tubo 10\" ACF f\/8 c\/ UHTC<\/h3><\/header><div class='iconbox_content_container  '  itemprop=\"text\"  ><p><a href=\"https:\/\/www.meade.com.mx\/index.php\/tubo-10-acf-f8-c-uhtc\/\"><img loading=\"lazy\" decoding=\"async\" class=\"alignnone size-medium wp-image-5683\" src=\"https:\/\/www.meade.com.mx\/wp-content\/uploads\/2016\/06\/f8_10_ota_1_copy-300x300.png\" alt=\"f8_10_ota_1_copy\" width=\"300\" height=\"300\" srcset=\"https:\/\/www.meade.com.mx\/wp-content\/uploads\/2016\/06\/f8_10_ota_1_copy-300x300.png 300w, https:\/\/www.meade.com.mx\/wp-content\/uploads\/2016\/06\/f8_10_ota_1_copy-80x80.png 80w, https:\/\/www.meade.com.mx\/wp-content\/uploads\/2016\/06\/f8_10_ota_1_copy-36x36.png 36w, https:\/\/www.meade.com.mx\/wp-content\/uploads\/2016\/06\/f8_10_ota_1_copy-180x180.png 180w, https:\/\/www.meade.com.mx\/wp-content\/uploads\/2016\/06\/f8_10_ota_1_copy.png 430w, https:\/\/www.meade.com.mx\/wp-content\/uploads\/2016\/06\/f8_10_ota_1_copy-120x120.png 120w\" sizes=\"auto, (max-width: 300px) 100vw, 300px\" \/><\/a><\/p>\n<\/div><\/div><footer class=\"entry-footer\"><\/footer><\/article><br \/>\n<div style='height:20px' class='hr hr-invisible  '><span class='hr-inner ' ><span class='hr-inner-style'><\/span><\/span><\/div><br \/>\n<article class=\"iconbox iconbox_top main_color    \"  itemscope=\"itemscope\" itemtype=\"https:\/\/schema.org\/CreativeWork\" ><div class=\"iconbox_content\"><header class=\"entry-content-header\"><div class=\"iconbox_icon heading-color \" aria-hidden='true' data-av_icon='\ue812' data-av_iconfont='entypo-fontello'  ><\/div><h3 class='iconbox_content_title '  itemprop=\"headline\"  >Tubo 14\" ACF f\/8 c\/ UHTC<\/h3><\/header><div class='iconbox_content_container  '  itemprop=\"text\"  ><p><a href=\"https:\/\/www.meade.com.mx\/index.php\/tubo-optico-14-acf-f8-c-uhtc\/\"><img loading=\"lazy\" decoding=\"async\" class=\"alignnone size-medium wp-image-5684\" src=\"https:\/\/www.meade.com.mx\/wp-content\/uploads\/2016\/06\/f8_14_ota-300x300.png\" alt=\"f8_14_ota\" width=\"300\" height=\"300\" srcset=\"https:\/\/www.meade.com.mx\/wp-content\/uploads\/2016\/06\/f8_14_ota-300x300.png 300w, https:\/\/www.meade.com.mx\/wp-content\/uploads\/2016\/06\/f8_14_ota-80x80.png 80w, https:\/\/www.meade.com.mx\/wp-content\/uploads\/2016\/06\/f8_14_ota-36x36.png 36w, https:\/\/www.meade.com.mx\/wp-content\/uploads\/2016\/06\/f8_14_ota-180x180.png 180w, https:\/\/www.meade.com.mx\/wp-content\/uploads\/2016\/06\/f8_14_ota.png 430w, https:\/\/www.meade.com.mx\/wp-content\/uploads\/2016\/06\/f8_14_ota-120x120.png 120w\" sizes=\"auto, (max-width: 300px) 100vw, 300px\" \/><\/a><\/p>\n<\/div><\/div><footer class=\"entry-footer\"><\/footer><\/article><br \/>\n<div style='height:20px' class='hr hr-invisible  '><span class='hr-inner ' ><span class='hr-inner-style'><\/span><\/span><\/div><\/p><\/div>\n<div class=\"flex_column av_one_third  flex_column_div av-zero-column-padding   \" style='border-radius:0; '><p><article class=\"iconbox iconbox_top main_color    \"  itemscope=\"itemscope\" itemtype=\"https:\/\/schema.org\/CreativeWork\" ><div class=\"iconbox_content\"><header class=\"entry-content-header\"><div class=\"iconbox_icon heading-color \" aria-hidden='true' data-av_icon='\ue812' data-av_iconfont='entypo-fontello'  ><\/div><h3 class='iconbox_content_title '  itemprop=\"headline\"  >Tubo 12\" ACF f\/8 c\/ UHTC<\/h3><\/header><div class='iconbox_content_container  '  itemprop=\"text\"  ><p><a href=\"https:\/\/www.meade.com.mx\/index.php\/tubo-12-acf-f8-c-uhtc\/\"><img loading=\"lazy\" decoding=\"async\" class=\"alignnone size-medium wp-image-5686\" src=\"https:\/\/www.meade.com.mx\/wp-content\/uploads\/2016\/06\/lx850-12inch_ota-300x300.jpg\" alt=\"lx850-12inch_ota\" width=\"300\" height=\"300\" srcset=\"https:\/\/www.meade.com.mx\/wp-content\/uploads\/2016\/06\/lx850-12inch_ota-300x300.jpg 300w, https:\/\/www.meade.com.mx\/wp-content\/uploads\/2016\/06\/lx850-12inch_ota-80x80.jpg 80w, https:\/\/www.meade.com.mx\/wp-content\/uploads\/2016\/06\/lx850-12inch_ota-36x36.jpg 36w, https:\/\/www.meade.com.mx\/wp-content\/uploads\/2016\/06\/lx850-12inch_ota-180x180.jpg 180w, https:\/\/www.meade.com.mx\/wp-content\/uploads\/2016\/06\/lx850-12inch_ota.jpg 430w, https:\/\/www.meade.com.mx\/wp-content\/uploads\/2016\/06\/lx850-12inch_ota-120x120.jpg 120w\" sizes=\"auto, (max-width: 300px) 100vw, 300px\" \/><\/a><\/p>\n<\/div><\/div><footer class=\"entry-footer\"><\/footer><\/article><br \/>\n<div style='height:20px' class='hr hr-invisible  '><span class='hr-inner ' ><span class='hr-inner-style'><\/span><\/span><\/div><br \/>\n<article class=\"iconbox iconbox_top main_color    \"  itemscope=\"itemscope\" itemtype=\"https:\/\/schema.org\/CreativeWork\" ><div class=\"iconbox_content\"><header class=\"entry-content-header\"><div class=\"iconbox_icon heading-color \" aria-hidden='true' data-av_icon='\ue812' data-av_iconfont='entypo-fontello'  ><\/div><h3 class='iconbox_content_title '  itemprop=\"headline\"  >Tubo 16\" ACF f\/8 c\/UHTC<\/h3><\/header><div class='iconbox_content_container  '  itemprop=\"text\"  ><p><a href=\"https:\/\/www.meade.com.mx\/index.php\/tubo-16-acf-f8-cuhtc\/\"><img loading=\"lazy\" decoding=\"async\" class=\"alignnone size-medium wp-image-5685\" src=\"https:\/\/www.meade.com.mx\/wp-content\/uploads\/2016\/06\/f8_16_ota_2-300x300.png\" alt=\"f8_16_ota_2\" width=\"300\" height=\"300\" srcset=\"https:\/\/www.meade.com.mx\/wp-content\/uploads\/2016\/06\/f8_16_ota_2-300x300.png 300w, https:\/\/www.meade.com.mx\/wp-content\/uploads\/2016\/06\/f8_16_ota_2-80x80.png 80w, https:\/\/www.meade.com.mx\/wp-content\/uploads\/2016\/06\/f8_16_ota_2-36x36.png 36w, https:\/\/www.meade.com.mx\/wp-content\/uploads\/2016\/06\/f8_16_ota_2-180x180.png 180w, https:\/\/www.meade.com.mx\/wp-content\/uploads\/2016\/06\/f8_16_ota_2.png 430w, https:\/\/www.meade.com.mx\/wp-content\/uploads\/2016\/06\/f8_16_ota_2-120x120.png 120w\" sizes=\"auto, (max-width: 300px) 100vw, 300px\" \/><\/a><\/p>\n<\/div><\/div><footer class=\"entry-footer\"><\/footer><\/article><br \/>\n<div style='height:20px' class='hr hr-invisible  '><span class='hr-inner ' ><span class='hr-inner-style'><\/span><\/span><\/div><\/p><\/div>\n","protected":false},"excerpt":{"rendered":"","protected":false},"author":7,"featured_media":0,"parent":0,"menu_order":0,"comment_status":"closed","ping_status":"closed","template":"","meta":{"footnotes":""},"class_list":["post-5682","page","type-page","status-publish","hentry"],"_links":{"self":[{"href":"https:\/\/www.meade.com.mx\/index.php\/wp-json\/wp\/v2\/pages\/5682","targetHints":{"allow":["GET"]}}],"collection":[{"href":"https:\/\/www.meade.com.mx\/index.php\/wp-json\/wp\/v2\/pages"}],"about":[{"href":"https:\/\/www.meade.com.mx\/index.php\/wp-json\/wp\/v2\/types\/page"}],"author":[{"embeddable":true,"href":"https:\/\/www.meade.com.mx\/index.php\/wp-json\/wp\/v2\/users\/7"}],"replies":[{"embeddable":true,"href":"https:\/\/www.meade.com.mx\/index.php\/wp-json\/wp\/v2\/comments?post=5682"}],"version-history":[{"count":9,"href":"https:\/\/www.meade.com.mx\/index.php\/wp-json\/wp\/v2\/pages\/5682\/revisions"}],"predecessor-version":[{"id":7731,"href":"https:\/\/www.meade.com.mx\/index.php\/wp-json\/wp\/v2\/pages\/5682\/revisions\/7731"}],"wp:attachment":[{"href":"https:\/\/www.meade.com.mx\/index.php\/wp-json\/wp\/v2\/media?parent=5682"}],"curies":[{"name":"wp","href":"https:\/\/api.w.org\/{rel}","templated":true}]}}