{"id":5698,"date":"2016-06-01T05:33:21","date_gmt":"2016-06-01T05:33:21","guid":{"rendered":"http:\/\/www.meade.com.mx\/?page_id=5698"},"modified":"2016-06-29T18:13:16","modified_gmt":"2016-06-29T18:13:16","slug":"acf-f10-optical-tubes","status":"publish","type":"page","link":"https:\/\/www.meade.com.mx\/index.php\/acf-f10-optical-tubes\/","title":{"rendered":"Tubos Opticos ACF f\/10"},"content":{"rendered":"<div class=\"flex_column av_one_third  flex_column_div av-zero-column-padding first  \" style='border-radius:0px; '><p><div style='padding-bottom:10px;' class='av-special-heading av-special-heading-h2  blockquote modern-quote   '><h2 class='av-special-heading-tag '  itemprop=\"headline\"  >Tubos Opticos ACF f\/10<\/h2><div class='special-heading-border'><div class='special-heading-inner-border' ><\/div><\/div><\/div><br \/>\n<div style='height:20px' class='hr hr-invisible  '><span class='hr-inner ' ><span class='hr-inner-style'><\/span><\/span><\/div><br \/>\n<section class=\"av_textblock_section \"  itemscope=\"itemscope\" itemtype=\"https:\/\/schema.org\/CreativeWork\" ><div class='avia_textblock  '  style='font-size:14px; '  itemprop=\"text\" ><p>Tubos \u00f3pticos catadri\u00f3pticos f\/10 a escoger en aperturas de 8&#8243;, 10&#8243;, 12&#8243;, 14&#8243; y 16&#8243;.<\/p>\n<p>Incluye:<\/p>\n<ul>\n<li>Optica ACF libre de coma (de campo plano)<\/li>\n<li>Recubrimientos \u00f3pticos UHTC (Ultra Alta Trasmisi\u00f3n)<\/li>\n<li>Espejo primario de di\u00e1metro m\u00e1s grande que el nominal y fabricado de borosilicato de baja expansi\u00f3n<\/li>\n<li>Candado para el espejo primario<\/li>\n<li>Barra cola de pato (milano) para montaje tipo Losmandy<\/li>\n<\/ul>\n<p>Si buscas Tubos Opticos f\/8 sigue esta liga: <a href=\"https:\/\/www.meade.com.mx\/index.php\/acf-f8-optical-tubes\/\">Tubos Opticos f\/8.<\/a><\/p>\n<\/div><\/section><\/p><\/div>\n<div class=\"flex_column av_one_third  flex_column_div av-zero-column-padding   \" style='border-radius:0; '><p><article class=\"iconbox iconbox_top main_color    \"  itemscope=\"itemscope\" itemtype=\"https:\/\/schema.org\/CreativeWork\" ><div class=\"iconbox_content\"><header class=\"entry-content-header\"><div class=\"iconbox_icon heading-color \" aria-hidden='true' data-av_icon='\ue812' data-av_iconfont='entypo-fontello'  ><\/div><h3 class='iconbox_content_title '  itemprop=\"headline\"  >Tubo 8\" LX200-ACF f\/10 c\/UHTC<\/h3><\/header><div class='iconbox_content_container  '  itemprop=\"text\"  ><p><a href=\"https:\/\/www.meade.com.mx\/index.php\/tubo-8-lx200-acf-f10-cuhtc\/\"><img loading=\"lazy\" decoding=\"async\" class=\"alignnone size-medium wp-image-5707\" src=\"https:\/\/www.meade.com.mx\/wp-content\/uploads\/2016\/06\/lx200_8in_ota_1_1-300x300.jpg\" alt=\"lx200_8in_ota_1_1\" width=\"300\" height=\"300\" srcset=\"https:\/\/www.meade.com.mx\/wp-content\/uploads\/2016\/06\/lx200_8in_ota_1_1-300x300.jpg 300w, https:\/\/www.meade.com.mx\/wp-content\/uploads\/2016\/06\/lx200_8in_ota_1_1-80x80.jpg 80w, https:\/\/www.meade.com.mx\/wp-content\/uploads\/2016\/06\/lx200_8in_ota_1_1-36x36.jpg 36w, https:\/\/www.meade.com.mx\/wp-content\/uploads\/2016\/06\/lx200_8in_ota_1_1-180x180.jpg 180w, https:\/\/www.meade.com.mx\/wp-content\/uploads\/2016\/06\/lx200_8in_ota_1_1.jpg 430w, https:\/\/www.meade.com.mx\/wp-content\/uploads\/2016\/06\/lx200_8in_ota_1_1-120x120.jpg 120w\" sizes=\"auto, (max-width: 300px) 100vw, 300px\" \/><\/a><\/p>\n<\/div><\/div><footer class=\"entry-footer\"><\/footer><\/article><br \/>\n<div style='height:20px' class='hr hr-invisible  '><span class='hr-inner ' ><span class='hr-inner-style'><\/span><\/span><\/div><br \/>\n<article class=\"iconbox iconbox_top main_color    \"  itemscope=\"itemscope\" itemtype=\"https:\/\/schema.org\/CreativeWork\" ><div class=\"iconbox_content\"><header class=\"entry-content-header\"><div class=\"iconbox_icon heading-color \" aria-hidden='true' data-av_icon='\ue812' data-av_iconfont='entypo-fontello'  ><\/div><h3 class='iconbox_content_title '  itemprop=\"headline\"  >Tubo 12\" LX200-ACF f\/10 c\/UHTC<\/h3><\/header><div class='iconbox_content_container  '  itemprop=\"text\"  ><p><a href=\"https:\/\/www.meade.com.mx\/index.php\/tubo-12-lx200-acf-f10-cuhtc\/\"><img loading=\"lazy\" decoding=\"async\" class=\"alignnone size-medium wp-image-5708\" src=\"https:\/\/www.meade.com.mx\/wp-content\/uploads\/2016\/06\/lx200_12_ota_front_1-300x300.jpg\" alt=\"lx200_12_ota_front_1\" width=\"300\" height=\"300\" srcset=\"https:\/\/www.meade.com.mx\/wp-content\/uploads\/2016\/06\/lx200_12_ota_front_1-300x300.jpg 300w, https:\/\/www.meade.com.mx\/wp-content\/uploads\/2016\/06\/lx200_12_ota_front_1-80x80.jpg 80w, https:\/\/www.meade.com.mx\/wp-content\/uploads\/2016\/06\/lx200_12_ota_front_1-36x36.jpg 36w, https:\/\/www.meade.com.mx\/wp-content\/uploads\/2016\/06\/lx200_12_ota_front_1-180x180.jpg 180w, https:\/\/www.meade.com.mx\/wp-content\/uploads\/2016\/06\/lx200_12_ota_front_1.jpg 430w, https:\/\/www.meade.com.mx\/wp-content\/uploads\/2016\/06\/lx200_12_ota_front_1-120x120.jpg 120w\" sizes=\"auto, (max-width: 300px) 100vw, 300px\" \/><\/a><\/p>\n<\/div><\/div><footer class=\"entry-footer\"><\/footer><\/article><br \/>\n<div style='height:20px' class='hr hr-invisible  '><span class='hr-inner ' ><span class='hr-inner-style'><\/span><\/span><\/div><br \/>\n<article class=\"iconbox iconbox_top main_color    \"  itemscope=\"itemscope\" itemtype=\"https:\/\/schema.org\/CreativeWork\" ><div class=\"iconbox_content\"><header class=\"entry-content-header\"><div class=\"iconbox_icon heading-color \" aria-hidden='true' data-av_icon='\ue812' data-av_iconfont='entypo-fontello'  ><\/div><h3 class='iconbox_content_title '  itemprop=\"headline\"  >Tubo 16\" LX200-ACF f\/10 c\/UHTC<\/h3><\/header><div class='iconbox_content_container  '  itemprop=\"text\"  ><p><a href=\"https:\/\/www.meade.com.mx\/index.php\/tubo-16-lx200-acf-f10-cuhtc\/\"><img loading=\"lazy\" decoding=\"async\" class=\"alignnone size-medium wp-image-5710\" src=\"https:\/\/www.meade.com.mx\/wp-content\/uploads\/2016\/06\/lx200_16_ota_front_1-300x300.jpg\" alt=\"lx200_16_ota_front_1\" width=\"300\" height=\"300\" srcset=\"https:\/\/www.meade.com.mx\/wp-content\/uploads\/2016\/06\/lx200_16_ota_front_1-300x300.jpg 300w, https:\/\/www.meade.com.mx\/wp-content\/uploads\/2016\/06\/lx200_16_ota_front_1-80x80.jpg 80w, https:\/\/www.meade.com.mx\/wp-content\/uploads\/2016\/06\/lx200_16_ota_front_1-36x36.jpg 36w, https:\/\/www.meade.com.mx\/wp-content\/uploads\/2016\/06\/lx200_16_ota_front_1-180x180.jpg 180w, https:\/\/www.meade.com.mx\/wp-content\/uploads\/2016\/06\/lx200_16_ota_front_1.jpg 430w, https:\/\/www.meade.com.mx\/wp-content\/uploads\/2016\/06\/lx200_16_ota_front_1-120x120.jpg 120w\" sizes=\"auto, (max-width: 300px) 100vw, 300px\" \/><\/a><\/p>\n<\/div><\/div><footer class=\"entry-footer\"><\/footer><\/article><\/p><\/div><div class=\"flex_column av_one_third  flex_column_div av-zero-column-padding   \" style='border-radius:0; '><p><article class=\"iconbox iconbox_top main_color    \"  itemscope=\"itemscope\" itemtype=\"https:\/\/schema.org\/CreativeWork\" ><div class=\"iconbox_content\"><header class=\"entry-content-header\"><div class=\"iconbox_icon heading-color \" aria-hidden='true' data-av_icon='\ue812' data-av_iconfont='entypo-fontello'  ><\/div><h3 class='iconbox_content_title '  itemprop=\"headline\"  >Tubo 10\" LX200-ACF f\/10 c\/UHTC<\/h3><\/header><div class='iconbox_content_container  '  itemprop=\"text\"  ><p><a href=\"https:\/\/www.meade.com.mx\/index.php\/tubo-10-lx200-acf-f10-cuhtc\/\"><img loading=\"lazy\" decoding=\"async\" class=\"alignnone size-medium wp-image-5706\" src=\"https:\/\/www.meade.com.mx\/wp-content\/uploads\/2016\/06\/lx200-10-ota_front_1-300x300.jpg\" alt=\"lx200-10-ota_front_1\" width=\"300\" height=\"300\" srcset=\"https:\/\/www.meade.com.mx\/wp-content\/uploads\/2016\/06\/lx200-10-ota_front_1-300x300.jpg 300w, https:\/\/www.meade.com.mx\/wp-content\/uploads\/2016\/06\/lx200-10-ota_front_1-80x80.jpg 80w, https:\/\/www.meade.com.mx\/wp-content\/uploads\/2016\/06\/lx200-10-ota_front_1-36x36.jpg 36w, https:\/\/www.meade.com.mx\/wp-content\/uploads\/2016\/06\/lx200-10-ota_front_1-180x180.jpg 180w, https:\/\/www.meade.com.mx\/wp-content\/uploads\/2016\/06\/lx200-10-ota_front_1.jpg 430w, https:\/\/www.meade.com.mx\/wp-content\/uploads\/2016\/06\/lx200-10-ota_front_1-120x120.jpg 120w\" sizes=\"auto, (max-width: 300px) 100vw, 300px\" \/><\/a><\/p>\n<\/div><\/div><footer class=\"entry-footer\"><\/footer><\/article><br \/>\n<div style='height:20px' class='hr hr-invisible  '><span class='hr-inner ' ><span class='hr-inner-style'><\/span><\/span><\/div><br \/>\n<article class=\"iconbox iconbox_top main_color    \"  itemscope=\"itemscope\" itemtype=\"https:\/\/schema.org\/CreativeWork\" ><div class=\"iconbox_content\"><header class=\"entry-content-header\"><div class=\"iconbox_icon heading-color \" aria-hidden='true' data-av_icon='\ue812' data-av_iconfont='entypo-fontello'  ><\/div><h3 class='iconbox_content_title '  itemprop=\"headline\"  >Tubo 14\" LX200-ACF f\/10 c\/UHTC<\/h3><\/header><div class='iconbox_content_container  '  itemprop=\"text\"  ><p><a href=\"https:\/\/www.meade.com.mx\/index.php\/tubo-14-lx200-acf-f10-cuhtc\/\"><img loading=\"lazy\" decoding=\"async\" class=\"alignnone size-medium wp-image-5709\" src=\"https:\/\/www.meade.com.mx\/wp-content\/uploads\/2016\/06\/lx200_14_ota_front_1-300x300.jpg\" alt=\"lx200_14_ota_front_1\" width=\"300\" height=\"300\" srcset=\"https:\/\/www.meade.com.mx\/wp-content\/uploads\/2016\/06\/lx200_14_ota_front_1-300x300.jpg 300w, https:\/\/www.meade.com.mx\/wp-content\/uploads\/2016\/06\/lx200_14_ota_front_1-80x80.jpg 80w, https:\/\/www.meade.com.mx\/wp-content\/uploads\/2016\/06\/lx200_14_ota_front_1-36x36.jpg 36w, https:\/\/www.meade.com.mx\/wp-content\/uploads\/2016\/06\/lx200_14_ota_front_1-180x180.jpg 180w, https:\/\/www.meade.com.mx\/wp-content\/uploads\/2016\/06\/lx200_14_ota_front_1.jpg 430w, https:\/\/www.meade.com.mx\/wp-content\/uploads\/2016\/06\/lx200_14_ota_front_1-120x120.jpg 120w\" sizes=\"auto, (max-width: 300px) 100vw, 300px\" \/><\/a><\/p>\n<\/div><\/div><footer class=\"entry-footer\"><\/footer><\/article><br \/>\n<div style='height:20px' class='hr hr-invisible  '><span class='hr-inner ' ><span class='hr-inner-style'><\/span><\/span><\/div><\/p><\/div><\/p>\n","protected":false},"excerpt":{"rendered":"","protected":false},"author":7,"featured_media":0,"parent":0,"menu_order":0,"comment_status":"closed","ping_status":"closed","template":"","meta":{"footnotes":""},"class_list":["post-5698","page","type-page","status-publish","hentry"],"_links":{"self":[{"href":"https:\/\/www.meade.com.mx\/index.php\/wp-json\/wp\/v2\/pages\/5698","targetHints":{"allow":["GET"]}}],"collection":[{"href":"https:\/\/www.meade.com.mx\/index.php\/wp-json\/wp\/v2\/pages"}],"about":[{"href":"https:\/\/www.meade.com.mx\/index.php\/wp-json\/wp\/v2\/types\/page"}],"author":[{"embeddable":true,"href":"https:\/\/www.meade.com.mx\/index.php\/wp-json\/wp\/v2\/users\/7"}],"replies":[{"embeddable":true,"href":"https:\/\/www.meade.com.mx\/index.php\/wp-json\/wp\/v2\/comments?post=5698"}],"version-history":[{"count":11,"href":"https:\/\/www.meade.com.mx\/index.php\/wp-json\/wp\/v2\/pages\/5698\/revisions"}],"predecessor-version":[{"id":7762,"href":"https:\/\/www.meade.com.mx\/index.php\/wp-json\/wp\/v2\/pages\/5698\/revisions\/7762"}],"wp:attachment":[{"href":"https:\/\/www.meade.com.mx\/index.php\/wp-json\/wp\/v2\/media?parent=5698"}],"curies":[{"name":"wp","href":"https:\/\/api.w.org\/{rel}","templated":true}]}}