{"id":5759,"date":"2016-06-01T07:25:35","date_gmt":"2016-06-01T07:25:35","guid":{"rendered":"http:\/\/www.meade.com.mx\/?page_id=5759"},"modified":"2016-07-30T16:39:47","modified_gmt":"2016-07-30T16:39:47","slug":"pst","status":"publish","type":"page","link":"https:\/\/www.meade.com.mx\/index.php\/pst\/","title":{"rendered":"Telescopios Solares PST"},"content":{"rendered":"<div class=\"flex_column av_one_third  flex_column_div av-zero-column-padding first  \" style='border-radius:0px; '><p><div style='padding-bottom:10px;' class='av-special-heading av-special-heading-h2  blockquote modern-quote   '><h2 class='av-special-heading-tag '  itemprop=\"headline\"  >Telescopios Solares PST<\/h2><div class='special-heading-border'><div class='special-heading-inner-border' ><\/div><\/div><\/div><br \/>\n<div style='height:20px' class='hr hr-invisible  '><span class='hr-inner ' ><span class='hr-inner-style'><\/span><\/span><\/div><br \/>\n<section class=\"av_textblock_section \"  itemscope=\"itemscope\" itemtype=\"https:\/\/schema.org\/CreativeWork\" ><div class='avia_textblock  '  style='font-size:14px; '  itemprop=\"text\" ><p>Los PST (Telescopio Solar Personal, por su siglas en ingl\u00e9s), es la l\u00ednea m\u00e1s peque\u00f1a de telescopios solares de Coronado.\u00a0 Cuentan con un di\u00e1metro de 40mm y lo hay e tres versiones:<\/p>\n<ul>\n<ul>\n<li>Telescopio PST a 0.7\u00c5 sin estuche<\/li>\n<li>Telescopio PST a 0.7\u00c5 con estuche r\u00edgido<\/li>\n<li>Telescopio PST a 0.5\u00c5<\/li>\n<\/ul>\n<\/ul>\n<\/div><\/section><\/p><\/div>\n<div class=\"flex_column av_one_third  flex_column_div av-zero-column-padding   \" style='border-radius:0; '><p><article class=\"iconbox iconbox_top main_color    \"  itemscope=\"itemscope\" itemtype=\"https:\/\/schema.org\/CreativeWork\" ><div class=\"iconbox_content\"><header class=\"entry-content-header\"><a href='https:\/\/www.meade.com.mx\/index.php\/telescopio-solar-personal-coronado-pst\/' title='Telescopio Solar Personal Coronado (PST)'  class=\"iconbox_icon heading-color \" aria-hidden='true' data-av_icon='\ue812' data-av_iconfont='entypo-fontello'  ><\/a><h3 class='iconbox_content_title '  itemprop=\"headline\"  ><a href='https:\/\/www.meade.com.mx\/index.php\/telescopio-solar-personal-coronado-pst\/' title='Telescopio Solar Personal Coronado (PST)' >Telescopio Solar Personal Coronado (PST)<\/a><\/h3><\/header><div class='iconbox_content_container  '  itemprop=\"text\"  ><p><a href=\"https:\/\/www.meade.com.mx\/index.php\/telescopio-solar-personal-coronado-pst\/\"><img loading=\"lazy\" decoding=\"async\" class=\"alignnone wp-image-5762 size-medium\" src=\"https:\/\/www.meade.com.mx\/wp-content\/uploads\/2016\/06\/coronado_pst-300x300.jpg\" alt=\"coronado_pst\" width=\"300\" height=\"300\" srcset=\"https:\/\/www.meade.com.mx\/wp-content\/uploads\/2016\/06\/coronado_pst-300x300.jpg 300w, https:\/\/www.meade.com.mx\/wp-content\/uploads\/2016\/06\/coronado_pst-80x80.jpg 80w, https:\/\/www.meade.com.mx\/wp-content\/uploads\/2016\/06\/coronado_pst-36x36.jpg 36w, https:\/\/www.meade.com.mx\/wp-content\/uploads\/2016\/06\/coronado_pst-180x180.jpg 180w, https:\/\/www.meade.com.mx\/wp-content\/uploads\/2016\/06\/coronado_pst.jpg 430w, https:\/\/www.meade.com.mx\/wp-content\/uploads\/2016\/06\/coronado_pst-120x120.jpg 120w\" sizes=\"auto, (max-width: 300px) 100vw, 300px\" \/><\/a><\/p>\n<\/div><\/div><footer class=\"entry-footer\"><\/footer><\/article><br \/>\n<div style='height:20px' class='hr hr-invisible  '><span class='hr-inner ' ><span class='hr-inner-style'><\/span><\/span><\/div><br \/>\n<article class=\"iconbox iconbox_top main_color    \"  itemscope=\"itemscope\" itemtype=\"https:\/\/schema.org\/CreativeWork\" ><div class=\"iconbox_content\"><header class=\"entry-content-header\"><a href='https:\/\/www.meade.com.mx\/index.php\/telescopio-solar-personal-coronado-pst-0-5-angstom\/' title='Telescopio Solar Personal Coronado (PST) 0.5 Angstom'  class=\"iconbox_icon heading-color \" aria-hidden='true' data-av_icon='\ue812' data-av_iconfont='entypo-fontello'  ><\/a><h3 class='iconbox_content_title '  itemprop=\"headline\"  ><a href='https:\/\/www.meade.com.mx\/index.php\/telescopio-solar-personal-coronado-pst-0-5-angstom\/' title='Telescopio Solar Personal Coronado (PST) 0.5 Angstom' >Telescopio Solar Personal Coronado (PST) 0.5 Angstom<\/a><\/h3><\/header><div class='iconbox_content_container  '  itemprop=\"text\"  ><p><a href=\"https:\/\/www.meade.com.mx\/index.php\/telescopio-solar-personal-coronado-pst-0-5-angstom\/\"><img loading=\"lazy\" decoding=\"async\" class=\"alignnone wp-image-5764 size-medium\" src=\"https:\/\/www.meade.com.mx\/wp-content\/uploads\/2016\/06\/doublestack_pst_clipped-300x300.png\" alt=\"doublestack_pst_clipped\" width=\"300\" height=\"300\" srcset=\"https:\/\/www.meade.com.mx\/wp-content\/uploads\/2016\/06\/doublestack_pst_clipped-300x300.png 300w, https:\/\/www.meade.com.mx\/wp-content\/uploads\/2016\/06\/doublestack_pst_clipped-80x80.png 80w, https:\/\/www.meade.com.mx\/wp-content\/uploads\/2016\/06\/doublestack_pst_clipped-36x36.png 36w, https:\/\/www.meade.com.mx\/wp-content\/uploads\/2016\/06\/doublestack_pst_clipped-180x180.png 180w, https:\/\/www.meade.com.mx\/wp-content\/uploads\/2016\/06\/doublestack_pst_clipped.png 430w, https:\/\/www.meade.com.mx\/wp-content\/uploads\/2016\/06\/doublestack_pst_clipped-120x120.png 120w\" sizes=\"auto, (max-width: 300px) 100vw, 300px\" \/><\/a><\/p>\n<\/div><\/div><footer class=\"entry-footer\"><\/footer><\/article><\/p><\/div><div class=\"flex_column av_one_third  flex_column_div av-zero-column-padding   \" style='border-radius:0; '><article class=\"iconbox iconbox_top main_color    \"  itemscope=\"itemscope\" itemtype=\"https:\/\/schema.org\/CreativeWork\" ><div class=\"iconbox_content\"><header class=\"entry-content-header\"><a href='https:\/\/www.meade.com.mx\/index.php\/telescopio-solar-personal-coronado-pst-con-estuche\/' title='Telescopio Solar Personal Coronado (PST) con Estuche'  class=\"iconbox_icon heading-color \" aria-hidden='true' data-av_icon='\ue812' data-av_iconfont='entypo-fontello'  ><\/a><h3 class='iconbox_content_title '  itemprop=\"headline\"  ><a href='https:\/\/www.meade.com.mx\/index.php\/telescopio-solar-personal-coronado-pst-con-estuche\/' title='Telescopio Solar Personal Coronado (PST) con Estuche' >Telescopio Solar Personal Coronado (PST) con Estuche<\/a><\/h3><\/header><div class='iconbox_content_container  '  itemprop=\"text\"  ><p><a href=\"https:\/\/www.meade.com.mx\/index.php\/telescopio-solar-personal-coronado-pst-con-estuche\/\"><img loading=\"lazy\" decoding=\"async\" class=\"alignnone wp-image-5763 size-medium\" src=\"https:\/\/www.meade.com.mx\/wp-content\/uploads\/2016\/06\/coronado_pst_w_case-300x300.jpg\" alt=\"coronado_pst_w_case\" width=\"300\" height=\"300\" srcset=\"https:\/\/www.meade.com.mx\/wp-content\/uploads\/2016\/06\/coronado_pst_w_case-300x300.jpg 300w, https:\/\/www.meade.com.mx\/wp-content\/uploads\/2016\/06\/coronado_pst_w_case-80x80.jpg 80w, https:\/\/www.meade.com.mx\/wp-content\/uploads\/2016\/06\/coronado_pst_w_case-36x36.jpg 36w, https:\/\/www.meade.com.mx\/wp-content\/uploads\/2016\/06\/coronado_pst_w_case-180x180.jpg 180w, https:\/\/www.meade.com.mx\/wp-content\/uploads\/2016\/06\/coronado_pst_w_case.jpg 430w, https:\/\/www.meade.com.mx\/wp-content\/uploads\/2016\/06\/coronado_pst_w_case-120x120.jpg 120w\" sizes=\"auto, (max-width: 300px) 100vw, 300px\" \/><\/a><\/p>\n<\/div><\/div><footer class=\"entry-footer\"><\/footer><\/article><\/div><\/p>\n","protected":false},"excerpt":{"rendered":"","protected":false},"author":7,"featured_media":0,"parent":0,"menu_order":0,"comment_status":"closed","ping_status":"closed","template":"","meta":{"footnotes":""},"class_list":["post-5759","page","type-page","status-publish","hentry"],"_links":{"self":[{"href":"https:\/\/www.meade.com.mx\/index.php\/wp-json\/wp\/v2\/pages\/5759","targetHints":{"allow":["GET"]}}],"collection":[{"href":"https:\/\/www.meade.com.mx\/index.php\/wp-json\/wp\/v2\/pages"}],"about":[{"href":"https:\/\/www.meade.com.mx\/index.php\/wp-json\/wp\/v2\/types\/page"}],"author":[{"embeddable":true,"href":"https:\/\/www.meade.com.mx\/index.php\/wp-json\/wp\/v2\/users\/7"}],"replies":[{"embeddable":true,"href":"https:\/\/www.meade.com.mx\/index.php\/wp-json\/wp\/v2\/comments?post=5759"}],"version-history":[{"count":7,"href":"https:\/\/www.meade.com.mx\/index.php\/wp-json\/wp\/v2\/pages\/5759\/revisions"}],"predecessor-version":[{"id":7883,"href":"https:\/\/www.meade.com.mx\/index.php\/wp-json\/wp\/v2\/pages\/5759\/revisions\/7883"}],"wp:attachment":[{"href":"https:\/\/www.meade.com.mx\/index.php\/wp-json\/wp\/v2\/media?parent=5759"}],"curies":[{"name":"wp","href":"https:\/\/api.w.org\/{rel}","templated":true}]}}