{"id":5978,"date":"2016-06-03T03:57:37","date_gmt":"2016-06-03T03:57:37","guid":{"rendered":"http:\/\/www.meade.com.mx\/?page_id=5978"},"modified":"2016-06-21T06:06:28","modified_gmt":"2016-06-21T06:06:28","slug":"solarmax-ll","status":"publish","type":"page","link":"https:\/\/www.meade.com.mx\/index.php\/solarmax-ll\/","title":{"rendered":"SolarMax ll"},"content":{"rendered":"<div class=\"flex_column av_one_third  flex_column_div av-zero-column-padding first  \" style='border-radius:0px; '><p><div style='padding-bottom:10px;' class='av-special-heading av-special-heading-h2  blockquote modern-quote  '><h2 class='av-special-heading-tag '  itemprop=\"headline\"  >Telescopios Solares SolarMax II<\/h2><div class='special-heading-border'><div class='special-heading-inner-border' ><\/div><\/div><\/div><br \/>\n<div style='height:20px' class='hr hr-invisible  '><span class='hr-inner ' ><span class='hr-inner-style'><\/span><\/span><\/div><br \/>\n<section class=\"av_textblock_section \"  itemscope=\"itemscope\" itemtype=\"https:\/\/schema.org\/CreativeWork\" ><div class='avia_textblock  '  style='font-size:16px; '  itemprop=\"text\" ><p><strong>Observaci\u00f3n Solar al M\u00e1ximo<\/strong><\/p>\n<p>El revolucionaario m\u00e9todo de ajuste\u00a0RichView\u2122, integrado en cada telescopio SolarMax II de Coronado lleva la observaci\u00f3n solar a un nuevo nivel.\u00a0 Ahora puede ajustar su vista a una longitud de onda precisa de luz para cada \u00e1rea en cualquier extremo de la banda de hidr\u00f3geno-alfa (Ha) para lograr el mejor contraste en las vistas de las regiones activas, prominencias, filamentos y otras caractrer\u00edsticas de la superficie &#8211; o r\u00e1pidamente reajustarlo para tambi\u00e9n lograr grandiosas vistas del limbo solar.\u00a0 No existe otro telescopio Ha comercialmente disponible que leofrezca un rango de ajuste tan amplio ni una precisi\u00f3n tan detallada como la del SolarMaxII.<\/p>\n<div class=\"col-main\"><\/div>\n<\/div><\/section><\/p><\/div>\n<div class=\"flex_column av_one_third  flex_column_div av-zero-column-padding   \" style='border-radius:0; '><p><article class=\"iconbox iconbox_top main_color    \"  itemscope=\"itemscope\" itemtype=\"https:\/\/schema.org\/CreativeWork\" ><div class=\"iconbox_content\"><header class=\"entry-content-header\"><div class=\"iconbox_icon heading-color \" aria-hidden='true' data-av_icon='\ue812' data-av_iconfont='entypo-fontello'  ><\/div><h3 class='iconbox_content_title '  itemprop=\"headline\"  >SolarMax II 90mm Solar Telescope with RichView system and 15mm Blocking Filter<\/h3><\/header><div class='iconbox_content_container  '  itemprop=\"text\"  ><p><a href=\"https:\/\/www.meade.com.mx\/index.php\/solarmax-ii-90mm-solar-telescope-with-richview-system-and-15mm-blocking-filter\/\"><img loading=\"lazy\" decoding=\"async\" class=\"alignnone size-medium wp-image-5987\" src=\"https:\/\/www.meade.com.mx\/wp-content\/uploads\/2016\/06\/smt90ds-15_smiidswith15mmbf-300x300.jpg\" alt=\"smt90ds-15_smiidswith15mmbf\" width=\"300\" height=\"300\" srcset=\"https:\/\/www.meade.com.mx\/wp-content\/uploads\/2016\/06\/smt90ds-15_smiidswith15mmbf-300x300.jpg 300w, https:\/\/www.meade.com.mx\/wp-content\/uploads\/2016\/06\/smt90ds-15_smiidswith15mmbf-80x80.jpg 80w, https:\/\/www.meade.com.mx\/wp-content\/uploads\/2016\/06\/smt90ds-15_smiidswith15mmbf-36x36.jpg 36w, https:\/\/www.meade.com.mx\/wp-content\/uploads\/2016\/06\/smt90ds-15_smiidswith15mmbf-180x180.jpg 180w, https:\/\/www.meade.com.mx\/wp-content\/uploads\/2016\/06\/smt90ds-15_smiidswith15mmbf.jpg 430w, https:\/\/www.meade.com.mx\/wp-content\/uploads\/2016\/06\/smt90ds-15_smiidswith15mmbf-120x120.jpg 120w\" sizes=\"auto, (max-width: 300px) 100vw, 300px\" \/><\/a><\/p>\n<\/div><\/div><footer class=\"entry-footer\"><\/footer><\/article><br \/>\n<div style='height:20px' class='hr hr-invisible  '><span class='hr-inner ' ><span class='hr-inner-style'><\/span><\/span><\/div><br \/>\n<article class=\"iconbox iconbox_top main_color    \"  itemscope=\"itemscope\" itemtype=\"https:\/\/schema.org\/CreativeWork\" ><div class=\"iconbox_content\"><header class=\"entry-content-header\"><div class=\"iconbox_icon heading-color \" aria-hidden='true' data-av_icon='\ue812' data-av_iconfont='entypo-fontello'  ><\/div><h3 class='iconbox_content_title '  itemprop=\"headline\"  >SolarMax II 60mm Double Stack Solar Telescope with RichView system and 5mm Blocking Filter <\/h3><\/header><div class='iconbox_content_container  '  itemprop=\"text\"  ><p><a href=\"https:\/\/www.meade.com.mx\/index.php\/solarmax-ii-60mm-double-stack-solar-telescope-with-richview-system-and-5mm-blocking-filter\/\"><img loading=\"lazy\" decoding=\"async\" class=\"alignnone size-medium wp-image-5982\" src=\"https:\/\/www.meade.com.mx\/wp-content\/uploads\/2016\/06\/smt60ds-5_smii60dswith5mmbf-300x300.jpg\" alt=\"smt60ds-5_smii60dswith5mmbf\" width=\"300\" height=\"300\" srcset=\"https:\/\/www.meade.com.mx\/wp-content\/uploads\/2016\/06\/smt60ds-5_smii60dswith5mmbf-300x300.jpg 300w, https:\/\/www.meade.com.mx\/wp-content\/uploads\/2016\/06\/smt60ds-5_smii60dswith5mmbf-80x80.jpg 80w, https:\/\/www.meade.com.mx\/wp-content\/uploads\/2016\/06\/smt60ds-5_smii60dswith5mmbf-36x36.jpg 36w, https:\/\/www.meade.com.mx\/wp-content\/uploads\/2016\/06\/smt60ds-5_smii60dswith5mmbf-180x180.jpg 180w, https:\/\/www.meade.com.mx\/wp-content\/uploads\/2016\/06\/smt60ds-5_smii60dswith5mmbf.jpg 430w, https:\/\/www.meade.com.mx\/wp-content\/uploads\/2016\/06\/smt60ds-5_smii60dswith5mmbf-120x120.jpg 120w\" sizes=\"auto, (max-width: 300px) 100vw, 300px\" \/><\/a><\/p>\n<\/div><\/div><footer class=\"entry-footer\"><\/footer><\/article><br \/>\n<div style='height:20px' class='hr hr-invisible  '><span class='hr-inner ' ><span class='hr-inner-style'><\/span><\/span><\/div><br \/>\n<article class=\"iconbox iconbox_top main_color    \"  itemscope=\"itemscope\" itemtype=\"https:\/\/schema.org\/CreativeWork\" ><div class=\"iconbox_content\"><header class=\"entry-content-header\"><div class=\"iconbox_icon heading-color \" aria-hidden='true' data-av_icon='\ue812' data-av_iconfont='entypo-fontello'  ><\/div><h3 class='iconbox_content_title '  itemprop=\"headline\"  >SolarMax II 90mm Double Stack Solar Telescope with RichView system and 15mm Blocking Filter<\/h3><\/header><div class='iconbox_content_container  '  itemprop=\"text\"  ><p><a href=\"https:\/\/www.meade.com.mx\/index.php\/solarmax-ii-90mm-double-stack-solar-telescope-with-richview-system-and-15mm-blocking-filter\/\"><img loading=\"lazy\" decoding=\"async\" class=\"alignnone size-medium wp-image-5987\" src=\"https:\/\/www.meade.com.mx\/wp-content\/uploads\/2016\/06\/smt90ds-15_smiidswith15mmbf-300x300.jpg\" alt=\"smt90ds-15_smiidswith15mmbf\" width=\"300\" height=\"300\" srcset=\"https:\/\/www.meade.com.mx\/wp-content\/uploads\/2016\/06\/smt90ds-15_smiidswith15mmbf-300x300.jpg 300w, https:\/\/www.meade.com.mx\/wp-content\/uploads\/2016\/06\/smt90ds-15_smiidswith15mmbf-80x80.jpg 80w, https:\/\/www.meade.com.mx\/wp-content\/uploads\/2016\/06\/smt90ds-15_smiidswith15mmbf-36x36.jpg 36w, https:\/\/www.meade.com.mx\/wp-content\/uploads\/2016\/06\/smt90ds-15_smiidswith15mmbf-180x180.jpg 180w, https:\/\/www.meade.com.mx\/wp-content\/uploads\/2016\/06\/smt90ds-15_smiidswith15mmbf.jpg 430w, https:\/\/www.meade.com.mx\/wp-content\/uploads\/2016\/06\/smt90ds-15_smiidswith15mmbf-120x120.jpg 120w\" sizes=\"auto, (max-width: 300px) 100vw, 300px\" \/><\/a><\/p>\n<\/div><\/div><footer class=\"entry-footer\"><\/footer><\/article><br \/>\n<article class=\"iconbox iconbox_top main_color    \"  itemscope=\"itemscope\" itemtype=\"https:\/\/schema.org\/CreativeWork\" ><div class=\"iconbox_content\"><header class=\"entry-content-header\"><div class=\"iconbox_icon heading-color \" aria-hidden='true' data-av_icon='\ue812' data-av_iconfont='entypo-fontello'  ><\/div><h3 class='iconbox_content_title '  itemprop=\"headline\"  >SolarMax II 60mm Solar Telescope with RichView system and 10mm Blocking Filter <\/h3><\/header><div class='iconbox_content_container  '  itemprop=\"text\"  ><p><a href=\"https:\/\/www.meade.com.mx\/index.php\/solarmax-ii-60mm-solar-telescope-with-richview-system-and-10mm-blocking-filter\/\"><img loading=\"lazy\" decoding=\"async\" class=\"alignnone size-medium wp-image-5980\" src=\"https:\/\/www.meade.com.mx\/wp-content\/uploads\/2016\/06\/smt60-10_smii60with10mmbf-300x300.jpg\" alt=\"smt60-10_smii60with10mmbf\" width=\"300\" height=\"300\" srcset=\"https:\/\/www.meade.com.mx\/wp-content\/uploads\/2016\/06\/smt60-10_smii60with10mmbf-300x300.jpg 300w, https:\/\/www.meade.com.mx\/wp-content\/uploads\/2016\/06\/smt60-10_smii60with10mmbf-80x80.jpg 80w, https:\/\/www.meade.com.mx\/wp-content\/uploads\/2016\/06\/smt60-10_smii60with10mmbf-36x36.jpg 36w, https:\/\/www.meade.com.mx\/wp-content\/uploads\/2016\/06\/smt60-10_smii60with10mmbf-180x180.jpg 180w, https:\/\/www.meade.com.mx\/wp-content\/uploads\/2016\/06\/smt60-10_smii60with10mmbf.jpg 430w, https:\/\/www.meade.com.mx\/wp-content\/uploads\/2016\/06\/smt60-10_smii60with10mmbf-120x120.jpg 120w\" sizes=\"auto, (max-width: 300px) 100vw, 300px\" \/><\/a><\/p>\n<\/div><\/div><footer class=\"entry-footer\"><\/footer><\/article><br \/>\n<article class=\"iconbox iconbox_top main_color    \"  itemscope=\"itemscope\" itemtype=\"https:\/\/schema.org\/CreativeWork\" ><div class=\"iconbox_content\"><header class=\"entry-content-header\"><div class=\"iconbox_icon heading-color \" aria-hidden='true' data-av_icon='\ue812' data-av_iconfont='entypo-fontello'  ><\/div><h3 class='iconbox_content_title '  itemprop=\"headline\"  >SolarMax II 90mm Solar Telescope with RichView system and 30mm Blocking Filter <\/h3><\/header><div class='iconbox_content_container  '  itemprop=\"text\"  ><p><a href=\"https:\/\/www.meade.com.mx\/index.php\/solarmax-ii-90mm-solar-telescope-with-richview-system-and-30mm-blocking-filter\/\"><img loading=\"lazy\" decoding=\"async\" class=\"alignnone size-medium wp-image-5986\" src=\"https:\/\/www.meade.com.mx\/wp-content\/uploads\/2016\/06\/smt90-30_smii90with30mmbf-300x300.jpg\" alt=\"smt90-30_smii90with30mmbf\" width=\"300\" height=\"300\" srcset=\"https:\/\/www.meade.com.mx\/wp-content\/uploads\/2016\/06\/smt90-30_smii90with30mmbf-300x300.jpg 300w, https:\/\/www.meade.com.mx\/wp-content\/uploads\/2016\/06\/smt90-30_smii90with30mmbf-80x80.jpg 80w, https:\/\/www.meade.com.mx\/wp-content\/uploads\/2016\/06\/smt90-30_smii90with30mmbf-36x36.jpg 36w, https:\/\/www.meade.com.mx\/wp-content\/uploads\/2016\/06\/smt90-30_smii90with30mmbf-180x180.jpg 180w, https:\/\/www.meade.com.mx\/wp-content\/uploads\/2016\/06\/smt90-30_smii90with30mmbf.jpg 430w, https:\/\/www.meade.com.mx\/wp-content\/uploads\/2016\/06\/smt90-30_smii90with30mmbf-120x120.jpg 120w\" sizes=\"auto, (max-width: 300px) 100vw, 300px\" \/><\/a><\/p>\n<\/div><\/div><footer class=\"entry-footer\"><\/footer><\/article><\/p><\/div><div class=\"flex_column av_one_third  flex_column_div av-zero-column-padding   \" style='border-radius:0; '><p><article class=\"iconbox iconbox_top main_color    \"  itemscope=\"itemscope\" itemtype=\"https:\/\/schema.org\/CreativeWork\" ><div class=\"iconbox_content\"><header class=\"entry-content-header\"><div class=\"iconbox_icon heading-color \" aria-hidden='true' data-av_icon='\ue812' data-av_iconfont='entypo-fontello'  ><\/div><h3 class='iconbox_content_title '  itemprop=\"headline\"  >SolarMax II 60mm Double Stack Solar Telescope with RichView system and 10mm Blocking Filter <\/h3><\/header><div class='iconbox_content_container  '  itemprop=\"text\"  ><p><a href=\"https:\/\/www.meade.com.mx\/index.php\/solarmax-ii-60mm-double-stack-solar-telescope-with-richview-system-and-10mm-blocking-filter\/\"><img loading=\"lazy\" decoding=\"async\" class=\"alignnone size-medium wp-image-5983\" src=\"https:\/\/www.meade.com.mx\/wp-content\/uploads\/2016\/06\/smt60ds-10_smii60dswith10mmbf-300x300.jpg\" alt=\"smt60ds-10_smii60dswith10mmbf\" width=\"300\" height=\"300\" srcset=\"https:\/\/www.meade.com.mx\/wp-content\/uploads\/2016\/06\/smt60ds-10_smii60dswith10mmbf-300x300.jpg 300w, https:\/\/www.meade.com.mx\/wp-content\/uploads\/2016\/06\/smt60ds-10_smii60dswith10mmbf-80x80.jpg 80w, https:\/\/www.meade.com.mx\/wp-content\/uploads\/2016\/06\/smt60ds-10_smii60dswith10mmbf-36x36.jpg 36w, https:\/\/www.meade.com.mx\/wp-content\/uploads\/2016\/06\/smt60ds-10_smii60dswith10mmbf-180x180.jpg 180w, https:\/\/www.meade.com.mx\/wp-content\/uploads\/2016\/06\/smt60ds-10_smii60dswith10mmbf.jpg 430w, https:\/\/www.meade.com.mx\/wp-content\/uploads\/2016\/06\/smt60ds-10_smii60dswith10mmbf-120x120.jpg 120w\" sizes=\"auto, (max-width: 300px) 100vw, 300px\" \/><\/a><\/p>\n<\/div><\/div><footer class=\"entry-footer\"><\/footer><\/article><br \/>\n<div style='height:20px' class='hr hr-invisible  '><span class='hr-inner ' ><span class='hr-inner-style'><\/span><\/span><\/div><br \/>\n<article class=\"iconbox iconbox_top main_color    \"  itemscope=\"itemscope\" itemtype=\"https:\/\/schema.org\/CreativeWork\" ><div class=\"iconbox_content\"><header class=\"entry-content-header\"><div class=\"iconbox_icon heading-color \" aria-hidden='true' data-av_icon='\ue812' data-av_iconfont='entypo-fontello'  ><\/div><h3 class='iconbox_content_title '  itemprop=\"headline\"  >SolarMax II 90mm Double Stack Solar Telescope with RichView system and 30mm Blocking Filter <\/h3><\/header><div class='iconbox_content_container  '  itemprop=\"text\"  ><p><a href=\"https:\/\/www.meade.com.mx\/index.php\/solarmax-ii-90mm-double-stack-solar-telescope-with-richview-system-and-30mm-blocking-filter\/\"><img loading=\"lazy\" decoding=\"async\" class=\"alignnone size-medium wp-image-5988\" src=\"https:\/\/www.meade.com.mx\/wp-content\/uploads\/2016\/06\/smt90ds-30_smiidswith30mmbf-300x300.jpg\" alt=\"smt90ds-30_smiidswith30mmbf\" width=\"300\" height=\"300\" srcset=\"https:\/\/www.meade.com.mx\/wp-content\/uploads\/2016\/06\/smt90ds-30_smiidswith30mmbf-300x300.jpg 300w, https:\/\/www.meade.com.mx\/wp-content\/uploads\/2016\/06\/smt90ds-30_smiidswith30mmbf-80x80.jpg 80w, https:\/\/www.meade.com.mx\/wp-content\/uploads\/2016\/06\/smt90ds-30_smiidswith30mmbf-36x36.jpg 36w, https:\/\/www.meade.com.mx\/wp-content\/uploads\/2016\/06\/smt90ds-30_smiidswith30mmbf-180x180.jpg 180w, https:\/\/www.meade.com.mx\/wp-content\/uploads\/2016\/06\/smt90ds-30_smiidswith30mmbf.jpg 430w, https:\/\/www.meade.com.mx\/wp-content\/uploads\/2016\/06\/smt90ds-30_smiidswith30mmbf-120x120.jpg 120w\" sizes=\"auto, (max-width: 300px) 100vw, 300px\" \/><\/a><\/p>\n<\/div><\/div><footer class=\"entry-footer\"><\/footer><\/article><br \/>\n<div style='height:20px' class='hr hr-invisible  '><span class='hr-inner ' ><span class='hr-inner-style'><\/span><\/span><\/div><br \/>\n<article class=\"iconbox iconbox_top main_color    \"  itemscope=\"itemscope\" itemtype=\"https:\/\/schema.org\/CreativeWork\" ><div class=\"iconbox_content\"><header class=\"entry-content-header\"><div class=\"iconbox_icon heading-color \" aria-hidden='true' data-av_icon='\ue812' data-av_iconfont='entypo-fontello'  ><\/div><h3 class='iconbox_content_title '  itemprop=\"headline\"  >SolarMax II 60mm Solar Telescope with RichView system and 15mm Blocking Filter <\/h3><\/header><div class='iconbox_content_container  '  itemprop=\"text\"  ><p><a href=\"https:\/\/www.meade.com.mx\/index.php\/solarmax-ii-60mm-solar-telescope-with-richview-system-and-15mm-blocking-filter\/\"><img loading=\"lazy\" decoding=\"async\" class=\"alignnone size-medium wp-image-5984\" src=\"https:\/\/www.meade.com.mx\/wp-content\/uploads\/2016\/06\/smt60ds-15_smii60dswith15mmbf-300x300.jpg\" alt=\"smt60ds-15_smii60dswith15mmbf\" width=\"300\" height=\"300\" srcset=\"https:\/\/www.meade.com.mx\/wp-content\/uploads\/2016\/06\/smt60ds-15_smii60dswith15mmbf-300x300.jpg 300w, https:\/\/www.meade.com.mx\/wp-content\/uploads\/2016\/06\/smt60ds-15_smii60dswith15mmbf-80x80.jpg 80w, https:\/\/www.meade.com.mx\/wp-content\/uploads\/2016\/06\/smt60ds-15_smii60dswith15mmbf-36x36.jpg 36w, https:\/\/www.meade.com.mx\/wp-content\/uploads\/2016\/06\/smt60ds-15_smii60dswith15mmbf-180x180.jpg 180w, https:\/\/www.meade.com.mx\/wp-content\/uploads\/2016\/06\/smt60ds-15_smii60dswith15mmbf.jpg 430w, https:\/\/www.meade.com.mx\/wp-content\/uploads\/2016\/06\/smt60ds-15_smii60dswith15mmbf-120x120.jpg 120w\" sizes=\"auto, (max-width: 300px) 100vw, 300px\" \/><\/a><\/p>\n<\/div><\/div><footer class=\"entry-footer\"><\/footer><\/article><br \/>\n<article class=\"iconbox iconbox_top main_color    \"  itemscope=\"itemscope\" itemtype=\"https:\/\/schema.org\/CreativeWork\" ><div class=\"iconbox_content\"><header class=\"entry-content-header\"><div class=\"iconbox_icon heading-color \" aria-hidden='true' data-av_icon='\ue812' data-av_iconfont='entypo-fontello'  ><\/div><h3 class='iconbox_content_title '  itemprop=\"headline\"  >SolarMax II 60mm Solar Telescope with RichView system and 5mm Blocking Filter <\/h3><\/header><div class='iconbox_content_container  '  itemprop=\"text\"  ><p><a href=\"https:\/\/www.meade.com.mx\/index.php\/solarmax-ii-60mm-solar-telescope-with-richview-system-and-5mm-blocking-filter\/\"><img loading=\"lazy\" decoding=\"async\" class=\"alignnone size-medium wp-image-5979\" src=\"https:\/\/www.meade.com.mx\/wp-content\/uploads\/2016\/06\/smt60-5_smii60with5mmbf-300x300.jpg\" alt=\"smt60-5_smii60with5mmbf\" width=\"300\" height=\"300\" srcset=\"https:\/\/www.meade.com.mx\/wp-content\/uploads\/2016\/06\/smt60-5_smii60with5mmbf-300x300.jpg 300w, https:\/\/www.meade.com.mx\/wp-content\/uploads\/2016\/06\/smt60-5_smii60with5mmbf-80x80.jpg 80w, https:\/\/www.meade.com.mx\/wp-content\/uploads\/2016\/06\/smt60-5_smii60with5mmbf-36x36.jpg 36w, https:\/\/www.meade.com.mx\/wp-content\/uploads\/2016\/06\/smt60-5_smii60with5mmbf-180x180.jpg 180w, https:\/\/www.meade.com.mx\/wp-content\/uploads\/2016\/06\/smt60-5_smii60with5mmbf.jpg 430w, https:\/\/www.meade.com.mx\/wp-content\/uploads\/2016\/06\/smt60-5_smii60with5mmbf-120x120.jpg 120w\" sizes=\"auto, (max-width: 300px) 100vw, 300px\" \/><\/a><\/p>\n<\/div><\/div><footer class=\"entry-footer\"><\/footer><\/article><br \/>\n<article class=\"iconbox iconbox_top main_color    \"  itemscope=\"itemscope\" itemtype=\"https:\/\/schema.org\/CreativeWork\" ><div class=\"iconbox_content\"><header class=\"entry-content-header\"><div class=\"iconbox_icon heading-color \" aria-hidden='true' data-av_icon='\ue812' data-av_iconfont='entypo-fontello'  ><\/div><h3 class='iconbox_content_title '  itemprop=\"headline\"  >SolarMax II 60mm Double Stack Solar Telescope with RichView system and 15mm Blocking Filter <\/h3><\/header><div class='iconbox_content_container  '  itemprop=\"text\"  ><p><a href=\"https:\/\/www.meade.com.mx\/index.php\/solarmax-ii-60mm-double-stack-solar-telescope-with-richview-system-and-15mm-blocking-filter\/\"><img loading=\"lazy\" decoding=\"async\" class=\"alignnone size-medium wp-image-5981\" src=\"https:\/\/www.meade.com.mx\/wp-content\/uploads\/2016\/06\/smt60-15_smii60with15mmbf-300x300.jpg\" alt=\"smt60-15_smii60with15mmbf\" width=\"300\" height=\"300\" srcset=\"https:\/\/www.meade.com.mx\/wp-content\/uploads\/2016\/06\/smt60-15_smii60with15mmbf-300x300.jpg 300w, https:\/\/www.meade.com.mx\/wp-content\/uploads\/2016\/06\/smt60-15_smii60with15mmbf-80x80.jpg 80w, https:\/\/www.meade.com.mx\/wp-content\/uploads\/2016\/06\/smt60-15_smii60with15mmbf-36x36.jpg 36w, https:\/\/www.meade.com.mx\/wp-content\/uploads\/2016\/06\/smt60-15_smii60with15mmbf-180x180.jpg 180w, https:\/\/www.meade.com.mx\/wp-content\/uploads\/2016\/06\/smt60-15_smii60with15mmbf.jpg 430w, https:\/\/www.meade.com.mx\/wp-content\/uploads\/2016\/06\/smt60-15_smii60with15mmbf-120x120.jpg 120w\" sizes=\"auto, (max-width: 300px) 100vw, 300px\" \/><\/a><\/p>\n<\/div><\/div><footer class=\"entry-footer\"><\/footer><\/article><\/p><\/div><\/p>\n","protected":false},"excerpt":{"rendered":"","protected":false},"author":7,"featured_media":0,"parent":0,"menu_order":0,"comment_status":"closed","ping_status":"closed","template":"","meta":{"footnotes":""},"class_list":["post-5978","page","type-page","status-publish","hentry"],"_links":{"self":[{"href":"https:\/\/www.meade.com.mx\/index.php\/wp-json\/wp\/v2\/pages\/5978","targetHints":{"allow":["GET"]}}],"collection":[{"href":"https:\/\/www.meade.com.mx\/index.php\/wp-json\/wp\/v2\/pages"}],"about":[{"href":"https:\/\/www.meade.com.mx\/index.php\/wp-json\/wp\/v2\/types\/page"}],"author":[{"embeddable":true,"href":"https:\/\/www.meade.com.mx\/index.php\/wp-json\/wp\/v2\/users\/7"}],"replies":[{"embeddable":true,"href":"https:\/\/www.meade.com.mx\/index.php\/wp-json\/wp\/v2\/comments?post=5978"}],"version-history":[{"count":13,"href":"https:\/\/www.meade.com.mx\/index.php\/wp-json\/wp\/v2\/pages\/5978\/revisions"}],"predecessor-version":[{"id":7112,"href":"https:\/\/www.meade.com.mx\/index.php\/wp-json\/wp\/v2\/pages\/5978\/revisions\/7112"}],"wp:attachment":[{"href":"https:\/\/www.meade.com.mx\/index.php\/wp-json\/wp\/v2\/media?parent=5978"}],"curies":[{"name":"wp","href":"https:\/\/api.w.org\/{rel}","templated":true}]}}