{"id":6109,"date":"2016-06-07T23:03:54","date_gmt":"2016-06-07T23:03:54","guid":{"rendered":"http:\/\/www.meade.com.mx\/?page_id=6109"},"modified":"2020-12-28T20:02:52","modified_gmt":"2020-12-29T02:02:52","slug":"historia","status":"publish","type":"page","link":"https:\/\/www.meade.com.mx\/index.php\/historia\/","title":{"rendered":"Historia"},"content":{"rendered":"<p>&lt;p&gt;&lt;span id=&#8221;mce_marker&#8221; data-mce-type=&#8221;bookmark&#8221;&gt;\u200b&lt;\/span&gt;&lt;span id=&#8221;__caret&#8221;&gt;_&lt;\/span&gt;&lt;\/p&gt; &lt;p&gt;<div class=\"flex_column av_one_full  flex_column_div av-zero-column-padding first  \" style='border-radius:0px; '><div style='padding-bottom:10px;' class='av-special-heading av-special-heading-h2  blockquote modern-quote  '><h2 class='av-special-heading-tag '  itemprop=\"headline\"  > Meade Instruments<\/h2><div class='special-heading-border'><div class='special-heading-inner-border' ><\/div><\/div><\/div><\/div><section class=\"av_textblock_section \"  itemscope=\"itemscope\" itemtype=\"https:\/\/schema.org\/CreativeWork\" ><div class='avia_textblock  '   itemprop=\"text\" ><p>&lt;br \/&gt;Hoy en d\u00eda, Meade Instruments es reconocido como uno de las compa\u00f1\u00edas m\u00e1s innovadoras y din\u00e1micas en el mercado de los telescopios.\u00a0 Conocido por su innovadores saltos en el dise\u00f1o de telescopios, Meade ha introducido docenas de mejoras a lo largo de los a\u00f1os y que han hecho que la astronom\u00eda amateur sea m\u00e1s f\u00e1cil y m\u00e1s agradable que nunca.&lt;span id=&#8221;result_box&#8221; class=&#8221;&#8221; lang=&#8221;es&#8221;&gt;&lt;span class=&#8221;&#8221;&gt;Fue fundada&lt;\/span&gt; en 1972, e inici\u00f3 su actividad como una emprea de un solo hombre, &lt;span class=&#8221;&#8221;&gt;de pedidos por correo&lt;\/span&gt; de peque\u00f1os telescopios refractores. Ya en 1973 se hizo evidente &lt;span class=&#8221;&#8221;&gt;que hab\u00eda una&lt;\/span&gt; necesidad m\u00e1s grande y no satisfecha de accesorios de calidad&lt;span class=&#8221;&#8221;&gt;, lo que provoc\u00f3&lt;\/span&gt; que Meade agregara l\u00edneas de oculares ortosc\u00f3pico y Kellner y, &lt;span class=&#8221;&#8221;&gt;poco despu\u00e9s&lt;\/span&gt;, l\u00edneas de enfocadores de precisi\u00f3n de pi\u00f1\u00f3n y &lt;span class=&#8221;&#8221;&gt;cremallera, buscadores, filtros, adaptadores para c\u00e1mara, y otros m\u00e1s&lt;\/span&gt;&lt;span class=&#8221;&#8221;&gt;.&lt;\/span&gt; Incluso se reconoc\u00eda que los accesorios de Meade contaban con algunas mejoras que no estaban presentes en otras marcas, como los enfocadores que incluian resortes de presi\u00f3n que permit\u00eda un movimiento m\u00e1s suave, y los buscadores que incluian oculares de campo amplio que no era la costumbre entonces.&lt;\/span&gt;Para 1977, Meade Instruments ofrec\u00eda una amplia gamma de accesorios de telescopios y partes para los aficionados, una gama que, de hecho, permiti\u00f3 que la compa\u00f1\u00eda ofreciera sus primeros telescopios hechos en su propia planta.\u00a0 Entre estos se cuentan los modelos 628 y 826, as\u00ed como un reflector de 8&#8243;. Con los reflectores Meade los aficionados norteamericanos encontraron lo que ten\u00edan, pro primera ocasi\u00f3n, un fabricante de telescopios que ofrec\u00eda productos de calidad a un precio razonable, y que de manera continua se actualizaban sus productos t\u00e9cnicamente, y sobre todo, uno que se mentuvo firme detr\u00e1s de cada venta.&lt;br \/&gt;La voz se comenz\u00f3 a dispersar entre los aficionados de Meade Instruments era una empresa en la que se pod\u00eda confiar, una que hace y quiere decir lo que dice.\u00a0 Estos valores, ahora frecuentemente abusadas, son todav\u00eda la base de los que hoy en d\u00eda es en la actualidad.&lt;br \/&gt;En 1978 Meade Instruments toma su mayor desaf\u00edo hasta la fecha: ingresar en el mercado de los telescopios Scmidt-Cassegrain.\u00a0 El desarrollo del telescopio original de 8&#8243;, el Meade 2080, tom\u00f3 3 a\u00f1os y todos los recursos financieros y de ingenier\u00eda disponible que la empresa ten\u00eda disponibles, a pesar que la empresa hab\u00eda tenido un gran crecimiento hacia fines de la d\u00e9cada de los 70&#8217;s.\u00a0 Pero Meade esaba decidido a consolidar el dise\u00f1o del Scmidt-Cassegrain &#8211; un dise\u00f1o que se cre\u00eda contaba con ventajas abrumadoras para el aficionado decidido, pero no estaba resultando en uno muy avanzado t\u00e9cnicamente por la ausencia de una competencia.&lt;\/p&gt; &lt;p&gt;Con el anuncio, en Septiembre de 1980, el modelo 2080 &#8211; el primer telescopio 8&#8243; SC comercialmente disponible inclu\u00eda transmisiones con entranes sin fin &#8211; Meade Instruments comenz\u00f3 a crecer r\u00e1pidamente, y a acumular primeros lugares en el mercado de los telescopios:&lt;strong&gt;El LX3&lt;\/strong&gt;, introducido en 1984, el primer SC que incluye un sistema de motores con electr\u00f3nica integrada.\u00a0 Este fue tambi\u00e9n ampliamente reconocido domo el primer telescopio integrado para astrofotograf\u00eda en el mercado de las masas.&lt;\/p&gt; &lt;p&gt;&lt;strong&gt;El LX6&lt;\/strong&gt; en 1990, que incluye el novedoso Smart Drive\u2122, el primer software que incluye Correcci\u00f3n Peri\u00f3dica de Error permanentemente programada.\u00a0 Considerado como un modelo de lujo en su lanzamiento, muchas de sus caracter\u00edsticas todav\u00eda est\u00e1n presentes en los LX200 hoy en d\u00eda.&lt;\/p&gt; &lt;p&gt;&lt;strong&gt;El LX200\u00ae&lt;\/strong&gt; en 1992, el primer sistema GoTo comercialmente exitoso.\u00a0 Con el lanzamientom del LX200, Meade tambi\u00e9n introdujo una nueva montura de horqueta m\u00e1s robusta que redic\u00eda la vibraci\u00f3n, colocando al LX200 como el nuevo est\u00e1ndar de las plataformas de astrofotograf\u00eda para los aficionados.&lt;\/p&gt; &lt;p&gt;&lt;strong&gt;El LX200\u00ae&lt;\/strong&gt; &lt;strong&gt;de 16&#8243;&lt;\/strong&gt; en 1994, el primer SC comercial de clase observatorio completamente computarizado. Con el 16&#8243; LX200, Meade abri\u00f3 la puerta para el aficionado serio.\u00a0 Ahora ya era posible contar con un equipo poderoso de clase de observatorio a una fracci\u00f3n de precio de otros telescopios de capacidades similares \u2014 y el \u00fanico disponible para el p\u00fablico.&lt;\/p&gt; &lt;p&gt;&lt;strong&gt;La Serie ETX&lt;\/strong&gt; con controlador AutoStar en 1999, el primer telescopio port\u00e9til completamente computarizado. Combinando la ligereza y portabilidad y la conveniencoa de una electr\u00f3nica GoTo, el ETX se convirti\u00f3 en el favorito de las comunidades astron\u00f3micas \u2014 un ligar que mantiene en la actualidad.&lt;\/p&gt; &lt;p&gt;Movi\u00e9ndose hacia el siglo 21, Meade contin\u00faa con primeros lugares en la industria, solidificando su posici\u00f3n como in l\u00edder innovador en el mercado de las astronom\u00eda de aficionados:&lt;\/p&gt; &lt;p&gt;&lt;strong&gt;UHTC de Meade&lt;\/strong&gt; en 2002, es el primer recubrimiento de ultra alta transmisi\u00f3n comercial para telescopios. Dise\u00f1ado prec\u00edsamente para mejorar el desempe\u00f1o de la \u00f3ptica de los telescopios, estos recubrimientos de capas m\u00faltiples incrementan la transmisi\u00f3n de la luz \u2014 en promedio a lo largo del espectro visible \u2014 por aproximadamente 15% (por ejemplo, los recubrimientos UHTC de Meade incrementan el brillo de un telescopio 10&#8243; LX200-ACF por un equivalente a aproximadamente 0.75&#8243; m\u00e1s de apertura), dando como resultado un mejor desempe\u00f1o tanto para los observadores como para los astrofot\u00f3grafos. Estos recubrimiento son los est\u00e1ndares en Meade y solamente est\u00e1n disponibles de Meade.&lt;\/p&gt; &lt;p&gt;&lt;strong&gt;Sistema Optico Avanzado Libre de Coma (Advanced Coma-Free),&lt;\/strong&gt; el primer sistema \u00f3ptico accesible que ofrece un desempe\u00f1o de campo plano como los telescopios Ritchey-Chr\u00e9tien-like, en el 2005. Un telescopio tradicional Ritchey-Chr\u00e9tien (RC) es un tipo de reflector que ofrece vistas de campo planopor medio de un espejos primario y secundarios hiperb\u00f3licos. Debido a que los espejos en estos telescopio siempre han sido muy caros para fabricar, pocos astr\u00f3nomos aficionados pod\u00edan disfrutar de ellos. Con la idea de que hab\u00eda una mejor manera de dise\u00f1ar este sistema \u00f3ptico, los ingenieros de Meade desarrollaron un nuevo y radical dise\u00f1o combinando un espejo secundario hiperb\u00f3lico con un lente corrector y un espejo primario esf\u00e9rico que funciona como un elemento hiperb\u00f3lico.\u00a0 Este dise\u00f1o ACF produce un campo libre de coma, un campo m\u00e1s m\u00e1s plano que compite con los telescopios RC a una fracci\u00f3n de su costo.\u00a0 El dise\u00f1o elimina los destellos de difracci\u00f3n y mejora el astigmatismo, ambos inherentes del anterior dise\u00f1o RC.\u00a0 Ning\u00fan otro dise\u00f1o \u00f3ptico cuenta con este nivel de desempe\u00f1o y bajo precio como los ACF.&lt;\/p&gt; &lt;p&gt;&lt;strong&gt;Tecnolog\u00eda LightSwitch&lt;\/strong&gt;, el primer sistema de un solo bot\u00f3n, con alineaci\u00f3n completamente autom\u00e1tica, fu\u00e9 introducida en el a\u00f1o 2009. La revolucionaria serie de telescopios LS LightSwitch utilizan tecnolog\u00eda avanzada como GPS, LNT and ECLIPS CCD para hacer lo que ning\u00fan telescopio comercial hab\u00eda podido: acaba con todas las dificultades en el uso de un telescopio.\u00a0 Simplemente activa el interruptor y el LS autom\u00e1ticamente se al\u00ednea por s\u00ed mismo sin ninguna acci\u00f3n por parte del usuario.\u00a0 Muy simple, es el telescopio m\u00e1s sofisticado y f\u00e1cil de usar nunva antes producido.&lt;\/p&gt; &lt;p&gt;&lt;strong&gt;Astronomer Inside&lt;\/strong&gt;, el primer contenido multimedia integrado a un telescopio, introducido en el 2009.\u00a0 Como una parte integral del desarrollo del la l\u00ednea de telescopios LS, Meade produjo un contenido de audio y video que permite a los usuarios experimentar el Universo como nunca antes.\u00a0\u00a0 Culminando con m\u00e1s de 5 horas de hechos e historia fascinante, se decidi\u00f3 que el contenido era tan bueno que deb\u00eda ser incluido en otros productos.\u00a0 Una decisi\u00f3n que lleva a la creaci\u00f3n del AudioStar: el primer controlador computarizado de mano con audio, en el 2010.\u00a0 COn todo el contenido, el siguiente paso era obvio: dise\u00f1ar un controlador con todas las caracter\u00edsticas del innovador AutoStar, con la capacidad adicional de contar con salida de audio.\u00a0 Primero incluido con la l\u00ednea de telescopios StarNavigator para nuevos aficionados, los controladores AudioStar ahora son est\u00e1ndar\u00a0 con casi todos los telescopios Meade.&lt;\/p&gt; &lt;p&gt;En el 2012, Meade celebr\u00f3 su aniversario 40. Pocos fabricantes de telescopios pueden festejar esta longevidad. Y ahora, al tiempo que Meade se embarca en su 5a d\u00e9cada ofrciendo tecnolog\u00eda avanzda a precios asequibles, hemos introducido dos nuevas tecnolog\u00edas inicial otra nnueva lista de primicias, el &lt;strong&gt;LX850 y el LX600 con StarLock&lt;\/strong&gt;.&lt;\/p&gt; &lt;p&gt;&lt;b&gt;El LX850&lt;\/b&gt; con StarLockes lo \u00faltimo el una larga l\u00ednea de productos avanzados de astronom\u00eda.\u00a0 Utilizando una revolucionaria nueva tecnolog\u00eda, cada aspecto de este sistema ha sido dise\u00f1ado para ofrecer un nuevo est\u00e1ndar en desempe\u00f1o astrofotogr\u00e1fico y visual. StarLock &#8211; el coraz\u00f3n del LX850 &#8211; hace que la adquisici\u00f3n del blanco de rastreo en el sensor generador de imagen y el guiado preciso durante la toma de la imagen sean completamente autom\u00e1ticos.\u00a0 Con la tecnolog\u00eda LightSwitch exclusiva de Meade en su n\u00facleo, el StarLock utiliza una \u00f3ptica 80mm f\/5 y un lente de campo s\u00faper amplio en un sistema de dos lentes que autom\u00e1ticamente localiza el blanco con ultra-alta precisi\u00f3n, captura inmediatamente una estrella en el capo tan tenue como hasta magnitud 11 y luego gu\u00eda con una precisi\u00f3n increible (de un segundo de arco).\u00a0 El StarLock logra esta sorprendente precisi\u00f3n debido a que, a diferencia de otros guiadores, el StarLock integrado en el sistema de control del telescopio y se comunica directamente con los controladores de los motores en tiempo real con ua m\u00e1xima precisi\u00f3n de 0.01 segundos de arco.&lt;\/p&gt; &lt;p&gt;&lt;b&gt;El LX600&lt;\/b&gt; con StarLock que ha sido contruido tomando como base el venerable LX200, integrando el sistema de Autoguiado de tiempo completo StarLock de Meade,una \u00f3ptica ACF libre de coma r\u00e1pida &#8211; f\/8 -, brazos desmontables y la nueva plataforma ecuatorial con maquinado CNC de precici\u00f3n llamda X-Wedge. Este telescopio combina la facilidad de uso visual en forma altacimutal con las opciones de trabajar de manera muy precisa para astrofotograf\u00eda con el uso de X-Wedge.\u00a0 Nunca antes hab\u00eda habido un instrumento astron\u00edmico tan vers\u00e1til como el LX600.&lt;\/p&gt; &lt;p&gt;Meade Instruments ha creado su reputaci\u00f3n y sus productos a trav\u00e9s de la innovaci\u00f3n y tecnolog\u00edas l\u00edderes en el mercado.\u00a0 Usted encontar\u00e1 que en cada producto que fabricamos, Meade Instruments est\u00e1 agregando tecnolog\u00eda a todos los productos para hacerlos m\u00e1s f\u00e1ciles y divertidos de usar.\u00a0 En Meade, creemos que al usar la tecnolog\u00eda para hacer la astronom\u00eda m\u00e1s accesible y agradable para tosos, sin importar su nivel de experiencia. Es la manera que qye hemos hecho negocio por las \u00faltimas cuatro d\u00e9cadas, y continuaremos haciendo negocio en nuestra quinta d\u00e9cada y m\u00e1s all\u00e1.&lt;\/p&gt; &lt;p&gt;This entry was posted in on March 4, 2014&lt;span class=&#8221;by-author&#8221;&gt; by Meade&lt;\/span&gt;.&lt;strong&gt;Kosmos Scientific y su relaci\u00f3n con Meade&lt;\/strong&gt;Kosmos Scientific de M\u00e9xico inicia operaciones en diciembre de 1989 y en en 1993 se convierte en el respresentante de Meade Instruments en M\u00e9xico.\u00a0 A partir del 2015, Kosmos Scientific ha sido nombrado como el reprentante para Latinoam\u00e9rica y el Caribe para todos los productos de Meade Instruments.Si te interesa formar parte de nuestro equipo de establecimientos afiliados env\u00eda un correo a &lt;a href=&#8221;mailto:info@meade.mx&#8221; data-mce-href=&#8221;mailto:info@meade.mx&#8221;&gt;info@meade.mx&lt;\/a&gt; o &lt;a href=&#8221;mailto:info@meade.lat&#8221; data-mce-href=&#8221;mailto:info@meade.lat&#8221;&gt;info@meade.lat&lt;\/a&gt;.&lt;br \/&gt;<\/p>\n<\/div><\/section>&lt;\/p&gt;<\/p>\n","protected":false},"excerpt":{"rendered":"<p>&lt;p&gt;&lt;span id=&#8221;mce_marker&#8221; data-mce-type=&#8221;bookmark&#8221;&gt;\u200b&lt;\/span&gt;&lt;span id=&#8221;__caret&#8221;&gt;_&lt;\/span&gt;&lt;\/p&gt; &lt;p&gt;&lt;\/p&gt;<\/p>\n","protected":false},"author":2,"featured_media":0,"parent":0,"menu_order":0,"comment_status":"closed","ping_status":"closed","template":"","meta":{"footnotes":""},"class_list":["post-6109","page","type-page","status-publish","hentry"],"_links":{"self":[{"href":"https:\/\/www.meade.com.mx\/index.php\/wp-json\/wp\/v2\/pages\/6109","targetHints":{"allow":["GET"]}}],"collection":[{"href":"https:\/\/www.meade.com.mx\/index.php\/wp-json\/wp\/v2\/pages"}],"about":[{"href":"https:\/\/www.meade.com.mx\/index.php\/wp-json\/wp\/v2\/types\/page"}],"author":[{"embeddable":true,"href":"https:\/\/www.meade.com.mx\/index.php\/wp-json\/wp\/v2\/users\/2"}],"replies":[{"embeddable":true,"href":"https:\/\/www.meade.com.mx\/index.php\/wp-json\/wp\/v2\/comments?post=6109"}],"version-history":[{"count":8,"href":"https:\/\/www.meade.com.mx\/index.php\/wp-json\/wp\/v2\/pages\/6109\/revisions"}],"predecessor-version":[{"id":8285,"href":"https:\/\/www.meade.com.mx\/index.php\/wp-json\/wp\/v2\/pages\/6109\/revisions\/8285"}],"wp:attachment":[{"href":"https:\/\/www.meade.com.mx\/index.php\/wp-json\/wp\/v2\/media?parent=6109"}],"curies":[{"name":"wp","href":"https:\/\/api.w.org\/{rel}","templated":true}]}}