{"id":6291,"date":"2016-06-10T03:52:54","date_gmt":"2016-06-10T03:52:54","guid":{"rendered":"http:\/\/www.meade.com.mx\/?page_id=6291"},"modified":"2016-08-13T23:23:13","modified_gmt":"2016-08-13T23:23:13","slug":"tubo-16-acf-f8-cuhtc","status":"publish","type":"page","link":"https:\/\/www.meade.com.mx\/index.php\/tubo-16-acf-f8-cuhtc\/","title":{"rendered":"Tubo Optico 16&#8243; ACF f\/8 c\/UHTC"},"content":{"rendered":"<div class=\"flex_column av_one_half  flex_column_div av-zero-column-padding first  \" style='border-radius:0px; '><div class='avia-gallery  avia-gallery-1 avia_lazyload avia_animate_when_visible '  itemscope=\"itemscope\" itemtype=\"https:\/\/schema.org\/ImageObject\" ><a class='avia-gallery-big fakeLightbox lightbox avia-gallery-big-crop-thumb ' href='https:\/\/www.meade.com.mx\/wp-content\/uploads\/2016\/06\/f8_16_ota_22-1030x687.png'  data-onclick='1' title='' ><span class='avia-gallery-big-inner'  itemprop=\"thumbnailUrl\" >\t<img width='705' height='470' src='https:\/\/www.meade.com.mx\/wp-content\/uploads\/2016\/06\/f8_16_ota_22-705x470.png' title='f8_16_ota_2' alt='' \/><\/span><\/a><div class='avia-gallery-thumb'> <a href='https:\/\/www.meade.com.mx\/wp-content\/uploads\/2016\/06\/f8_16_ota_22-1030x687.png' data-rel='gallery-1' data-prev-img='https:\/\/www.meade.com.mx\/wp-content\/uploads\/2016\/06\/f8_16_ota_22-705x470.png' class='first_thumb lightbox ' data-onclick='1' title=''  itemprop=\"thumbnailUrl\" ><img  src='https:\/\/www.meade.com.mx\/wp-content\/uploads\/2016\/06\/f8_16_ota_22-180x180.png' width='180' height='180'  title='f8_16_ota_2' alt='' \/><\/a> <a href='https:\/\/www.meade.com.mx\/wp-content\/uploads\/2016\/06\/lx800-ota-fr_4.jpg' data-rel='gallery-1' data-prev-img='https:\/\/www.meade.com.mx\/wp-content\/uploads\/2016\/06\/lx800-ota-fr_4-705x705.jpg' class='lightbox ' data-onclick='2' title=''  itemprop=\"thumbnailUrl\" ><img  src='https:\/\/www.meade.com.mx\/wp-content\/uploads\/2016\/06\/lx800-ota-fr_4-180x180.jpg' width='180' height='180'  title='lx800-ota-fr_4' alt='' \/><\/a> <a href='https:\/\/www.meade.com.mx\/wp-content\/uploads\/2016\/06\/lx850-lx600-crayford_1.jpg' data-rel='gallery-1' data-prev-img='https:\/\/www.meade.com.mx\/wp-content\/uploads\/2016\/06\/lx850-lx600-crayford_1-705x705.jpg' class='lightbox ' data-onclick='3' title=''  itemprop=\"thumbnailUrl\" ><img  src='https:\/\/www.meade.com.mx\/wp-content\/uploads\/2016\/06\/lx850-lx600-crayford_1-180x180.jpg' width='180' height='180'  title='lx850-lx600-crayford_1' alt='' \/><\/a> <a href='https:\/\/www.meade.com.mx\/wp-content\/uploads\/2016\/06\/lx850-radius-blocks_2-1030x1030.jpg' data-rel='gallery-1' data-prev-img='https:\/\/www.meade.com.mx\/wp-content\/uploads\/2016\/06\/lx850-radius-blocks_2-705x705.jpg' class='lightbox ' data-onclick='4' title=''  itemprop=\"thumbnailUrl\" ><img  src='https:\/\/www.meade.com.mx\/wp-content\/uploads\/2016\/06\/lx850-radius-blocks_2-180x180.jpg' width='180' height='180'  title='lx850-radius-blocks_2' alt='' \/><\/a> <a href='https:\/\/www.meade.com.mx\/wp-content\/uploads\/2016\/06\/lx850-top-rail_2-1030x1030.jpg' data-rel='gallery-1' data-prev-img='https:\/\/www.meade.com.mx\/wp-content\/uploads\/2016\/06\/lx850-top-rail_2-705x705.jpg' class='lightbox ' data-onclick='5' title=''  itemprop=\"thumbnailUrl\" ><img  src='https:\/\/www.meade.com.mx\/wp-content\/uploads\/2016\/06\/lx850-top-rail_2-180x180.jpg' width='180' height='180'  title='lx850-top-rail_2' alt='' \/><\/a><\/div><\/div><\/div>\n<div class=\"flex_column av_one_half  flex_column_div av-zero-column-padding   \" style='border-radius:0px; '><p><div style='padding-bottom:10px;' class='av-special-heading av-special-heading-h2  blockquote modern-quote   '><h2 class='av-special-heading-tag '  itemprop=\"headline\"  >Tubo Optico 16&#8243; ACF f\/8 c\/UHTC<\/h2><div class='special-heading-border'><div class='special-heading-inner-border' ><\/div><\/div><\/div><br \/>\n<div style=' margin-top:30; margin-bottom:30px;'  class='hr hr-custom hr-center hr-icon-no  '><span class='hr-inner   inner-border-av-border-thin' style=' width:100%; border-color:#cecece;' ><span class='hr-inner-style'><\/span><\/span><\/div><br \/>\n<section class=\"av_textblock_section \"  itemscope=\"itemscope\" itemtype=\"https:\/\/schema.org\/CreativeWork\" ><div class='avia_textblock  av_inherit_color '  style='font-size:17px; color:#3076b3; '  itemprop=\"text\" ><div class=\"std\">\n<ul>\n<li>Optica 16&#8243; f\/8 Libre de Coma Avanzada &#8211; longitud focal de 3251mm<\/li>\n<\/ul>\n<ul>\n<li>Recubrimientos de Ultra Alta Transmisi\u00f3n (Ultra-High Transmission Coatings &#8211; UHTC)<\/li>\n<\/ul>\n<ul>\n<li>Espejo primario de tama\u00f1o excedido y fabricado con borosilicato de baja expansi\u00f3n<\/li>\n<\/ul>\n<ul>\n<li>Cola de pato tipo Losmandy<\/li>\n<\/ul>\n<ul>\n<li>Candado para el espejo primario para una mayor estabilidad de imagen<\/li>\n<\/ul>\n<\/div>\n<\/div><\/section><\/p><\/div>\n<div style=' margin-top:30; margin-bottom:30px;'  class='hr hr-custom hr-center hr-icon-no  '><span class='hr-inner   inner-border-av-border-thin' style=' width:100%; border-color:#cecece;' ><span class='hr-inner-style'><\/span><\/span><\/div>\n<div class=\"tabcontainer   top_tab  \">\n\n<section class=\"av_tab_section\"  itemscope=\"itemscope\" itemtype=\"https:\/\/schema.org\/CreativeWork\" >    <div data-fake-id=\"#tab-id-1\" class=\"tab active_tab\"  itemprop=\"headline\" ><span class='tab_icon' aria-hidden='true' data-av_icon='\ue84e' data-av_iconfont='entypo-fontello'><\/span>Descripci\u00f3n del Producto<\/div>\n    <div id=\"tab-id-1-container\" class=\"tab_content active_tab_content\">\n        <div class=\"tab_inner_content invers-color\"  itemprop=\"text\" >\n<p><strong>Tubo Optico Meade 16&#8243; f\/8 ACF #1608-80-01 con cola de pato tipo Losmandy. Lo escencial a un precio inmejorable.<\/strong><\/p>\n<div class=\"std\">\n<p><span id=\"result_box\" class=\"\" lang=\"es\"><span class=\"\">Hemos escuchado<\/span> sus peticiones, y escuchamos. Es por eso que <span class=\"\">estamos orgullosos de<\/span> los tubos opticos f\/8 sin accesorios a un costo ultra-<span class=\"\">bajo<\/span><\/span>.<\/p>\n<p>Contrtuidos con la galardonada \u00f3ptica Libre de Coma Avazada (Advanced Coma-Free\u2122 &#8211; ACF\u2122) de Meade, este tubo \u00f3ptico de 16&#8243; utiliza un r\u00e1pido sistema \u00f3ptico f\/8 con bafles para un alto contraste que aseguran im\u00e1genes estelares brillantes y puntuales en todo el campo de visi\u00f3n. Incluye un sistema de enfoque interno tipo Crayford\u00a0 de corrimiento nulo de dos velocidades con reductor de velocidad 7:1 para garantizar un enfoque preciso a cualquier magificaci\u00f3n.\u00a0 Tambi\u00e9n incluye los reubrimientos \u00f3pticos anrireflejantes de ultra alta transmisi\u00f3n (UHTC &#8211; Ultra-High Transmission Coatings) exclusivos de Meade para lograr el m\u00e1ximo brillo y contraste, un espejo primario de di\u00e1metro excedido y de cristal de baja dispersi\u00f3n logra una apertura extra y previene la expansi\u00f3n t\u00e9rmica del espejo.\u00a0 Tambi\u00e9n cuenta con \u00f3ptica de difracci\u00f3n limitada.<\/p>\n<p>Incluye cola de pato maquinada de precici\u00f3n tipo Losmandy\u00a0 que se fija al tubo \u00f3ptico por medio de un par de acoplamientos s\u00f3lidos para asegurar el mejor estabilidad en el montaje, y tapa frontal y trasera. Su longitud focal es de 3251mm.Su peso es de 31.8 kg.<\/p>\n<p>El producto incluye una garant\u00eda limitada de f\u00e1brica por un a\u00f1o.<\/p>\n<\/div>\n\n        <\/div>\n    <\/div>\n<\/section>\n\n<section class=\"av_tab_section\"  itemscope=\"itemscope\" itemtype=\"https:\/\/schema.org\/CreativeWork\" >    <div data-fake-id=\"#tab-id-2\" class=\"tab \"  itemprop=\"headline\" ><span class='tab_icon' aria-hidden='true' data-av_icon='\ue856' data-av_iconfont='entypo-fontello'><\/span>Especificaciones T\u00e9cnicas<\/div>\n    <div id=\"tab-id-2-container\" class=\"tab_content \">\n        <div class=\"tab_inner_content invers-color\"  itemprop=\"text\" >\n<table id=\"product-attribute-specs-table\" class=\"data-table\">\n<tbody>\n<tr class=\"first odd\">\n<th class=\"label\">Garant\u00eda<\/th>\n<td class=\"data last\">1 A\u00f1o<\/td>\n<\/tr>\n<tr class=\"even\">\n<th class=\"label\">Apertura<\/th>\n<td class=\"data last\">16&#8243;<\/td>\n<\/tr>\n<tr class=\"odd\">\n<th class=\"label\">Dise\u00f1o Optico<\/th>\n<td class=\"data last\">Libre de Coma Avanzado (ACF)<\/td>\n<\/tr>\n<tr class=\"even\">\n<th class=\"label\">Recubrimientos Opticos<\/th>\n<td class=\"data last\">Ultra Alta Transmisi\u00f3n (UHTC\u2122)<\/td>\n<\/tr>\n<tr class=\"odd\">\n<th class=\"label\">Longitud Focal<\/th>\n<td class=\"data last\">3251mm<\/td>\n<\/tr>\n<tr class=\"even\">\n<th class=\"label\">Relaci\u00f3n Focal<\/th>\n<td class=\"data last\">f\/8<\/td>\n<\/tr>\n<tr class=\"odd\">\n<th class=\"label\">Poder de Resoluci\u00f3n (L\u00edmite de Dawes)<\/th>\n<td class=\"data last\">0.285 segundos de arco<\/td>\n<\/tr>\n<tr class=\"even\">\n<th class=\"label\">Abanico para Enfriamientio del Espejo Primario<\/th>\n<td class=\"data last\">Si<\/td>\n<\/tr>\n<tr class=\"odd\">\n<th class=\"label\">Espejo de Tama\u00f1o Mayor al Nominal<\/th>\n<td class=\"data last\">Si<\/td>\n<\/tr>\n<tr class=\"even\">\n<th class=\"label\">Candado del Espejo Primario<\/th>\n<td class=\"data last\">Si<\/td>\n<\/tr>\n<tr class=\"odd\">\n<th class=\"label\">Mecanismo de Enfoque<\/th>\n<td class=\"data last\">Interno tipo Crayford, de corrimiento nulo, doble velocidad 7:1<\/td>\n<\/tr>\n<tr class=\"last even\">\n<th class=\"label\">Cola de Pato (o Milano)<\/th>\n<td class=\"data last\">Tipo Losmandy\u00ae con acoplamientos ultra-estables<\/td>\n<\/tr>\n<\/tbody>\n<\/table>\n\n        <\/div>\n    <\/div>\n<\/section>\n\n<\/div>\n\n","protected":false},"excerpt":{"rendered":"","protected":false},"author":7,"featured_media":0,"parent":0,"menu_order":0,"comment_status":"closed","ping_status":"closed","template":"","meta":{"footnotes":""},"class_list":["post-6291","page","type-page","status-publish","hentry"],"_links":{"self":[{"href":"https:\/\/www.meade.com.mx\/index.php\/wp-json\/wp\/v2\/pages\/6291","targetHints":{"allow":["GET"]}}],"collection":[{"href":"https:\/\/www.meade.com.mx\/index.php\/wp-json\/wp\/v2\/pages"}],"about":[{"href":"https:\/\/www.meade.com.mx\/index.php\/wp-json\/wp\/v2\/types\/page"}],"author":[{"embeddable":true,"href":"https:\/\/www.meade.com.mx\/index.php\/wp-json\/wp\/v2\/users\/7"}],"replies":[{"embeddable":true,"href":"https:\/\/www.meade.com.mx\/index.php\/wp-json\/wp\/v2\/comments?post=6291"}],"version-history":[{"count":12,"href":"https:\/\/www.meade.com.mx\/index.php\/wp-json\/wp\/v2\/pages\/6291\/revisions"}],"predecessor-version":[{"id":8028,"href":"https:\/\/www.meade.com.mx\/index.php\/wp-json\/wp\/v2\/pages\/6291\/revisions\/8028"}],"wp:attachment":[{"href":"https:\/\/www.meade.com.mx\/index.php\/wp-json\/wp\/v2\/media?parent=6291"}],"curies":[{"name":"wp","href":"https:\/\/api.w.org\/{rel}","templated":true}]}}