{"id":6528,"date":"2016-06-15T16:41:07","date_gmt":"2016-06-15T16:41:07","guid":{"rendered":"http:\/\/www.meade.com.mx\/?page_id=6528"},"modified":"2016-07-30T21:59:56","modified_gmt":"2016-07-30T21:59:56","slug":"lx200-acf-16-con-tripie-super-gigante","status":"publish","type":"page","link":"https:\/\/www.meade.com.mx\/index.php\/lx200-acf-16-con-tripie-super-gigante\/","title":{"rendered":"LX200-ACF 16\u2019\u2019 c\/ Tripi\u00e9 S\u00faper Gigante"},"content":{"rendered":"<div class=\"flex_column av_one_half  flex_column_div av-zero-column-padding first  \" style='border-radius:0px; '><div class='avia-gallery  avia-gallery-1 avia_lazyload avia_animate_when_visible '  itemscope=\"itemscope\" itemtype=\"https:\/\/schema.org\/ImageObject\" ><a class='avia-gallery-big fakeLightbox lightbox avia-gallery-big-crop-thumb ' href='https:\/\/www.meade.com.mx\/wp-content\/uploads\/2016\/06\/lx200_16in_sgft_front_1610-60-02-665x1030.jpg'  data-onclick='1' title='' ><span class='avia-gallery-big-inner'  itemprop=\"thumbnailUrl\" >\t<img width='455' height='705' src='https:\/\/www.meade.com.mx\/wp-content\/uploads\/2016\/06\/lx200_16in_sgft_front_1610-60-02-455x705.jpg' title='lx200_16in_sgft_front_1610-60-02' alt='' \/><\/span><\/a><div class='avia-gallery-thumb'> <a href='https:\/\/www.meade.com.mx\/wp-content\/uploads\/2016\/06\/lx200_16in_sgft_front_1610-60-02-665x1030.jpg' data-rel='gallery-1' data-prev-img='https:\/\/www.meade.com.mx\/wp-content\/uploads\/2016\/06\/lx200_16in_sgft_front_1610-60-02-455x705.jpg' class='first_thumb lightbox ' data-onclick='1' title=''  itemprop=\"thumbnailUrl\" ><img  src='https:\/\/www.meade.com.mx\/wp-content\/uploads\/2016\/06\/lx200_16in_sgft_front_1610-60-02-180x180.jpg' width='180' height='180'  title='lx200_16in_sgft_front_1610-60-02' alt='' \/><\/a> <a href='https:\/\/www.meade.com.mx\/wp-content\/uploads\/2016\/06\/lx200_16in_sgft_frontleft_1610-60-02-687x1030.jpg' data-rel='gallery-1' data-prev-img='https:\/\/www.meade.com.mx\/wp-content\/uploads\/2016\/06\/lx200_16in_sgft_frontleft_1610-60-02-470x705.jpg' class='lightbox ' data-onclick='2' title=''  itemprop=\"thumbnailUrl\" ><img  src='https:\/\/www.meade.com.mx\/wp-content\/uploads\/2016\/06\/lx200_16in_sgft_frontleft_1610-60-02-180x180.jpg' width='180' height='180'  title='lx200_16in_sgft_frontleft_1610-60-02' alt='' \/><\/a> <a href='https:\/\/www.meade.com.mx\/wp-content\/uploads\/2016\/06\/lx200_16in_sgft_frontright_1610-60-02-543x1030.jpg' data-rel='gallery-1' data-prev-img='https:\/\/www.meade.com.mx\/wp-content\/uploads\/2016\/06\/lx200_16in_sgft_frontright_1610-60-02-371x705.jpg' class='lightbox ' data-onclick='3' title=''  itemprop=\"thumbnailUrl\" ><img  src='https:\/\/www.meade.com.mx\/wp-content\/uploads\/2016\/06\/lx200_16in_sgft_frontright_1610-60-02-180x180.jpg' width='180' height='180'  title='lx200_16in_sgft_frontright_1610-60-02' alt='' \/><\/a> <a href='https:\/\/www.meade.com.mx\/wp-content\/uploads\/2016\/06\/lx200_16in_sgft_rear_1610-60-02-687x1030.jpg' data-rel='gallery-1' data-prev-img='https:\/\/www.meade.com.mx\/wp-content\/uploads\/2016\/06\/lx200_16in_sgft_rear_1610-60-02-470x705.jpg' class='lightbox ' data-onclick='4' title=''  itemprop=\"thumbnailUrl\" ><img  src='https:\/\/www.meade.com.mx\/wp-content\/uploads\/2016\/06\/lx200_16in_sgft_rear_1610-60-02-180x180.jpg' width='180' height='180'  title='lx200_16in_sgft_rear_1610-60-02' alt='' \/><\/a> <a href='https:\/\/www.meade.com.mx\/wp-content\/uploads\/2016\/06\/lx200_16in_sgft_rearleft_1610-60-02-687x1030.jpg' data-rel='gallery-1' data-prev-img='https:\/\/www.meade.com.mx\/wp-content\/uploads\/2016\/06\/lx200_16in_sgft_rearleft_1610-60-02-470x705.jpg' class='lightbox ' data-onclick='5' title=''  itemprop=\"thumbnailUrl\" ><img  src='https:\/\/www.meade.com.mx\/wp-content\/uploads\/2016\/06\/lx200_16in_sgft_rearleft_1610-60-02-180x180.jpg' width='180' height='180'  title='lx200_16in_sgft_rearleft_1610-60-02' alt='' \/><\/a> <a href='https:\/\/www.meade.com.mx\/wp-content\/uploads\/2016\/06\/lx200_16in_sgft_rearright_1610-60-02-687x1030.jpg' data-rel='gallery-1' data-prev-img='https:\/\/www.meade.com.mx\/wp-content\/uploads\/2016\/06\/lx200_16in_sgft_rearright_1610-60-02-470x705.jpg' class='first_thumb lightbox ' data-onclick='6' title=''  itemprop=\"thumbnailUrl\" ><img  src='https:\/\/www.meade.com.mx\/wp-content\/uploads\/2016\/06\/lx200_16in_sgft_rearright_1610-60-02-180x180.jpg' width='180' height='180'  title='lx200_16in_sgft_rearright_1610-60-02' alt='' \/><\/a> <a href='https:\/\/www.meade.com.mx\/wp-content\/uploads\/2016\/06\/lx200_16in_sgft_sideleft_1610-60-02-687x1030.jpg' data-rel='gallery-1' data-prev-img='https:\/\/www.meade.com.mx\/wp-content\/uploads\/2016\/06\/lx200_16in_sgft_sideleft_1610-60-02-470x705.jpg' class='lightbox ' data-onclick='7' title=''  itemprop=\"thumbnailUrl\" ><img  src='https:\/\/www.meade.com.mx\/wp-content\/uploads\/2016\/06\/lx200_16in_sgft_sideleft_1610-60-02-180x180.jpg' width='180' height='180'  title='lx200_16in_sgft_sideleft_1610-60-02' alt='' \/><\/a> <a href='https:\/\/www.meade.com.mx\/wp-content\/uploads\/2016\/06\/lx200_16in_sgft_sideright_1610-60-02-687x1030.jpg' data-rel='gallery-1' data-prev-img='https:\/\/www.meade.com.mx\/wp-content\/uploads\/2016\/06\/lx200_16in_sgft_sideright_1610-60-02-470x705.jpg' class='lightbox ' data-onclick='8' title=''  itemprop=\"thumbnailUrl\" ><img  src='https:\/\/www.meade.com.mx\/wp-content\/uploads\/2016\/06\/lx200_16in_sgft_sideright_1610-60-02-180x180.jpg' width='180' height='180'  title='lx200_16in_sgft_sideright_1610-60-02' alt='' \/><\/a> <a href='https:\/\/www.meade.com.mx\/wp-content\/uploads\/2016\/06\/lx800-ota-fr.png' data-rel='gallery-1' data-prev-img='https:\/\/www.meade.com.mx\/wp-content\/uploads\/2016\/06\/lx800-ota-fr-705x705.png' class='lightbox ' data-onclick='9' title=''  itemprop=\"thumbnailUrl\" ><img  src='https:\/\/www.meade.com.mx\/wp-content\/uploads\/2016\/06\/lx800-ota-fr-180x180.png' width='180' height='180'  title='lx800-ota-fr' alt='' \/><\/a><\/div><\/div><\/div>\n<div class=\"flex_column av_one_half  flex_column_div av-zero-column-padding   \" style='border-radius:0px; '><p><div style='padding-bottom:10px;' class='av-special-heading av-special-heading-h2  blockquote modern-quote  '><h2 class='av-special-heading-tag '  itemprop=\"headline\"  >LX200-ACF 16\u2019\u2019 c\/ Tripi\u00e9 S\u00faper Gigante<\/h2><div class='special-heading-border'><div class='special-heading-inner-border' ><\/div><\/div><\/div><br \/>\n<div style=' margin-top:30; margin-bottom:30px;'  class='hr hr-custom hr-center hr-icon-no  '><span class='hr-inner   inner-border-av-border-thin' style=' width:100%; border-color:#cecece;' ><span class='hr-inner-style'><\/span><\/span><\/div><br \/>\n<section class=\"av_textblock_section \"  itemscope=\"itemscope\" itemtype=\"https:\/\/schema.org\/CreativeWork\" ><div class='avia_textblock  av_inherit_color '  style='font-size:17px; color:#3076b3; '  itemprop=\"text\" ><div class=\"std\">\n<ul>\n<li>Optica Avanzada Libre de Coma (ACF) 16\u2033 f\/10, 4064mm LF<\/li>\n<\/ul>\n<ul>\n<li>Recubrimientos Opticos de Ultra Alta Transmisi\u00f3n (UHTC)<\/li>\n<\/ul>\n<ul>\n<li>Tripi\u00e9 S\u00faper Gigante de Campo<\/li>\n<\/ul>\n<ul>\n<li>Sistema AutoStar II GOTO<\/li>\n<\/ul>\n<\/div>\n<\/div><\/section><\/p><\/div>\n<div style=' margin-top:30; margin-bottom:30px;'  class='hr hr-custom hr-center hr-icon-no  '><span class='hr-inner   inner-border-av-border-thin' style=' width:100%; border-color:#cecece;' ><span class='hr-inner-style'><\/span><\/span><\/div>\n<div class=\"tabcontainer   top_tab  \">\n\n<section class=\"av_tab_section\"  itemscope=\"itemscope\" itemtype=\"https:\/\/schema.org\/CreativeWork\" >    <div data-fake-id=\"#tab-id-1\" class=\"tab active_tab\"  itemprop=\"headline\" ><span class='tab_icon' aria-hidden='true' data-av_icon='\ue84e' data-av_iconfont='entypo-fontello'><\/span>Descripci\u00f3n del Producto<\/div>\n    <div id=\"tab-id-1-container\" class=\"tab_content active_tab_content\">\n        <div class=\"tab_inner_content invers-color\"  itemprop=\"text\" >\n<div class=\"std\">\n<p>Este masivo telescopio para observatorio 16\u2033 LX200-ACF cuenta con \u00f3ptica de 16\u201d de di\u00e1metro f\/10 ACF (longitud focal de 4064mm) y Recubrimientos \u00d3pticos de Ultra Alta Transmisi\u00f3n (<em>Ultra High Transmission Coatings<\/em> \u2013 UHTC) para ofrecerle un m\u00e1ximo brillo y contraste. Incluye el avanzado Sistema computarizado LX200 AutoStar II con base de datos de 145,000 objetos, m\u00faltiples excursiones guiadas, Capacidad de Localizaci\u00f3n de Alta Precisi\u00f3n (<em>High Precision Pointing<\/em>) menor a un minuto de arco, y el SmartDrive con Correcci\u00f3n Permanente Peri\u00f3dico de Erros (PPEC) de Meade y un Micro-enfocador cotrolado el\u00e9ctricamete que s\u00faper preciso y de corrimiento nulo.<\/p>\n<p>Incluye un preciso sistema que logra la alineaci\u00f3n casi sin esfuerzo utilizando el Sistema de alineaci\u00f3n LNT de Meade que incorpora un receptor GPS de 16 canales, una br\u00fajula y un nivel electr\u00f3nicos. La memoria flash del Autostar II se puede actualizarse por medio de actualizaciones gratuitas desde el portal de Meade.com (requiere un cable opcional).\u00a0 El panel de control del telescopio cuenta con m\u00faltiples puertos de entrada y salida incluyendo una interfase RS-232 y una CCD auto-gu\u00eda y una ret\u00edcula iluminada.<\/p>\n<p>Con un buen ajuste mec\u00e1nico, todos los modelos LX200 incluyen un sistema de fijaci\u00f3n del espejo primario, que efectivamente evita que el espejo primario se mueva durante exposiciones fotogr\u00e1ficas de larga exposici\u00f3n o durante la observaci\u00f3n. Gire la perilla de fijaci\u00f3n del espejo localizada justo arriba del enfocador, y el mecanismo de tensi\u00f3n progresiva del espejo primario cancela cualquier movimiento o asentamiento residual que causa el corrimiento de las im\u00e1genes, ya sea visual o fotogr\u00e1fico.<\/p>\n<p>El 16&#8243; LX200-ACF incluye una masiva montura de doble brazo de uso rudo y vaciada de una sola pieza, con un total de 4 baleros de 80mm para declinaci\u00f3n y dos de 150mm y 100mm en acimut. Sus r\u00e1pidas velocidades de desplazamiento desde 1 a 6 grados\/segundo, pueden ser seleccionadas por el usuario con incrementos de 0.1 grados\/segundo, mientras que otras finas para ajuste y para guiado fotogr\u00e1fico pueden de 0.01x to 1x sideral y pueden seleccionarse en incrementos \u00a0centesimales. Todo el cableado y electr\u00f3nica es interna y es alimentada por un adaptador de corriente incluido.<\/p>\n<p>El 16\u2033 LX200-ACF viene completamente equipado con un Tripi\u00e9 de Campo S\u00faper Gigante de Meade con altura ajustable, prisma diagonal 2\u2033, ocular 26mm Pl\u00f6ssl Serie 4000, buscador 8\u00d750 con zapata de liberaci\u00f3n r\u00e1pida y el Software <em>Meade AutoStar\u00ae Suite Astronomer Edition<\/em> para PC.<\/p>\n<p>El telescopio pesa 145kg incluyendo el tripi\u00e9. Se env\u00eda en dos tarimas de madera.<\/p>\n<\/div>\n<div class=\"std\">\n<p>Incluye la garant\u00eda Meade limitada de un a\u00f1o de f\u00e1brica.<\/p>\n<\/div>\n<div class=\"std\"><\/div>\n\n        <\/div>\n    <\/div>\n<\/section>\n\n<section class=\"av_tab_section\"  itemscope=\"itemscope\" itemtype=\"https:\/\/schema.org\/CreativeWork\" >    <div data-fake-id=\"#tab-id-2\" class=\"tab \"  itemprop=\"headline\" ><span class='tab_icon' aria-hidden='true' data-av_icon='\ue856' data-av_iconfont='entypo-fontello'><\/span>Especificaciones T\u00e9cnicas<\/div>\n    <div id=\"tab-id-2-container\" class=\"tab_content \">\n        <div class=\"tab_inner_content invers-color\"  itemprop=\"text\" >\n<table id=\"product-attribute-specs-table\" class=\"data-table\">\n<tbody>\n<tr class=\"first odd\">\n<th class=\"label\">Apertura<\/th>\n<td class=\"data last\">16&#8243;<\/td>\n<\/tr>\n<tr class=\"even\">\n<th class=\"label\">Dise\u00f1o Optico<\/th>\n<td class=\"data last\">Avanzado Libre de Coma (ACF &#8211; <em>Advanced Coma-Free)<\/em><\/td>\n<\/tr>\n<tr class=\"odd\">\n<th class=\"label\">Recubrimientos Opticos<\/th>\n<td class=\"data last\">UHTC\u2122 (Ultra Alta Transmisi\u00f3n)<\/td>\n<\/tr>\n<tr class=\"even\">\n<th class=\"label\">Longitud Focal<\/th>\n<td class=\"data last\">4,064mm<\/td>\n<\/tr>\n<tr class=\"odd\">\n<th class=\"label\">Relaci\u00f3n Focal<\/th>\n<td class=\"data last\">f\/10<\/td>\n<\/tr>\n<tr class=\"even\">\n<th class=\"label\">Poder de Resoluci\u00f3n (L\u00edmite de Dawes)<\/th>\n<td class=\"data last\">0.285 segundos de arco<\/td>\n<\/tr>\n<tr class=\"odd\">\n<th class=\"label\">Espejo Primario de Tama\u00f1o Excedido<\/th>\n<td class=\"data last\">Si<\/td>\n<\/tr>\n<tr class=\"even\">\n<th class=\"label\">Candado del Espejo Primario<\/th>\n<td class=\"data last\">Si<\/td>\n<\/tr>\n<tr class=\"odd\">\n<th class=\"label\">Buscador<\/th>\n<td class=\"data last\">8x50mm con ret\u00edcula en forma de cruz<\/td>\n<\/tr>\n<tr class=\"even\">\n<th class=\"label\">Ocular<\/th>\n<td class=\"data last\">Super Pl\u00f6ssl 26mm Serie 4000\u2122<\/td>\n<\/tr>\n<tr class=\"odd\">\n<th class=\"label\">Mecanismo de Enfoque<\/th>\n<td class=\"data last\">Mec\u00e1nico de una sola velocidad<\/td>\n<\/tr>\n<tr class=\"even\">\n<th class=\"label\">Diagonal<\/th>\n<td class=\"data last\">Diagonal Diel\u00e9ctrico 2&#8243; Serie 5000\u2122<\/td>\n<\/tr>\n<tr class=\"odd\">\n<th class=\"label\">Tipo de Montura<\/th>\n<td class=\"data last\">De boble brazo (horqueta) de uso rudo; desmontable<\/td>\n<\/tr>\n<tr class=\"even\">\n<th class=\"label\">Control de Mano<\/th>\n<td class=\"data last\">AutoStar\u00ae II<\/td>\n<\/tr>\n<tr class=\"odd\">\n<th class=\"label\">Base de Datos<\/th>\n<td class=\"data last\">145,000 objetos<\/td>\n<\/tr>\n<tr class=\"even\">\n<th class=\"label\">Precisi\u00f3n de Localizaci\u00f3n (Modo de Alta Precisi\u00f3n)<\/th>\n<td class=\"data last\">1 minuto de arco (+\/-)<\/td>\n<\/tr>\n<tr class=\"odd\">\n<th class=\"label\">Correcci\u00f3n Peri\u00f3dica de Error<\/th>\n<td class=\"data last\">en Ambos Ejes<\/td>\n<\/tr>\n<tr class=\"even\">\n<th class=\"label\">Correcci\u00f3n Peri\u00f3dica Permanente de Error (PPEC)<\/th>\n<td class=\"data last\">Si<\/td>\n<\/tr>\n<tr class=\"odd\">\n<th class=\"label\">Controles de Movimieto Lento<\/th>\n<td class=\"data last\">Mec\u00e1nico y Electr\u00f3nico<\/td>\n<\/tr>\n<tr class=\"even\">\n<th class=\"label\">Velocidades de Despalzamiento<\/th>\n<td class=\"data last\">AR y Dec: 0.01x a 1.0x sideral, variable en incrementos de 0.01x; 2x, 8x, 16x, 64x, 128x sideral; 1\u00b0\/seg. a 2\u00b0\/seg., variable en incrementos de 0.1\u00b0<\/td>\n<\/tr>\n<tr class=\"odd\">\n<th class=\"label\">Velocidades de Rastreo<\/th>\n<td class=\"data last\">Sideral, Lunar, o personalizable, a seleccionar entre 2000 tasas incrementales<\/td>\n<\/tr>\n<tr class=\"even\">\n<th class=\"label\">Control Panel<\/th>\n<td class=\"data last\">Entrada 12Vcc, salida\u00a0 12Vcc, Interruptor de Encendido, Enfocador, Ret\u00edcula, Abanico del Espejo Primario, Control de Mano, 2 puertos RS232, 1 puerto Aux para guiado<\/td>\n<\/tr>\n<tr class=\"odd\">\n<th class=\"label\">Tripi\u00e9<\/th>\n<td class=\"data last\">S\u00faper Gigante de Campo<\/td>\n<\/tr>\n<tr class=\"even\">\n<th class=\"label\">Alimentaci\u00f3n de Corriente<\/th>\n<td class=\"data last\">Adaptador Meade 120\/240Vca &#8211; 12Vcc, 5 A<\/td>\n<\/tr>\n<tr class=\"odd\">\n<th class=\"label\">Receptor GPS<\/th>\n<td class=\"data last\">Si<\/td>\n<\/tr>\n<tr class=\"even\">\n<th class=\"label\">Tecnolog\u00eda con Sensores de Nivel y Norte Verdadero (LNT)<\/th>\n<td class=\"data last\">Si<\/td>\n<\/tr>\n<tr class=\"odd\">\n<th class=\"label\">Chip de Hora\/Fecha<\/th>\n<td class=\"data last\">Si<\/td>\n<\/tr>\n<tr class=\"even\">\n<th class=\"label\">Enfocador Electr\u00f3nico<\/th>\n<td class=\"data last\">Incluido<\/td>\n<\/tr>\n<tr class=\"odd\">\n<th class=\"label\">Smart Mount\u2122<\/th>\n<td class=\"data last\">Si<\/td>\n<\/tr>\n<tr class=\"even\">\n<th class=\"label\">Smart Drive\u2122<\/th>\n<td class=\"data last\">Si<\/td>\n<\/tr>\n<tr class=\"last odd\">\n<th class=\"label\">Cojinetes Anti-vibraci\u00f3n<\/th>\n<td class=\"data last\">Opcional<\/td>\n<\/tr>\n<\/tbody>\n<\/table>\n\n        <\/div>\n    <\/div>\n<\/section>\n\n<\/div>\n\n","protected":false},"excerpt":{"rendered":"","protected":false},"author":7,"featured_media":0,"parent":0,"menu_order":0,"comment_status":"closed","ping_status":"closed","template":"","meta":{"footnotes":""},"class_list":["post-6528","page","type-page","status-publish","hentry"],"_links":{"self":[{"href":"https:\/\/www.meade.com.mx\/index.php\/wp-json\/wp\/v2\/pages\/6528","targetHints":{"allow":["GET"]}}],"collection":[{"href":"https:\/\/www.meade.com.mx\/index.php\/wp-json\/wp\/v2\/pages"}],"about":[{"href":"https:\/\/www.meade.com.mx\/index.php\/wp-json\/wp\/v2\/types\/page"}],"author":[{"embeddable":true,"href":"https:\/\/www.meade.com.mx\/index.php\/wp-json\/wp\/v2\/users\/7"}],"replies":[{"embeddable":true,"href":"https:\/\/www.meade.com.mx\/index.php\/wp-json\/wp\/v2\/comments?post=6528"}],"version-history":[{"count":7,"href":"https:\/\/www.meade.com.mx\/index.php\/wp-json\/wp\/v2\/pages\/6528\/revisions"}],"predecessor-version":[{"id":7934,"href":"https:\/\/www.meade.com.mx\/index.php\/wp-json\/wp\/v2\/pages\/6528\/revisions\/7934"}],"wp:attachment":[{"href":"https:\/\/www.meade.com.mx\/index.php\/wp-json\/wp\/v2\/media?parent=6528"}],"curies":[{"name":"wp","href":"https:\/\/api.w.org\/{rel}","templated":true}]}}