{"id":6564,"date":"2016-06-15T17:44:00","date_gmt":"2016-06-15T17:44:00","guid":{"rendered":"http:\/\/www.meade.com.mx\/?page_id=6564"},"modified":"2016-06-28T19:15:15","modified_gmt":"2016-06-28T19:15:15","slug":"lx90-acf-12-f10-con-tripie-de-campo-estandar","status":"publish","type":"page","link":"https:\/\/www.meade.com.mx\/index.php\/lx90-acf-12-f10-con-tripie-de-campo-estandar\/","title":{"rendered":"LX90-ACF 12&#8243; f\/10 con Tripie de Campo Estandar"},"content":{"rendered":"<div class=\"flex_column av_one_half  flex_column_div av-zero-column-padding first  \" style='border-radius:0px; '><div class='avia-gallery  avia-gallery-1 avia_lazyload avia_animate_when_visible '  itemscope=\"itemscope\" itemtype=\"https:\/\/schema.org\/ImageObject\" ><a class='avia-gallery-big fakeLightbox lightbox avia-gallery-big-crop-thumb ' href='https:\/\/www.meade.com.mx\/wp-content\/uploads\/2016\/06\/lx90_12in_front_1210-90-03-630x1030.jpg'  data-onclick='1' title='' ><span class='avia-gallery-big-inner'  itemprop=\"thumbnailUrl\" >\t<img width='431' height='705' src='https:\/\/www.meade.com.mx\/wp-content\/uploads\/2016\/06\/lx90_12in_front_1210-90-03-431x705.jpg' title='lx90_12in_front_1210-90-03' alt='' \/><\/span><\/a><div class='avia-gallery-thumb'> <a href='https:\/\/www.meade.com.mx\/wp-content\/uploads\/2016\/06\/lx90_12in_front_1210-90-03-630x1030.jpg' data-rel='gallery-1' data-prev-img='https:\/\/www.meade.com.mx\/wp-content\/uploads\/2016\/06\/lx90_12in_front_1210-90-03-431x705.jpg' class='first_thumb lightbox ' data-onclick='1' title=''  itemprop=\"thumbnailUrl\" ><img  src='https:\/\/www.meade.com.mx\/wp-content\/uploads\/2016\/06\/lx90_12in_front_1210-90-03-180x180.jpg' width='180' height='180'  title='lx90_12in_front_1210-90-03' alt='' \/><\/a> <a href='https:\/\/www.meade.com.mx\/wp-content\/uploads\/2016\/06\/lx90_12in_frontleft_1210-90-03-687x1030.jpg' data-rel='gallery-1' data-prev-img='https:\/\/www.meade.com.mx\/wp-content\/uploads\/2016\/06\/lx90_12in_frontleft_1210-90-03-470x705.jpg' class='lightbox ' data-onclick='2' title=''  itemprop=\"thumbnailUrl\" ><img  src='https:\/\/www.meade.com.mx\/wp-content\/uploads\/2016\/06\/lx90_12in_frontleft_1210-90-03-180x180.jpg' width='180' height='180'  title='lx90_12in_frontleft_1210-90-03' alt='' \/><\/a> <a href='https:\/\/www.meade.com.mx\/wp-content\/uploads\/2016\/06\/lx90_12in_frontright_1210-90-03-687x1030.jpg' data-rel='gallery-1' data-prev-img='https:\/\/www.meade.com.mx\/wp-content\/uploads\/2016\/06\/lx90_12in_frontright_1210-90-03-470x705.jpg' class='lightbox ' data-onclick='3' title=''  itemprop=\"thumbnailUrl\" ><img  src='https:\/\/www.meade.com.mx\/wp-content\/uploads\/2016\/06\/lx90_12in_frontright_1210-90-03-180x180.jpg' width='180' height='180'  title='lx90_12in_frontright_1210-90-03' alt='' \/><\/a> <a href='https:\/\/www.meade.com.mx\/wp-content\/uploads\/2016\/06\/lx90_12in_profileleft_1210-90-03-687x1030.jpg' data-rel='gallery-1' data-prev-img='https:\/\/www.meade.com.mx\/wp-content\/uploads\/2016\/06\/lx90_12in_profileleft_1210-90-03-470x705.jpg' class='lightbox ' data-onclick='4' title=''  itemprop=\"thumbnailUrl\" ><img  src='https:\/\/www.meade.com.mx\/wp-content\/uploads\/2016\/06\/lx90_12in_profileleft_1210-90-03-180x180.jpg' width='180' height='180'  title='lx90_12in_profileleft_1210-90-03' alt='' \/><\/a> <a href='https:\/\/www.meade.com.mx\/wp-content\/uploads\/2016\/06\/lx90_12in_profileright_1210-90-03-687x1030.jpg' data-rel='gallery-1' data-prev-img='https:\/\/www.meade.com.mx\/wp-content\/uploads\/2016\/06\/lx90_12in_profileright_1210-90-03-470x705.jpg' class='lightbox ' data-onclick='5' title=''  itemprop=\"thumbnailUrl\" ><img  src='https:\/\/www.meade.com.mx\/wp-content\/uploads\/2016\/06\/lx90_12in_profileright_1210-90-03-180x180.jpg' width='180' height='180'  title='lx90_12in_profileright_1210-90-03' alt='' \/><\/a> <a href='https:\/\/www.meade.com.mx\/wp-content\/uploads\/2016\/06\/lx90_12in_rear_1210-90-03-657x1030.jpg' data-rel='gallery-1' data-prev-img='https:\/\/www.meade.com.mx\/wp-content\/uploads\/2016\/06\/lx90_12in_rear_1210-90-03-450x705.jpg' class='first_thumb lightbox ' data-onclick='6' title=''  itemprop=\"thumbnailUrl\" ><img  src='https:\/\/www.meade.com.mx\/wp-content\/uploads\/2016\/06\/lx90_12in_rear_1210-90-03-180x180.jpg' width='180' height='180'  title='lx90_12in_rear_1210-90-03' alt='' \/><\/a> <a href='https:\/\/www.meade.com.mx\/wp-content\/uploads\/2016\/06\/lx90_12in_rearleft_1210-90-03-670x1030.jpg' data-rel='gallery-1' data-prev-img='https:\/\/www.meade.com.mx\/wp-content\/uploads\/2016\/06\/lx90_12in_rearleft_1210-90-03-458x705.jpg' class='lightbox ' data-onclick='7' title=''  itemprop=\"thumbnailUrl\" ><img  src='https:\/\/www.meade.com.mx\/wp-content\/uploads\/2016\/06\/lx90_12in_rearleft_1210-90-03-180x180.jpg' width='180' height='180'  title='lx90_12in_rearleft_1210-90-03' alt='' \/><\/a> <a href='https:\/\/www.meade.com.mx\/wp-content\/uploads\/2016\/06\/lx90_12in_rearright_1210-90-03-687x1030.jpg' data-rel='gallery-1' data-prev-img='https:\/\/www.meade.com.mx\/wp-content\/uploads\/2016\/06\/lx90_12in_rearright_1210-90-03-470x705.jpg' class='lightbox ' data-onclick='8' title=''  itemprop=\"thumbnailUrl\" ><img  src='https:\/\/www.meade.com.mx\/wp-content\/uploads\/2016\/06\/lx90_12in_rearright_1210-90-03-180x180.jpg' width='180' height='180'  title='lx90_12in_rearright_1210-90-03' alt='' \/><\/a> <a href='https:\/\/www.meade.com.mx\/wp-content\/uploads\/2016\/06\/07020_standardfieldtripod_1.jpg' data-rel='gallery-1' data-prev-img='https:\/\/www.meade.com.mx\/wp-content\/uploads\/2016\/06\/07020_standardfieldtripod_1.jpg' class='lightbox ' data-onclick='9' title=''  itemprop=\"thumbnailUrl\" ><img  src='https:\/\/www.meade.com.mx\/wp-content\/uploads\/2016\/06\/07020_standardfieldtripod_1-180x180.jpg' width='180' height='180'  title='07020_standardfieldtripod_1' alt='' \/><\/a><\/div><\/div><\/div>\n<div class=\"flex_column av_one_half  flex_column_div av-zero-column-padding   \" style='border-radius:0px; '><p><div style='padding-bottom:10px;' class='av-special-heading av-special-heading-h2  blockquote modern-quote   '><h2 class='av-special-heading-tag '  itemprop=\"headline\"  >LX90-ACF 12&#8243; f\/10 con Tripie de Campo Estandar<\/h2><div class='special-heading-border'><div class='special-heading-inner-border' ><\/div><\/div><\/div><br \/>\n<div style=' margin-top:30; margin-bottom:30px;'  class='hr hr-custom hr-center hr-icon-no  '><span class='hr-inner   inner-border-av-border-thin' style=' width:100%; border-color:#cecece;' ><span class='hr-inner-style'><\/span><\/span><\/div><br \/>\n<section class=\"av_textblock_section \"  itemscope=\"itemscope\" itemtype=\"https:\/\/schema.org\/CreativeWork\" ><div class='avia_textblock  av_inherit_color '  style='font-size:17px; color:#3076b3; '  itemprop=\"text\" ><ul>\n<ul>\n<ul>\n<li>\u00d3ptica 12\u2033 f\/10 Avanzada Libre de Coma (ACF) con longitud focal de 3048mm<\/li>\n<\/ul>\n<\/ul>\n<\/ul>\n<ul>\n<ul>\n<ul>\n<li>Recubrimientos Opticos de Ultra Alta Transmisi\u00f3n (Ultra-High Transmission Coatings (UHTC))<\/li>\n<\/ul>\n<\/ul>\n<\/ul>\n<ul>\n<ul>\n<ul>\n<li>Tripi\u00e9 de Campo Est\u00e1ndar<\/li>\n<\/ul>\n<\/ul>\n<\/ul>\n<ul>\n<ul>\n<ul>\n<li>Controlador de Mano AudioStar\u2122 con bocina integrada y Astronomer Inside\u2122<\/li>\n<\/ul>\n<\/ul>\n<\/ul>\n<\/div><\/section><\/p><\/div><div style=' margin-top:30; margin-bottom:30px;'  class='hr hr-custom hr-center hr-icon-no  '><span class='hr-inner   inner-border-av-border-thin' style=' width:100%; border-color:#cecece;' ><span class='hr-inner-style'><\/span><\/span><\/div><\/p>\n<div class=\"tabcontainer   top_tab  \">\n\n<section class=\"av_tab_section\"  itemscope=\"itemscope\" itemtype=\"https:\/\/schema.org\/CreativeWork\" >    <div data-fake-id=\"#tab-id-1\" class=\"tab active_tab\"  itemprop=\"headline\" ><span class='tab_icon' aria-hidden='true' data-av_icon='\ue84e' data-av_iconfont='entypo-fontello'><\/span>Descripci\u00f3n del Producto<\/div>\n    <div id=\"tab-id-1-container\" class=\"tab_content active_tab_content\">\n        <div class=\"tab_inner_content invers-color\"  itemprop=\"text\" >\n<p>El dise\u00f1o \u00f3ptico Avanzado Libre de Coma (ACF) patentado por Meade ofrece im\u00e1genes estelares puntuales y un campo plano que es altamente deseado por los aficionados a la astronom\u00eda, astrofot\u00f3grafos y observatorios profesionales.\u00a0 Este sistema reduce el astigmatismo y elimina los destellos de difracci\u00f3n que se presentan en los sistemas Ritchey-Chr\u00e9tien cl\u00e1sicos. No hay en el mercado telescopio Schmidt-Cassegrain de otra marca que pueda decir que logra esto.<\/p>\n<p>El sistema \u00f3ptico del 12 LX90 es de 12\u201d de di\u00e1metro f\/10 ACF\u00a0 (LF = 3048mm) y Recubrimientos \u00d3pticos de Ultra Alta Transmisi\u00f3n (UHTC) para lograr im\u00e1genes con el m\u00e1ximo brillo y contraste. Su electr\u00f3nica incluye el sistema computarizado AudioStar\u2122 de Meade con m\u00e1s de 30,000 objetos en memoria, m\u00faltiples excursiones guiadas, Localizaci\u00f3n de Alta Precisi\u00f3n (High Precision Pointing), y el SmartDrive con Correcci\u00f3n Permanente Peri\u00f3dica de Error de Meade.<\/p>\n<p>Una precisa alieaci\u00f3n se logra sin esfuerzo con el receptor GPS de 16 canales incorporado y genuino de Sony. El\u00a0 AudioStar\u2122 se actualiza mediante un descarga gratuita de Meade.com (requiere de un cable opcional).<\/p>\n<p>Todos los modelos LX90 incluyen una montura de yugo de dos brazo de aluminio vaciado, con una velocidad de desplazamiento ajustable de 1 a 7\u00ba\/segundo.\u00a0 Velocidades finas de movimiento, guiado y fotograf\u00eda pueden ajustarse de 0.01x a 1.0x sideral con incrementos centesimales. La montura y toda la electr\u00f3nica se nutre intermamente por 8 bater\u00edas tama\u00f1o \u201cC\u201d (no incluidas) que t\u00edpicamente\u00a0 hacen funcionar el LX90 por hasta 60 horas (tambi\u00e9n existe un adaptador CA\/CD universal de Meade).\u00a0 La montura tiene candados mec\u00e1nicos en ambos ejes lo que permite utilizarlo a\u00fan cuando no tiene corriente.<\/p>\n<p>El LX90 viene completamente equipado con un tripi\u00e9 de campo de uso rudo con patas telesc\u00f3picas y de acero cromado, prisma diagonal de 1.25\u2033, ocular S\u00faper Pl\u00f6ssl Serie 4000 de 26mm de 5 elementos (117x), y el software AutoStar\u00ae Suite Astronomer Edition de Meade para PC y un buscador \u00f3ptico 8\u00d750 con zapata de de r\u00e1pido desmonte. El telescopio pesa 27kg y el tripi\u00e9 8.6kg. Se embarca en 2 cajas.<\/p>\n<p>Incluye la grant\u00eda limitada de un a\u00f1o de la f\u00e1brica de Meade.<\/p>\n\n        <\/div>\n    <\/div>\n<\/section>\n\n<section class=\"av_tab_section\"  itemscope=\"itemscope\" itemtype=\"https:\/\/schema.org\/CreativeWork\" >    <div data-fake-id=\"#tab-id-2\" class=\"tab \"  itemprop=\"headline\" ><span class='tab_icon' aria-hidden='true' data-av_icon='\ue856' data-av_iconfont='entypo-fontello'><\/span>Especificaciones T\u00e9cnicas<\/div>\n    <div id=\"tab-id-2-container\" class=\"tab_content \">\n        <div class=\"tab_inner_content invers-color\"  itemprop=\"text\" >\n<table id=\"product-attribute-specs-table\" class=\"data-table\">\n<tbody>\n<tr class=\"first odd\">\n<th class=\"label\">Apertura<\/th>\n<td class=\"data last\">12&#8243;<\/td>\n<\/tr>\n<tr class=\"even\">\n<th class=\"label\">Dise\u00f1o Optico<\/th>\n<td class=\"data last\">Advando Libre de Coma (ACF)<\/td>\n<\/tr>\n<tr class=\"odd\">\n<th class=\"label\">Recubrimientos Opticos<\/th>\n<td class=\"data last\">UHTC\u2122<\/td>\n<\/tr>\n<tr class=\"even\">\n<th class=\"label\">Focal Length<\/th>\n<td class=\"data last\">3,048mm<\/td>\n<\/tr>\n<tr class=\"odd\">\n<th class=\"label\">Longitud Focal<\/th>\n<td class=\"data last\">f\/10<\/td>\n<\/tr>\n<tr class=\"even\">\n<th class=\"label\">Resoluci\u00f3n (L\u00edmite de Dawes)<\/th>\n<td class=\"data last\">0.380 segundos de arco<\/td>\n<\/tr>\n<tr class=\"odd\">\n<th class=\"label\">Espejo de Di\u00e1metro Mayor al Nominal<\/th>\n<td class=\"data last\">Si<\/td>\n<\/tr>\n<tr class=\"even\">\n<th class=\"label\">Buscador<\/th>\n<td class=\"data last\">8x50mm con ret\u00edcula en forma de cruz<\/td>\n<\/tr>\n<tr class=\"odd\">\n<th class=\"label\">Ocular<\/th>\n<td class=\"data last\">26mm Serie 4000\u2122 S\u00faper Pl\u00f6ssl<\/td>\n<\/tr>\n<tr class=\"even\">\n<th class=\"label\">Mecanismo de Enfoque<\/th>\n<td class=\"data last\">Mec\u00e1nico de una Velocidad<\/td>\n<\/tr>\n<tr class=\"odd\">\n<th class=\"label\">Diagonal<\/th>\n<td class=\"data last\">prisma 1.25&#8243;<\/td>\n<\/tr>\n<tr class=\"even\">\n<th class=\"label\">Mountura<\/th>\n<td class=\"data last\">De yugo de doble brazo<\/td>\n<\/tr>\n<tr class=\"odd\">\n<th class=\"label\">Controlador de Mano<\/th>\n<td class=\"data last\">AudioStar\u2122<\/td>\n<\/tr>\n<tr class=\"even\">\n<th class=\"label\">Base de Datos<\/th>\n<td class=\"data last\">30,000 objetos<\/td>\n<\/tr>\n<tr class=\"odd\">\n<th class=\"label\">Precisi\u00f3n de Localizaci\u00f3n (Modo Alta-Precisi\u00f3n)<\/th>\n<td class=\"data last\">1.5 minutos de arco (+\/-)<\/td>\n<\/tr>\n<tr class=\"even\">\n<th class=\"label\">Correcci\u00f3n Peri\u00f3dica de Error<\/th>\n<td class=\"data last\">En AR y solamente en modo polaar<\/td>\n<\/tr>\n<tr class=\"odd\">\n<th class=\"label\">Controles de Movimiento Lento<\/th>\n<td class=\"data last\">Electr\u00f3nico<\/td>\n<\/tr>\n<tr class=\"even\">\n<th class=\"label\">Velocidades de Despalzamiento<\/th>\n<td class=\"data last\">AR y Dec: 1x, 2x, 8x, 16x, 64x, 128x sideral; 1.5\u00b0\/s., 3\u00b0\/s, y 6.5\u00b0\/s<\/td>\n<\/tr>\n<tr class=\"odd\">\n<th class=\"label\">Tasas de Rastreo<\/th>\n<td class=\"data last\">Sideral, Lunar, o seleccionable por el usuario de etre 2000 tasas incrementales<\/td>\n<\/tr>\n<tr class=\"even\">\n<th class=\"label\">Panel de Control<\/th>\n<td class=\"data last\">Puertos: 12V, interruptor de encendido\/apagado, Control de Mano, 2 puertos Auxiliares<\/td>\n<\/tr>\n<tr class=\"odd\">\n<th class=\"label\">Tripi\u00e9<\/th>\n<td class=\"data last\">Tripi\u00e9 Est\u00e1ndar de Campo<\/td>\n<\/tr>\n<tr class=\"even\">\n<th class=\"label\">Adaptador de Corriente<\/th>\n<td class=\"data last\">(Opcional) Adaptador Universale Meade 12Vcd, 5A<\/td>\n<\/tr>\n<tr class=\"odd\">\n<th class=\"label\">Bater\u00edas (No incluidas)<\/th>\n<td class=\"data last\">8 tama\u00f1o &#8220;C&#8221; alcalinas<\/td>\n<\/tr>\n<tr class=\"even\">\n<th class=\"label\">Receptor GPS<\/th>\n<td class=\"data last\">Si<\/td>\n<\/tr>\n<tr class=\"odd\">\n<th class=\"label\">Enfocador Electr\u00f3nico<\/th>\n<td class=\"data last\">Opcional<\/td>\n<\/tr>\n<tr class=\"even\">\n<th class=\"label\">Smart Drive\u2122<\/th>\n<td class=\"data last\">Si<\/td>\n<\/tr>\n<tr class=\"odd\">\n<th class=\"label\">Astronomer Inside\u2122<\/th>\n<td class=\"data last\">Si<\/td>\n<\/tr>\n<tr class=\"even\">\n<th class=\"label\">Cojinetes Anti-vibraci\u00f3n<\/th>\n<td class=\"data last\">Opcional<\/td>\n<\/tr>\n<tr class=\"last odd\">\n<th class=\"label\">Wedge (Cu\u00f1a Ecuatorial)<\/th>\n<td class=\"data last\">Opcional<\/td>\n<\/tr>\n<\/tbody>\n<\/table>\n\n        <\/div>\n    <\/div>\n<\/section>\n\n<\/div>\n\n","protected":false},"excerpt":{"rendered":"","protected":false},"author":7,"featured_media":0,"parent":0,"menu_order":0,"comment_status":"closed","ping_status":"closed","template":"","meta":{"footnotes":""},"class_list":["post-6564","page","type-page","status-publish","hentry"],"_links":{"self":[{"href":"https:\/\/www.meade.com.mx\/index.php\/wp-json\/wp\/v2\/pages\/6564","targetHints":{"allow":["GET"]}}],"collection":[{"href":"https:\/\/www.meade.com.mx\/index.php\/wp-json\/wp\/v2\/pages"}],"about":[{"href":"https:\/\/www.meade.com.mx\/index.php\/wp-json\/wp\/v2\/types\/page"}],"author":[{"embeddable":true,"href":"https:\/\/www.meade.com.mx\/index.php\/wp-json\/wp\/v2\/users\/7"}],"replies":[{"embeddable":true,"href":"https:\/\/www.meade.com.mx\/index.php\/wp-json\/wp\/v2\/comments?post=6564"}],"version-history":[{"count":8,"href":"https:\/\/www.meade.com.mx\/index.php\/wp-json\/wp\/v2\/pages\/6564\/revisions"}],"predecessor-version":[{"id":7616,"href":"https:\/\/www.meade.com.mx\/index.php\/wp-json\/wp\/v2\/pages\/6564\/revisions\/7616"}],"wp:attachment":[{"href":"https:\/\/www.meade.com.mx\/index.php\/wp-json\/wp\/v2\/media?parent=6564"}],"curies":[{"name":"wp","href":"https:\/\/api.w.org\/{rel}","templated":true}]}}