{"id":6611,"date":"2016-06-15T18:44:02","date_gmt":"2016-06-15T18:44:02","guid":{"rendered":"http:\/\/www.meade.com.mx\/?page_id=6611"},"modified":"2016-07-30T04:23:13","modified_gmt":"2016-07-30T04:23:13","slug":"serie-6000-130mm-ed-triplete-apo","status":"publish","type":"page","link":"https:\/\/www.meade.com.mx\/index.php\/serie-6000-130mm-ed-triplete-apo\/","title":{"rendered":"APO 130mm Triplete ED Serie 6000"},"content":{"rendered":"<div class=\"flex_column av_one_half  flex_column_div av-zero-column-padding first  \" style='border-radius:0px; '><div class='avia-gallery  avia-gallery-1 avia_lazyload avia_animate_when_visible '  itemscope=\"itemscope\" itemtype=\"https:\/\/schema.org\/ImageObject\" ><a class='avia-gallery-big fakeLightbox lightbox avia-gallery-big-crop-thumb ' href='https:\/\/www.meade.com.mx\/wp-content\/uploads\/2016\/06\/s6000-130-apo.jpg'  data-onclick='1' title='' ><span class='avia-gallery-big-inner'  itemprop=\"thumbnailUrl\" >\t<img width='705' height='599' src='https:\/\/www.meade.com.mx\/wp-content\/uploads\/2016\/06\/s6000-130-apo-705x599.jpg' title='s6000-130-apo' alt='' \/><\/span><\/a><div class='avia-gallery-thumb'> <a href='https:\/\/www.meade.com.mx\/wp-content\/uploads\/2016\/06\/s6000-130-apo.jpg' data-rel='gallery-1' data-prev-img='https:\/\/www.meade.com.mx\/wp-content\/uploads\/2016\/06\/s6000-130-apo-705x599.jpg' class='first_thumb lightbox ' data-onclick='1' title=''  itemprop=\"thumbnailUrl\" ><img  src='https:\/\/www.meade.com.mx\/wp-content\/uploads\/2016\/06\/s6000-130-apo-180x180.jpg' width='180' height='180'  title='s6000-130-apo' alt='' \/><\/a> <a href='https:\/\/www.meade.com.mx\/wp-content\/uploads\/2016\/06\/s6k_edapo_caseandfinder-1030x687.jpg' data-rel='gallery-1' data-prev-img='https:\/\/www.meade.com.mx\/wp-content\/uploads\/2016\/06\/s6k_edapo_caseandfinder-705x470.jpg' class='lightbox ' data-onclick='2' title=''  itemprop=\"thumbnailUrl\" ><img  src='https:\/\/www.meade.com.mx\/wp-content\/uploads\/2016\/06\/s6k_edapo_caseandfinder-180x180.jpg' width='180' height='180'  title='s6k_edapo_caseandfinder' alt='' \/><\/a> <a href='https:\/\/www.meade.com.mx\/wp-content\/uploads\/2016\/06\/s5k_enhanceddiagonal-1030x834.jpg' data-rel='gallery-1' data-prev-img='https:\/\/www.meade.com.mx\/wp-content\/uploads\/2016\/06\/s5k_enhanceddiagonal-705x571.jpg' class='lightbox ' data-onclick='3' title=''  itemprop=\"thumbnailUrl\" ><img  src='https:\/\/www.meade.com.mx\/wp-content\/uploads\/2016\/06\/s5k_enhanceddiagonal-180x180.jpg' width='180' height='180'  title='s5k_enhanceddiagonal' alt='' \/><\/a><\/div><\/div><\/div>\n<div class=\"flex_column av_one_half  flex_column_div av-zero-column-padding   \" style='border-radius:0px; '><p><div style='padding-bottom:10px;' class='av-special-heading av-special-heading-h2  blockquote modern-quote  '><h2 class='av-special-heading-tag '  itemprop=\"headline\"  >APO 130mm Triplete ED Serie 6000<\/h2><div class='special-heading-border'><div class='special-heading-inner-border' ><\/div><\/div><\/div><br \/>\n<div style=' margin-top:30; margin-bottom:30px;'  class='hr hr-custom hr-center hr-icon-no  '><span class='hr-inner   inner-border-av-border-thin' style=' width:100%; border-color:#cecece;' ><span class='hr-inner-style'><\/span><\/span><\/div><br \/>\n<section class=\"av_textblock_section \"  itemscope=\"itemscope\" itemtype=\"https:\/\/schema.org\/CreativeWork\" ><div class='avia_textblock  av_inherit_color '  style='font-size:17px; color:#3076b3; '  itemprop=\"text\" ><div class=\"std\">\n<ul>\n<li>APO 130mm Triplete ED Serie 6000, 910mm f\/7<\/li>\n<\/ul>\n<ul>\n<li>Optica con recubrimientos antireflejantes m\u00faltiples en todas sus caras al aire (FMC)<\/li>\n<\/ul>\n<ul>\n<li>Barra de montaje tipo Vixen<\/li>\n<\/ul>\n<ul>\n<li>Diagonal 2\u2033 Serie 5000 mejorado con reflectividad del 99%<\/li>\n<\/ul>\n<\/div>\n<\/div><\/section><\/p><\/div><div style=' margin-top:30; margin-bottom:30px;'  class='hr hr-custom hr-center hr-icon-no  '><span class='hr-inner   inner-border-av-border-thin' style=' width:100%; border-color:#cecece;' ><span class='hr-inner-style'><\/span><\/span><\/div><\/p>\n<div class=\"tabcontainer   top_tab  \">\n\n<section class=\"av_tab_section\"  itemscope=\"itemscope\" itemtype=\"https:\/\/schema.org\/CreativeWork\" >    <div data-fake-id=\"#tab-id-1\" class=\"tab active_tab\"  itemprop=\"headline\" ><span class='tab_icon' aria-hidden='true' data-av_icon='\ue84e' data-av_iconfont='entypo-fontello'><\/span>Descripci\u00f3n del Producto<\/div>\n    <div id=\"tab-id-1-container\" class=\"tab_content active_tab_content\">\n        <div class=\"tab_inner_content invers-color\"  itemprop=\"text\" >\n<div class=\"std\">\n<div class=\"std\">\n<p><span class=\"pdT\">Refractor Meade 130mm APO ED Triplete Serie 6000 #0507-00-05. Para observaci\u00f3n de campo amplio y para generaci\u00f3n de im\u00e1genes, nada puede superar a un verdadero refractor apocrom\u00e1tico (APO).\u00a0 Los refractores Apocrom\u00e1ticos Meade de la Serie 6000 est\u00e1n entre los equipos \u00f3pticos m\u00e1s finos del mercado a cualquier precio.<\/span><\/p>\n<p>Este impresionante refractor de 130mm (5.1\u201d) f\/7 tiene una longitud focal de 910mm, haci\u00e9ndolo ideal para observaci\u00f3n de campo amplio y para astrofotograf\u00eda avanzada.\u00a0 Entre sus caracter\u00edsticas se incluye un objetivo construido por un triplete de lentes ED FK61 de la mejor calidad (de extra baja dispersi\u00f3n) lo que produce un gran contraste y nitidez, as\u00ed como una aberraci\u00f3n crom\u00e1tica casi inexistente (tambi\u00e9n llamada falla de color).<\/p>\n<p>Incluye un Enfocador s\u00faper-preciso tipo Crayford de 3\u201d y doble velocidad 10:1 para lograr un control de enfoque ultra fino.\u00a0 Tambi\u00e9n como equipamiento est\u00e1ndar est\u00e1 un diagonal Meade Serie 5000 de 2\u201d con reflectividad del 99%, para sol deslizable, buscador 8\u00d750 y un estuche rudo de aluminio para proteger su inversi\u00f3n cuando no lo est\u00e9 utilizando.\u00a0 Tambi\u00e9n cuenta con un ensamble de anillos de montaje con cola de pato (o Milano) que es compatible con muchas monturas comercialmente disponibles.\u00a0 Adicionalmente se pueden adquirir oculares, filtros y diversos accesorios.<\/p>\n<p>El tubo \u00f3ptico mide aproximadamente 93.98cm x 17.78cm de di\u00e1metro y pesa 11.35kg.<\/p>\n<p>Cuenta con la garant\u00eda limitada de f\u00e1brica Meade por un per\u00edodo de un a\u00f1o.<\/p>\n<\/div>\n<\/div>\n\n        <\/div>\n    <\/div>\n<\/section>\n\n<section class=\"av_tab_section\"  itemscope=\"itemscope\" itemtype=\"https:\/\/schema.org\/CreativeWork\" >    <div data-fake-id=\"#tab-id-2\" class=\"tab \"  itemprop=\"headline\" ><span class='tab_icon' aria-hidden='true' data-av_icon='\ue856' data-av_iconfont='entypo-fontello'><\/span>Especificaciones T\u00e9cnicas<\/div>\n    <div id=\"tab-id-2-container\" class=\"tab_content \">\n        <div class=\"tab_inner_content invers-color\"  itemprop=\"text\" >\n<table id=\"product-attribute-specs-table\" class=\"data-table\">\n<tbody>\n<tr class=\"first odd\">\n<th class=\"label\">Apertura<\/th>\n<td class=\"data last\">130mm<\/td>\n<\/tr>\n<tr class=\"even\">\n<th class=\"label\">Dise\u00f1o Optico<\/th>\n<td class=\"data last\">Refractor Apocrom\u00e1tico<\/td>\n<\/tr>\n<tr class=\"odd\">\n<th class=\"label\">Recubrimientos Opticos<\/th>\n<td class=\"data last\">M\u00faltiples en Todas las Caras al Aire (Fully Multi-Coated)<\/td>\n<\/tr>\n<tr class=\"even\">\n<th class=\"label\">Longitud Focal<\/th>\n<td class=\"data last\">910mm<\/td>\n<\/tr>\n<tr class=\"odd\">\n<th class=\"label\">Relaci\u00f3n Focal<\/th>\n<td class=\"data last\">f\/7<\/td>\n<\/tr>\n<tr class=\"even\">\n<th class=\"label\">Poder de Resolusi\u00f3n (L\u00edmite de Dawes)<\/th>\n<td class=\"data last\">0.89 segundos de arco<\/td>\n<\/tr>\n<tr class=\"odd\">\n<th class=\"label\">Buscador<\/th>\n<td class=\"data last\">8x50mm con ret\u00edcula de cruz<\/td>\n<\/tr>\n<tr class=\"even\">\n<th class=\"label\">Mecanismo de Enfoque<\/th>\n<td class=\"data last\">Enfocador tipo Crayford de 3\u2033, de corrimiento nulo, de dos velocidades 10:1<\/td>\n<\/tr>\n<tr class=\"odd\">\n<th class=\"label\">Diagonal<\/th>\n<td class=\"data last\">Diagonal Diel\u00e9ctrico Serie 5000\u2122 de 2\u2033<\/td>\n<\/tr>\n<tr class=\"even\">\n<th class=\"label\">Cola de Pato (Milano)<\/th>\n<td class=\"data last\">Tipo Vixen\u00ae<\/td>\n<\/tr>\n<tr class=\"last odd\">\n<th class=\"label\">Parasol<\/th>\n<td class=\"data last\">Si<\/td>\n<\/tr>\n<\/tbody>\n<\/table>\n\n        <\/div>\n    <\/div>\n<\/section>\n\n<\/div>\n\n","protected":false},"excerpt":{"rendered":"","protected":false},"author":7,"featured_media":0,"parent":0,"menu_order":0,"comment_status":"closed","ping_status":"closed","template":"","meta":{"footnotes":""},"class_list":["post-6611","page","type-page","status-publish","hentry"],"_links":{"self":[{"href":"https:\/\/www.meade.com.mx\/index.php\/wp-json\/wp\/v2\/pages\/6611","targetHints":{"allow":["GET"]}}],"collection":[{"href":"https:\/\/www.meade.com.mx\/index.php\/wp-json\/wp\/v2\/pages"}],"about":[{"href":"https:\/\/www.meade.com.mx\/index.php\/wp-json\/wp\/v2\/types\/page"}],"author":[{"embeddable":true,"href":"https:\/\/www.meade.com.mx\/index.php\/wp-json\/wp\/v2\/users\/7"}],"replies":[{"embeddable":true,"href":"https:\/\/www.meade.com.mx\/index.php\/wp-json\/wp\/v2\/comments?post=6611"}],"version-history":[{"count":3,"href":"https:\/\/www.meade.com.mx\/index.php\/wp-json\/wp\/v2\/pages\/6611\/revisions"}],"predecessor-version":[{"id":7842,"href":"https:\/\/www.meade.com.mx\/index.php\/wp-json\/wp\/v2\/pages\/6611\/revisions\/7842"}],"wp:attachment":[{"href":"https:\/\/www.meade.com.mx\/index.php\/wp-json\/wp\/v2\/media?parent=6611"}],"curies":[{"name":"wp","href":"https:\/\/api.w.org\/{rel}","templated":true}]}}