{"id":6663,"date":"2016-06-15T21:26:59","date_gmt":"2016-06-15T21:26:59","guid":{"rendered":"http:\/\/www.meade.com.mx\/?page_id=6663"},"modified":"2016-08-02T02:56:21","modified_gmt":"2016-08-02T02:56:21","slug":"etx80-observer","status":"publish","type":"page","link":"https:\/\/www.meade.com.mx\/index.php\/etx80-observer\/","title":{"rendered":"ETX80 Observer"},"content":{"rendered":"<div class=\"flex_column av_one_half  flex_column_div av-zero-column-padding first  \" style='border-radius:0px; '><div class='avia-gallery  avia-gallery-1 avia_lazyload avia_animate_when_visible '  itemscope=\"itemscope\" itemtype=\"https:\/\/schema.org\/ImageObject\" ><a class='avia-gallery-big fakeLightbox lightbox avia-gallery-big-crop-thumb ' href='https:\/\/www.meade.com.mx\/wp-content\/uploads\/2016\/06\/etx80_dewshield_frontangle2-687x1030.jpg'  data-onclick='1' title='' ><span class='avia-gallery-big-inner'  itemprop=\"thumbnailUrl\" >\t<img width='470' height='705' src='https:\/\/www.meade.com.mx\/wp-content\/uploads\/2016\/06\/etx80_dewshield_frontangle2-470x705.jpg' title='etx80_dewshield_frontangle2' alt='' \/><\/span><\/a><div class='avia-gallery-thumb'> <a href='https:\/\/www.meade.com.mx\/wp-content\/uploads\/2016\/06\/etx80_dewshield_frontangle2-687x1030.jpg' data-rel='gallery-1' data-prev-img='https:\/\/www.meade.com.mx\/wp-content\/uploads\/2016\/06\/etx80_dewshield_frontangle2-470x705.jpg' class='first_thumb lightbox ' data-onclick='1' title=''  itemprop=\"thumbnailUrl\" ><img  src='https:\/\/www.meade.com.mx\/wp-content\/uploads\/2016\/06\/etx80_dewshield_frontangle2-180x180.jpg' width='180' height='180'  title='etx80_dewshield_frontangle2' alt='' \/><\/a> <a href='https:\/\/www.meade.com.mx\/wp-content\/uploads\/2016\/06\/etx80_dewshield_backangle-687x1030.jpg' data-rel='gallery-1' data-prev-img='https:\/\/www.meade.com.mx\/wp-content\/uploads\/2016\/06\/etx80_dewshield_backangle-470x705.jpg' class='lightbox ' data-onclick='2' title=''  itemprop=\"thumbnailUrl\" ><img  src='https:\/\/www.meade.com.mx\/wp-content\/uploads\/2016\/06\/etx80_dewshield_backangle-180x180.jpg' width='180' height='180'  title='etx80_dewshield_backangle' alt='' \/><\/a> <a href='https:\/\/www.meade.com.mx\/wp-content\/uploads\/2016\/06\/etx80_dewshield_frontangle-687x1030.jpg' data-rel='gallery-1' data-prev-img='https:\/\/www.meade.com.mx\/wp-content\/uploads\/2016\/06\/etx80_dewshield_frontangle-470x705.jpg' class='lightbox ' data-onclick='3' title=''  itemprop=\"thumbnailUrl\" ><img  src='https:\/\/www.meade.com.mx\/wp-content\/uploads\/2016\/06\/etx80_dewshield_frontangle-180x180.jpg' width='180' height='180'  title='etx80_dewshield_frontangle' alt='' \/><\/a> <a href='https:\/\/www.meade.com.mx\/wp-content\/uploads\/2016\/06\/etx80_nodewshield_sideview-687x1030.jpg' data-rel='gallery-1' data-prev-img='https:\/\/www.meade.com.mx\/wp-content\/uploads\/2016\/06\/etx80_nodewshield_sideview-470x705.jpg' class='lightbox ' data-onclick='4' title=''  itemprop=\"thumbnailUrl\" ><img  src='https:\/\/www.meade.com.mx\/wp-content\/uploads\/2016\/06\/etx80_nodewshield_sideview-180x180.jpg' width='180' height='180'  title='etx80_nodewshield_sideview' alt='' \/><\/a> <a href='https:\/\/www.meade.com.mx\/wp-content\/uploads\/2016\/06\/eyepieces_picture-1030x789.png' data-rel='gallery-1' data-prev-img='https:\/\/www.meade.com.mx\/wp-content\/uploads\/2016\/06\/eyepieces_picture-705x540.png' class='lightbox ' data-onclick='5' title=''  itemprop=\"thumbnailUrl\" ><img  src='https:\/\/www.meade.com.mx\/wp-content\/uploads\/2016\/06\/eyepieces_picture-180x180.png' width='180' height='180'  title='eyepieces_picture' alt='' \/><\/a> <a href='https:\/\/www.meade.com.mx\/wp-content\/uploads\/2016\/06\/level_picture-816x1030.png' data-rel='gallery-1' data-prev-img='https:\/\/www.meade.com.mx\/wp-content\/uploads\/2016\/06\/level_picture-559x705.png' class='first_thumb lightbox ' data-onclick='6' title=''  itemprop=\"thumbnailUrl\" ><img  src='https:\/\/www.meade.com.mx\/wp-content\/uploads\/2016\/06\/level_picture-180x180.png' width='180' height='180'  title='level_picture' alt='' \/><\/a> <a href='https:\/\/www.meade.com.mx\/wp-content\/uploads\/2016\/06\/etx80_backpack_with_graphics_205002-687x1030.png' data-rel='gallery-1' data-prev-img='https:\/\/www.meade.com.mx\/wp-content\/uploads\/2016\/06\/etx80_backpack_with_graphics_205002-470x705.png' class='lightbox ' data-onclick='7' title=''  itemprop=\"thumbnailUrl\" ><img  src='https:\/\/www.meade.com.mx\/wp-content\/uploads\/2016\/06\/etx80_backpack_with_graphics_205002-180x180.png' width='180' height='180'  title='etx80_backpack_with_graphics_205002' alt='' \/><\/a><\/div><\/div><\/div>\n<div class=\"flex_column av_one_half  flex_column_div av-zero-column-padding   \" style='border-radius:0px; '><p><div style='padding-bottom:10px;' class='av-special-heading av-special-heading-h2  blockquote modern-quote   '><h2 class='av-special-heading-tag '  itemprop=\"headline\"  >ETX80 Observer<\/h2><div class='special-heading-border'><div class='special-heading-inner-border' ><\/div><\/div><\/div><br \/>\n<div style=' margin-top:30; margin-bottom:30px;'  class='hr hr-custom hr-center hr-icon-no  '><span class='hr-inner   inner-border-av-border-thin' style=' width:100%; border-color:#cecece;' ><span class='hr-inner-style'><\/span><\/span><\/div><br \/>\n<section class=\"av_textblock_section \"  itemscope=\"itemscope\" itemtype=\"https:\/\/schema.org\/CreativeWork\" ><div class='avia_textblock  av_inherit_color '  style='font-size:17px; color:#3076b3; '  itemprop=\"text\" ><div class=\"std\">\n<ul>\n<li>Refractor Acrom\u00e1tico 80mm f\/5; 400mm LF<\/li>\n<\/ul>\n<ul>\n<li>Controlador AudioStar con m\u00e1s de 30,000 objetos en su base de datos. Incluye altavoz integrado<\/li>\n<\/ul>\n<ul>\n<li>Tubo \u00f3ptico desmontable, permitiendo al usuario tomar el telescopio y utilizarlo como telefoto u otros usos<\/li>\n<\/ul>\n<ul>\n<li>Incluye dos oculares Super Pl\u00f6ssl de 1.25\u201d: 26mm (15x magnificaci\u00f3n) y 9.7mm (41x magnificaci\u00f3n), y un barlow 2x interno abatible que duplica la magificaci\u00f3n de cada ocular<\/li>\n<\/ul>\n<ul>\n<li>Viene con una mochila tipo &#8220;backpack&#8221; en la que se guarda el telescopio con sumontura y sus accesorios, tripi\u00e9, prisma tipo roof a 45\u00ba, para sol, br\u00fajula con nivel de birbuja y un DVD con software<\/li>\n<\/ul>\n<\/div>\n<\/div><\/section><\/p><\/div><div style=' margin-top:30; margin-bottom:30px;'  class='hr hr-custom hr-center hr-icon-no  '><span class='hr-inner   inner-border-av-border-thin' style=' width:100%; border-color:#cecece;' ><span class='hr-inner-style'><\/span><\/span><\/div><\/p>\n<div class=\"tabcontainer   top_tab  \">\n\n<section class=\"av_tab_section\"  itemscope=\"itemscope\" itemtype=\"https:\/\/schema.org\/CreativeWork\" >    <div data-fake-id=\"#tab-id-1\" class=\"tab active_tab\"  itemprop=\"headline\" ><span class='tab_icon' aria-hidden='true' data-av_icon='\ue84e' data-av_iconfont='entypo-fontello'><\/span>Descripci\u00f3n del Producto<\/div>\n    <div id=\"tab-id-1-container\" class=\"tab_content active_tab_content\">\n        <div class=\"tab_inner_content invers-color\"  itemprop=\"text\" >\n<div class=\"std\">\n<p>Por muchos a\u00f1os, los telescopios ETX han servido a los astr\u00f3omos aficionados con un equipo de calidad, valor y buen desempe\u00f1o, con cada nuevo modelo trayendo modificaciones y mejoras. El ETX 80 Observer contin\u00faa el legado.<\/p>\n<p>Iniciar su aventura en la astronom\u00eda con un ETX 80 es una excelente decisi\u00f3n. Tome su lente de 80mm y disfrute vistas terrestres de cerca, as\u00ed como bellas vistas de objetos celestes en cualquier momento y lugar. Empaque su telescopio y tripi\u00e9 de inmediato cuando necesite salir con su c\u00f3moda mochila tipo &#8220;backpack&#8221;.<\/p>\n<p>El ETX 80 Observer equipa al explorador moderno con un sofisticado y automatizado telescopio port\u00e1til. Su dise\u00f1o de doble prop\u00f3sito incluye un tubo \u00f3ptico desmontable que es ideal para uso diurno y nocturno e incluye caracter\u00edsticas excepcionales como el AudioStar, tecnolog\u00eda GOTO, y una gran base de datos de 30,000 objetos celestes.<\/p>\n<p>Is perfecto para observaci\u00f3n diurna en campametos, e la monta\u00f1a y actividades al aire libre.\u00a0 La observaci\u00f3n del cielo nocturno se hace muy divertida, sencilla y educativa. Con el ETX 80, ver\u00e1 planetas, estrellas, galaxias y nebulosas con tan solo presionar un bot\u00f3n.<\/p>\n<p>El ETX80 Observer viene con muchas caracter\u00edsticas y accesorios, incluyendo: Mochila tipo &#8220;Backpack&#8221; para la montura y el Tubo Optico; cotrolador de mano AudioStar con m\u00e1s de 30,000 objetos y una altavoz incluida; tripi\u00e9 ligero y robusto; Barlow 2x integrado y abatible para incrementar la magificaci\u00f3n del ocular en uso; Espejo abatible que le permite enfocar utilizarlo viualmente o con una c\u00e1mara fotogr\u00e1fica por el puerto trasero del telescopio; para-sol para prevenir la que luz indeseada incida en el telescopio o que se acumule roc\u00edo en el lente frontal; \u00f3ptica con recubrimientos antireflejates m\u00faltiples para mejorar el contraste, el brillo y los detalles de todo lo que oserve; prisma tipo roof a 45\u00ba para una vistam\u00e1s c\u00f3moda de los objetos terrestres; br\u00fajula con nivelde burbuja para asegurar que su tripi\u00e9 y telescopio est\u00e1n nivelados; y un dise\u00f1o acrom\u00e1tico para reducrir las aberraciones crom\u00e1ticas.<\/p>\n<\/div>\n<div class=\"std\">Estas son tan solo algunas de las caracter\u00edsticas que hacen de este peque\u00f1o, un gran telescopio.<\/div>\n\n        <\/div>\n    <\/div>\n<\/section>\n\n<section class=\"av_tab_section\"  itemscope=\"itemscope\" itemtype=\"https:\/\/schema.org\/CreativeWork\" >    <div data-fake-id=\"#tab-id-2\" class=\"tab \"  itemprop=\"headline\" ><span class='tab_icon' aria-hidden='true' data-av_icon='\ue856' data-av_iconfont='entypo-fontello'><\/span>Especificaciones T\u00e9cnicas<\/div>\n    <div id=\"tab-id-2-container\" class=\"tab_content \">\n        <div class=\"tab_inner_content invers-color\"  itemprop=\"text\" >\n<table id=\"product-attribute-specs-table\" class=\"data-table\">\n<tbody>\n<tr class=\"first odd\">\n<th class=\"label\">Clear Aperture<\/th>\n<td class=\"data last\">80mm<\/td>\n<\/tr>\n<tr class=\"even\">\n<th class=\"label\">Optical Design<\/th>\n<td class=\"data last\">Achromatic Refractor<\/td>\n<\/tr>\n<tr class=\"odd\">\n<th class=\"label\">Optical Coatings<\/th>\n<td class=\"data last\">Multi-Coated<\/td>\n<\/tr>\n<tr class=\"even\">\n<th class=\"label\">Focal Length<\/th>\n<td class=\"data last\">400mm<\/td>\n<\/tr>\n<tr class=\"odd\">\n<th class=\"label\">Focal Ratio<\/th>\n<td class=\"data last\">f\/5<\/td>\n<\/tr>\n<tr class=\"even\">\n<th class=\"label\">Resolving Power (Dawes&#8217; Limit)<\/th>\n<td class=\"data last\">1.45 arc-seconds<\/td>\n<\/tr>\n<tr class=\"odd\">\n<th class=\"label\">Viewfinder<\/th>\n<td class=\"data last\">Red Dot<\/td>\n<\/tr>\n<tr class=\"even\">\n<th class=\"label\">Eyepiece(s)<\/th>\n<td class=\"data last\">1.25\u201d Super Pl\u00f6ssl Eyepieces: 26mm (15x magnification) &amp; 9.7mm (41x magnification)<\/td>\n<\/tr>\n<tr class=\"odd\">\n<th class=\"label\">Barlow<\/th>\n<td class=\"data last\">Internal Flip-Function 2x Barlow<\/td>\n<\/tr>\n<tr class=\"even\">\n<th class=\"label\">Dovetail<\/th>\n<td class=\"data last\">Vixen-Style<\/td>\n<\/tr>\n<tr class=\"odd\">\n<th class=\"label\">Dew Shield<\/th>\n<td class=\"data last\">Yes<\/td>\n<\/tr>\n<tr class=\"even\">\n<th class=\"label\">Mount Type<\/th>\n<td class=\"data last\">Fork type; double-tine<\/td>\n<\/tr>\n<tr class=\"odd\">\n<th class=\"label\">Hand Controller<\/th>\n<td class=\"data last\">AudioStar\u2122<\/td>\n<\/tr>\n<tr class=\"even\">\n<th class=\"label\">Object Database<\/th>\n<td class=\"data last\">30,000 objects<\/td>\n<\/tr>\n<tr class=\"odd\">\n<th class=\"label\">Tripod<\/th>\n<td class=\"data last\">Lightweight Aluminum Tripod<\/td>\n<\/tr>\n<tr class=\"even\">\n<th class=\"label\">Time Chip<\/th>\n<td class=\"data last\">Yes<\/td>\n<\/tr>\n<tr class=\"last odd\">\n<th class=\"label\">Assembled Product Weight<\/th>\n<td class=\"data last\">11.72 lbs<\/td>\n<\/tr>\n<\/tbody>\n<\/table>\n\n        <\/div>\n    <\/div>\n<\/section>\n\n<\/div>\n\n","protected":false},"excerpt":{"rendered":"","protected":false},"author":7,"featured_media":0,"parent":0,"menu_order":0,"comment_status":"closed","ping_status":"closed","template":"","meta":{"footnotes":""},"class_list":["post-6663","page","type-page","status-publish","hentry"],"_links":{"self":[{"href":"https:\/\/www.meade.com.mx\/index.php\/wp-json\/wp\/v2\/pages\/6663","targetHints":{"allow":["GET"]}}],"collection":[{"href":"https:\/\/www.meade.com.mx\/index.php\/wp-json\/wp\/v2\/pages"}],"about":[{"href":"https:\/\/www.meade.com.mx\/index.php\/wp-json\/wp\/v2\/types\/page"}],"author":[{"embeddable":true,"href":"https:\/\/www.meade.com.mx\/index.php\/wp-json\/wp\/v2\/users\/7"}],"replies":[{"embeddable":true,"href":"https:\/\/www.meade.com.mx\/index.php\/wp-json\/wp\/v2\/comments?post=6663"}],"version-history":[{"count":6,"href":"https:\/\/www.meade.com.mx\/index.php\/wp-json\/wp\/v2\/pages\/6663\/revisions"}],"predecessor-version":[{"id":7952,"href":"https:\/\/www.meade.com.mx\/index.php\/wp-json\/wp\/v2\/pages\/6663\/revisions\/7952"}],"wp:attachment":[{"href":"https:\/\/www.meade.com.mx\/index.php\/wp-json\/wp\/v2\/media?parent=6663"}],"curies":[{"name":"wp","href":"https:\/\/api.w.org\/{rel}","templated":true}]}}