{"id":6672,"date":"2016-06-15T21:35:53","date_gmt":"2016-06-15T21:35:53","guid":{"rendered":"http:\/\/www.meade.com.mx\/?page_id=6672"},"modified":"2016-07-30T23:22:00","modified_gmt":"2016-07-30T23:22:00","slug":"etx90-observer","status":"publish","type":"page","link":"https:\/\/www.meade.com.mx\/index.php\/etx90-observer\/","title":{"rendered":"ETX90 Observer"},"content":{"rendered":"<div class=\"flex_column av_one_half  flex_column_div av-zero-column-padding first  \" style='border-radius:0px; '><div class='avia-gallery  avia-gallery-1 avia_lazyload avia_animate_when_visible '  itemscope=\"itemscope\" itemtype=\"https:\/\/schema.org\/ImageObject\" ><a class='avia-gallery-big fakeLightbox lightbox avia-gallery-big-crop-thumb ' href='https:\/\/www.meade.com.mx\/wp-content\/uploads\/2016\/06\/etx_90_picture_closeup_edit-948x1030.jpg'  data-onclick='1' title='' ><span class='avia-gallery-big-inner'  itemprop=\"thumbnailUrl\" >\t<img width='649' height='705' src='https:\/\/www.meade.com.mx\/wp-content\/uploads\/2016\/06\/etx_90_picture_closeup_edit-649x705.jpg' title='etx_90_picture_closeup_edit' alt='' \/><\/span><\/a><div class='avia-gallery-thumb'> <a href='https:\/\/www.meade.com.mx\/wp-content\/uploads\/2016\/06\/etx_90_picture_closeup_edit-948x1030.jpg' data-rel='gallery-1' data-prev-img='https:\/\/www.meade.com.mx\/wp-content\/uploads\/2016\/06\/etx_90_picture_closeup_edit-649x705.jpg' class='first_thumb lightbox ' data-onclick='1' title=''  itemprop=\"thumbnailUrl\" ><img  src='https:\/\/www.meade.com.mx\/wp-content\/uploads\/2016\/06\/etx_90_picture_closeup_edit-180x180.jpg' width='180' height='180'  title='etx_90_picture_closeup_edit' alt='' \/><\/a> <a href='https:\/\/www.meade.com.mx\/wp-content\/uploads\/2016\/06\/etx90_backangle-687x1030.jpg' data-rel='gallery-1' data-prev-img='https:\/\/www.meade.com.mx\/wp-content\/uploads\/2016\/06\/etx90_backangle-470x705.jpg' class='lightbox ' data-onclick='2' title=''  itemprop=\"thumbnailUrl\" ><img  src='https:\/\/www.meade.com.mx\/wp-content\/uploads\/2016\/06\/etx90_backangle-180x180.jpg' width='180' height='180'  title='etx90_backangle' alt='' \/><\/a> <a href='https:\/\/www.meade.com.mx\/wp-content\/uploads\/2016\/06\/etx90_sideview_audiostarshown-687x1030.jpg' data-rel='gallery-1' data-prev-img='https:\/\/www.meade.com.mx\/wp-content\/uploads\/2016\/06\/etx90_sideview_audiostarshown-470x705.jpg' class='lightbox ' data-onclick='3' title=''  itemprop=\"thumbnailUrl\" ><img  src='https:\/\/www.meade.com.mx\/wp-content\/uploads\/2016\/06\/etx90_sideview_audiostarshown-180x180.jpg' width='180' height='180'  title='etx90_sideview_audiostarshown' alt='' \/><\/a> <a href='https:\/\/www.meade.com.mx\/wp-content\/uploads\/2016\/06\/etx90_lenscloseup-687x1030.jpg' data-rel='gallery-1' data-prev-img='https:\/\/www.meade.com.mx\/wp-content\/uploads\/2016\/06\/etx90_lenscloseup-470x705.jpg' class='lightbox ' data-onclick='4' title=''  itemprop=\"thumbnailUrl\" ><img  src='https:\/\/www.meade.com.mx\/wp-content\/uploads\/2016\/06\/etx90_lenscloseup-180x180.jpg' width='180' height='180'  title='etx90_lenscloseup' alt='' \/><\/a> <a href='https:\/\/www.meade.com.mx\/wp-content\/uploads\/2016\/06\/hard_case_picture-1030x672.png' data-rel='gallery-1' data-prev-img='https:\/\/www.meade.com.mx\/wp-content\/uploads\/2016\/06\/hard_case_picture-705x460.png' class='lightbox ' data-onclick='5' title=''  itemprop=\"thumbnailUrl\" ><img  src='https:\/\/www.meade.com.mx\/wp-content\/uploads\/2016\/06\/hard_case_picture-180x180.png' width='180' height='180'  title='hard_case_picture' alt='' \/><\/a> <a href='https:\/\/www.meade.com.mx\/wp-content\/uploads\/2016\/06\/eyepieces_picture_1-1030x789.png' data-rel='gallery-1' data-prev-img='https:\/\/www.meade.com.mx\/wp-content\/uploads\/2016\/06\/eyepieces_picture_1-705x540.png' class='first_thumb lightbox ' data-onclick='6' title=''  itemprop=\"thumbnailUrl\" ><img  src='https:\/\/www.meade.com.mx\/wp-content\/uploads\/2016\/06\/eyepieces_picture_1-180x180.png' width='180' height='180'  title='eyepieces_picture_1' alt='' \/><\/a> <a href='https:\/\/www.meade.com.mx\/wp-content\/uploads\/2016\/06\/level_picture_1-816x1030.png' data-rel='gallery-1' data-prev-img='https:\/\/www.meade.com.mx\/wp-content\/uploads\/2016\/06\/level_picture_1-559x705.png' class='lightbox ' data-onclick='7' title=''  itemprop=\"thumbnailUrl\" ><img  src='https:\/\/www.meade.com.mx\/wp-content\/uploads\/2016\/06\/level_picture_1-180x180.png' width='180' height='180'  title='level_picture_1' alt='' \/><\/a><\/div><\/div><\/div>\n<div class=\"flex_column av_one_half  flex_column_div av-zero-column-padding   \" style='border-radius:0px; '><p><div style='padding-bottom:10px;' class='av-special-heading av-special-heading-h2  blockquote modern-quote   '><h2 class='av-special-heading-tag '  itemprop=\"headline\"  >ETX90 Observer<\/h2><div class='special-heading-border'><div class='special-heading-inner-border' ><\/div><\/div><\/div><br \/>\n<div style=' margin-top:30; margin-bottom:30px;'  class='hr hr-custom hr-center hr-icon-no  '><span class='hr-inner   inner-border-av-border-thin' style=' width:100%; border-color:#cecece;' ><span class='hr-inner-style'><\/span><\/span><\/div><br \/>\n<section class=\"av_textblock_section \"  itemscope=\"itemscope\" itemtype=\"https:\/\/schema.org\/CreativeWork\" ><div class='avia_textblock  av_inherit_color '  style='font-size:17px; color:#3076b3; '  itemprop=\"text\" ><div class=\"std\">\n<ul>\n<li>Telescopio Maksutov-Cassegrain 90mm f\/13.8 con Recubrimi\u00e9ntos de Ultra Alta Transmisi\u00f3n; 1250mm LF<\/li>\n<\/ul>\n<ul>\n<li>Controlador AudioStar con m\u00e1s de 30,000 objetos en su base de datos. Incluye altavoz integrado<\/li>\n<\/ul>\n<ul>\n<li>Tubo \u00f3ptico desmontable, permitiendo al usuario tomar el telescopio y utilizarlo como telefoto u otros usos<\/li>\n<\/ul>\n<ul>\n<li>Incluye dos oculares Super Pl\u00f6ssl de 1.25\u201d: 26mm (48x) y 9.7mm (129x), y un buscador de punto rojo para ayudarle a apuntar el telescopio<\/li>\n<\/ul>\n<ul>\n<li>Incluye un estuche r\u00edgido para el tubo \u00f3ptico con su montura y accesorios, y un tripi\u00e9 con bols\u00f3n de loneta azul con el logo de Meade<\/li>\n<\/ul>\n<\/div>\n<\/div><\/section><\/p><\/div>\n<div style=' margin-top:30; margin-bottom:30px;'  class='hr hr-custom hr-center hr-icon-no  '><span class='hr-inner   inner-border-av-border-thin' style=' width:100%; border-color:#cecece;' ><span class='hr-inner-style'><\/span><\/span><\/div>\n<div class=\"tabcontainer   top_tab  \">\n\n<section class=\"av_tab_section\"  itemscope=\"itemscope\" itemtype=\"https:\/\/schema.org\/CreativeWork\" >    <div data-fake-id=\"#tab-id-1\" class=\"tab active_tab\"  itemprop=\"headline\" ><span class='tab_icon' aria-hidden='true' data-av_icon='\ue84e' data-av_iconfont='entypo-fontello'><\/span>Descripci\u00f3n del Producto<\/div>\n    <div id=\"tab-id-1-container\" class=\"tab_content active_tab_content\">\n        <div class=\"tab_inner_content invers-color\"  itemprop=\"text\" >\n<div class=\"std\">\n<div class=\"std\">\n<p>Por muchos a\u00f1os, los telescopios ETX han servido a los astr\u00f3omos aficionados con un equipo de calidad, valor y buen desempe\u00f1o, con cada nuevo modelo trayendo modificaciones y mejoras. El ETX 90 Observer contin\u00faa el legado.<\/p>\n<p>Iniciar su aventura en la astronom\u00eda con el ETX 90 es una excelente decisi\u00f3n. Tome ventaja de su lente de 90mm de apertura y disfrute de grandes vistas del sistema solar y de objetos celestes en cualquier momento y lugar. Empaque su telescopio y tripi\u00e9 de inmediato cuando necesite salir con su c\u00f3modo estuche r\u00edgido y durable bols\u00f3n para el tripi\u00e9.<\/p>\n<p>El ETX 90 Observer equipa al explorador moderno con un sofisticado y automatizado telescopio port\u00e1til. Su dise\u00f1o de doble prop\u00f3sito incluye un tubo \u00f3ptico desmontable e incluye grandes funcionalidades como el AudioStar, tecnolog\u00eda GOTO, y su gran base de datos de 30,000 objetos celestes. Es el telescopio perfecto para acompa\u00f1arlo en una saluda decampismo, arriba en la monta\u00f1a o cualquier otra actividad a aire libre. Explorar el cielo octurno con el ETX90 es divertido, f\u00e1cil y educativo. Con el ETX 90, ver\u00e1 planetas, estrellas, galaxias y nebulosas con tan solo presionar un bot\u00f3n.\u00a0 El legado de laSerie ETX contin\u00faa.<\/p>\n<p>El ETX90 Observer tiene un dise\u00f1o \u00f3ptico Maksutov-Cassegrain que le ofrece estrellas puntuales y un extraordinario contraste, haci\u00e9ndolo ideal para observaci\u00f3n lunar y planetaria detallada y a altas magnificaciones.\u00a0 Sus recubrimientos \u00f3ptios de Ultra Alta Transmisi\u00f3n(UHTC) le ofrecen la m\u00e1xima transmisi\u00f3n de luz, asegurando im\u00e1genes brillantes y elmejor contraste. Incluye un mecaismos de espejoabatible para poder enviar la luz a la celda trasera del telescopio (en lugar de reflejarlo a 90\u00ba hacia el ocular) lo que permiteel uso de una c\u00e1mara fotogr\u00e1fica en la parte trasera del telescopio (requiere de algunos accesorios no icluidos). El ETX90 Observer viene con una br\u00fajula con nivel de burbuja para asegurar que su tripi\u00e9 y montura est\u00e9n bien nivelados.<\/p>\n<p>Incluye un trpi\u00e9 de acero, port\u00e1til y extremadamente estable, y viene con una platina ecuatorial inclinable, que le permite alinearlo polarmente lo que es cr\u00edtico para fotograf\u00eda de larga exposici\u00f3n.\u00a0 Tambi\u00e9n incluye un estuche r\u00edgido para el tubo \u00f3ptico con su motura y sus acesorios, y un bols\u00f3n para el tripi\u00e9.<\/p>\n<\/div>\n<\/div>\n\n        <\/div>\n    <\/div>\n<\/section>\n\n<section class=\"av_tab_section\"  itemscope=\"itemscope\" itemtype=\"https:\/\/schema.org\/CreativeWork\" >    <div data-fake-id=\"#tab-id-2\" class=\"tab \"  itemprop=\"headline\" ><span class='tab_icon' aria-hidden='true' data-av_icon='\ue856' data-av_iconfont='entypo-fontello'><\/span>Especificaciones T\u00e9cnicas<\/div>\n    <div id=\"tab-id-2-container\" class=\"tab_content \">\n        <div class=\"tab_inner_content invers-color\"  itemprop=\"text\" >\n<table id=\"product-attribute-specs-table\" class=\"data-table\">\n<tbody>\n<tr class=\"first odd\">\n<th class=\"label\">Clear Aperture<\/th>\n<td class=\"data last\">90mm<\/td>\n<\/tr>\n<tr class=\"even\">\n<th class=\"label\">Optical Design<\/th>\n<td class=\"data last\">Maksutov-Cassegrain<\/td>\n<\/tr>\n<tr class=\"odd\">\n<th class=\"label\">Optical Coatings<\/th>\n<td class=\"data last\">UHTC\u2122<\/td>\n<\/tr>\n<tr class=\"even\">\n<th class=\"label\">Focal Length<\/th>\n<td class=\"data last\">1250mm<\/td>\n<\/tr>\n<tr class=\"odd\">\n<th class=\"label\">Focal Ratio<\/th>\n<td class=\"data last\">f\/13.8<\/td>\n<\/tr>\n<tr class=\"even\">\n<th class=\"label\">Resolving Power (Dawes&#8217; Limit)<\/th>\n<td class=\"data last\">1.29 arc-seconds<\/td>\n<\/tr>\n<tr class=\"odd\">\n<th class=\"label\">Viewfinder<\/th>\n<td class=\"data last\">Red Dot<\/td>\n<\/tr>\n<tr class=\"even\">\n<th class=\"label\">Eyepiece(s)<\/th>\n<td class=\"data last\">1.25\u201d Super Pl\u00f6ssl Eyepieces: 26mm (48x) and 9.7mm (129x)<\/td>\n<\/tr>\n<tr class=\"odd\">\n<th class=\"label\">Dovetail<\/th>\n<td class=\"data last\">Vixen-Style<\/td>\n<\/tr>\n<tr class=\"even\">\n<th class=\"label\">Mount Type<\/th>\n<td class=\"data last\">Fork type; double-tine<\/td>\n<\/tr>\n<tr class=\"odd\">\n<th class=\"label\">Hand Controller<\/th>\n<td class=\"data last\">AudioStar\u2122<\/td>\n<\/tr>\n<tr class=\"even\">\n<th class=\"label\">Object Database<\/th>\n<td class=\"data last\">30,000 objects<\/td>\n<\/tr>\n<tr class=\"odd\">\n<th class=\"label\">Tripod<\/th>\n<td class=\"data last\">Full Size Steel Tripod with EQ tilt plate<\/td>\n<\/tr>\n<tr class=\"even\">\n<th class=\"label\">Time Chip<\/th>\n<td class=\"data last\">Yes<\/td>\n<\/tr>\n<tr class=\"last odd\">\n<th class=\"label\">Assembled Product Weight<\/th>\n<td class=\"data last\">18.91 lbs<\/td>\n<\/tr>\n<\/tbody>\n<\/table>\n\n        <\/div>\n    <\/div>\n<\/section>\n\n<\/div>\n\n","protected":false},"excerpt":{"rendered":"","protected":false},"author":7,"featured_media":0,"parent":0,"menu_order":0,"comment_status":"closed","ping_status":"closed","template":"","meta":{"footnotes":""},"class_list":["post-6672","page","type-page","status-publish","hentry"],"_links":{"self":[{"href":"https:\/\/www.meade.com.mx\/index.php\/wp-json\/wp\/v2\/pages\/6672","targetHints":{"allow":["GET"]}}],"collection":[{"href":"https:\/\/www.meade.com.mx\/index.php\/wp-json\/wp\/v2\/pages"}],"about":[{"href":"https:\/\/www.meade.com.mx\/index.php\/wp-json\/wp\/v2\/types\/page"}],"author":[{"embeddable":true,"href":"https:\/\/www.meade.com.mx\/index.php\/wp-json\/wp\/v2\/users\/7"}],"replies":[{"embeddable":true,"href":"https:\/\/www.meade.com.mx\/index.php\/wp-json\/wp\/v2\/comments?post=6672"}],"version-history":[{"count":4,"href":"https:\/\/www.meade.com.mx\/index.php\/wp-json\/wp\/v2\/pages\/6672\/revisions"}],"predecessor-version":[{"id":7949,"href":"https:\/\/www.meade.com.mx\/index.php\/wp-json\/wp\/v2\/pages\/6672\/revisions\/7949"}],"wp:attachment":[{"href":"https:\/\/www.meade.com.mx\/index.php\/wp-json\/wp\/v2\/media?parent=6672"}],"curies":[{"name":"wp","href":"https:\/\/api.w.org\/{rel}","templated":true}]}}