{"id":6695,"date":"2016-06-15T22:21:01","date_gmt":"2016-06-15T22:21:01","guid":{"rendered":"http:\/\/www.meade.com.mx\/?page_id=6695"},"modified":"2016-09-16T23:11:20","modified_gmt":"2016-09-16T23:11:20","slug":"polaris-80mm-refractor-ecuatorial","status":"publish","type":"page","link":"https:\/\/www.meade.com.mx\/index.php\/polaris-80mm-refractor-ecuatorial\/","title":{"rendered":"Polaris\u2122 80mm Refractor Ecuatorial"},"content":{"rendered":"<div class=\"flex_column av_one_half  flex_column_div av-zero-column-padding first  \" style='border-radius:0px; '><div class='avia-gallery  avia-gallery-1 avia_lazyload avia_animate_when_visible '  itemscope=\"itemscope\" itemtype=\"https:\/\/schema.org\/ImageObject\" ><a class='avia-gallery-big fakeLightbox lightbox avia-gallery-big-crop-thumb ' href='https:\/\/www.meade.com.mx\/wp-content\/uploads\/2016\/06\/b00ly8k04s.pt01.jpg.jpg'  data-onclick='1' title='' ><span class='avia-gallery-big-inner'  itemprop=\"thumbnailUrl\" >\t<img width='705' height='436' src='https:\/\/www.meade.com.mx\/wp-content\/uploads\/2016\/06\/b00ly8k04s.pt01.jpg-705x436.jpg' title='b00ly8k04s.pt01.jpg' alt='' \/><\/span><\/a><div class='avia-gallery-thumb'> <a href='https:\/\/www.meade.com.mx\/wp-content\/uploads\/2016\/06\/b00ly8k04s.pt01.jpg.jpg' data-rel='gallery-1' data-prev-img='https:\/\/www.meade.com.mx\/wp-content\/uploads\/2016\/06\/b00ly8k04s.pt01.jpg-705x436.jpg' class='first_thumb lightbox ' data-onclick='1' title=''  itemprop=\"thumbnailUrl\" ><img  src='https:\/\/www.meade.com.mx\/wp-content\/uploads\/2016\/06\/b00ly8k04s.pt01.jpg-180x180.jpg' width='180' height='180'  title='b00ly8k04s.pt01.jpg' alt='' \/><\/a> <a href='https:\/\/www.meade.com.mx\/wp-content\/uploads\/2016\/06\/polaris_80-front-left_no_tray1-1017x1030.jpg' data-rel='gallery-1' data-prev-img='https:\/\/www.meade.com.mx\/wp-content\/uploads\/2016\/06\/polaris_80-front-left_no_tray1-696x705.jpg' class='lightbox ' data-onclick='2' title=''  itemprop=\"thumbnailUrl\" ><img  src='https:\/\/www.meade.com.mx\/wp-content\/uploads\/2016\/06\/polaris_80-front-left_no_tray1-180x180.jpg' width='180' height='180'  title='polaris_80-front-left_no_tray' alt='' \/><\/a> <a href='https:\/\/www.meade.com.mx\/wp-content\/uploads\/2016\/06\/b00ly8k04s.pt02.jpg.jpg' data-rel='gallery-1' data-prev-img='https:\/\/www.meade.com.mx\/wp-content\/uploads\/2016\/06\/b00ly8k04s.pt02.jpg.jpg' class='lightbox ' data-onclick='3' title=''  itemprop=\"thumbnailUrl\" ><img  src='https:\/\/www.meade.com.mx\/wp-content\/uploads\/2016\/06\/b00ly8k04s.pt02.jpg-180x180.jpg' width='180' height='180'  title='b00ly8k04s.pt02.jpg' alt='' \/><\/a><\/div><\/div><\/div>\n<div class=\"flex_column av_one_half  flex_column_div av-zero-column-padding   \" style='border-radius:0px; '><p><div style='padding-bottom:10px;' class='av-special-heading av-special-heading-h2  blockquote modern-quote   '><h2 class='av-special-heading-tag '  itemprop=\"headline\"  >Polaris\u2122 80mm Refractor Ecuatorial<\/h2><div class='special-heading-border'><div class='special-heading-inner-border' ><\/div><\/div><\/div><br \/>\n<div style=' margin-top:30; margin-bottom:30px;'  class='hr hr-custom hr-center hr-icon-no  '><span class='hr-inner   inner-border-av-border-thin' style=' width:100%; border-color:#cecece;' ><span class='hr-inner-style'><\/span><\/span><\/div><br \/>\n<section class=\"av_textblock_section \"  itemscope=\"itemscope\" itemtype=\"https:\/\/schema.org\/CreativeWork\" ><div class='avia_textblock  av_inherit_color '  style='font-size:17px; color:#3076b3; '  itemprop=\"text\" ><div class=\"std\">\n<ul>\n<li>El Telescopio viene completo con con todo lo necesario para ver las maravillas del cielo nocturno desde la primera vez que lo saque de su caja.<\/li>\n<\/ul>\n<ul>\n<li>Es un telescopio refractor de 80mm (3.1\u201d) de di\u00e1metro y 900mm de LF (f\/11.3) que le ofrece im\u00e1genes brillantes y detalladas que son perfectas para ver objetos terrestres y celestes.<\/li>\n<\/ul>\n<ul>\n<li>Incluye una estable montura ecuatorial con controles de movimiento lento que facilitan el rastreo de objetos celestes al tiempo que se desplazan por el cielo.<\/li>\n<\/ul>\n<ul>\n<li>Viene con 3 oculares para ofrecerle magificaci\u00f3n baja, media y alta para observar una amplio rango de objetos celestes (Luna, planetas, o terrestres).<\/li>\n<\/ul>\n<ul>\n<li>Como bono se incluye el software de planetario Autostar\u00ae Suite Astronomy en DVD con m\u00e1s de 10,000 objetos celestes (solo para Windows\u00ae PC).<\/li>\n<\/ul>\n<\/div>\n<\/div><\/section><\/p><\/div>\n<div style=' margin-top:30; margin-bottom:30px;'  class='hr hr-custom hr-center hr-icon-no  '><span class='hr-inner   inner-border-av-border-thin' style=' width:100%; border-color:#cecece;' ><span class='hr-inner-style'><\/span><\/span><\/div>\n<div class=\"tabcontainer   top_tab  \">\n\n<section class=\"av_tab_section\"  itemscope=\"itemscope\" itemtype=\"https:\/\/schema.org\/CreativeWork\" >    <div data-fake-id=\"#tab-id-1\" class=\"tab \"  itemprop=\"headline\" ><span class='tab_icon' aria-hidden='true' data-av_icon='\ue84e' data-av_iconfont='entypo-fontello'><\/span>Descripci\u00f3n del Producto<\/div>\n    <div id=\"tab-id-1-container\" class=\"tab_content \">\n        <div class=\"tab_inner_content invers-color\"  itemprop=\"text\" >\n<div class=\"std\">\n<p><strong>Explore the universe with the Meade Polaris 80<br \/>\n<\/strong><\/p>\n<ul>\n<li>Telescope comes complete with everything you need to view the wonders of the night sky the first time out.<\/li>\n<li>80mm (3.2\u201d) Refracting Telescope delivers bright and detailed images that is perfect for viewing both land and celestial objects.<\/li>\n<li>Features a stable equatorial mount with slow motion controls that makes it easy to track celestial objects as they move across the night sky.<\/li>\n<li>Comes with 3 eyepieces that provide low, medium and high powered magnification for viewing a wide range of objects (Moon, planets, or land).<\/li>\n<li>Includes a red dot viewfinder to help locate objects you want to observe.<\/li>\n<\/ul>\n<p><strong>Bonus:<\/strong> AutoStar Suite\u00ae Astronomer Edition Software on DVD<br \/>\nAutoStar Suite Astronomer Edition software will help you learn the night sky. It displays more than 10,000 celestial objects including planets, stars, galaxies and nebulas. You can print out star charts and even plan your observing session. It operates on any Windows\u00ae based PC.<\/p>\n<\/div>\n<div class=\"std\"><\/div>\n\n        <\/div>\n    <\/div>\n<\/section>\n\n<section class=\"av_tab_section\"  itemscope=\"itemscope\" itemtype=\"https:\/\/schema.org\/CreativeWork\" >    <div data-fake-id=\"#tab-id-2\" class=\"tab \"  itemprop=\"headline\" ><span class='tab_icon' aria-hidden='true' data-av_icon='\ue856' data-av_iconfont='entypo-fontello'><\/span>Especificaciones T\u00e9cnicas<\/div>\n    <div id=\"tab-id-2-container\" class=\"tab_content \">\n        <div class=\"tab_inner_content invers-color\"  itemprop=\"text\" >\n<p>&#8211; <b>Apertura:<\/b> 80mm (3.1&#8243;)<br \/>\n&#8211; <b>Longitud Focal:<\/b> 900mm<br \/>\n&#8211; <b>Relaci\u00f3n Focal:<\/b> f\/11.3<br \/>\n&#8211; <b>Montura:<\/b> Ecuatorial alemana con control de movimiento lento en ambos ejes<br \/>\n&#8211; <b>Oculares:<\/b> Tres de 1.25&#8243; &#8211; MA6.3mm, MA9mm y MA26<br \/>\n&#8211; <b>Barlow:<\/b> 2x de 1.25&#8243;<br \/>\n&#8211; <b>Diagonal:<\/b> 90\u00b0 1.25&#8243; erector de imagen<br \/>\n&#8211; <b>Buscador:<\/b> Electr\u00f3nico de punto rojo<br \/>\n&#8211; <b>Enfocador:<\/b> Pi\u00f1\u00f3n y cremallera<br \/>\n&#8211; <b>Tripi\u00e9:<\/b> Telesc\u00f3pico de acero cromado con charola porta-accesorios<br \/>\n&#8211; <b>Medidas de la caja:<\/b> 106 x 31 x 23cm<br \/>\n&#8211;<b> Peso:<\/b> 11kg<br \/>\n&#8211; <b>Otros componentes:<\/b> Software astron\u00f3mico y video instructivo en DVD<\/p>\n<p><b>Accesorio Opcional: <\/b><\/p>\n<p><strong>Motor y controlador AR para montura Polaris:<\/strong> Con este motor podras rastrear objetos contrarestando la rotaci\u00f3n de la tierra. Es muy \u00fatil para observaciones porlongadas o si deseas incursionar en el astrovideo o astrofotograf\u00eda.<\/p>\n<p><strong>Estuche flexible para Polaris 70\/80\/90<\/strong> para llevar el telescopio y el tripi\u00e9.<\/p>\n\n        <\/div>\n    <\/div>\n<\/section>\n\n<\/div>\n\n","protected":false},"excerpt":{"rendered":"","protected":false},"author":7,"featured_media":0,"parent":0,"menu_order":0,"comment_status":"closed","ping_status":"closed","template":"","meta":{"footnotes":""},"class_list":["post-6695","page","type-page","status-publish","hentry"],"_links":{"self":[{"href":"https:\/\/www.meade.com.mx\/index.php\/wp-json\/wp\/v2\/pages\/6695","targetHints":{"allow":["GET"]}}],"collection":[{"href":"https:\/\/www.meade.com.mx\/index.php\/wp-json\/wp\/v2\/pages"}],"about":[{"href":"https:\/\/www.meade.com.mx\/index.php\/wp-json\/wp\/v2\/types\/page"}],"author":[{"embeddable":true,"href":"https:\/\/www.meade.com.mx\/index.php\/wp-json\/wp\/v2\/users\/7"}],"replies":[{"embeddable":true,"href":"https:\/\/www.meade.com.mx\/index.php\/wp-json\/wp\/v2\/comments?post=6695"}],"version-history":[{"count":5,"href":"https:\/\/www.meade.com.mx\/index.php\/wp-json\/wp\/v2\/pages\/6695\/revisions"}],"predecessor-version":[{"id":8073,"href":"https:\/\/www.meade.com.mx\/index.php\/wp-json\/wp\/v2\/pages\/6695\/revisions\/8073"}],"wp:attachment":[{"href":"https:\/\/www.meade.com.mx\/index.php\/wp-json\/wp\/v2\/media?parent=6695"}],"curies":[{"name":"wp","href":"https:\/\/api.w.org\/{rel}","templated":true}]}}