{"id":6716,"date":"2016-06-15T22:52:52","date_gmt":"2016-06-15T22:52:52","guid":{"rendered":"http:\/\/www.meade.com.mx\/?page_id=6716"},"modified":"2016-09-17T00:49:22","modified_gmt":"2016-09-17T00:49:22","slug":"polaris-130mm-reflector-ecuatorial","status":"publish","type":"page","link":"https:\/\/www.meade.com.mx\/index.php\/polaris-130mm-reflector-ecuatorial\/","title":{"rendered":"Polaris\u2122 130mm Reflector Ecuatorial"},"content":{"rendered":"<div class=\"flex_column av_one_half  flex_column_div av-zero-column-padding first  \" style='border-radius:0px; '><div class='avia-gallery  avia-gallery-1 avia_lazyload avia_animate_when_visible '  itemscope=\"itemscope\" itemtype=\"https:\/\/schema.org\/ImageObject\" ><a class='avia-gallery-big fakeLightbox lightbox avia-gallery-big-crop-thumb ' href='https:\/\/www.meade.com.mx\/wp-content\/uploads\/2016\/06\/polaris_130_front-left_no_tray1-864x1030.jpg'  data-onclick='1' title='' ><span class='avia-gallery-big-inner'  itemprop=\"thumbnailUrl\" >\t<img width='591' height='705' src='https:\/\/www.meade.com.mx\/wp-content\/uploads\/2016\/06\/polaris_130_front-left_no_tray1-591x705.jpg' title='polaris_130_front-left_no_tray' alt='' \/><\/span><\/a><div class='avia-gallery-thumb'> <a href='https:\/\/www.meade.com.mx\/wp-content\/uploads\/2016\/06\/polaris_130_front-left_no_tray1-864x1030.jpg' data-rel='gallery-1' data-prev-img='https:\/\/www.meade.com.mx\/wp-content\/uploads\/2016\/06\/polaris_130_front-left_no_tray1-591x705.jpg' class='first_thumb lightbox ' data-onclick='1' title=''  itemprop=\"thumbnailUrl\" ><img  src='https:\/\/www.meade.com.mx\/wp-content\/uploads\/2016\/06\/polaris_130_front-left_no_tray1-180x180.jpg' width='180' height='180'  title='polaris_130_front-left_no_tray' alt='' \/><\/a> <a href='https:\/\/www.meade.com.mx\/wp-content\/uploads\/2016\/06\/b00lu1dy8s.pt02.jpg-1030x687.jpg' data-rel='gallery-1' data-prev-img='https:\/\/www.meade.com.mx\/wp-content\/uploads\/2016\/06\/b00lu1dy8s.pt02.jpg-705x470.jpg' class='lightbox ' data-onclick='2' title=''  itemprop=\"thumbnailUrl\" ><img  src='https:\/\/www.meade.com.mx\/wp-content\/uploads\/2016\/06\/b00lu1dy8s.pt02.jpg-180x180.jpg' width='180' height='180'  title='b00lu1dy8s.pt02.jpg' alt='' \/><\/a> <a href='https:\/\/www.meade.com.mx\/wp-content\/uploads\/2016\/06\/b00lu1dy8s.pt01.jpg-1030x1030.jpg' data-rel='gallery-1' data-prev-img='https:\/\/www.meade.com.mx\/wp-content\/uploads\/2016\/06\/b00lu1dy8s.pt01.jpg-705x705.jpg' class='lightbox ' data-onclick='3' title=''  itemprop=\"thumbnailUrl\" ><img  src='https:\/\/www.meade.com.mx\/wp-content\/uploads\/2016\/06\/b00lu1dy8s.pt01.jpg-180x180.jpg' width='180' height='180'  title='b00lu1dy8s.pt01.jpg' alt='' \/><\/a><\/div><\/div><\/div>\n<div class=\"flex_column av_one_half  flex_column_div av-zero-column-padding   \" style='border-radius:0px; '><p><div style='padding-bottom:10px;' class='av-special-heading av-special-heading-h2  blockquote modern-quote   '><h2 class='av-special-heading-tag '  itemprop=\"headline\"  >Polaris\u2122 130mm Reflector Ecuatorial<\/h2><div class='special-heading-border'><div class='special-heading-inner-border' ><\/div><\/div><\/div><br \/>\n<div style=' margin-top:30; margin-bottom:30px;'  class='hr hr-custom hr-center hr-icon-no  '><span class='hr-inner   inner-border-av-border-thin' style=' width:100%; border-color:#cecece;' ><span class='hr-inner-style'><\/span><\/span><\/div><br \/>\n<section class=\"av_textblock_section \"  itemscope=\"itemscope\" itemtype=\"https:\/\/schema.org\/CreativeWork\" ><div class='avia_textblock  av_inherit_color '  style='font-size:17px; color:#3076b3; '  itemprop=\"text\" ><div class=\"std\">\n<ul>\n<li>El Telescopio viene completo con con todo lo necesario para ver las maravillas del cielo nocturno desde la primera vez que lo saque de su caja.<\/li>\n<\/ul>\n<ul>\n<li>Es un telescopio reflector de 130mm (3.1\u201d) de di\u00e1metro y 650mm de LF (f\/5) que le ofrece im\u00e1genes brillantes y detalladas que son perfectas para ver objetos terrestres y celestes.<\/li>\n<\/ul>\n<ul>\n<li>Incluye una estable montura ecuatorial con controles de movimiento lento que facilitan el rastreo de objetos celestes al tiempo que se desplazan por el cielo.<\/li>\n<\/ul>\n<ul>\n<li>Viene con 3 oculares para ofrecerle magificaci\u00f3n baja, media y alta para observar una amplio rango de objetos celestes (Luna, planetas, o terrestres).<\/li>\n<\/ul>\n<ul>\n<li>Como bono se incluye el software de planetario Autostar\u00ae Suite Astronomy en DVD con m\u00e1s de 10,000 objetos celestes (solo para Windows\u00ae PC).<\/li>\n<\/ul>\n<\/div>\n<\/div><\/section><\/p><\/div>\n<div style=' margin-top:30; margin-bottom:30px;'  class='hr hr-custom hr-center hr-icon-no  '><span class='hr-inner   inner-border-av-border-thin' style=' width:100%; border-color:#cecece;' ><span class='hr-inner-style'><\/span><\/span><\/div>\n<div class=\"tabcontainer   top_tab  \">\n\n<section class=\"av_tab_section\"  itemscope=\"itemscope\" itemtype=\"https:\/\/schema.org\/CreativeWork\" >    <div data-fake-id=\"#tab-id-1\" class=\"tab active_tab\"  itemprop=\"headline\" ><span class='tab_icon' aria-hidden='true' data-av_icon='\ue84e' data-av_iconfont='entypo-fontello'><\/span>Descripci\u00f3n del Producto<\/div>\n    <div id=\"tab-id-1-container\" class=\"tab_content active_tab_content\">\n        <div class=\"tab_inner_content invers-color\"  itemprop=\"text\" >\n<p><strong>Explore el universo con un telescopio Meade Polaris 130<\/strong><\/p>\n<p>Un gran telescopio newtoniano con montura ecuatorial para iniciarse en la astronom\u00eda que le permitir\u00e1 observar muchas maravillas del cielo nocturno.\u00a0 Su objetivo de 130mm capta un 5% m\u00e1s luz que un telescopio de 127, 30% m\u00e1s que uno de 114mm, un 108% m\u00e1s que uno de 90mm, un 164% m\u00e1s luz que un telescopio de 80mm, 244% m\u00e1s que uno de 70mm, 569% m\u00e1s que uno de 60mm y 576% m\u00e1s que uno de 50mm.\u00a0 En su caja se incluye todo lo necesario para poder disrutar del cielo nocturno.\u00a0 Su espejo de alta calidad y sus recubrimientos alta reflectividad le aseguran im\u00e1genes de gran contraste, brillo y nitidez.\u00a0 Su estable montura ecuatorial le permite rastrear los objetos celestes ya que incluye controles de movimiento lento en ambos ejes.<\/p>\n<p>Incluye 3 oulares acrom\u00e1ticos modificados (AM) de 1.25&#8243;: 26mm (25x), 9mm (72x) y 6.3mm (103x) para utilizarlo a distintas magnificaciones y disfrute de objetos dispersos como las nebulosas o recorrer la V\u00eda L\u00e1ctea, as\u00ed como mayores aumentos para ver detalles en la Luna y observar los planetas.\u00a0 Su f\/5 le infiere mucha luz y es muy bueno para verobjetos de bajo brillo como cielo profundo, incluso mejor que el Polaris 127mm. Tambi\u00e9n incluye un buscador de punto rojo para encotrar lo que busca con mayor facilidad.<\/p>\n<div class=\"std\">El software incluido como bono, el AutoStar Suite Astronomer Edition le ayudar\u00e1 a conocer el cielo. Despliega m\u00e1s de 10,000 objetos celestes que incluyen planetas, estrellas, galaxias y nebulosas. Puede imprimir maps celestes e incluso planear su sesi\u00f3n de observaci\u00f3n. Funciona solamente en PC corriendo Windows\u00ae.<\/div>\n\n        <\/div>\n    <\/div>\n<\/section>\n\n<section class=\"av_tab_section\"  itemscope=\"itemscope\" itemtype=\"https:\/\/schema.org\/CreativeWork\" >    <div data-fake-id=\"#tab-id-2\" class=\"tab \"  itemprop=\"headline\" ><span class='tab_icon' aria-hidden='true' data-av_icon='\ue856' data-av_iconfont='entypo-fontello'><\/span>Especificaciones T\u00e9cnicas<\/div>\n    <div id=\"tab-id-2-container\" class=\"tab_content \">\n        <div class=\"tab_inner_content invers-color\"  itemprop=\"text\" >\n<p>&#8211; <b>Apertura:<\/b> 130mm (5.1&#8243;)<br \/>\n&#8211; <b>Longitud Focal:<\/b> 650mm<br \/>\n&#8211; <b>Relaci\u00f3n Focal:<\/b> f\/5<br \/>\n&#8211; <b>Montura:<\/b> Ecuatorial alemana con control de movimiento lento en ambos ejes<br \/>\n&#8211; <b>Oculares:<\/b> Tres de 1.25&#8243; &#8211; MA6.3mm, MA9mm y MA26<br \/>\n&#8211; <b>Barlow:<\/b> 2x de 1.25&#8243;<br \/>\n&#8211; <b>Buscador:<\/b> Electr\u00f3nico de punto rojo<br \/>\n&#8211; <b>Enfocador:<\/b> Pi\u00f1\u00f3n y cremallera<br \/>\n&#8211; <b>Tripi\u00e9:<\/b> Telesc\u00f3pico de acero cromado con charola porta-accesorios<br \/>\n&#8211; <b>Medidas de la caja:<\/b> 101 x 46 x 20cm<br \/>\n&#8211;<b> Peso:<\/b> 16kg<br \/>\n&#8211; <b>Otros componentes:<\/b> Software astron\u00f3mico y video instructivo en DVD<\/p>\n<p><b>Accesorio Opcional: <\/b><\/p>\n<p><strong>Motor y controlador AR para montura Polaris:<\/strong> Con este motor podras rastrear objetos contrarestando la rotaci\u00f3n de la tierra. Es muy \u00fatil para observaciones porlongadas o si deseas incursionar en el astrovideo o astrofotograf\u00eda.<\/p>\n<p><strong>Estuche flexible para Reflectores Polaris 127\/130 <\/strong>para llevar tu telescopio y el tripi\u00e9.<\/p>\n\n        <\/div>\n    <\/div>\n<\/section>\n\n<\/div>\n\n","protected":false},"excerpt":{"rendered":"","protected":false},"author":7,"featured_media":0,"parent":0,"menu_order":0,"comment_status":"closed","ping_status":"closed","template":"","meta":{"footnotes":""},"class_list":["post-6716","page","type-page","status-publish","hentry"],"_links":{"self":[{"href":"https:\/\/www.meade.com.mx\/index.php\/wp-json\/wp\/v2\/pages\/6716","targetHints":{"allow":["GET"]}}],"collection":[{"href":"https:\/\/www.meade.com.mx\/index.php\/wp-json\/wp\/v2\/pages"}],"about":[{"href":"https:\/\/www.meade.com.mx\/index.php\/wp-json\/wp\/v2\/types\/page"}],"author":[{"embeddable":true,"href":"https:\/\/www.meade.com.mx\/index.php\/wp-json\/wp\/v2\/users\/7"}],"replies":[{"embeddable":true,"href":"https:\/\/www.meade.com.mx\/index.php\/wp-json\/wp\/v2\/comments?post=6716"}],"version-history":[{"count":4,"href":"https:\/\/www.meade.com.mx\/index.php\/wp-json\/wp\/v2\/pages\/6716\/revisions"}],"predecessor-version":[{"id":8082,"href":"https:\/\/www.meade.com.mx\/index.php\/wp-json\/wp\/v2\/pages\/6716\/revisions\/8082"}],"wp:attachment":[{"href":"https:\/\/www.meade.com.mx\/index.php\/wp-json\/wp\/v2\/media?parent=6716"}],"curies":[{"name":"wp","href":"https:\/\/api.w.org\/{rel}","templated":true}]}}