{"id":7732,"date":"2016-06-29T17:10:58","date_gmt":"2016-06-29T17:10:58","guid":{"rendered":"http:\/\/www.meade.com.mx\/?page_id=7732"},"modified":"2016-08-14T00:27:18","modified_gmt":"2016-08-14T00:27:18","slug":"tubo-8-lx200-acf-f10-cuhtc","status":"publish","type":"page","link":"https:\/\/www.meade.com.mx\/index.php\/tubo-8-lx200-acf-f10-cuhtc\/","title":{"rendered":"Tubo 8&#8243; LX200-ACF f\/10 c\/UHTC"},"content":{"rendered":"<div class=\"flex_column av_one_half  flex_column_div av-zero-column-padding first  \" style='border-radius:0px; '><div class='avia-gallery  avia-gallery-1 avia_lazyload avia_animate_when_visible '  itemscope=\"itemscope\" itemtype=\"https:\/\/schema.org\/ImageObject\" ><a class='avia-gallery-big fakeLightbox lightbox avia-gallery-big-crop-thumb ' href='https:\/\/www.meade.com.mx\/wp-content\/uploads\/2016\/06\/lx200_8in_ota_1_11-1030x937.jpg'  data-onclick='1' title='' ><span class='avia-gallery-big-inner'  itemprop=\"thumbnailUrl\" >\t<img width='705' height='641' src='https:\/\/www.meade.com.mx\/wp-content\/uploads\/2016\/06\/lx200_8in_ota_1_11-705x641.jpg' title='lx200_8in_ota_1_1' alt='' \/><\/span><\/a><div class='avia-gallery-thumb'> <a href='https:\/\/www.meade.com.mx\/wp-content\/uploads\/2016\/06\/lx200_8in_ota_1_11-1030x937.jpg' data-rel='gallery-1' data-prev-img='https:\/\/www.meade.com.mx\/wp-content\/uploads\/2016\/06\/lx200_8in_ota_1_11-705x641.jpg' class='first_thumb lightbox ' data-onclick='1' title=''  itemprop=\"thumbnailUrl\" ><img  src='https:\/\/www.meade.com.mx\/wp-content\/uploads\/2016\/06\/lx200_8in_ota_1_11-180x180.jpg' width='180' height='180'  title='lx200_8in_ota_1_1' alt='' \/><\/a> <a href='https:\/\/www.meade.com.mx\/wp-content\/uploads\/2016\/06\/lx200_8_ota_200_side_1-1030x787.jpg' data-rel='gallery-1' data-prev-img='https:\/\/www.meade.com.mx\/wp-content\/uploads\/2016\/06\/lx200_8_ota_200_side_1-705x538.jpg' class='lightbox ' data-onclick='2' title=''  itemprop=\"thumbnailUrl\" ><img  src='https:\/\/www.meade.com.mx\/wp-content\/uploads\/2016\/06\/lx200_8_ota_200_side_1-180x180.jpg' width='180' height='180'  title='lx200_8_ota_200_side_1' alt='' \/><\/a> <a href='https:\/\/www.meade.com.mx\/wp-content\/uploads\/2016\/06\/lx200_8_ota_back_1-1030x870.jpg' data-rel='gallery-1' data-prev-img='https:\/\/www.meade.com.mx\/wp-content\/uploads\/2016\/06\/lx200_8_ota_back_1-705x595.jpg' class='lightbox ' data-onclick='3' title=''  itemprop=\"thumbnailUrl\" ><img  src='https:\/\/www.meade.com.mx\/wp-content\/uploads\/2016\/06\/lx200_8_ota_back_1-180x180.jpg' width='180' height='180'  title='lx200_8_ota_back_1' alt='' \/><\/a><\/div><\/div><\/div>\n<div class=\"flex_column av_one_half  flex_column_div av-zero-column-padding   \" style='border-radius:0px; '><p><div style='padding-bottom:10px;' class='av-special-heading av-special-heading-h2  blockquote modern-quote   '><h2 class='av-special-heading-tag '  itemprop=\"headline\"  >Tubo 8&#8243; LX200-ACF f\/10 c\/UHTC<\/h2><div class='special-heading-border'><div class='special-heading-inner-border' ><\/div><\/div><\/div><br \/>\n<div style=' margin-top:30; margin-bottom:30px;'  class='hr hr-custom hr-center hr-icon-no  '><span class='hr-inner   inner-border-av-border-thin' style=' width:100%; border-color:#cecece;' ><span class='hr-inner-style'><\/span><\/span><\/div><br \/>\n<section class=\"av_textblock_section \"  itemscope=\"itemscope\" itemtype=\"https:\/\/schema.org\/CreativeWork\" ><div class='avia_textblock  av_inherit_color '  style='font-size:17px; color:#3076b3; '  itemprop=\"text\" ><div class=\"std\">\n<ul>\n<li>Optica 8&#8243; f\/10 Avanzada Libre de Coma (ACF) &#8211; longitud focal de 2032mm<\/li>\n<\/ul>\n<ul>\n<li>Recubrimientos Opticos de Ultra Alta Transmisi\u00f3n (UHTC)<\/li>\n<\/ul>\n<ul>\n<li>Espejo Primario de Borosilicato con Tama\u00f1o Mayor al Nominal<\/li>\n<\/ul>\n<ul>\n<li>Candado del Espejo Primario para Mayor estabilidad de la Imagen<\/li>\n<\/ul>\n<ul>\n<li>Cola de Pato tipo Losmandy<\/li>\n<\/ul>\n<\/div>\n<\/div><\/section><\/p><\/div>\n<div style=' margin-top:30; margin-bottom:30px;'  class='hr hr-custom hr-center hr-icon-no  '><span class='hr-inner   inner-border-av-border-thin' style=' width:100%; border-color:#cecece;' ><span class='hr-inner-style'><\/span><\/span><\/div>\n<div class=\"tabcontainer   top_tab  \">\n\n<section class=\"av_tab_section\"  itemscope=\"itemscope\" itemtype=\"https:\/\/schema.org\/CreativeWork\" >    <div data-fake-id=\"#tab-id-1\" class=\"tab active_tab\"  itemprop=\"headline\" ><span class='tab_icon' aria-hidden='true' data-av_icon='\ue84e' data-av_iconfont='entypo-fontello'><\/span>Descripci\u00f3n del Producto<\/div>\n    <div id=\"tab-id-1-container\" class=\"tab_content active_tab_content\">\n        <div class=\"tab_inner_content invers-color\"  itemprop=\"text\" >\n<div class=\"std\">\n<p>El Tubo Optico Avanzado Libre de Coma LX200 con recubrimientos \u00f3pticos de Ultra Alta Transmisi\u00f3n (Ultra-High Transmission Coatings &#8211; UTHC) de Meade, Espejo Primario de Baja Expansi\u00f3n de Boro-silicato, Plato Corrector de Cristal Schott Borofloat, Optica de Difracci\u00f3n Limitada, cola de pato tipo Losmandy y Tapa Cubre Polvo.<\/p>\n<p>El sistema \u00f3ptico Avanzado Libre de Coma (Advanced Coma-Free &#8211; ACF) ha traido el m\u00e1s alto nivel de desempe\u00f1o \u00f3ptico dentro del alcance de la mayor\u00eda de los aficionados. Usando el exclusivo dise\u00f1o de Meade, la \u00f3ptica ACF logra un desempe\u00f1o aplan\u00e1tico &#8211; con un campo m\u00e1s plano, un astigmatismo reducido y elimina los picos de difracci\u00f3n &#8211; igual a los sistemas\u00a0 Ritchy-Ch\u00e9tien, por una fraci\u00f3n de su costo. Junto con los recubrimientos de Meade de Ultra Alta Transmisi\u00f3n (Ultra- High Transmission Coatings) (incluidos en todos los sistemas LX200-ACF), ahora tiene lo \u00faltimo en \u00f3ptica de primera.<\/p>\n<p>Todos los modelos LX200 incluyen un mecanismo de candado del espejo primario, que efectivamente evita el movimiento del espejo primario durante las exposiciones de larga exposici\u00f3n o durante la observaci\u00f3n. Gire le perilla localizada justo sobre la perilla de enfoque y el mecanismo de tensi\u00f3n progresiva cancela por completo cualquier corrimiento residual de la imagen causada por el movimiento durante aplicaciones visuales, fotogr\u00e1ficas o de generaci\u00f3n de im\u00e1genes.<\/p>\n<p>El Tubo Optico 8&#8243; LX200 #0810-60-01 cuenta con una longitud focal de 2032mm, es f\/10, y pesa 6.4kg.<\/p>\n<\/div>\n\n        <\/div>\n    <\/div>\n<\/section>\n\n<section class=\"av_tab_section\"  itemscope=\"itemscope\" itemtype=\"https:\/\/schema.org\/CreativeWork\" >    <div data-fake-id=\"#tab-id-2\" class=\"tab \"  itemprop=\"headline\" ><span class='tab_icon' aria-hidden='true' data-av_icon='\ue856' data-av_iconfont='entypo-fontello'><\/span>Especificaciones T\u00e9cnicas<\/div>\n    <div id=\"tab-id-2-container\" class=\"tab_content \">\n        <div class=\"tab_inner_content invers-color\"  itemprop=\"text\" >\n<table id=\"product-attribute-specs-table\" class=\"data-table\">\n<tbody>\n<tr class=\"first odd\">\n<th class=\"label\">Garant\u00eda<\/th>\n<td class=\"data last\">1 A\u00f1o<\/td>\n<\/tr>\n<tr class=\"even\">\n<th class=\"label\">Apertura<\/th>\n<td class=\"data last\">8&#8243;<\/td>\n<\/tr>\n<tr class=\"odd\">\n<th class=\"label\">Dise\u00f1o Optico<\/th>\n<td class=\"data last\">Avanzado Libre de Coma (ACF)<\/td>\n<\/tr>\n<tr class=\"even\">\n<th class=\"label\">Recubrimientos Opticos<\/th>\n<td class=\"data last\">Ultra Alta Transmisi\u00f3n (UHTC\u2122)<\/td>\n<\/tr>\n<tr class=\"odd\">\n<th class=\"label\">Longitud Focal<\/th>\n<td class=\"data last\">2000mm<\/td>\n<\/tr>\n<tr class=\"even\">\n<th class=\"label\">Relaci\u00f3n Focal<\/th>\n<td class=\"data last\">f\/10<\/td>\n<\/tr>\n<tr class=\"odd\">\n<th class=\"label\">Poder de Resoluci\u00f3n (L\u00edmite de Dawes)<\/th>\n<td class=\"data last\">0.570 segundos de arco<\/td>\n<\/tr>\n<tr class=\"even\">\n<th class=\"label\">Espejo de Tama\u00f1o Mayor al Nominal<\/th>\n<td class=\"data last\">S\u00ed<\/td>\n<\/tr>\n<tr class=\"odd\">\n<th class=\"label\">Candado del Espejo Primario<\/th>\n<td class=\"data last\">S\u00ed<\/td>\n<\/tr>\n<tr class=\"even\">\n<th class=\"label\">Mecanismo de Enfoque<\/th>\n<td class=\"data last\">Mec\u00e1nico de una velocidad<\/td>\n<\/tr>\n<tr class=\"last odd\">\n<th class=\"label\">Peso del Producto Ensamblado<\/th>\n<td class=\"data last\">6.4kg<\/td>\n<\/tr>\n<\/tbody>\n<\/table>\n\n        <\/div>\n    <\/div>\n<\/section>\n\n<\/div>\n\n","protected":false},"excerpt":{"rendered":"","protected":false},"author":7,"featured_media":0,"parent":0,"menu_order":0,"comment_status":"closed","ping_status":"closed","template":"","meta":{"footnotes":""},"class_list":["post-7732","page","type-page","status-publish","hentry"],"_links":{"self":[{"href":"https:\/\/www.meade.com.mx\/index.php\/wp-json\/wp\/v2\/pages\/7732","targetHints":{"allow":["GET"]}}],"collection":[{"href":"https:\/\/www.meade.com.mx\/index.php\/wp-json\/wp\/v2\/pages"}],"about":[{"href":"https:\/\/www.meade.com.mx\/index.php\/wp-json\/wp\/v2\/types\/page"}],"author":[{"embeddable":true,"href":"https:\/\/www.meade.com.mx\/index.php\/wp-json\/wp\/v2\/users\/7"}],"replies":[{"embeddable":true,"href":"https:\/\/www.meade.com.mx\/index.php\/wp-json\/wp\/v2\/comments?post=7732"}],"version-history":[{"count":5,"href":"https:\/\/www.meade.com.mx\/index.php\/wp-json\/wp\/v2\/pages\/7732\/revisions"}],"predecessor-version":[{"id":8045,"href":"https:\/\/www.meade.com.mx\/index.php\/wp-json\/wp\/v2\/pages\/7732\/revisions\/8045"}],"wp:attachment":[{"href":"https:\/\/www.meade.com.mx\/index.php\/wp-json\/wp\/v2\/media?parent=7732"}],"curies":[{"name":"wp","href":"https:\/\/api.w.org\/{rel}","templated":true}]}}