{"id":8086,"date":"2016-11-25T22:50:43","date_gmt":"2016-11-25T22:50:43","guid":{"rendered":"http:\/\/www.meade.com.mx\/?page_id=8086"},"modified":"2016-11-25T23:45:08","modified_gmt":"2016-11-25T23:45:08","slug":"serie-starnavigator-ng","status":"publish","type":"page","link":"https:\/\/www.meade.com.mx\/index.php\/serie-starnavigator-ng\/","title":{"rendered":"Serie StarNavigator NG"},"content":{"rendered":"<div class=\"flex_column av_one_third  flex_column_div av-zero-column-padding first  \" style='border-radius:0px; '><p><div style='padding-bottom:10px;' class='av-special-heading av-special-heading-h2  blockquote modern-quote  '><h2 class='av-special-heading-tag '  itemprop=\"headline\"  >Serie StarNavigator NG<\/h2><div class='special-heading-border'><div class='special-heading-inner-border' ><\/div><\/div><\/div><br \/>\n<div  class='hr hr-default  '><span class='hr-inner ' ><span class='hr-inner-style'><\/span><\/span><\/div><br \/>\n<section class=\"av_textblock_section \"  itemscope=\"itemscope\" itemtype=\"https:\/\/schema.org\/CreativeWork\" ><div class='avia_textblock  '  style='font-size:14px; '  itemprop=\"text\" ><p><span id=\"result_box\" class=\"\" lang=\"es\"><span class=\"\">A trav\u00e9s de los a\u00f1os, la serie de StarNavigator ha proporcionado a los admiradores del espacio ya los astr\u00f3nomos aficionados el telescopio computarizado por un gran precio.<\/span> <span class=\"\">La serie StarNavigator NG (Nueva Generaci\u00f3n) lleva esto al siguiente nivel.<\/span> <span class=\"\">Con una montura rob\u00f3tica f\u00e1cil de operar, ligera y port\u00e1til con el controlador de mano AudioStar de Meade.<\/span> <span class=\"\">Esta incre\u00edble tecnolog\u00eda AudioStar conoce el cielo al instante que lo saca de la caja.<\/span> <span class=\"\">Enci\u00e9ndalo y despu\u00e9s de un breve procedimiento de alineaci\u00f3n, el telescopio est\u00e1 listo para llevarlo a una visita guiada a los mejores objetos del cielo nocturno.<\/span> <span class=\"\">Con una base de datos de m\u00e1s de 30,000 objetos y m\u00e1s de 4 horas de presentaciones de audio integradas en la electr\u00f3nica, puede aprender acerca de los objetos que est\u00e1 viendo.<\/span> \u00a1<span class=\"\">Es como tener un astr\u00f3nomo profesional con usted en el telescopio!<\/span><\/span><\/p>\n<p><span class=\"\">Los telescopios StarNavigator NG incluyen aperturas de 90mm hasta 130mm en dise\u00f1os \u00f3pticos refractores, reflectores y Maksutov-Cassegrain.<\/span> E<span class=\"\">stos incluyen:<\/span><\/p>\n<p>Tefractores acrom\u00e1ticos de 90 y 102mm<\/p>\n<\/div><\/section><br \/>\n<div class='avia-image-container  av-styling-    avia-align-center '  itemscope=\"itemscope\" itemtype=\"https:\/\/schema.org\/ImageObject\"  ><div class='avia-image-container-inner'><img class='avia_image ' src='https:\/\/www.meade.com.mx\/wp-content\/uploads\/2016\/11\/StarNavNG_Refractors-300x238.jpg' alt='' title='StarNavNG_Refractors'   itemprop=\"thumbnailUrl\"  \/><\/div><\/div><br \/>\n<section class=\"av_textblock_section \"  itemscope=\"itemscope\" itemtype=\"https:\/\/schema.org\/CreativeWork\" ><div class='avia_textblock  '  style='font-size:14px; '  itemprop=\"text\" ><p>Maksutov-Cassegrain de 90 y 125mm<\/p>\n<\/div><\/section><br \/>\n<div class='avia-image-container  av-styling-    avia-align-center '  itemscope=\"itemscope\" itemtype=\"https:\/\/schema.org\/ImageObject\"  ><div class='avia-image-container-inner'><img class='avia_image ' src='https:\/\/www.meade.com.mx\/wp-content\/uploads\/2016\/11\/StarNavNG_maks-300x238.jpg' alt='' title='StarNavNG_maks'   itemprop=\"thumbnailUrl\"  \/><\/div><\/div><br \/>\n<section class=\"av_textblock_section \"  itemscope=\"itemscope\" itemtype=\"https:\/\/schema.org\/CreativeWork\" ><div class='avia_textblock  '  style='font-size:14px; '  itemprop=\"text\" ><p>Reflectores Newtonianos de 114 y 130mm<\/p>\n<\/div><\/section><br \/>\n<div class='avia-image-container  av-styling-    avia-align-center '  itemscope=\"itemscope\" itemtype=\"https:\/\/schema.org\/ImageObject\"  ><div class='avia-image-container-inner'><img class='avia_image ' src='https:\/\/www.meade.com.mx\/wp-content\/uploads\/2016\/11\/StarNavNG_Reflectors-300x238.jpg' alt='' title='StarNavNG_Reflectors'   itemprop=\"thumbnailUrl\"  \/><\/div><\/div><\/p><\/div>\n<div class=\"flex_column av_one_third  flex_column_div av-zero-column-padding   \" style='border-radius:0px; '><p><article class=\"iconbox iconbox_top main_color    \"  itemscope=\"itemscope\" itemtype=\"https:\/\/schema.org\/CreativeWork\" ><div class=\"iconbox_content\"><header class=\"entry-content-header\"><div class=\"iconbox_icon heading-color \" aria-hidden='true' data-av_icon='\ue812' data-av_iconfont='entypo-fontello'  ><\/div><h3 class='iconbox_content_title '  itemprop=\"headline\"  >StarNavigator NG 130mm Paquete Viajero (\u00a1PROXIMAMENTE!)<\/h3><\/header><div class='iconbox_content_container  '  itemprop=\"text\"  ><p><a href=\"https:\/\/www.meade.com.mx\/wp-content\/uploads\/2016\/11\/StarNavigator-130-NG.png\"><img loading=\"lazy\" decoding=\"async\" class=\"alignnone size-medium wp-image-8097\" src=\"https:\/\/www.meade.com.mx\/wp-content\/uploads\/2016\/11\/StarNavigator-130-NG-300x300.png\" alt=\"StarNavigator 130 NG\" width=\"300\" height=\"300\" srcset=\"https:\/\/www.meade.com.mx\/wp-content\/uploads\/2016\/11\/StarNavigator-130-NG-300x300.png 300w, https:\/\/www.meade.com.mx\/wp-content\/uploads\/2016\/11\/StarNavigator-130-NG-80x80.png 80w, https:\/\/www.meade.com.mx\/wp-content\/uploads\/2016\/11\/StarNavigator-130-NG-36x36.png 36w, https:\/\/www.meade.com.mx\/wp-content\/uploads\/2016\/11\/StarNavigator-130-NG-180x180.png 180w, https:\/\/www.meade.com.mx\/wp-content\/uploads\/2016\/11\/StarNavigator-130-NG.png 430w, https:\/\/www.meade.com.mx\/wp-content\/uploads\/2016\/11\/StarNavigator-130-NG-120x120.png 120w\" sizes=\"auto, (max-width: 300px) 100vw, 300px\" \/><\/a><\/p>\n<\/div><\/div><footer class=\"entry-footer\"><\/footer><\/article><br \/>\n<div  class='hr hr-default  '><span class='hr-inner ' ><span class='hr-inner-style'><\/span><\/span><\/div><br \/>\n<article class=\"iconbox iconbox_top main_color    \"  itemscope=\"itemscope\" itemtype=\"https:\/\/schema.org\/CreativeWork\" ><div class=\"iconbox_content\"><header class=\"entry-content-header\"><div class=\"iconbox_icon heading-color \" aria-hidden='true' data-av_icon='\ue812' data-av_iconfont='entypo-fontello'  ><\/div><h3 class='iconbox_content_title '  itemprop=\"headline\"  >StarNavigator NG 125mm Maksutov (DISPONIBLE DIC 2016)<\/h3><\/header><div class='iconbox_content_container  '  itemprop=\"text\"  ><p><a href=\"https:\/\/www.meade.com.mx\/wp-content\/uploads\/2016\/11\/starnavigatorng_125mak.png\"><img loading=\"lazy\" decoding=\"async\" class=\"alignnone size-medium wp-image-8099\" src=\"https:\/\/www.meade.com.mx\/wp-content\/uploads\/2016\/11\/starnavigatorng_125mak-300x300.png\" alt=\"starnavigatorng_125mak\" width=\"300\" height=\"300\" srcset=\"https:\/\/www.meade.com.mx\/wp-content\/uploads\/2016\/11\/starnavigatorng_125mak-300x300.png 300w, https:\/\/www.meade.com.mx\/wp-content\/uploads\/2016\/11\/starnavigatorng_125mak-80x80.png 80w, https:\/\/www.meade.com.mx\/wp-content\/uploads\/2016\/11\/starnavigatorng_125mak-36x36.png 36w, https:\/\/www.meade.com.mx\/wp-content\/uploads\/2016\/11\/starnavigatorng_125mak-180x180.png 180w, https:\/\/www.meade.com.mx\/wp-content\/uploads\/2016\/11\/starnavigatorng_125mak.png 430w, https:\/\/www.meade.com.mx\/wp-content\/uploads\/2016\/11\/starnavigatorng_125mak-120x120.png 120w\" sizes=\"auto, (max-width: 300px) 100vw, 300px\" \/><\/a><\/p>\n<\/div><\/div><footer class=\"entry-footer\"><\/footer><\/article><br \/>\n<article class=\"iconbox iconbox_top main_color    \"  itemscope=\"itemscope\" itemtype=\"https:\/\/schema.org\/CreativeWork\" ><div class=\"iconbox_content\"><header class=\"entry-content-header\"><div class=\"iconbox_icon heading-color \" aria-hidden='true' data-av_icon='\ue812' data-av_iconfont='entypo-fontello'  ><\/div><h3 class='iconbox_content_title '  itemprop=\"headline\"  >StarNavigator NG 90mm Maksutov (DISPONIBLE DIC. 2016)<\/h3><\/header><div class='iconbox_content_container  '  itemprop=\"text\"  ><p><a href=\"https:\/\/www.meade.com.mx\/wp-content\/uploads\/2016\/11\/starnavigatorng_90mak.png\"><img loading=\"lazy\" decoding=\"async\" class=\"alignnone size-medium wp-image-8101\" src=\"https:\/\/www.meade.com.mx\/wp-content\/uploads\/2016\/11\/starnavigatorng_90mak-300x300.png\" alt=\"starnavigatorng_90mak\" width=\"300\" height=\"300\" srcset=\"https:\/\/www.meade.com.mx\/wp-content\/uploads\/2016\/11\/starnavigatorng_90mak-300x300.png 300w, https:\/\/www.meade.com.mx\/wp-content\/uploads\/2016\/11\/starnavigatorng_90mak-80x80.png 80w, https:\/\/www.meade.com.mx\/wp-content\/uploads\/2016\/11\/starnavigatorng_90mak-36x36.png 36w, https:\/\/www.meade.com.mx\/wp-content\/uploads\/2016\/11\/starnavigatorng_90mak-180x180.png 180w, https:\/\/www.meade.com.mx\/wp-content\/uploads\/2016\/11\/starnavigatorng_90mak.png 430w, https:\/\/www.meade.com.mx\/wp-content\/uploads\/2016\/11\/starnavigatorng_90mak-120x120.png 120w\" sizes=\"auto, (max-width: 300px) 100vw, 300px\" \/><\/a><\/p>\n<\/div><\/div><footer class=\"entry-footer\"><\/footer><\/article><\/p><\/div><div class=\"flex_column av_one_third  flex_column_div av-zero-column-padding   \" style='border-radius:0px; '><p><article class=\"iconbox iconbox_top main_color    \"  itemscope=\"itemscope\" itemtype=\"https:\/\/schema.org\/CreativeWork\" ><div class=\"iconbox_content\"><header class=\"entry-content-header\"><div class=\"iconbox_icon heading-color \" aria-hidden='true' data-av_icon='\ue812' data-av_iconfont='entypo-fontello'  ><\/div><h3 class='iconbox_content_title '  itemprop=\"headline\"  >StarNavigator NG 114mm Reflector (DISPONIBLE DIC. 2016)<\/h3><\/header><div class='iconbox_content_container  '  itemprop=\"text\"  ><p><a href=\"https:\/\/www.meade.com.mx\/wp-content\/uploads\/2016\/11\/starnavigatorng_114.png\"><img loading=\"lazy\" decoding=\"async\" class=\"alignnone size-medium wp-image-8098\" src=\"https:\/\/www.meade.com.mx\/wp-content\/uploads\/2016\/11\/starnavigatorng_114-300x300.png\" alt=\"starnavigatorng_114\" width=\"300\" height=\"300\" srcset=\"https:\/\/www.meade.com.mx\/wp-content\/uploads\/2016\/11\/starnavigatorng_114-300x300.png 300w, https:\/\/www.meade.com.mx\/wp-content\/uploads\/2016\/11\/starnavigatorng_114-80x80.png 80w, https:\/\/www.meade.com.mx\/wp-content\/uploads\/2016\/11\/starnavigatorng_114-36x36.png 36w, https:\/\/www.meade.com.mx\/wp-content\/uploads\/2016\/11\/starnavigatorng_114-180x180.png 180w, https:\/\/www.meade.com.mx\/wp-content\/uploads\/2016\/11\/starnavigatorng_114.png 430w, https:\/\/www.meade.com.mx\/wp-content\/uploads\/2016\/11\/starnavigatorng_114-120x120.png 120w\" sizes=\"auto, (max-width: 300px) 100vw, 300px\" \/><\/a><\/p>\n<\/div><\/div><footer class=\"entry-footer\"><\/footer><\/article><br \/>\n<div  class='hr hr-default  '><span class='hr-inner ' ><span class='hr-inner-style'><\/span><\/span><\/div><br \/>\n<article class=\"iconbox iconbox_top main_color    \"  itemscope=\"itemscope\" itemtype=\"https:\/\/schema.org\/CreativeWork\" ><div class=\"iconbox_content\"><header class=\"entry-content-header\"><div class=\"iconbox_icon heading-color \" aria-hidden='true' data-av_icon='\ue812' data-av_iconfont='entypo-fontello'  ><\/div><h3 class='iconbox_content_title '  itemprop=\"headline\"  >StarNavigator NG 90mm Refractor Acrom\u00e1tico<\/h3><\/header><div class='iconbox_content_container  '  itemprop=\"text\"  ><p><a href=\"https:\/\/www.meade.com.mx\/wp-content\/uploads\/2016\/11\/starnavigatorng_90.png\"><img loading=\"lazy\" decoding=\"async\" class=\"alignnone size-medium wp-image-8100\" src=\"https:\/\/www.meade.com.mx\/wp-content\/uploads\/2016\/11\/starnavigatorng_90-300x300.png\" alt=\"starnavigatorng_90\" width=\"300\" height=\"300\" srcset=\"https:\/\/www.meade.com.mx\/wp-content\/uploads\/2016\/11\/starnavigatorng_90-300x300.png 300w, https:\/\/www.meade.com.mx\/wp-content\/uploads\/2016\/11\/starnavigatorng_90-80x80.png 80w, https:\/\/www.meade.com.mx\/wp-content\/uploads\/2016\/11\/starnavigatorng_90-36x36.png 36w, https:\/\/www.meade.com.mx\/wp-content\/uploads\/2016\/11\/starnavigatorng_90-180x180.png 180w, https:\/\/www.meade.com.mx\/wp-content\/uploads\/2016\/11\/starnavigatorng_90.png 430w, https:\/\/www.meade.com.mx\/wp-content\/uploads\/2016\/11\/starnavigatorng_90-120x120.png 120w\" sizes=\"auto, (max-width: 300px) 100vw, 300px\" \/><\/a><\/p>\n<\/div><\/div><footer class=\"entry-footer\"><\/footer><\/article><br \/>\n<article class=\"iconbox iconbox_top main_color    \"  itemscope=\"itemscope\" itemtype=\"https:\/\/schema.org\/CreativeWork\" ><div class=\"iconbox_content\"><header class=\"entry-content-header\"><div class=\"iconbox_icon heading-color \" aria-hidden='true' data-av_icon='\ue812' data-av_iconfont='entypo-fontello'  ><\/div><h3 class='iconbox_content_title '  itemprop=\"headline\"  >StarNavigator NG 102mm Refractor Acrom\u00e1tico (DISPONIBLE DIC. 2016)<\/h3><\/header><div class='iconbox_content_container  '  itemprop=\"text\"  ><p><a href=\"https:\/\/www.meade.com.mx\/wp-content\/uploads\/2016\/11\/starnavigatorng_102.png\"><img loading=\"lazy\" decoding=\"async\" class=\"alignnone size-medium wp-image-8102\" src=\"https:\/\/www.meade.com.mx\/wp-content\/uploads\/2016\/11\/starnavigatorng_102-300x300.png\" alt=\"starnavigatorng_102\" width=\"300\" height=\"300\" srcset=\"https:\/\/www.meade.com.mx\/wp-content\/uploads\/2016\/11\/starnavigatorng_102-300x300.png 300w, https:\/\/www.meade.com.mx\/wp-content\/uploads\/2016\/11\/starnavigatorng_102-80x80.png 80w, https:\/\/www.meade.com.mx\/wp-content\/uploads\/2016\/11\/starnavigatorng_102-36x36.png 36w, https:\/\/www.meade.com.mx\/wp-content\/uploads\/2016\/11\/starnavigatorng_102-180x180.png 180w, https:\/\/www.meade.com.mx\/wp-content\/uploads\/2016\/11\/starnavigatorng_102.png 430w, https:\/\/www.meade.com.mx\/wp-content\/uploads\/2016\/11\/starnavigatorng_102-120x120.png 120w\" sizes=\"auto, (max-width: 300px) 100vw, 300px\" \/><\/a><\/p>\n<\/div><\/div><footer class=\"entry-footer\"><\/footer><\/article><\/p><\/div><\/p>\n","protected":false},"excerpt":{"rendered":"","protected":false},"author":2,"featured_media":0,"parent":0,"menu_order":0,"comment_status":"closed","ping_status":"closed","template":"","meta":{"footnotes":""},"class_list":["post-8086","page","type-page","status-publish","hentry"],"_links":{"self":[{"href":"https:\/\/www.meade.com.mx\/index.php\/wp-json\/wp\/v2\/pages\/8086","targetHints":{"allow":["GET"]}}],"collection":[{"href":"https:\/\/www.meade.com.mx\/index.php\/wp-json\/wp\/v2\/pages"}],"about":[{"href":"https:\/\/www.meade.com.mx\/index.php\/wp-json\/wp\/v2\/types\/page"}],"author":[{"embeddable":true,"href":"https:\/\/www.meade.com.mx\/index.php\/wp-json\/wp\/v2\/users\/2"}],"replies":[{"embeddable":true,"href":"https:\/\/www.meade.com.mx\/index.php\/wp-json\/wp\/v2\/comments?post=8086"}],"version-history":[{"count":3,"href":"https:\/\/www.meade.com.mx\/index.php\/wp-json\/wp\/v2\/pages\/8086\/revisions"}],"predecessor-version":[{"id":8103,"href":"https:\/\/www.meade.com.mx\/index.php\/wp-json\/wp\/v2\/pages\/8086\/revisions\/8103"}],"wp:attachment":[{"href":"https:\/\/www.meade.com.mx\/index.php\/wp-json\/wp\/v2\/media?parent=8086"}],"curies":[{"name":"wp","href":"https:\/\/api.w.org\/{rel}","templated":true}]}}