{"id":8429,"date":"2024-06-25T22:36:41","date_gmt":"2024-06-26T04:36:41","guid":{"rendered":"https:\/\/www.meade.com.mx\/?page_id=8429"},"modified":"2024-07-09T12:38:42","modified_gmt":"2024-07-09T18:38:42","slug":"lx85-acf-6-f-10-con-montura-ecuatorial-alemana-y-tripie","status":"publish","type":"page","link":"https:\/\/www.meade.com.mx\/index.php\/lx85-acf-6-f-10-con-montura-ecuatorial-alemana-y-tripie\/","title":{"rendered":"LX85-ACF 6&#8243; f\/10 Con Montura Ecuatorial Alemana y Tripi\u00e9"},"content":{"rendered":"<div class=\"flex_column av_one_half  flex_column_div av-zero-column-padding first  \" style='border-radius:0px; '><div class='avia-gallery  avia-gallery-1 avia_lazyload avia_animate_when_visible '  itemscope=\"itemscope\" itemtype=\"https:\/\/schema.org\/ImageObject\" ><a class='avia-gallery-big fakeLightbox lightbox avia-gallery-big-crop-thumb ' href='https:\/\/www.meade.com.mx\/wp-content\/uploads\/2024\/06\/55892-603x1030.webp'  data-onclick='1' title='' ><span class='avia-gallery-big-inner'  itemprop=\"thumbnailUrl\" >\t<img width='412' height='705' src='https:\/\/www.meade.com.mx\/wp-content\/uploads\/2024\/06\/55892-412x705.webp' title='55892' alt='' \/><\/span><\/a><div class='avia-gallery-thumb'> <a href='https:\/\/www.meade.com.mx\/wp-content\/uploads\/2024\/06\/55892-603x1030.webp' data-rel='gallery-1' data-prev-img='https:\/\/www.meade.com.mx\/wp-content\/uploads\/2024\/06\/55892-412x705.webp' class='first_thumb lightbox ' data-onclick='1' title=''  itemprop=\"thumbnailUrl\" ><img  src='https:\/\/www.meade.com.mx\/wp-content\/uploads\/2024\/06\/55892-180x180.webp' width='180' height='180'  title='55892' alt='' \/><\/a> <a href='https:\/\/www.meade.com.mx\/wp-content\/uploads\/2024\/06\/217000-720x1030.webp' data-rel='gallery-1' data-prev-img='https:\/\/www.meade.com.mx\/wp-content\/uploads\/2024\/06\/217000-493x705.webp' class='lightbox ' data-onclick='2' title=''  itemprop=\"thumbnailUrl\" ><img  src='https:\/\/www.meade.com.mx\/wp-content\/uploads\/2024\/06\/217000-180x180.webp' width='180' height='180'  title='217000' alt='' \/><\/a> <a href='https:\/\/www.meade.com.mx\/wp-content\/uploads\/2024\/06\/217000_alt01-1030x707.webp' data-rel='gallery-1' data-prev-img='https:\/\/www.meade.com.mx\/wp-content\/uploads\/2024\/06\/217000_alt01-705x484.webp' class='lightbox ' data-onclick='3' title=''  itemprop=\"thumbnailUrl\" ><img  src='https:\/\/www.meade.com.mx\/wp-content\/uploads\/2024\/06\/217000_alt01-180x180.webp' width='180' height='180'  title='217000_alt01' alt='' \/><\/a> <a href='https:\/\/www.meade.com.mx\/wp-content\/uploads\/2024\/06\/217000_alt02-1030x809.webp' data-rel='gallery-1' data-prev-img='https:\/\/www.meade.com.mx\/wp-content\/uploads\/2024\/06\/217000_alt02-705x554.webp' class='lightbox ' data-onclick='4' title=''  itemprop=\"thumbnailUrl\" ><img  src='https:\/\/www.meade.com.mx\/wp-content\/uploads\/2024\/06\/217000_alt02-180x180.webp' width='180' height='180'  title='217000_alt02' alt='' \/><\/a> <a href='https:\/\/www.meade.com.mx\/wp-content\/uploads\/2024\/06\/55864-504x1030.webp' data-rel='gallery-1' data-prev-img='https:\/\/www.meade.com.mx\/wp-content\/uploads\/2024\/06\/55864-345x705.webp' class='lightbox ' data-onclick='5' title=''  itemprop=\"thumbnailUrl\" ><img  src='https:\/\/www.meade.com.mx\/wp-content\/uploads\/2024\/06\/55864-180x180.webp' width='180' height='180'  title='55864' alt='' \/><\/a><\/div><\/div><\/div>\n<div class=\"flex_column av_one_half  flex_column_div av-zero-column-padding   \" style='border-radius:0px; '><p><div style='padding-bottom:10px;' class='av-special-heading av-special-heading-h2  blockquote modern-quote  '><h2 class='av-special-heading-tag '  itemprop=\"headline\"  >LX85-ACF 6&#8243; f\/10 Con Montura Ecuatorial Alemana y Tripi\u00e9<\/h2><div class='special-heading-border'><div class='special-heading-inner-border' ><\/div><\/div><\/div><br \/>\n<div  class='hr hr-default  '><span class='hr-inner ' ><span class='hr-inner-style'><\/span><\/span><\/div><br \/>\n<section class=\"av_textblock_section \"  itemscope=\"itemscope\" itemtype=\"https:\/\/schema.org\/CreativeWork\" ><div class='avia_textblock  av_inherit_color '  style='color:#3076b3; '  itemprop=\"text\" ><div class=\"entity-summary\">\n<ul>\n<li>\u00d3ptica Avanzada Libre de Coma 6&#8243; f\/10\u00a0 1524mm longitud focal<\/li>\n<li>Recubrimientos \u00d3pticos de Ultra Alta Transmisi\u00f3n (UHTC)<\/li>\n<li>Montura Ecuatorial Alemana LX85 GoTo con giro y seguimiento<\/li>\n<li>Tripi\u00e9 Est\u00e1ndar<\/li>\n<li>Control AudioStar con m\u00e1s de 30,000 Objetos Celestes<\/li>\n<\/ul>\n<\/div>\n<\/div><\/section><br \/>\n<div class='avia-button-wrap avia-button-right '><a href='' class='avia-button   avia-icon_select-yes-left-icon avia-color-theme-color avia-size-small avia-position-right '  target=\"_blank\"   ><span class='avia_button_icon avia_button_icon_left ' aria-hidden='true' data-av_icon='\ue859' data-av_iconfont='entypo-fontello'><\/span><span class='avia_iconbox_title' >Comprar<\/span><\/a><\/div><\/p><\/div>\n<div  class='hr hr-default  '><span class='hr-inner ' ><span class='hr-inner-style'><\/span><\/span><\/div>\n<div class=\"tabcontainer   top_tab  \">\n\n<section class=\"av_tab_section\"  itemscope=\"itemscope\" itemtype=\"https:\/\/schema.org\/CreativeWork\" >    <div data-fake-id=\"#tab-id-1\" class=\"tab active_tab\"  itemprop=\"headline\" ><span class='tab_icon' aria-hidden='true' data-av_icon='\ue84e' data-av_iconfont='entypo-fontello'><\/span>Descripci\u00f3n del Producto<\/div>\n    <div id=\"tab-id-1-container\" class=\"tab_content active_tab_content\">\n        <div class=\"tab_inner_content invers-color\"  itemprop=\"text\" >\n<p>El telescopio Meade LX85 6&#8243; ACF f\/10 combina portabilidad y una \u00f3ptica poderosa sobre una montura ecuatorial alemana GoTo que ser\u00e1 apreciado por observadores y astrof\u00f3grafos por igual.<\/p>\n<p>La \u00f3ptica patentada ACF genera impresionantes campos de visi\u00f3n planos sin la distorsi\u00f3n de coma inherente a algunos dise\u00f1os, incluso en los bordes de las capturas de c\u00e1maras u oculares de campo amplio. Con la apertura de 6&#8243; y la longitud focal de 1524mm, el LX85 6&#8243; f\/10 ACF es el telescopio m\u00e1s compacto y portable de la serie, siendo lo suficientemente potente para ver a detalle c\u00famulos estelares distantes, nebulosas planetarias, galaxias, muchas de las cuales aparecen muy peque\u00f1as o difusas en telescopios de campo amplio.<\/p>\n<p>El v\u00eddrio del espejo primario, secundario, y la placa correctora es manufacturada exclusivamente para Meade, en USA. Los telescopios y monturas son totalmente manufacturados y ensamblados en Norte Am\u00e9rica con met\u00edculosas revisiones en el control de calidad de todo el proceso de producci\u00f3n.<\/p>\n<p>Todos apreciar\u00e1n la estabilidad, precisi\u00f3n y la ingenier\u00eda artesanal que envuelven a la montura computarizada LX85. La calidad y fineza de esta montura ecuatorial-alemana, se complementa con los movimientos totalmente automatizados para miles de objetos celestes gracias al control GoTo AudioStar, el est\u00e1ndar para monturas medianas. Otra caracter\u00edstica atractiva, es su compatibilidad con la cola de pato estilo Vixen, pudiendo soportar telescopios y c\u00e1maras con un peso conjunto de hasta 14.9kg. La montura es soportada por tres patas de acero inoxidable de 2&#8243; de di\u00e1metro, para formar un fuerte y estable tripi\u00e9. A la montura, f\u00e1cilmente se le puede colocar el buscador polar iluminado de Meade (opcional), para asegurar la correcta alineaci\u00f3n tanto en el hemisferio norte como en el sur. Un alineamiento preciso es necesario para un correcto seguimiento o rastreo, espcialmente en altas magnificaciones y el guiado de astrofotograf\u00eda.<\/p>\n<p>El dise\u00f1o ecuatorial de la montura LX85 es el adecuado para uso visual o astrofotograf\u00eda de cielo profundo. Adem\u00e1s la montura permite una alineaci\u00f3n polar precisa, que es necesaria para prevenir la &#8220;rotaci\u00f3n de campo&#8221; que degrada las fotograf\u00edas de larga exposici\u00f3n, como ocurre en los telescopios con monturas Altazimutales.<\/p>\n<p>Si agrega el reductor focal Meade ACF 0.68x, su telescopio se optimizar\u00e1 para la captura de imagenes de cielo profundo. Este accesorio de acoplamiento, convierte un f\/10 en un sistema m\u00e1s r\u00e1pido f\/6.8; de igual manera, un f\/8 lo vuelve un f\/5.5. el reductor acorta los tiempos de exposici\u00f3n necesarios para capturar objetos de cielo profundo poco brillantes, en casi la mitad de tiempo y expande el campo de visi\u00f3n cerca de un 50%, permitiendo capturar objetos largos en un mismo cuadro. Su Meade ACF se puede convertir en un poderoso sistema de astrofotograf\u00eda capaz de obtener asombrosas imagenes con un DSLR, o c\u00e1mara\u00a0 CCD o CMOS.<\/p>\n<p>Los telescopios LX85 5&#8243; f\/10 ACF hacen uso de cervo motores de bajo engranaje para asegurar un seguimiento y guiado suave. El set completo de motores es la pista que el Smart Drive de Meade usa en la exposiciones de larga duraci\u00f3n, grabando permenente la correci\u00f3n periodic de errores (PPEC) para brindar un seguimiento preciso sobre el tiempo. el movimiento fino y el guiado fotogr\u00e1fico, pueden ajustarse desde .01x a 1x del movimiento sideral, con movimientos r\u00e1pidos de hasta 4 grados por segundo.<\/p>\n<p>Con el control AudiStar, podr\u00e1s disfrutar de m\u00e1s de 30,000 objetos celestes, con solo tocar unos botones. La librer\u00eda de objetos incluyen planetas, estrellas dobles, nebulosas, galaxias y c\u00famulos de los cat\u00e1logos Messier, NGC e IC. Podr\u00e1s personalizar tu propia lista con hasta 100 objetos celestes.<\/p>\n<p>La tecnolog\u00eda Ast\u00f3nomo Interior del AudiStar reproduce audio grabado con informaci\u00f3n del objeto celeste que se est\u00e9 observando, \u00a1m\u00e1s de 500! Adicionalmente con las teclas del control, podr\u00e1 mover el telescopio, acceder a tours estelares disponibles para la hora y lugar del que se est\u00e1 observando, utilizar diferentes tipos de alineaci\u00f3n, opcionalmente, enlazarse con alg\u00fan software de computadora, o actualizarse por internet con la ayuda de un cable conectado al puerto serial. La pantalla del AudioStar muestra el intuitivo men\u00fa de control para facilitar la experiencia para usuarios novatos y experimentados por igual. En la parte superior del control se cuenta con la facilidad de una linterna LED de luz roja.<\/p>\n<p>El tubo \u00f3ptico del LX85 6&#8243; f\/10 ACF mide 42cm de longitud y tiene un peso de 4.5kg. Cuenta con un enfocador interno de una sola velocidad con el que podr\u00e1 ajustar una imagen n\u00edtida. El telescopio viene equipado con un ocular Meade de 26mm (59x) S\u00faper Plossl, un diagonal para oculares con barril de 1.25&#8243; de di\u00e1metro, buscador 8&#215;50, charola de accesorios para el tripi\u00e9, un contrapeso de 4kg, y el software AutoStar Suite disponible para descarga. Requiere de un convertidor de energ\u00eda de 110V AC a 12V DC (se vende por separado). El peso del telescopio completamente ensamblado es de 20kg. Como todos los productos Meade, el LX85 6&#8243; f\/10 ACF cuenta con una garant\u00eda limitada de un a\u00f1o a cliente final (consultar t\u00e9rminos y condiciones).<\/p>\n\n        <\/div>\n    <\/div>\n<\/section>\n\n<section class=\"av_tab_section\"  itemscope=\"itemscope\" itemtype=\"https:\/\/schema.org\/CreativeWork\" >    <div data-fake-id=\"#tab-id-2\" class=\"tab \"  itemprop=\"headline\" ><span class='tab_icon' aria-hidden='true' data-av_icon='\ue856' data-av_iconfont='entypo-fontello'><\/span>Especificaciones T\u00e9cnicas<\/div>\n    <div id=\"tab-id-2-container\" class=\"tab_content \">\n        <div class=\"tab_inner_content invers-color\"  itemprop=\"text\" >\n<table id=\"product-attribute-specs-table\" class=\"data-table\">\n<tbody>\n<tr class=\"first odd\">\n<th class=\"label\">Observaci\u00f3n Ideal<\/th>\n<td class=\"data last\">Lunar y objetos de cielo profundo brillantes<\/td>\n<\/tr>\n<tr class=\"even\">\n<th class=\"label\">Adecuado para Fotografiar<\/th>\n<td class=\"data last\">Solar, lunar, planetaria, y objetos Messier<\/td>\n<\/tr>\n<tr class=\"odd\">\n<th class=\"label\">Capacidad de Astrofotograf\u00eda<\/th>\n<td class=\"data last\">Lunar, Planetaria y exposici\u00f3n larga<\/td>\n<\/tr>\n<tr class=\"even\">\n<th class=\"label\">Nivel de Usuario<\/th>\n<td class=\"data last\">Intermedio<\/td>\n<\/tr>\n<tr class=\"odd\">\n<th class=\"label\">Dise\u00f1o \u00d3ptico<\/th>\n<td class=\"data last\">ACF<\/td>\n<\/tr>\n<tr class=\"even\">\n<th class=\"label\">Apertura<\/th>\n<td class=\"data last\">6&#8243;<\/td>\n<\/tr>\n<tr class=\"odd\">\n<th class=\"label\">Longitud Focal<\/th>\n<td class=\"data last\">1524mm<\/td>\n<\/tr>\n<tr class=\"even\">\n<th class=\"label\">Raz\u00f3n Focal<\/th>\n<td class=\"data last\">f\/10<\/td>\n<\/tr>\n<tr class=\"odd\">\n<th class=\"label\">Amplificaci\u00f3n del Buscador<\/th>\n<td class=\"data last\">8x<\/td>\n<\/tr>\n<tr class=\"even\">\n<th class=\"label\">Apertura del Buscador<\/th>\n<td class=\"data last\">50mm<\/td>\n<\/tr>\n<tr class=\"odd\">\n<th class=\"label\">Distancia del Enfoque Posterior<\/th>\n<td class=\"data last\">109.7mm<\/td>\n<\/tr>\n<tr class=\"even\">\n<th class=\"label\">Oculares<\/th>\n<td class=\"data last\">S\u00faper Plossl 26mm 1.25&#8243;<\/td>\n<\/tr>\n<tr class=\"odd\">\n<th class=\"label\">Amplificaci\u00f3n con Ocular Incluido<\/th>\n<td class=\"data last\">59x<\/td>\n<\/tr>\n<tr class=\"even\">\n<th class=\"label\">Poder de Resoluci\u00f3n<\/th>\n<td class=\"data last\">0.77 arcsec<\/td>\n<\/tr>\n<tr class=\"odd\">\n<th class=\"label\">Amplificaci\u00f3n M\u00ednima Utilizable<\/th>\n<td class=\"data last\">21x<\/td>\n<\/tr>\n<tr class=\"even\">\n<th class=\"label\">M\u00e1xima Amplificaci\u00f3n Utilizable<\/th>\n<td class=\"data last\">300x<\/td>\n<\/tr>\n<tr class=\"odd\">\n<th class=\"label\">M\u00e1xima Amplificaci\u00f3n Te\u00f3rica<\/th>\n<td class=\"data last\">300x<\/td>\n<\/tr>\n<tr class=\"even\">\n<th class=\"label\">Magnitud L\u00edmite<\/th>\n<td class=\"data last\">13.5<\/td>\n<\/tr>\n<tr class=\"odd\">\n<th class=\"label\">Calidad \u00d3ptica<\/th>\n<td class=\"data last\">Difracci\u00f3n limitada<\/td>\n<\/tr>\n<tr class=\"even\">\n<th class=\"label\">Buscador<\/th>\n<td class=\"data last\">8&#215;50<\/td>\n<\/tr>\n<tr class=\"odd\">\n<th class=\"label\">Enfocador<\/th>\n<td class=\"data last\">Interno<\/td>\n<\/tr>\n<tr class=\"even\">\n<th class=\"label\">Diagonal<\/th>\n<td class=\"data last\">1.25&#8243; diagonal espejo 90\u00b0<\/td>\n<\/tr>\n<tr class=\"odd\">\n<th class=\"label\">Tipo de Montura<\/th>\n<td class=\"data last\">Ecuatorial<\/td>\n<\/tr>\n<tr class=\"even\">\n<th class=\"label\">Sistema de Cola de Pato<\/th>\n<td class=\"data last\">S\u00ed<\/td>\n<\/tr>\n<tr class=\"odd\">\n<th class=\"label\">Computarizado<\/th>\n<td class=\"data last\">Go-To<\/td>\n<\/tr>\n<tr class=\"even\">\n<th class=\"label\">N\u00famero de Objetos de la Base de Datos<\/th>\n<td class=\"data last\">+ 30,000<\/td>\n<\/tr>\n<tr class=\"odd\">\n<th class=\"label\">Energ\u00eda Requerida<\/th>\n<td class=\"data last\">12V DC 5A<\/td>\n<\/tr>\n<tr class=\"even\">\n<th class=\"label\">PEC<\/th>\n<td class=\"data last\">S\u00ed<\/td>\n<\/tr>\n<tr class=\"odd\">\n<th class=\"label\">Compensaci\u00f3n de Retroceso<\/th>\n<td class=\"data last\">S\u00ed<\/td>\n<\/tr>\n<tr class=\"odd\">\n<th class=\"label\">Configuraci\u00f3n de Escalas de Coordenadas<\/th>\n<td class=\"data last\">Electr\u00f3nica, por el control de mando<\/td>\n<\/tr>\n<tr class=\"odd\">\n<th class=\"label\">Alineador Polar<\/th>\n<td class=\"data last\">S\u00ed (se vende por separado)<\/td>\n<\/tr>\n<tr class=\"odd\">\n<th class=\"label\">Contrapeso<\/th>\n<td class=\"data last\">1 de 4kg<\/td>\n<\/tr>\n<tr class=\"odd\">\n<th class=\"label\">Material del Tubo \u00d3ptico<\/th>\n<td class=\"data last\">Aluminio<\/td>\n<\/tr>\n<tr class=\"odd\">\n<th class=\"label\">Material del Tripi\u00e9<\/th>\n<td class=\"data last\">Acero<\/td>\n<\/tr>\n<tr class=\"odd\">\n<th class=\"label\">Di\u00e1metro de las Patas del Tripi\u00e9<\/th>\n<td class=\"data last\">2&#8243;<\/td>\n<\/tr>\n<tr class=\"odd\">\n<th class=\"label\">Di\u00e1metro del Ojo del Contrapeso<\/th>\n<td class=\"data last\">20mm<\/td>\n<\/tr>\n<tr class=\"odd\">\n<th class=\"label\">Longitud del Tubo \u00d3ptico<\/th>\n<td class=\"data last\">41.9cm<\/td>\n<\/tr>\n<tr class=\"odd\">\n<th class=\"label\">Peso del Tubo \u00d3ptico<\/th>\n<td class=\"data last\">4.5kg<\/td>\n<\/tr>\n<tr class=\"odd\">\n<th class=\"label\">Peso de la Montura y el Tripi\u00e9<\/th>\n<td class=\"data last\">15.5kg<\/td>\n<\/tr>\n<tr class=\"odd\">\n<th class=\"label\">Peso Totalmente Ensamblado<\/th>\n<td class=\"data last\">20kg<\/td>\n<\/tr>\n<tr class=\"odd\">\n<th class=\"label\">Accesorios Incluidos<\/th>\n<td class=\"data last\">Ocular 26mm S\u00faper Plossl, buscador 8&#215;50, cable extensor DC de 7.6 m<\/td>\n<\/tr>\n<\/tbody>\n<\/table>\n\n        <\/div>\n    <\/div>\n<\/section>\n\n<\/div>\n\n","protected":false},"excerpt":{"rendered":"","protected":false},"author":7,"featured_media":0,"parent":0,"menu_order":0,"comment_status":"closed","ping_status":"closed","template":"","meta":{"footnotes":""},"class_list":["post-8429","page","type-page","status-publish","hentry"],"_links":{"self":[{"href":"https:\/\/www.meade.com.mx\/index.php\/wp-json\/wp\/v2\/pages\/8429","targetHints":{"allow":["GET"]}}],"collection":[{"href":"https:\/\/www.meade.com.mx\/index.php\/wp-json\/wp\/v2\/pages"}],"about":[{"href":"https:\/\/www.meade.com.mx\/index.php\/wp-json\/wp\/v2\/types\/page"}],"author":[{"embeddable":true,"href":"https:\/\/www.meade.com.mx\/index.php\/wp-json\/wp\/v2\/users\/7"}],"replies":[{"embeddable":true,"href":"https:\/\/www.meade.com.mx\/index.php\/wp-json\/wp\/v2\/comments?post=8429"}],"version-history":[{"count":11,"href":"https:\/\/www.meade.com.mx\/index.php\/wp-json\/wp\/v2\/pages\/8429\/revisions"}],"predecessor-version":[{"id":8436,"href":"https:\/\/www.meade.com.mx\/index.php\/wp-json\/wp\/v2\/pages\/8429\/revisions\/8436"}],"wp:attachment":[{"href":"https:\/\/www.meade.com.mx\/index.php\/wp-json\/wp\/v2\/media?parent=8429"}],"curies":[{"name":"wp","href":"https:\/\/api.w.org\/{rel}","templated":true}]}}