{"id":8457,"date":"2024-07-09T15:43:48","date_gmt":"2024-07-09T21:43:48","guid":{"rendered":"https:\/\/www.meade.com.mx\/?page_id=8457"},"modified":"2024-07-09T15:43:48","modified_gmt":"2024-07-09T21:43:48","slug":"lx85-acf-8-f-10-tubo-optico","status":"publish","type":"page","link":"https:\/\/www.meade.com.mx\/index.php\/lx85-acf-8-f-10-tubo-optico\/","title":{"rendered":"LX85-ACF 8&#8243; f\/10 Tubo \u00d3ptico"},"content":{"rendered":"<div class=\"flex_column av_one_half  flex_column_div av-zero-column-padding first  \" style='border-radius:0px; '><div class='avia-gallery  avia-gallery-1 avia_lazyload avia_animate_when_visible '  itemscope=\"itemscope\" itemtype=\"https:\/\/schema.org\/ImageObject\" ><a class='avia-gallery-big fakeLightbox lightbox avia-gallery-big-crop-thumb ' href='https:\/\/www.meade.com.mx\/wp-content\/uploads\/2024\/07\/59305-1030x715.webp'  data-onclick='1' title='' ><span class='avia-gallery-big-inner'  itemprop=\"thumbnailUrl\" >\t<img width='705' height='490' src='https:\/\/www.meade.com.mx\/wp-content\/uploads\/2024\/07\/59305-705x490.webp' title='59305' alt='' \/><\/span><\/a><div class='avia-gallery-thumb'> <a href='https:\/\/www.meade.com.mx\/wp-content\/uploads\/2024\/07\/59305-1030x715.webp' data-rel='gallery-1' data-prev-img='https:\/\/www.meade.com.mx\/wp-content\/uploads\/2024\/07\/59305-705x490.webp' class='first_thumb lightbox ' data-onclick='1' title=''  itemprop=\"thumbnailUrl\" ><img  src='https:\/\/www.meade.com.mx\/wp-content\/uploads\/2024\/07\/59305-180x180.webp' width='180' height='180'  title='59305' alt='' \/><\/a> <a href='https:\/\/www.meade.com.mx\/wp-content\/uploads\/2024\/07\/59305_alt01-603x1030.webp' data-rel='gallery-1' data-prev-img='https:\/\/www.meade.com.mx\/wp-content\/uploads\/2024\/07\/59305_alt01-413x705.webp' class='lightbox ' data-onclick='2' title=''  itemprop=\"thumbnailUrl\" ><img  src='https:\/\/www.meade.com.mx\/wp-content\/uploads\/2024\/07\/59305_alt01-180x180.webp' width='180' height='180'  title='59305_alt01' alt='' \/><\/a><\/div><\/div><\/div><div class=\"flex_column av_one_half  flex_column_div av-zero-column-padding   \" style='border-radius:0px; '><p><div style='padding-bottom:10px;' class='av-special-heading av-special-heading-h2  blockquote modern-quote  '><h2 class='av-special-heading-tag '  itemprop=\"headline\"  >LX85-ACF 8&#8243; f\/10 Tubo \u00d3ptico<\/h2><div class='special-heading-border'><div class='special-heading-inner-border' ><\/div><\/div><\/div><br \/>\n<div  class='hr hr-default  '><span class='hr-inner ' ><span class='hr-inner-style'><\/span><\/span><\/div><br \/>\n<section class=\"av_textblock_section \"  itemscope=\"itemscope\" itemtype=\"https:\/\/schema.org\/CreativeWork\" ><div class='avia_textblock  av_inherit_color '  style='color:#3076b3; '  itemprop=\"text\" ><ul>\n<li>\u00d3ptica Avanzada Libre de Coma 8&#8243; f\/10\u00a0 2032mm longitud focal<\/li>\n<li>Recubrimientos \u00d3pticos de Ultra Alta Transmisi\u00f3n (UHTC)<\/li>\n<li>\u00d3ptica ACF<\/li>\n<li>Barra de sujeci\u00f3n estilo Vixen<\/li>\n<\/ul>\n<\/div><\/section><br \/>\n<div class='avia-button-wrap avia-button-right '><a href='' class='avia-button   avia-icon_select-yes-left-icon avia-color-theme-color avia-size-small avia-position-right '  target=\"_blank\"   ><span class='avia_button_icon avia_button_icon_left ' aria-hidden='true' data-av_icon='\ue859' data-av_iconfont='entypo-fontello'><\/span><span class='avia_iconbox_title' >Comprar<\/span><\/a><\/div><\/p><\/div><div  class='hr hr-default  '><span class='hr-inner ' ><span class='hr-inner-style'><\/span><\/span><\/div><\/p>\n<div class=\"tabcontainer   top_tab  \">\n\n<section class=\"av_tab_section\"  itemscope=\"itemscope\" itemtype=\"https:\/\/schema.org\/CreativeWork\" >    <div data-fake-id=\"#tab-id-1\" class=\"tab active_tab\"  itemprop=\"headline\" ><span class='tab_icon' aria-hidden='true' data-av_icon='\ue84e' data-av_iconfont='entypo-fontello'><\/span>Descripci\u00f3n del Producto<\/div>\n    <div id=\"tab-id-1-container\" class=\"tab_content active_tab_content\">\n        <div class=\"tab_inner_content invers-color\"  itemprop=\"text\" >\n<p>El telescopio Meade LX85 8&#8243; ACF f\/10 combina portabilidad y una \u00f3ptica poderosa. Su barra de sujeci\u00f3n estilo Vixen, permite acoplarlo a una gran variedad de monturas compatibles.<\/p>\n<p>La \u00f3ptica patentada ACF genera impresionantes campos de visi\u00f3n planos sin la distorsi\u00f3n de coma inherente a algunos dise\u00f1os, incluso en los bordes de las capturas de c\u00e1maras u oculares de campo amplio. Con la apertura de 8&#8243; y la longitud focal de 2032mm, el LX85 8&#8243; f\/10 ACF es el telescopio m\u00e1s compacto y portable de la serie, siendo lo suficientemente potente para ver a detalle c\u00famulos estelares distantes, nebulosas planetarias, galaxias, muchas de las cuales aparecen muy peque\u00f1as o difusas en telescopios de campo amplio.<\/p>\n<p>El v\u00eddrio del espejo primario, secundario, y la placa correctora es manufacturada exclusivamente para Meade, en USA. Los telescopios y monturas son totalmente manufacturados y ensamblados en Norte Am\u00e9rica con met\u00edculosas revisiones en el control de calidad de todo el proceso de producci\u00f3n.<\/p>\n<p>Si agrega el reductor focal Meade ACF 0.68x, su telescopio se optimizar\u00e1 para la captura de imagenes de cielo profundo. Este accesorio de acoplamiento, convierte un f\/10 en un sistema m\u00e1s r\u00e1pido f\/6.8; de igual manera, un f\/8 lo vuelve un f\/5.5. el reductor acorta los tiempos de exposici\u00f3n necesarios para capturar objetos de cielo profundo poco brillantes, en casi la mitad de tiempo y expande el campo de visi\u00f3n cerca de un 50%, permitiendo capturar objetos largos en un mismo cuadro. Su Meade ACF se puede convertir en un poderoso sistema de astrofotograf\u00eda capaz de obtener asombrosas imagenes con un DSLR, o c\u00e1mara\u00a0 CCD o CMOS.<\/p>\n<p>El tubo \u00f3ptico del LX85 8&#8243; f\/10 ACF mide 46cm de longitud y tiene un peso de 5.2kg. Cuenta con un enfocador interno de una sola velocidad con el que podr\u00e1 ajustar una imagen n\u00edtida. El telescopio viene equipado con un ocular Meade de 26mm (78x) S\u00faper Plossl, un diagonal para oculares con barril de 1.25&#8243; de di\u00e1metro, buscador 8&#215;50. Como todos los productos Meade, el LX85 6&#8243; f\/10 ACF cuenta con una garant\u00eda limitada de un a\u00f1o a cliente final (consultar t\u00e9rminos y condiciones).<\/p>\n\n        <\/div>\n    <\/div>\n<\/section>\n\n<section class=\"av_tab_section\"  itemscope=\"itemscope\" itemtype=\"https:\/\/schema.org\/CreativeWork\" >    <div data-fake-id=\"#tab-id-2\" class=\"tab \"  itemprop=\"headline\" ><span class='tab_icon' aria-hidden='true' data-av_icon='\ue856' data-av_iconfont='entypo-fontello'><\/span>Especificaciones T\u00e9cnicas<\/div>\n    <div id=\"tab-id-2-container\" class=\"tab_content \">\n        <div class=\"tab_inner_content invers-color\"  itemprop=\"text\" >\n<table id=\"product-attribute-specs-table\" class=\"data-table\">\n<tbody>\n<tr class=\"first odd\">\n<th class=\"label\">Observaci\u00f3n Ideal<\/th>\n<td class=\"data last\">Lunar y objetos de cielo profundo brillantes<\/td>\n<\/tr>\n<tr class=\"even\">\n<th class=\"label\">Adecuado para Fotografiar<\/th>\n<td class=\"data last\">Solar, lunar, planetaria, y objetos Messier<\/td>\n<\/tr>\n<tr class=\"odd\">\n<th class=\"label\">Capacidad de Astrofotograf\u00eda<\/th>\n<td class=\"data last\">Lunar, Planetaria y exposici\u00f3n larga<\/td>\n<\/tr>\n<tr class=\"even\">\n<th class=\"label\">Nivel de Usuario<\/th>\n<td class=\"data last\">Intermedio<\/td>\n<\/tr>\n<tr class=\"odd\">\n<th class=\"label\">Dise\u00f1o \u00d3ptico<\/th>\n<td class=\"data last\">ACF<\/td>\n<\/tr>\n<tr class=\"even\">\n<th class=\"label\">Apertura<\/th>\n<td class=\"data last\">8&#8243;<\/td>\n<\/tr>\n<tr class=\"odd\">\n<th class=\"label\">Longitud Focal<\/th>\n<td class=\"data last\">2032mm<\/td>\n<\/tr>\n<tr class=\"even\">\n<th class=\"label\">Raz\u00f3n Focal<\/th>\n<td class=\"data last\">f\/10<\/td>\n<\/tr>\n<tr class=\"odd\">\n<th class=\"label\">Amplificaci\u00f3n del Buscador<\/th>\n<td class=\"data last\">8x<\/td>\n<\/tr>\n<tr class=\"even\">\n<th class=\"label\">Apertura del Buscador<\/th>\n<td class=\"data last\">50mm<\/td>\n<\/tr>\n<tr class=\"odd\">\n<th class=\"label\">Distancia del Enfoque Posterior<\/th>\n<td class=\"data last\">109.7mm<\/td>\n<\/tr>\n<tr class=\"even\">\n<th class=\"label\">Oculares<\/th>\n<td class=\"data last\">S\u00faper Plossl 26mm 1.25&#8243;<\/td>\n<\/tr>\n<tr class=\"odd\">\n<th class=\"label\">Amplificaci\u00f3n con Ocular Incluido<\/th>\n<td class=\"data last\">78x<\/td>\n<\/tr>\n<tr class=\"even\">\n<th class=\"label\">Poder de Resoluci\u00f3n<\/th>\n<td class=\"data last\">0.57 arcsec<\/td>\n<\/tr>\n<tr class=\"odd\">\n<th class=\"label\">Amplificaci\u00f3n M\u00ednima Utilizable<\/th>\n<td class=\"data last\">29x<\/td>\n<\/tr>\n<tr class=\"even\">\n<th class=\"label\">M\u00e1xima Amplificaci\u00f3n Utilizable<\/th>\n<td class=\"data last\">300x<\/td>\n<\/tr>\n<tr class=\"odd\">\n<th class=\"label\">M\u00e1xima Amplificaci\u00f3n Te\u00f3rica<\/th>\n<td class=\"data last\">406x<\/td>\n<\/tr>\n<tr class=\"even\">\n<th class=\"label\">Magnitud L\u00edmite<\/th>\n<td class=\"data last\">14.2<\/td>\n<\/tr>\n<tr class=\"odd\">\n<th class=\"label\">Calidad \u00d3ptica<\/th>\n<td class=\"data last\">Difracci\u00f3n limitada<\/td>\n<\/tr>\n<tr class=\"even\">\n<th class=\"label\">Buscador<\/th>\n<td class=\"data last\">8&#215;50<\/td>\n<\/tr>\n<tr class=\"odd\">\n<th class=\"label\">Enfocador<\/th>\n<td class=\"data last\">Interno<\/td>\n<\/tr>\n<tr class=\"even\">\n<th class=\"label\">Diagonal<\/th>\n<td class=\"data last\">1.25&#8243; diagonal espejo 90\u00b0<\/td>\n<\/tr>\n<tr class=\"odd\">\n<th class=\"label\">Tipo de Montura<\/th>\n<td class=\"data last\">Tubo \u00f3ptico, sin montura<\/td>\n<\/tr>\n<tr class=\"even\">\n<th class=\"label\">Sistema de Cola de Pato<\/th>\n<td class=\"data last\">S\u00ed<\/td>\n<\/tr>\n<tr class=\"odd\">\n<th class=\"label\">Material del Tubo \u00d3ptico<\/th>\n<td class=\"data last\">Aluminio<\/td>\n<\/tr>\n<tr class=\"odd\">\n<th class=\"label\">Longitud del Tubo \u00d3ptico<\/th>\n<td class=\"data last\">46cm<\/td>\n<\/tr>\n<tr class=\"odd\">\n<th class=\"label\">Peso del Tubo \u00d3ptico<\/th>\n<td class=\"data last\">5.2kg<\/td>\n<\/tr>\n<tr class=\"odd\">\n<th class=\"label\">Accesorios Incluidos<\/th>\n<td class=\"data last\">Ocular 26mm S\u00faper Plossl, buscador 8&#215;50<\/td>\n<\/tr>\n<\/tbody>\n<\/table>\n\n        <\/div>\n    <\/div>\n<\/section>\n\n<\/div>\n\n","protected":false},"excerpt":{"rendered":"","protected":false},"author":7,"featured_media":0,"parent":0,"menu_order":0,"comment_status":"closed","ping_status":"closed","template":"","meta":{"footnotes":""},"class_list":["post-8457","page","type-page","status-publish","hentry"],"_links":{"self":[{"href":"https:\/\/www.meade.com.mx\/index.php\/wp-json\/wp\/v2\/pages\/8457","targetHints":{"allow":["GET"]}}],"collection":[{"href":"https:\/\/www.meade.com.mx\/index.php\/wp-json\/wp\/v2\/pages"}],"about":[{"href":"https:\/\/www.meade.com.mx\/index.php\/wp-json\/wp\/v2\/types\/page"}],"author":[{"embeddable":true,"href":"https:\/\/www.meade.com.mx\/index.php\/wp-json\/wp\/v2\/users\/7"}],"replies":[{"embeddable":true,"href":"https:\/\/www.meade.com.mx\/index.php\/wp-json\/wp\/v2\/comments?post=8457"}],"version-history":[{"count":2,"href":"https:\/\/www.meade.com.mx\/index.php\/wp-json\/wp\/v2\/pages\/8457\/revisions"}],"predecessor-version":[{"id":8461,"href":"https:\/\/www.meade.com.mx\/index.php\/wp-json\/wp\/v2\/pages\/8457\/revisions\/8461"}],"wp:attachment":[{"href":"https:\/\/www.meade.com.mx\/index.php\/wp-json\/wp\/v2\/media?parent=8457"}],"curies":[{"name":"wp","href":"https:\/\/api.w.org\/{rel}","templated":true}]}}