{"id":8463,"date":"2024-07-09T18:30:42","date_gmt":"2024-07-10T00:30:42","guid":{"rendered":"https:\/\/www.meade.com.mx\/?page_id=8463"},"modified":"2024-07-09T19:02:35","modified_gmt":"2024-07-10T01:02:35","slug":"serie-lx85","status":"publish","type":"page","link":"https:\/\/www.meade.com.mx\/index.php\/serie-lx85\/","title":{"rendered":"Serie LX85"},"content":{"rendered":"<div class=\"flex_column av_one_third  flex_column_div av-zero-column-padding first  \" style='border-radius:0px; '><p><div style='padding-bottom:10px;' class='av-special-heading av-special-heading-h2  blockquote modern-quote  '><h2 class='av-special-heading-tag '  itemprop=\"headline\"  >LX85<\/h2><div class='special-heading-border'><div class='special-heading-inner-border' ><\/div><\/div><\/div><br \/>\n<div  class='hr hr-default  '><span class='hr-inner ' ><span class='hr-inner-style'><\/span><\/span><\/div><br \/>\n<section class=\"av_textblock_section \"  itemscope=\"itemscope\" itemtype=\"https:\/\/schema.org\/CreativeWork\" ><div class='avia_textblock  '   itemprop=\"text\" ><p>La Serie LX85 de Meade en 6\u201d u 8\u201d son la opci\u00f3n ideal para observadores y astrofotografos que buscan un equipo port\u00e1til sin sacrificar la calidad de la imagen. Si bien, hist\u00f3ricamente, Meade ha puesto al alcance de todos la aclamada serie ETX, el dise\u00f1o de su \u00f3ptica es la adecuada para fotograf\u00eda planetaria u objetos celestes muy brillantes. Con los telescopios LX85 se tiene una vers\u00e1til configuraci\u00f3n que funciona correctamente para observaci\u00f3n planetaria y de cielo profundo; los tama\u00f1os de sus componentes mantienen un dise\u00f1o f\u00e1cil de transportar.<\/p>\n<p>Ambos tama\u00f1os de \u00f3ptica al ser compatibles con un reductor focal, reducen los tiempos de exposici\u00f3n de cielo profundo, a casi a la mitad, para obtener maravillosas fotograf\u00edas. La \u00f3ptica libre de coma cuenta con los mismos recubrimiento que los tubos \u00f3pticos de gran tama\u00f1o que usan astr\u00f3nomos profesionales en observatorios fijos.<\/p>\n<p>La montura ecuatorial alemana permite hacer una correcta alineaci\u00f3n con la estrella polar, asegurando capturas de larga exposici\u00f3n sin tener que hacer ajustes continuos en la colocaci\u00f3n de la c\u00e1mara. Adem\u00e1s, las monturas de la serie LX85 al ser Go To, permiten, con ayuda de su control de mando AudioStar, encontrar f\u00e1cilmente los objetos celestes deseados y hacer ajustes sutiles en el seguimiento de los astros<\/p>\n<\/div><\/section><\/p><\/div>\n<div class=\"flex_column av_one_third  flex_column_div av-zero-column-padding   \" style='border-radius:0px; '><p><article class=\"iconbox iconbox_top main_color    \"  itemscope=\"itemscope\" itemtype=\"https:\/\/schema.org\/CreativeWork\" ><div class=\"iconbox_content\"><header class=\"entry-content-header\"><a href='https:\/\/www.meade.com.mx\/index.php\/lx85-acf-6-f-10-con-montura-ecuatorial-alemana-y-tripie\/' title='LX85 6&quot; f\/10 con Montura Ecuatorial y Tripi\u00e9'  class=\"iconbox_icon heading-color \" aria-hidden='true' data-av_icon='\ue812' data-av_iconfont='entypo-fontello'  ><\/a><h3 class='iconbox_content_title '  itemprop=\"headline\"  ><a href='https:\/\/www.meade.com.mx\/index.php\/lx85-acf-6-f-10-con-montura-ecuatorial-alemana-y-tripie\/' title='LX85 6&quot; f\/10 con Montura Ecuatorial y Tripi\u00e9' >LX85 6\" f\/10 con Montura Ecuatorial y Tripi\u00e9<\/a><\/h3><\/header><div class='iconbox_content_container  '  itemprop=\"text\"  ><p><a href=\"https:\/\/www.meade.com.mx\/index.php\/lx85-acf-6-f-10-con-montura-ecuatorial-alemana-y-tripie\/\"><img loading=\"lazy\" decoding=\"async\" class=\"alignnone wp-image-8431 size-medium\" src=\"https:\/\/www.meade.com.mx\/wp-content\/uploads\/2024\/06\/55892-176x300.webp\" alt=\"\" width=\"176\" height=\"300\" srcset=\"https:\/\/www.meade.com.mx\/wp-content\/uploads\/2024\/06\/55892-176x300.webp 176w, https:\/\/www.meade.com.mx\/wp-content\/uploads\/2024\/06\/55892-603x1030.webp 603w, https:\/\/www.meade.com.mx\/wp-content\/uploads\/2024\/06\/55892-768x1313.webp 768w, https:\/\/www.meade.com.mx\/wp-content\/uploads\/2024\/06\/55892-899x1536.webp 899w, https:\/\/www.meade.com.mx\/wp-content\/uploads\/2024\/06\/55892-1198x2048.webp 1198w, https:\/\/www.meade.com.mx\/wp-content\/uploads\/2024\/06\/55892-878x1500.webp 878w, https:\/\/www.meade.com.mx\/wp-content\/uploads\/2024\/06\/55892-412x705.webp 412w, https:\/\/www.meade.com.mx\/wp-content\/uploads\/2024\/06\/55892-450x769.webp 450w, https:\/\/www.meade.com.mx\/wp-content\/uploads\/2024\/06\/55892-scaled.webp 1498w\" sizes=\"auto, (max-width: 176px) 100vw, 176px\" \/><\/a><\/p>\n<\/div><\/div><footer class=\"entry-footer\"><\/footer><\/article><br \/>\n<div  class='hr hr-default  '><span class='hr-inner ' ><span class='hr-inner-style'><\/span><\/span><\/div><br \/>\n<article class=\"iconbox iconbox_top main_color    \"  itemscope=\"itemscope\" itemtype=\"https:\/\/schema.org\/CreativeWork\" ><div class=\"iconbox_content\"><header class=\"entry-content-header\"><a href='https:\/\/www.meade.com.mx\/index.php\/lx85-acf-6-f-10-tubo-optico\/' title='LX85 6&quot; f\/10 Tubo \u00d3ptico'  class=\"iconbox_icon heading-color \" aria-hidden='true' data-av_icon='\ue812' data-av_iconfont='entypo-fontello'  ><\/a><h3 class='iconbox_content_title '  itemprop=\"headline\"  ><a href='https:\/\/www.meade.com.mx\/index.php\/lx85-acf-6-f-10-tubo-optico\/' title='LX85 6&quot; f\/10 Tubo \u00d3ptico' >LX85 6\" f\/10 Tubo \u00d3ptico<\/a><\/h3><\/header><div class='iconbox_content_container  '  itemprop=\"text\"  ><p><a href=\"https:\/\/www.meade.com.mx\/index.php\/lx85-acf-6-f-10-tubo-optico\/\"><img loading=\"lazy\" decoding=\"async\" class=\"alignnone wp-image-8454 size-medium\" src=\"https:\/\/www.meade.com.mx\/wp-content\/uploads\/2024\/07\/59304-300x211.webp\" alt=\"\" width=\"300\" height=\"211\" srcset=\"https:\/\/www.meade.com.mx\/wp-content\/uploads\/2024\/07\/59304-300x211.webp 300w, https:\/\/www.meade.com.mx\/wp-content\/uploads\/2024\/07\/59304-1030x726.webp 1030w, https:\/\/www.meade.com.mx\/wp-content\/uploads\/2024\/07\/59304-768x541.webp 768w, https:\/\/www.meade.com.mx\/wp-content\/uploads\/2024\/07\/59304-1536x1083.webp 1536w, https:\/\/www.meade.com.mx\/wp-content\/uploads\/2024\/07\/59304-2048x1444.webp 2048w, https:\/\/www.meade.com.mx\/wp-content\/uploads\/2024\/07\/59304-1500x1057.webp 1500w, https:\/\/www.meade.com.mx\/wp-content\/uploads\/2024\/07\/59304-705x497.webp 705w, https:\/\/www.meade.com.mx\/wp-content\/uploads\/2024\/07\/59304-450x317.webp 450w\" sizes=\"auto, (max-width: 300px) 100vw, 300px\" \/><\/a><\/p>\n<\/div><\/div><footer class=\"entry-footer\"><\/footer><\/article><\/p><\/div>\n<div class=\"flex_column av_one_third  flex_column_div av-zero-column-padding   \" style='border-radius:0px; '><p><article class=\"iconbox iconbox_top main_color    \"  itemscope=\"itemscope\" itemtype=\"https:\/\/schema.org\/CreativeWork\" ><div class=\"iconbox_content\"><header class=\"entry-content-header\"><a href='https:\/\/www.meade.com.mx\/index.php\/lx85-acf-8-f-10-con-montura-ecuatorial-alemana-y-tripie\/' title='LX85 8&quot; f\/10 con Montura Ecuatorial y Tripi\u00e9'  class=\"iconbox_icon heading-color \" aria-hidden='true' data-av_icon='\ue812' data-av_iconfont='entypo-fontello'  ><\/a><h3 class='iconbox_content_title '  itemprop=\"headline\"  ><a href='https:\/\/www.meade.com.mx\/index.php\/lx85-acf-8-f-10-con-montura-ecuatorial-alemana-y-tripie\/' title='LX85 8&quot; f\/10 con Montura Ecuatorial y Tripi\u00e9' >LX85 8\" f\/10 con Montura Ecuatorial y Tripi\u00e9<\/a><\/h3><\/header><div class='iconbox_content_container  '  itemprop=\"text\"  ><p><a href=\"https:\/\/www.meade.com.mx\/index.php\/lx85-acf-8-f-10-con-montura-ecuatorial-alemana-y-tripie\/\"><img loading=\"lazy\" decoding=\"async\" class=\"alignnone wp-image-8448 size-medium\" src=\"https:\/\/www.meade.com.mx\/wp-content\/uploads\/2024\/07\/217014-166x300.webp\" alt=\"\" width=\"166\" height=\"300\" srcset=\"https:\/\/www.meade.com.mx\/wp-content\/uploads\/2024\/07\/217014-166x300.webp 166w, https:\/\/www.meade.com.mx\/wp-content\/uploads\/2024\/07\/217014-570x1030.webp 570w, https:\/\/www.meade.com.mx\/wp-content\/uploads\/2024\/07\/217014-768x1389.webp 768w, https:\/\/www.meade.com.mx\/wp-content\/uploads\/2024\/07\/217014-849x1536.webp 849w, https:\/\/www.meade.com.mx\/wp-content\/uploads\/2024\/07\/217014-1133x2048.webp 1133w, https:\/\/www.meade.com.mx\/wp-content\/uploads\/2024\/07\/217014-830x1500.webp 830w, https:\/\/www.meade.com.mx\/wp-content\/uploads\/2024\/07\/217014-390x705.webp 390w, https:\/\/www.meade.com.mx\/wp-content\/uploads\/2024\/07\/217014-450x814.webp 450w, https:\/\/www.meade.com.mx\/wp-content\/uploads\/2024\/07\/217014-scaled.webp 1416w\" sizes=\"auto, (max-width: 166px) 100vw, 166px\" \/><\/a><\/p>\n<\/div><\/div><footer class=\"entry-footer\"><\/footer><\/article><br \/>\n<div  class='hr hr-default  '><span class='hr-inner ' ><span class='hr-inner-style'><\/span><\/span><\/div><br \/>\n<article class=\"iconbox iconbox_top main_color    \"  itemscope=\"itemscope\" itemtype=\"https:\/\/schema.org\/CreativeWork\" ><div class=\"iconbox_content\"><header class=\"entry-content-header\"><a href='https:\/\/www.meade.com.mx\/index.php\/lx85-acf-8-f-10-tubo-optico\/' title='Lx85 8&quot; f\/10 Tubo \u00d3ptico'  class=\"iconbox_icon heading-color \" aria-hidden='true' data-av_icon='\ue812' data-av_iconfont='entypo-fontello'  ><\/a><h3 class='iconbox_content_title '  itemprop=\"headline\"  ><a href='https:\/\/www.meade.com.mx\/index.php\/lx85-acf-8-f-10-tubo-optico\/' title='Lx85 8&quot; f\/10 Tubo \u00d3ptico' >Lx85 8\" f\/10 Tubo \u00d3ptico<\/a><\/h3><\/header><div class='iconbox_content_container  '  itemprop=\"text\"  ><p><a href=\"https:\/\/www.meade.com.mx\/index.php\/lx85-acf-8-f-10-tubo-optico\/\"><img loading=\"lazy\" decoding=\"async\" class=\"alignnone wp-image-8459 size-medium\" src=\"https:\/\/www.meade.com.mx\/wp-content\/uploads\/2024\/07\/59305-300x208.webp\" alt=\"\" width=\"300\" height=\"208\" srcset=\"https:\/\/www.meade.com.mx\/wp-content\/uploads\/2024\/07\/59305-300x208.webp 300w, https:\/\/www.meade.com.mx\/wp-content\/uploads\/2024\/07\/59305-1030x715.webp 1030w, https:\/\/www.meade.com.mx\/wp-content\/uploads\/2024\/07\/59305-768x533.webp 768w, https:\/\/www.meade.com.mx\/wp-content\/uploads\/2024\/07\/59305-1536x1066.webp 1536w, https:\/\/www.meade.com.mx\/wp-content\/uploads\/2024\/07\/59305-2048x1422.webp 2048w, https:\/\/www.meade.com.mx\/wp-content\/uploads\/2024\/07\/59305-1500x1042.webp 1500w, https:\/\/www.meade.com.mx\/wp-content\/uploads\/2024\/07\/59305-705x490.webp 705w, https:\/\/www.meade.com.mx\/wp-content\/uploads\/2024\/07\/59305-450x312.webp 450w\" sizes=\"auto, (max-width: 300px) 100vw, 300px\" \/><\/a><\/p>\n<\/div><\/div><footer class=\"entry-footer\"><\/footer><\/article><\/p><\/div>\n","protected":false},"excerpt":{"rendered":"","protected":false},"author":7,"featured_media":0,"parent":0,"menu_order":0,"comment_status":"closed","ping_status":"closed","template":"","meta":{"footnotes":""},"class_list":["post-8463","page","type-page","status-publish","hentry"],"_links":{"self":[{"href":"https:\/\/www.meade.com.mx\/index.php\/wp-json\/wp\/v2\/pages\/8463","targetHints":{"allow":["GET"]}}],"collection":[{"href":"https:\/\/www.meade.com.mx\/index.php\/wp-json\/wp\/v2\/pages"}],"about":[{"href":"https:\/\/www.meade.com.mx\/index.php\/wp-json\/wp\/v2\/types\/page"}],"author":[{"embeddable":true,"href":"https:\/\/www.meade.com.mx\/index.php\/wp-json\/wp\/v2\/users\/7"}],"replies":[{"embeddable":true,"href":"https:\/\/www.meade.com.mx\/index.php\/wp-json\/wp\/v2\/comments?post=8463"}],"version-history":[{"count":8,"href":"https:\/\/www.meade.com.mx\/index.php\/wp-json\/wp\/v2\/pages\/8463\/revisions"}],"predecessor-version":[{"id":8465,"href":"https:\/\/www.meade.com.mx\/index.php\/wp-json\/wp\/v2\/pages\/8463\/revisions\/8465"}],"wp:attachment":[{"href":"https:\/\/www.meade.com.mx\/index.php\/wp-json\/wp\/v2\/media?parent=8463"}],"curies":[{"name":"wp","href":"https:\/\/api.w.org\/{rel}","templated":true}]}}